{"id":12817,"date":"2023-10-04T13:10:02","date_gmt":"2023-10-04T13:10:02","guid":{"rendered":"https:\/\/www.smiledesigncenter.hu\/?page_id=12817"},"modified":"2023-10-04T13:10:02","modified_gmt":"2023-10-04T13:10:02","slug":"szondi-ivett","status":"publish","type":"page","link":"https:\/\/www.smiledesigncenter.hu\/de\/szondi-ivett\/","title":{"rendered":"Szondi Ivett"},"content":{"rendered":"<!-- Facebook Like Button Vivacity Infotech BEGIN -->\n<div class=\"fb-like\" data-href=\"https:\/\/www.smiledesigncenter.hu\/de\/szondi-ivett\/\" data-layout=\"standard\" data-action=\"recommend\" data-show-faces=\"false\" data-size=\"small\" data-width=\"450\" data-share=\"1\" ><\/div>\n<!-- Facebook Like Button Vivacity Infotech END -->\n<div class=\"vc_row wpb_row vc_row-fluid\"><div class=\"wpb_column vc_column_container vc_col-sm-6\"><div class=\"vc_column-inner\"><div class=\"wpb_wrapper\">\n\t<div  class=\"wpb_single_image wpb_content_element vc_align_center\">\n\t\t\n\t\t<figure class=\"wpb_wrapper vc_figure\">\n\t\t\t<div class=\"vc_single_image-wrapper   vc_box_border_grey\"><img width=\"1024\" height=\"679\" src=\"https:\/\/www.smiledesigncenter.hu\/wp-content\/uploads\/2023\/09\/Ivett-1-1024x679.jpg\" class=\"vc_single_image-img attachment-large\" alt=\"\" decoding=\"async\" loading=\"lazy\" srcset=\"https:\/\/www.smiledesigncenter.hu\/wp-content\/uploads\/2023\/09\/Ivett-1-1024x679.jpg 1024w, https:\/\/www.smiledesigncenter.hu\/wp-content\/uploads\/2023\/09\/Ivett-1-300x199.jpg 300w, https:\/\/www.smiledesigncenter.hu\/wp-content\/uploads\/2023\/09\/Ivett-1-18x12.jpg 18w, https:\/\/www.smiledesigncenter.hu\/wp-content\/uploads\/2023\/09\/Ivett-1.jpg 1183w\" sizes=\"(max-width: 1024px) 100vw, 1024px\" \/><\/div>\n\t\t<\/figure>\n\t<\/div>\n\n\t<div class=\"wpb_text_column wpb_content_element\" >\n\t\t<div class=\"wpb_wrapper\">\n\t\t\t<h4 style=\"text-align: center;\">Szondi Ivett<\/h4>\n<p style=\"text-align: center;\">P\u00e1ciens koordin\u00e1tor<\/p>\n\n\t\t<\/div>\n\t<\/div>\n<\/div><\/div><\/div><div class=\"wpb_column vc_column_container vc_col-sm-6\"><div class=\"vc_column-inner\"><div class=\"wpb_wrapper\">\n\t<div class=\"wpb_text_column wpb_content_element\" >\n\t\t<div class=\"wpb_wrapper\">\n\t\t\t<p>2022 \u00f3ta dolgozom a Smile Design Center fog\u00e1szaton recepci\u00f3s poz\u00edci\u00f3ban. Mivel velem tal\u00e1lkoznak el\u0151sz\u00f6r a p\u00e1ciensek, fontos sz\u00e1momra, hogy kedvesen \u00e9s mosolyg\u00f3san fogadjam \u0151ket. Sokan \u00e9rkeznek \u00fagy hozz\u00e1nk, hogy f\u00e9lnek a fog\u00e1szati kezel\u00e9st\u0151l, n\u00e9h\u00e1ny nyugtat\u00f3 mondattal, k\u00f6zvetlen besz\u00e9lget\u00e9ssel mindig pr\u00f3b\u00e1lom oldani ezt a fesz\u00fclts\u00e9get. C\u00e9lom, hogy minden p\u00e1ciens\u00fcnk el\u00e9gedetten t\u00e1vozzon \u00e9s ne legyen t\u00f6bb\u00e9 rossz \u00e9rz\u00e9s benn\u00fck a fog\u00e1szatokkal kapcsolatban.<\/p>\n\n\t\t<\/div>\n\t<\/div>\n<\/div><\/div><\/div><\/div>","protected":false},"excerpt":{"rendered":"","protected":false},"author":2,"featured_media":0,"parent":0,"menu_order":0,"comment_status":"closed","ping_status":"closed","template":"","meta":{"footnotes":"","_joinchat":[]},"acf":[],"aioseo_notices":[],"_links":{"self":[{"href":"https:\/\/www.smiledesigncenter.hu\/de\/wp-json\/wp\/v2\/pages\/12817"}],"collection":[{"href":"https:\/\/www.smiledesigncenter.hu\/de\/wp-json\/wp\/v2\/pages"}],"about":[{"href":"https:\/\/www.smiledesigncenter.hu\/de\/wp-json\/wp\/v2\/types\/page"}],"author":[{"embeddable":true,"href":"https:\/\/www.smiledesigncenter.hu\/de\/wp-json\/wp\/v2\/users\/2"}],"replies":[{"embeddable":true,"href":"https:\/\/www.smiledesigncenter.hu\/de\/wp-json\/wp\/v2\/comments?post=12817"}],"version-history":[{"count":2,"href":"https:\/\/www.smiledesigncenter.hu\/de\/wp-json\/wp\/v2\/pages\/12817\/revisions"}],"predecessor-version":[{"id":12822,"href":"https:\/\/www.smiledesigncenter.hu\/de\/wp-json\/wp\/v2\/pages\/12817\/revisions\/12822"}],"wp:attachment":[{"href":"https:\/\/www.smiledesigncenter.hu\/de\/wp-json\/wp\/v2\/media?parent=12817"}],"curies":[{"name":"wp","href":"https:\/\/api.w.org\/{rel}","templated":true}]}}