{"id":6183,"date":"2019-09-21T09:00:46","date_gmt":"2019-09-21T09:00:46","guid":{"rendered":"https:\/\/www.smiledesigncenter.hu\/?page_id=6183"},"modified":"2019-10-29T19:40:41","modified_gmt":"2019-10-29T19:40:41","slug":"n-ildiko","status":"publish","type":"page","link":"https:\/\/www.smiledesigncenter.hu\/de\/referencie\/n-ildiko\/","title":{"rendered":"N. Ildik\u00f3"},"content":{"rendered":"<!-- Facebook Like Button Vivacity Infotech BEGIN -->\n<div class=\"fb-like\" data-href=\"https:\/\/www.smiledesigncenter.hu\/de\/referencie\/n-ildiko\/\" data-layout=\"standard\" data-action=\"recommend\" data-show-faces=\"false\" data-size=\"small\" data-width=\"450\" data-share=\"1\" ><\/div>\n<!-- Facebook Like Button Vivacity Infotech END -->\n<div class=\"vc_row wpb_row vc_row-fluid\"><div class=\"wpb_column vc_column_container vc_col-sm-4\"><div class=\"vc_column-inner\"><div class=\"wpb_wrapper\">\n\t<div  class=\"wpb_single_image wpb_content_element vc_align_left\">\n\t\t\n\t\t<figure class=\"wpb_wrapper vc_figure\">\n\t\t\t<a class=\"\" data-lightbox=\"lightbox[rel-5476-2983974529]\" href=\"https:\/\/www.smiledesigncenter.hu\/wp-content\/uploads\/2019\/09\/n-ildiko.jpg\" target=\"_self\"><img width=\"360\" height=\"542\" src=\"https:\/\/www.smiledesigncenter.hu\/wp-content\/uploads\/2019\/09\/n-ildiko.jpg\" class=\"vc_single_image-img attachment-full\" alt=\"\" decoding=\"async\" loading=\"lazy\" srcset=\"https:\/\/www.smiledesigncenter.hu\/wp-content\/uploads\/2019\/09\/n-ildiko.jpg 360w, https:\/\/www.smiledesigncenter.hu\/wp-content\/uploads\/2019\/09\/n-ildiko-199x300.jpg 199w\" sizes=\"(max-width: 360px) 100vw, 360px\" \/><\/a>\n\t\t<\/figure>\n\t<\/div>\n<\/div><\/div><\/div><div class=\"wpb_column vc_column_container vc_col-sm-8\"><div class=\"vc_column-inner\"><div class=\"wpb_wrapper\"><div class=\"vc_row wpb_row vc_inner vc_row-fluid\"><div class=\"wpb_column vc_column_container vc_col-sm-6\"><div class=\"vc_column-inner\"><div class=\"wpb_wrapper\">\n\t<div  class=\"wpb_single_image wpb_content_element vc_align_left\">\n\t\t\n\t\t<figure class=\"wpb_wrapper vc_figure\">\n\t\t\t<a class=\"\" data-lightbox=\"lightbox[rel-5476-3400723028]\" href=\"https:\/\/www.smiledesigncenter.hu\/wp-content\/uploads\/2019\/09\/n-ildiko-e-1024x479.jpg\" target=\"_self\"><img width=\"300\" height=\"140\" src=\"https:\/\/www.smiledesigncenter.hu\/wp-content\/uploads\/2019\/09\/n-ildiko-e-300x140.jpg\" class=\"vc_single_image-img attachment-medium\" alt=\"\" decoding=\"async\" loading=\"lazy\" srcset=\"https:\/\/www.smiledesigncenter.hu\/wp-content\/uploads\/2019\/09\/n-ildiko-e-300x140.jpg 300w, https:\/\/www.smiledesigncenter.hu\/wp-content\/uploads\/2019\/09\/n-ildiko-e-768x359.jpg 768w, https:\/\/www.smiledesigncenter.hu\/wp-content\/uploads\/2019\/09\/n-ildiko-e-1024x479.jpg 1024w, https:\/\/www.smiledesigncenter.hu\/wp-content\/uploads\/2019\/09\/n-ildiko-e.jpg 1200w\" sizes=\"(max-width: 300px) 100vw, 300px\" \/><\/a><figcaption class=\"vc_figure-caption\">El\u0151tte<\/figcaption>\n\t\t<\/figure>\n\t<\/div>\n\n\t<div  class=\"wpb_single_image wpb_content_element vc_align_left\">\n\t\t\n\t\t<figure class=\"wpb_wrapper vc_figure\">\n\t\t\t<a class=\"\" data-lightbox=\"lightbox[rel-5476-3762445807]\" href=\"https:\/\/www.smiledesigncenter.hu\/wp-content\/uploads\/2019\/10\/n-ildiko-e2-1024x479.jpg\" target=\"_self\"><img width=\"300\" height=\"140\" src=\"https:\/\/www.smiledesigncenter.hu\/wp-content\/uploads\/2019\/10\/n-ildiko-e2-300x140.jpg\" class=\"vc_single_image-img attachment-medium\" alt=\"\" decoding=\"async\" loading=\"lazy\" srcset=\"https:\/\/www.smiledesigncenter.hu\/wp-content\/uploads\/2019\/10\/n-ildiko-e2-300x140.jpg 300w, https:\/\/www.smiledesigncenter.hu\/wp-content\/uploads\/2019\/10\/n-ildiko-e2-768x359.jpg 768w, https:\/\/www.smiledesigncenter.hu\/wp-content\/uploads\/2019\/10\/n-ildiko-e2-1024x479.jpg 1024w, https:\/\/www.smiledesigncenter.hu\/wp-content\/uploads\/2019\/10\/n-ildiko-e2.jpg 1200w\" sizes=\"(max-width: 300px) 100vw, 300px\" \/><\/a><figcaption class=\"vc_figure-caption\">El\u0151tte<\/figcaption>\n\t\t<\/figure>\n\t<\/div>\n<\/div><\/div><\/div><div class=\"wpb_column vc_column_container vc_col-sm-6\"><div class=\"vc_column-inner\"><div class=\"wpb_wrapper\">\n\t<div  class=\"wpb_single_image wpb_content_element vc_align_left\">\n\t\t\n\t\t<figure class=\"wpb_wrapper vc_figure\">\n\t\t\t<a class=\"\" data-lightbox=\"lightbox[rel-5476-2324278132]\" href=\"https:\/\/www.smiledesigncenter.hu\/wp-content\/uploads\/2019\/09\/n-ildiko-u-1024x479.jpg\" target=\"_self\"><img width=\"300\" height=\"140\" src=\"https:\/\/www.smiledesigncenter.hu\/wp-content\/uploads\/2019\/09\/n-ildiko-u-300x140.jpg\" class=\"vc_single_image-img attachment-medium\" alt=\"\" decoding=\"async\" loading=\"lazy\" srcset=\"https:\/\/www.smiledesigncenter.hu\/wp-content\/uploads\/2019\/09\/n-ildiko-u-300x140.jpg 300w, https:\/\/www.smiledesigncenter.hu\/wp-content\/uploads\/2019\/09\/n-ildiko-u-768x359.jpg 768w, https:\/\/www.smiledesigncenter.hu\/wp-content\/uploads\/2019\/09\/n-ildiko-u-1024x479.jpg 1024w, https:\/\/www.smiledesigncenter.hu\/wp-content\/uploads\/2019\/09\/n-ildiko-u.jpg 1200w\" sizes=\"(max-width: 300px) 100vw, 300px\" \/><\/a><figcaption class=\"vc_figure-caption\">Ut\u00e1na<\/figcaption>\n\t\t<\/figure>\n\t<\/div>\n\n\t<div  class=\"wpb_single_image wpb_content_element vc_align_left\">\n\t\t\n\t\t<figure class=\"wpb_wrapper vc_figure\">\n\t\t\t<a class=\"\" data-lightbox=\"lightbox[rel-5476-4268161023]\" href=\"https:\/\/www.smiledesigncenter.hu\/wp-content\/uploads\/2019\/10\/n-ildiko-u2-1024x479.jpg\" target=\"_self\"><img width=\"300\" height=\"140\" src=\"https:\/\/www.smiledesigncenter.hu\/wp-content\/uploads\/2019\/10\/n-ildiko-u2-300x140.jpg\" class=\"vc_single_image-img attachment-medium\" alt=\"\" decoding=\"async\" loading=\"lazy\" srcset=\"https:\/\/www.smiledesigncenter.hu\/wp-content\/uploads\/2019\/10\/n-ildiko-u2-300x140.jpg 300w, https:\/\/www.smiledesigncenter.hu\/wp-content\/uploads\/2019\/10\/n-ildiko-u2-768x359.jpg 768w, https:\/\/www.smiledesigncenter.hu\/wp-content\/uploads\/2019\/10\/n-ildiko-u2-1024x479.jpg 1024w, https:\/\/www.smiledesigncenter.hu\/wp-content\/uploads\/2019\/10\/n-ildiko-u2.jpg 1200w\" sizes=\"(max-width: 300px) 100vw, 300px\" \/><\/a><figcaption class=\"vc_figure-caption\">Ut\u00e1na<\/figcaption>\n\t\t<\/figure>\n\t<\/div>\n<\/div><\/div><\/div><\/div><div class=\"vc_row wpb_row vc_inner vc_row-fluid\"><div class=\"wpb_column vc_column_container vc_col-sm-12\"><div class=\"vc_column-inner\"><div class=\"wpb_wrapper\"><\/div><\/div><\/div><\/div><\/div><\/div><\/div><\/div><div class=\"vc_row wpb_row vc_row-fluid\"><div class=\"wpb_column vc_column_container vc_col-sm-12\"><div class=\"vc_column-inner vc_custom_1539887082564\"><div class=\"wpb_wrapper\"><div class=\"templatera_shortcode\"><div data-vc-full-width=\"true\" data-vc-full-width-init=\"false\" class=\"vc_row wpb_row vc_row-fluid atokeletesmosolyhoz vc_custom_1540312933801 vc_row-o-equal-height vc_row-o-content-middle vc_row-flex\"><div class=\"wpb_column vc_column_container vc_col-sm-8\"><div class=\"vc_column-inner vc_custom_1539690890825\"><div class=\"wpb_wrapper\"><div class=\"stronghold-info-icon-wrapper\" \"><div class=\"stronghold-info-icon\" style=\"float: left; width: 15%; padding-right:10px;\"><i class=\"icon-cleaned-tooth\" style=\"font-size:50px; color:#ffffff;\"><\/i><\/div><div class=\"stronghold-info-icon-content\" style=\"float: left; width: 80%; text-align: left; padding: 20px 0;\"><div class=\"stronghold-info-icon-title\"><h3 style=\"font-size:30px;color:#ffffff;\">Ein perfektes L\u00e4cheln ist alles, was Sie brauchen, um einen Termin zu buchen!<\/h3><\/div><div class=\"stronghold-info-icon-desc\"><div style=\" color:#ffffff;\">Z\u00f6gern Sie nicht, h\u00f6ren Sie sich die Meinungen unserer fr\u00fcheren Patienten an! <\/div><\/div><\/div><\/div><\/div><\/div><\/div><div class=\"wpb_column vc_column_container vc_col-sm-12 vc_col-lg-4 vc_col-md-12 vc_col-xs-12\"><div class=\"vc_column-inner\"><div class=\"wpb_wrapper\"><div class=\"vc_btn3-container vc_btn3-center\" ><a class=\"vc_general vc_btn3 vc_btn3-size-md vc_btn3-shape-square vc_btn3-style-outline vc_btn3-color-white\" href=\"https:\/\/www.smiledesigncenter.hu\/de\/kapcsolat\/\" title=\"\" target=\"_blank\">Ich m\u00f6chte einen Termin<\/a><\/div><\/div><\/div><\/div><\/div><div class=\"vc_row-full-width vc_clearfix\"><\/div><!-- Row Backgrounds --><div class=\"upb_color\" data-bg-override=\"0\" data-bg-color=\"#5e9cc5\" data-fadeout=\"\" data-fadeout-percentage=\"30\" data-parallax-content=\"\" data-parallax-content-sense=\"30\" data-row-effect-mobile-disable=\"true\" data-img-parallax-mobile-disable=\"false\" data-rtl=\"false\"  data-custom-vc-row=\"\"  data-vc=\"6.7.0\"  data-is_old_vc=\"\"  data-theme-support=\"\"   data-overlay=\"false\" data-overlay-color=\"\" data-overlay-pattern=\"\" data-overlay-pattern-opacity=\"\" data-overlay-pattern-size=\"\"    ><\/div>\r\n<\/div><\/div><\/div><\/div><\/div>","protected":false},"excerpt":{"rendered":"","protected":false},"author":2,"featured_media":6176,"parent":4898,"menu_order":0,"comment_status":"closed","ping_status":"closed","template":"","meta":{"footnotes":"","_joinchat":[]},"acf":[],"_links":{"self":[{"href":"https:\/\/www.smiledesigncenter.hu\/de\/wp-json\/wp\/v2\/pages\/6183"}],"collection":[{"href":"https:\/\/www.smiledesigncenter.hu\/de\/wp-json\/wp\/v2\/pages"}],"about":[{"href":"https:\/\/www.smiledesigncenter.hu\/de\/wp-json\/wp\/v2\/types\/page"}],"author":[{"embeddable":true,"href":"https:\/\/www.smiledesigncenter.hu\/de\/wp-json\/wp\/v2\/users\/2"}],"replies":[{"embeddable":true,"href":"https:\/\/www.smiledesigncenter.hu\/de\/wp-json\/wp\/v2\/comments?post=6183"}],"version-history":[{"count":3,"href":"https:\/\/www.smiledesigncenter.hu\/de\/wp-json\/wp\/v2\/pages\/6183\/revisions"}],"predecessor-version":[{"id":6239,"href":"https:\/\/www.smiledesigncenter.hu\/de\/wp-json\/wp\/v2\/pages\/6183\/revisions\/6239"}],"up":[{"embeddable":true,"href":"https:\/\/www.smiledesigncenter.hu\/de\/wp-json\/wp\/v2\/pages\/4898"}],"wp:featuredmedia":[{"embeddable":true,"href":"https:\/\/www.smiledesigncenter.hu\/de\/wp-json\/wp\/v2\/media\/6176"}],"wp:attachment":[{"href":"https:\/\/www.smiledesigncenter.hu\/de\/wp-json\/wp\/v2\/media?parent=6183"}],"curies":[{"name":"wp","href":"https:\/\/api.w.org\/{rel}","templated":true}]}}