{"id":6391,"date":"2020-02-04T10:03:48","date_gmt":"2020-02-04T10:03:48","guid":{"rendered":"https:\/\/www.smiledesigncenter.hu\/?page_id=6391"},"modified":"2022-07-17T11:01:27","modified_gmt":"2022-07-17T11:01:27","slug":"u-aniko","status":"publish","type":"page","link":"https:\/\/www.smiledesigncenter.hu\/de\/referenciaink\/u-aniko\/","title":{"rendered":"U. Anik\u00f3"},"content":{"rendered":"<!-- Facebook Like Button Vivacity Infotech BEGIN -->\n<div class=\"fb-like\" data-href=\"https:\/\/www.smiledesigncenter.hu\/de\/referenciaink\/u-aniko\/\" data-layout=\"standard\" data-action=\"recommend\" data-show-faces=\"false\" data-size=\"small\" data-width=\"450\" data-share=\"1\" ><\/div>\n<!-- Facebook Like Button Vivacity Infotech END -->\n<div class=\"vc_row wpb_row vc_row-fluid\"><div class=\"wpb_column vc_column_container vc_col-sm-4\"><div class=\"vc_column-inner\"><div class=\"wpb_wrapper\">\n\t<div  class=\"wpb_single_image wpb_content_element vc_align_left\">\n\t\t\n\t\t<figure class=\"wpb_wrapper vc_figure\">\n\t\t\t<a href=\"https:\/\/www.smiledesigncenter.hu\/wp-content\/uploads\/2020\/02\/u-aniko.jpg\" target=\"_self\" class=\"vc_single_image-wrapper   vc_box_border_grey\"><img width=\"360\" height=\"542\" src=\"https:\/\/www.smiledesigncenter.hu\/wp-content\/uploads\/2020\/02\/u-aniko.jpg\" class=\"vc_single_image-img attachment-full\" alt=\"\" decoding=\"async\" loading=\"lazy\" srcset=\"https:\/\/www.smiledesigncenter.hu\/wp-content\/uploads\/2020\/02\/u-aniko.jpg 360w, https:\/\/www.smiledesigncenter.hu\/wp-content\/uploads\/2020\/02\/u-aniko-199x300.jpg 199w\" sizes=\"(max-width: 360px) 100vw, 360px\" \/><\/a>\n\t\t<\/figure>\n\t<\/div>\n<\/div><\/div><\/div><div class=\"wpb_column vc_column_container vc_col-sm-8\"><div class=\"vc_column-inner\"><div class=\"wpb_wrapper\"><div class=\"vc_row wpb_row vc_inner vc_row-fluid\"><div class=\"wpb_column vc_column_container vc_col-sm-6\"><div class=\"vc_column-inner\"><div class=\"wpb_wrapper\">\n\t<div  class=\"wpb_single_image wpb_content_element vc_align_left\">\n\t\t\n\t\t<figure class=\"wpb_wrapper vc_figure\">\n\t\t\t<a href=\"https:\/\/www.smiledesigncenter.hu\/wp-content\/uploads\/2020\/02\/u-aniko-e-1024x684.jpg\" target=\"_self\" class=\"vc_single_image-wrapper   vc_box_border_grey\"><img width=\"300\" height=\"201\" src=\"https:\/\/www.smiledesigncenter.hu\/wp-content\/uploads\/2020\/02\/u-aniko-e-300x201.jpg\" class=\"vc_single_image-img attachment-medium\" alt=\"\" decoding=\"async\" loading=\"lazy\" srcset=\"https:\/\/www.smiledesigncenter.hu\/wp-content\/uploads\/2020\/02\/u-aniko-e-300x201.jpg 300w, https:\/\/www.smiledesigncenter.hu\/wp-content\/uploads\/2020\/02\/u-aniko-e-1024x684.jpg 1024w, https:\/\/www.smiledesigncenter.hu\/wp-content\/uploads\/2020\/02\/u-aniko-e-768x513.jpg 768w, https:\/\/www.smiledesigncenter.hu\/wp-content\/uploads\/2020\/02\/u-aniko-e.jpg 1200w\" sizes=\"(max-width: 300px) 100vw, 300px\" \/><\/a><figcaption class=\"vc_figure-caption\">El\u0151tte<\/figcaption>\n\t\t<\/figure>\n\t<\/div>\n<\/div><\/div><\/div><div class=\"wpb_column vc_column_container vc_col-sm-6\"><div class=\"vc_column-inner\"><div class=\"wpb_wrapper\">\n\t<div  class=\"wpb_single_image wpb_content_element vc_align_left\">\n\t\t\n\t\t<figure class=\"wpb_wrapper vc_figure\">\n\t\t\t<a href=\"https:\/\/www.smiledesigncenter.hu\/wp-content\/uploads\/2020\/02\/u-aniko-u-1024x684.jpg\" target=\"_self\" class=\"vc_single_image-wrapper   vc_box_border_grey\"><img width=\"300\" height=\"201\" src=\"https:\/\/www.smiledesigncenter.hu\/wp-content\/uploads\/2020\/02\/u-aniko-u-300x201.jpg\" class=\"vc_single_image-img attachment-medium\" alt=\"\" decoding=\"async\" loading=\"lazy\" srcset=\"https:\/\/www.smiledesigncenter.hu\/wp-content\/uploads\/2020\/02\/u-aniko-u-300x201.jpg 300w, https:\/\/www.smiledesigncenter.hu\/wp-content\/uploads\/2020\/02\/u-aniko-u-1024x684.jpg 1024w, https:\/\/www.smiledesigncenter.hu\/wp-content\/uploads\/2020\/02\/u-aniko-u-768x513.jpg 768w, https:\/\/www.smiledesigncenter.hu\/wp-content\/uploads\/2020\/02\/u-aniko-u.jpg 1200w\" sizes=\"(max-width: 300px) 100vw, 300px\" \/><\/a><figcaption class=\"vc_figure-caption\">Ut\u00e1na<\/figcaption>\n\t\t<\/figure>\n\t<\/div>\n<\/div><\/div><\/div><\/div><div class=\"vc_row wpb_row vc_inner vc_row-fluid\"><div class=\"wpb_column vc_column_container vc_col-sm-6\"><div class=\"vc_column-inner\"><div class=\"wpb_wrapper\">\n\t<div  class=\"wpb_single_image wpb_content_element vc_align_left\">\n\t\t\n\t\t<figure class=\"wpb_wrapper vc_figure\">\n\t\t\t<a href=\"https:\/\/www.smiledesigncenter.hu\/wp-content\/uploads\/2020\/02\/u-aniko-e-2-1024x488.jpg\" target=\"_self\" class=\"vc_single_image-wrapper   vc_box_border_grey\"><img width=\"300\" height=\"143\" src=\"https:\/\/www.smiledesigncenter.hu\/wp-content\/uploads\/2020\/02\/u-aniko-e-2-300x143.jpg\" class=\"vc_single_image-img attachment-medium\" alt=\"\" decoding=\"async\" loading=\"lazy\" srcset=\"https:\/\/www.smiledesigncenter.hu\/wp-content\/uploads\/2020\/02\/u-aniko-e-2-300x143.jpg 300w, https:\/\/www.smiledesigncenter.hu\/wp-content\/uploads\/2020\/02\/u-aniko-e-2-1024x488.jpg 1024w, https:\/\/www.smiledesigncenter.hu\/wp-content\/uploads\/2020\/02\/u-aniko-e-2-768x366.jpg 768w, https:\/\/www.smiledesigncenter.hu\/wp-content\/uploads\/2020\/02\/u-aniko-e-2.jpg 1200w\" sizes=\"(max-width: 300px) 100vw, 300px\" \/><\/a><figcaption class=\"vc_figure-caption\">El\u0151tte<\/figcaption>\n\t\t<\/figure>\n\t<\/div>\n<\/div><\/div><\/div><div class=\"wpb_column vc_column_container vc_col-sm-6\"><div class=\"vc_column-inner\"><div class=\"wpb_wrapper\">\n\t<div  class=\"wpb_single_image wpb_content_element vc_align_left\">\n\t\t\n\t\t<figure class=\"wpb_wrapper vc_figure\">\n\t\t\t<a href=\"https:\/\/www.smiledesigncenter.hu\/wp-content\/uploads\/2020\/02\/u-aniko-u-2-1024x488.jpg\" target=\"_self\" class=\"vc_single_image-wrapper   vc_box_border_grey\"><img width=\"300\" height=\"143\" src=\"https:\/\/www.smiledesigncenter.hu\/wp-content\/uploads\/2020\/02\/u-aniko-u-2-300x143.jpg\" class=\"vc_single_image-img attachment-medium\" alt=\"\" decoding=\"async\" loading=\"lazy\" srcset=\"https:\/\/www.smiledesigncenter.hu\/wp-content\/uploads\/2020\/02\/u-aniko-u-2-300x143.jpg 300w, https:\/\/www.smiledesigncenter.hu\/wp-content\/uploads\/2020\/02\/u-aniko-u-2-1024x488.jpg 1024w, https:\/\/www.smiledesigncenter.hu\/wp-content\/uploads\/2020\/02\/u-aniko-u-2-768x366.jpg 768w, https:\/\/www.smiledesigncenter.hu\/wp-content\/uploads\/2020\/02\/u-aniko-u-2.jpg 1200w\" sizes=\"(max-width: 300px) 100vw, 300px\" \/><\/a><figcaption class=\"vc_figure-caption\">Ut\u00e1na<\/figcaption>\n\t\t<\/figure>\n\t<\/div>\n<\/div><\/div><\/div><\/div><div class=\"vc_row wpb_row vc_inner vc_row-fluid\"><div class=\"wpb_column vc_column_container vc_col-sm-12\"><div class=\"vc_column-inner\"><div class=\"wpb_wrapper\">\n\t<div class=\"wpb_text_column wpb_content_element\" >\n\t\t<div class=\"wpb_wrapper\">\n\t\t\t<p>Ahogyan az a kiindul\u00e1si k\u00e9pen is l\u00e1that\u00f3, Anik\u00f3 els\u0151sorban eszt\u00e9tikai hi\u00e1nyoss\u00e1gok miatt szenvedett. T\u00fczetesebb vizsg\u00e1latot k\u00f6vet\u0151en kider\u00fclt, hogy nemcsak eszt\u00e9tikai, hanem funkcion\u00e1lis \u00e9s eg\u00e9szs\u00e9g\u00fcgyi probl\u00e9m\u00e1kkal is szemben \u00e1llunk.<\/p>\n<p>A probl\u00e9m\u00e1kat r\u00e9szben a rosszul megtervezett, pontatlanul kivitelezett \u00e9s felhelyezett fogp\u00f3tl\u00e1s okozta. Miut\u00e1n elt\u00e1vol\u00edtottuk a r\u00e9gi konstrukci\u00f3t kider\u00fclt, hogy n\u00e9h\u00e1ny fog menthetetlen\u00fcl rossz \u00e1llapotban van, \u00edgy azokat el kellett t\u00e1vol\u00edtanunk. A kialakult parodontol\u00f3giai probl\u00e9m\u00e1kat is kezel\u00e9sbe vett\u00fck.<\/p>\n<p>A foghi\u00e1nyokat implant\u00e1tumok be\u00fcltet\u00e9s\u00e9vel p\u00f3toltuk. N\u00e9h\u00e1ny helyen csontp\u00f3tl\u00e1sra is sz\u00fcks\u00e9g volt, hogy kell\u0151 mennyis\u00e9g\u0171 csont \u00e1lljon rendelkez\u00e9s\u00fcnkre az implant\u00e1tumok megfelel\u0151 gy\u00f3gyul\u00e1sa \u00e9rdek\u00e9ben.<\/p>\n<p>A t\u00f6k\u00e9letes eszt\u00e9tika el\u00e9r\u00e9se \u00e9rdek\u00e9ben sz\u00fcks\u00e9g volt \u00ednykorrekci\u00f3s m\u0171t\u00e9t elv\u00e9gz\u00e9s\u00e9re is.<\/p>\n<p>A lenyomatv\u00e9telt \u00e9s a t\u00e1mcsapos harap\u00e1sregisztr\u00e1l\u00e1st k\u00f6vet\u0151en, sz\u00f3l\u00f3 full kont\u00far cirkon koron\u00e1k k\u00e9sz\u00fcltek p\u00e1ciens\u00fcnk sz\u00e1m\u00e1ra.<\/p>\n<p>A k\u00e9pek \u00f6nmaguk\u00e9rt besz\u00e9lnek, Anik\u00f3 el\u00e9gedett a kapott eredm\u00e9nnyel. Munk\u00e1j\u00e1b\u00f3l \u00e9s vezet\u0151i beoszt\u00e1s\u00e1b\u00f3l kifoly\u00f3lag p\u00e1ciens\u00fcnk sok emberrel tal\u00e1lkozik, ahol fontos a megjelen\u00e9s \u00e9s tudjuk j\u00f3l, hogy egy sz\u00e9p mosoly \u00f6lt\u00f6ztet.<\/p>\n<p>\u201eHagyd, hogy a mosolyod megv\u00e1ltoztassa a vil\u00e1got, de ne hagyd, hogy a vil\u00e1g megv\u00e1ltoztassa a mosolyod!\u201d<\/p>\n<p><a href=\"https:\/\/www.citatum.hu\/szerzo\/Buddha\">Buddha<\/a><\/p>\n\n\t\t<\/div>\n\t<\/div>\n<\/div><\/div><\/div><\/div><\/div><\/div><\/div><\/div><div class=\"vc_row wpb_row vc_row-fluid\"><div class=\"wpb_column vc_column_container vc_col-sm-12\"><div class=\"vc_column-inner vc_custom_1539887082564\"><div class=\"wpb_wrapper\"><div class=\"templatera_shortcode\"><div data-vc-full-width=\"true\" data-vc-full-width-init=\"false\" class=\"vc_row wpb_row vc_row-fluid atokeletesmosolyhoz vc_custom_1540312933801 vc_row-o-equal-height vc_row-o-content-middle vc_row-flex\"><div class=\"wpb_column vc_column_container vc_col-sm-8\"><div class=\"vc_column-inner vc_custom_1539690890825\"><div class=\"wpb_wrapper\"><div class=\"stronghold-info-icon-wrapper\" \"><div class=\"stronghold-info-icon\" style=\"float: left; width: 15%; padding-right:10px;\"><i class=\"icon-cleaned-tooth\" style=\"font-size:50px; color:#ffffff;\"><\/i><\/div><div class=\"stronghold-info-icon-content\" style=\"float: left; width: 80%; text-align: left; padding: 20px 0;\"><div class=\"stronghold-info-icon-title\"><h3 style=\"font-size:30px;color:#ffffff;\">Ein perfektes L\u00e4cheln ist alles, was Sie brauchen, um einen Termin zu buchen!<\/h3><\/div><div class=\"stronghold-info-icon-desc\"><div style=\" color:#ffffff;\">Z\u00f6gern Sie nicht, h\u00f6ren Sie sich die Meinungen unserer fr\u00fcheren Patienten an! <\/div><\/div><\/div><\/div><\/div><\/div><\/div><div class=\"wpb_column vc_column_container vc_col-sm-12 vc_col-lg-4 vc_col-md-12 vc_col-xs-12\"><div class=\"vc_column-inner\"><div class=\"wpb_wrapper\"><div class=\"vc_btn3-container vc_btn3-center\" ><a class=\"vc_general vc_btn3 vc_btn3-size-md vc_btn3-shape-square vc_btn3-style-outline vc_btn3-color-white\" href=\"https:\/\/www.smiledesigncenter.hu\/de\/kapcsolat\/\" title=\"\" target=\"_blank\">Ich m\u00f6chte einen Termin<\/a><\/div><\/div><\/div><\/div><\/div><div class=\"vc_row-full-width vc_clearfix\"><\/div><!-- Row Backgrounds --><div class=\"upb_color\" data-bg-override=\"0\" data-bg-color=\"#5e9cc5\" data-fadeout=\"\" data-fadeout-percentage=\"30\" data-parallax-content=\"\" data-parallax-content-sense=\"30\" data-row-effect-mobile-disable=\"true\" data-img-parallax-mobile-disable=\"false\" data-rtl=\"false\"  data-custom-vc-row=\"\"  data-vc=\"6.7.0\"  data-is_old_vc=\"\"  data-theme-support=\"\"   data-overlay=\"false\" data-overlay-color=\"\" data-overlay-pattern=\"\" data-overlay-pattern-opacity=\"\" data-overlay-pattern-size=\"\"    ><\/div>\r\n<\/div><\/div><\/div><\/div><\/div>","protected":false},"excerpt":{"rendered":"","protected":false},"author":2,"featured_media":0,"parent":2468,"menu_order":0,"comment_status":"closed","ping_status":"closed","template":"","meta":{"footnotes":"","_joinchat":[]},"acf":[],"_links":{"self":[{"href":"https:\/\/www.smiledesigncenter.hu\/de\/wp-json\/wp\/v2\/pages\/6391"}],"collection":[{"href":"https:\/\/www.smiledesigncenter.hu\/de\/wp-json\/wp\/v2\/pages"}],"about":[{"href":"https:\/\/www.smiledesigncenter.hu\/de\/wp-json\/wp\/v2\/types\/page"}],"author":[{"embeddable":true,"href":"https:\/\/www.smiledesigncenter.hu\/de\/wp-json\/wp\/v2\/users\/2"}],"replies":[{"embeddable":true,"href":"https:\/\/www.smiledesigncenter.hu\/de\/wp-json\/wp\/v2\/comments?post=6391"}],"version-history":[{"count":7,"href":"https:\/\/www.smiledesigncenter.hu\/de\/wp-json\/wp\/v2\/pages\/6391\/revisions"}],"predecessor-version":[{"id":7756,"href":"https:\/\/www.smiledesigncenter.hu\/de\/wp-json\/wp\/v2\/pages\/6391\/revisions\/7756"}],"up":[{"embeddable":true,"href":"https:\/\/www.smiledesigncenter.hu\/de\/wp-json\/wp\/v2\/pages\/2468"}],"wp:attachment":[{"href":"https:\/\/www.smiledesigncenter.hu\/de\/wp-json\/wp\/v2\/media?parent=6391"}],"curies":[{"name":"wp","href":"https:\/\/api.w.org\/{rel}","templated":true}]}}