{"id":12765,"date":"2023-09-27T08:40:33","date_gmt":"2023-09-27T08:40:33","guid":{"rendered":"https:\/\/www.smiledesigncenter.hu\/?page_id=12765"},"modified":"2023-09-27T08:43:40","modified_gmt":"2023-09-27T08:43:40","slug":"vass-karacsony-fruzsina","status":"publish","type":"page","link":"https:\/\/www.smiledesigncenter.hu\/en\/vass-karacsony-fruzsina\/","title":{"rendered":"Vass-Kar\u00e1csony Fruzsina"},"content":{"rendered":"<!-- Facebook Like Button Vivacity Infotech BEGIN -->\n<div class=\"fb-like\" data-href=\"https:\/\/www.smiledesigncenter.hu\/en\/vass-karacsony-fruzsina\/\" data-layout=\"standard\" data-action=\"recommend\" data-show-faces=\"false\" data-size=\"small\" data-width=\"450\" data-share=\"1\" ><\/div>\n<!-- Facebook Like Button Vivacity Infotech END -->\n<div class=\"vc_row wpb_row vc_row-fluid\"><div class=\"wpb_column vc_column_container vc_col-sm-6\"><div class=\"vc_column-inner\"><div class=\"wpb_wrapper\">\n\t<div  class=\"wpb_single_image wpb_content_element vc_align_center\">\n\t\t\n\t\t<figure class=\"wpb_wrapper vc_figure\">\n\t\t\t<div class=\"vc_single_image-wrapper   vc_box_border_grey\"><img width=\"1024\" height=\"679\" src=\"https:\/\/www.smiledesigncenter.hu\/wp-content\/uploads\/2023\/09\/Fruzsi-1024x679.jpg\" class=\"vc_single_image-img attachment-large\" alt=\"\" decoding=\"async\" loading=\"lazy\" srcset=\"https:\/\/www.smiledesigncenter.hu\/wp-content\/uploads\/2023\/09\/Fruzsi-1024x679.jpg 1024w, https:\/\/www.smiledesigncenter.hu\/wp-content\/uploads\/2023\/09\/Fruzsi-300x199.jpg 300w, https:\/\/www.smiledesigncenter.hu\/wp-content\/uploads\/2023\/09\/Fruzsi-18x12.jpg 18w, https:\/\/www.smiledesigncenter.hu\/wp-content\/uploads\/2023\/09\/Fruzsi.jpg 1183w\" sizes=\"(max-width: 1024px) 100vw, 1024px\" \/><\/div>\n\t\t<\/figure>\n\t<\/div>\n\n\t<div class=\"wpb_text_column wpb_content_element\" >\n\t\t<div class=\"wpb_wrapper\">\n\t\t\t<h4 style=\"text-align: center;\">Vass-Kar\u00e1csony Fruzsina<\/h4>\n<p style=\"text-align: center;\">Asszisztens, dent\u00e1l higi\u00e9nikus<\/p>\n\n\t\t<\/div>\n\t<\/div>\n<\/div><\/div><\/div><div class=\"wpb_column vc_column_container vc_col-sm-6\"><div class=\"vc_column-inner\"><div class=\"wpb_wrapper\">\n\t<div class=\"wpb_text_column wpb_content_element\" >\n\t\t<div class=\"wpb_wrapper\">\n\t\t\t<p>2017 \u00f3ta dolgozom a Smile Design Center fog\u00e1szaton asszisztensi poz\u00edci\u00f3ban. Asszisztensi vizsg\u00e1m megszerz\u00e9se ut\u00e1n kezdtem el az \u00f6nfejleszt\u00e9st, hiszen komolyabb ter\u00fcleten is kiszerettem volna\u00a0 pr\u00f3b\u00e1lni magamat, \u00edgy 2021-ben belev\u00e1gtam a dent\u00e1lhigi\u00e9niai k\u00e9pz\u00e9sbe, melyet sikeresen teljes\u00edtettem is. M\u00e1r lassan 1 \u00e9ve ezen a ter\u00fcleten is tev\u00e9kenykedem a rendel\u0151nkben,\u00a0ezzel seg\u00edtve az orvos koll\u00e9g\u00e1k munk\u00e1j\u00e1t. Depur\u00e1lok, fogfeh\u00e9r\u00edtek \u00e9s a sz\u00e1jhigi\u00e9nia jav\u00edt\u00e1s\u00e1ra \u00f6szt\u00f6nz\u00f6m, azaz instru\u00e1lom, motiv\u00e1lom a p\u00e1cienseinket.<br \/>\nSz\u00e1jhigi\u00e9ni\u00e1n k\u00edv\u00fcl sz\u00e1jseb\u00e9szekkel is dolgozom, m\u0171t\u0151s asszisztensk\u00e9nt, ez az a ter\u00fclete, ezen szakm\u00e1nak melyet mindig is szerettem volna elsaj\u00e1t\u00edtani. Sok izgalommal \u00e9s tanul\u00e1ssal j\u00e1r, \u00e1m a v\u00e9geredm\u00e9ny mag\u00e1\u00e9rt besz\u00e9l egy-egy m\u0171t\u00e9t ut\u00e1n.<br \/>\nEbben a munk\u00e1ban megtal\u00e1ltam magamat, a rendel\u0151nek h\u00e1la nagyon sok a fejl\u0151d\u00e9si lehet\u0151s\u00e9g, \u00e9s mindig nagyon j\u00f3 a hangulat. Sok oktat\u00e1son \u00e9s kurzuson vesz\u00fcnk r\u00e9szt,\u00a0 mely lehet\u0151s\u00e9get ad a korl\u00e1taink legy\u0151z\u00e9s\u00e9re \u00e9s szakmai tud\u00e1sunk b\u0151v\u00edt\u00e9s\u00e9re.<br \/>\nH\u00e1l\u00e1s vagyok a p\u00e1cienseinknek,\u00a0akik el\u00e9gedettek a munk\u00e1mmal \u00e9s a sok pozit\u00edv visszajelz\u00e9snek h\u00e1la, biztosabb lehetek magamban.<\/p>\n\n\t\t<\/div>\n\t<\/div>\n<\/div><\/div><\/div><\/div>","protected":false},"excerpt":{"rendered":"","protected":false},"author":2,"featured_media":0,"parent":0,"menu_order":0,"comment_status":"closed","ping_status":"closed","template":"","meta":{"footnotes":"","_joinchat":[]},"acf":[],"aioseo_notices":[],"_links":{"self":[{"href":"https:\/\/www.smiledesigncenter.hu\/en\/wp-json\/wp\/v2\/pages\/12765"}],"collection":[{"href":"https:\/\/www.smiledesigncenter.hu\/en\/wp-json\/wp\/v2\/pages"}],"about":[{"href":"https:\/\/www.smiledesigncenter.hu\/en\/wp-json\/wp\/v2\/types\/page"}],"author":[{"embeddable":true,"href":"https:\/\/www.smiledesigncenter.hu\/en\/wp-json\/wp\/v2\/users\/2"}],"replies":[{"embeddable":true,"href":"https:\/\/www.smiledesigncenter.hu\/en\/wp-json\/wp\/v2\/comments?post=12765"}],"version-history":[{"count":4,"href":"https:\/\/www.smiledesigncenter.hu\/en\/wp-json\/wp\/v2\/pages\/12765\/revisions"}],"predecessor-version":[{"id":12769,"href":"https:\/\/www.smiledesigncenter.hu\/en\/wp-json\/wp\/v2\/pages\/12765\/revisions\/12769"}],"wp:attachment":[{"href":"https:\/\/www.smiledesigncenter.hu\/en\/wp-json\/wp\/v2\/media?parent=12765"}],"curies":[{"name":"wp","href":"https:\/\/api.w.org\/{rel}","templated":true}]}}