{"id":12777,"date":"2023-09-28T11:43:03","date_gmt":"2023-09-28T11:43:03","guid":{"rendered":"https:\/\/www.smiledesigncenter.hu\/?page_id=12777"},"modified":"2023-09-28T11:43:03","modified_gmt":"2023-09-28T11:43:03","slug":"jeszenszki-regina-4","status":"publish","type":"page","link":"https:\/\/www.smiledesigncenter.hu\/en\/jeszenszki-regina-4\/","title":{"rendered":"Jeszenszki Regina"},"content":{"rendered":"<!-- Facebook Like Button Vivacity Infotech BEGIN -->\n<div class=\"fb-like\" data-href=\"https:\/\/www.smiledesigncenter.hu\/en\/jeszenszki-regina-4\/\" data-layout=\"standard\" data-action=\"recommend\" data-show-faces=\"false\" data-size=\"small\" data-width=\"450\" data-share=\"1\" ><\/div>\n<!-- Facebook Like Button Vivacity Infotech END -->\n<div class=\"vc_row wpb_row vc_row-fluid\"><div class=\"wpb_column vc_column_container vc_col-sm-6\"><div class=\"vc_column-inner\"><div class=\"wpb_wrapper\">\n\t<div  class=\"wpb_single_image wpb_content_element vc_align_center\">\n\t\t\n\t\t<figure class=\"wpb_wrapper vc_figure\">\n\t\t\t<div class=\"vc_single_image-wrapper   vc_box_border_grey\"><img width=\"1024\" height=\"679\" src=\"https:\/\/www.smiledesigncenter.hu\/wp-content\/uploads\/2023\/09\/Regi-1024x679.jpg\" class=\"vc_single_image-img attachment-large\" alt=\"\" decoding=\"async\" loading=\"lazy\" srcset=\"https:\/\/www.smiledesigncenter.hu\/wp-content\/uploads\/2023\/09\/Regi-1024x679.jpg 1024w, https:\/\/www.smiledesigncenter.hu\/wp-content\/uploads\/2023\/09\/Regi-300x199.jpg 300w, https:\/\/www.smiledesigncenter.hu\/wp-content\/uploads\/2023\/09\/Regi-18x12.jpg 18w, https:\/\/www.smiledesigncenter.hu\/wp-content\/uploads\/2023\/09\/Regi.jpg 1183w\" sizes=\"(max-width: 1024px) 100vw, 1024px\" \/><\/div>\n\t\t<\/figure>\n\t<\/div>\n\n\t<div class=\"wpb_text_column wpb_content_element\" >\n\t\t<div class=\"wpb_wrapper\">\n\t\t\t<h4 style=\"text-align: center;\">Jeszenkszki Regina<\/h4>\n<p style=\"text-align: center;\">Asszisztens, dent\u00e1l higi\u00e9nikus<\/p>\n\n\t\t<\/div>\n\t<\/div>\n<\/div><\/div><\/div><div class=\"wpb_column vc_column_container vc_col-sm-6\"><div class=\"vc_column-inner\"><div class=\"wpb_wrapper\">\n\t<div class=\"wpb_text_column wpb_content_element\" >\n\t\t<div class=\"wpb_wrapper\">\n\t\t\t<p>A Smile Design\u00a0 Center 2013-as megnyit\u00e1sa \u00f3ta dolgozom a rendel\u0151ben. A kezdetek \u00f3ta dent\u00e1lhigi\u00e9nikusk\u00e9nt tev\u00e9kenykedem, mellyel a p\u00e1ciensek or\u00e1lis eg\u00e9szs\u00e9g\u00e9t fejlesztem.<br \/>\nA higi\u00e9niai beavatkoz\u00e1sokon k\u00edv\u00fcl a protetikai munk\u00e1k szakszer\u0171 karbantart\u00e1s\u00e1t is v\u00e9gzem. Instru\u00e1lom \u00e9s motiv\u00e1lom a p\u00e1cienseinket a sz\u00e1jban l\u00e9v\u0151 fogp\u00f3tl\u00e1sok\u00a0professzion\u00e1lis tiszt\u00e1ntart\u00e1s\u00e1ra \u00e9s az \u00e9ves kontrollvizsg\u00e1latokon val\u00f3 r\u00e9szv\u00e9telre.\u00a0A munk\u00e1m azonban nem csak ezen ter\u00fcletre terjed ki, hiszen a fogszab\u00e1lyoz\u00e1si\u00a0szakter\u00fcleten is seg\u00edtem a Doktorn\u0151 munk\u00e1j\u00e1t, ez\u00e1ltal a sz\u00e1jhigi\u00e9niai munk\u00e1mban is hasznos\u00edtani tudom ezen a ter\u00fcleten szerzett tapasztalataimat.<br \/>\nAz \u00e9vek sor\u00e1n a visszaj\u00e1r\u00f3 p\u00e1cienseim\u00a0visszajelz\u00e9sei\u00a0meger\u0151s\u00edtettek abban, hogy tov\u00e1bbra is kitart\u00e1ssal \u00e9s odaad\u00e1ssal\u00a0v\u00e9gezzem a hivat\u00e1somat.<\/p>\n\n\t\t<\/div>\n\t<\/div>\n<\/div><\/div><\/div><\/div>","protected":false},"excerpt":{"rendered":"","protected":false},"author":2,"featured_media":0,"parent":0,"menu_order":0,"comment_status":"closed","ping_status":"closed","template":"","meta":{"footnotes":"","_joinchat":[]},"acf":[],"aioseo_notices":[],"_links":{"self":[{"href":"https:\/\/www.smiledesigncenter.hu\/en\/wp-json\/wp\/v2\/pages\/12777"}],"collection":[{"href":"https:\/\/www.smiledesigncenter.hu\/en\/wp-json\/wp\/v2\/pages"}],"about":[{"href":"https:\/\/www.smiledesigncenter.hu\/en\/wp-json\/wp\/v2\/types\/page"}],"author":[{"embeddable":true,"href":"https:\/\/www.smiledesigncenter.hu\/en\/wp-json\/wp\/v2\/users\/2"}],"replies":[{"embeddable":true,"href":"https:\/\/www.smiledesigncenter.hu\/en\/wp-json\/wp\/v2\/comments?post=12777"}],"version-history":[{"count":1,"href":"https:\/\/www.smiledesigncenter.hu\/en\/wp-json\/wp\/v2\/pages\/12777\/revisions"}],"predecessor-version":[{"id":12778,"href":"https:\/\/www.smiledesigncenter.hu\/en\/wp-json\/wp\/v2\/pages\/12777\/revisions\/12778"}],"wp:attachment":[{"href":"https:\/\/www.smiledesigncenter.hu\/en\/wp-json\/wp\/v2\/media?parent=12777"}],"curies":[{"name":"wp","href":"https:\/\/api.w.org\/{rel}","templated":true}]}}