{"id":12780,"date":"2023-09-28T11:53:48","date_gmt":"2023-09-28T11:53:48","guid":{"rendered":"https:\/\/www.smiledesigncenter.hu\/?page_id=12780"},"modified":"2023-09-28T12:01:40","modified_gmt":"2023-09-28T12:01:40","slug":"juhasz-viktoria","status":"publish","type":"page","link":"https:\/\/www.smiledesigncenter.hu\/en\/juhasz-viktoria\/","title":{"rendered":"Juh\u00e1sz Vikt\u00f3ria"},"content":{"rendered":"<!-- Facebook Like Button Vivacity Infotech BEGIN -->\n<div class=\"fb-like\" data-href=\"https:\/\/www.smiledesigncenter.hu\/en\/juhasz-viktoria\/\" data-layout=\"standard\" data-action=\"recommend\" data-show-faces=\"false\" data-size=\"small\" data-width=\"450\" data-share=\"1\" ><\/div>\n<!-- Facebook Like Button Vivacity Infotech END -->\n<div class=\"vc_row wpb_row vc_row-fluid\"><div class=\"wpb_column vc_column_container vc_col-sm-6\"><div class=\"vc_column-inner\"><div class=\"wpb_wrapper\">\n\t<div  class=\"wpb_single_image wpb_content_element vc_align_center\">\n\t\t\n\t\t<figure class=\"wpb_wrapper vc_figure\">\n\t\t\t<div class=\"vc_single_image-wrapper   vc_box_border_grey\"><img width=\"1024\" height=\"679\" src=\"https:\/\/www.smiledesigncenter.hu\/wp-content\/uploads\/2023\/09\/Viki-1-1024x679.jpg\" class=\"vc_single_image-img attachment-large\" alt=\"\" decoding=\"async\" loading=\"lazy\" srcset=\"https:\/\/www.smiledesigncenter.hu\/wp-content\/uploads\/2023\/09\/Viki-1-1024x679.jpg 1024w, https:\/\/www.smiledesigncenter.hu\/wp-content\/uploads\/2023\/09\/Viki-1-300x199.jpg 300w, https:\/\/www.smiledesigncenter.hu\/wp-content\/uploads\/2023\/09\/Viki-1-18x12.jpg 18w, https:\/\/www.smiledesigncenter.hu\/wp-content\/uploads\/2023\/09\/Viki-1.jpg 1183w\" sizes=\"(max-width: 1024px) 100vw, 1024px\" \/><\/div>\n\t\t<\/figure>\n\t<\/div>\n\n\t<div class=\"wpb_text_column wpb_content_element\" >\n\t\t<div class=\"wpb_wrapper\">\n\t\t\t<h4 style=\"text-align: center;\">Juh\u00e1sz Viktoria<\/h4>\n<p style=\"text-align: center;\">Asszisztens<\/p>\n\n\t\t<\/div>\n\t<\/div>\n<\/div><\/div><\/div><div class=\"wpb_column vc_column_container vc_col-sm-6\"><div class=\"vc_column-inner\"><div class=\"wpb_wrapper\">\n\t<div class=\"wpb_text_column wpb_content_element\" >\n\t\t<div class=\"wpb_wrapper\">\n\t\t\t<p>2022 nyara \u00f3ta er\u0151s\u00edtem a Smile Design Center csapat\u00e1t. 2,5 \u00e9ve v\u00e9geztem el az asszisztensi szakm\u00e1t, \u00e9s \u00fagy \u00e9rzem hogy ebben teljesen megtal\u00e1ltam a szamitasaimat. A h\u00e9tk\u00f6znapokban a fogorvosok mellett seg\u00e9dkezem, de h\u00e9tv\u00e9gente a sz\u00e1jseb\u00e9szeti beavatkoz\u00e1sokn\u00e1l is meg\u00e1llom a helyem. A seb\u00e9szi napokon fejl\u0151dtem csak igaz\u00e1n sokat, amely tapasztalat seg\u00edtett abban, hogy megtal\u00e1ljam a helyem a csapatban. \u00d6r\u00f6mmel t\u00f6lt el, hogy seg\u00edthetek m\u00e1sokon \u00e9s ez\u00e1ltal nem csak \u00e9n fejl\u0151d\u00f6m hanem mind a p\u00e1cienseket mind az orvosokat is t\u00e1mogatom. A munk\u00e1m sor\u00e1n sok kih\u00edv\u00e1ssal kell szemben\u00e9znem, \u00edgy a szakmai hozz\u00e1\u00e1ll\u00e1som is sokat javult, \u00e9s mindig van mit tanulnom. A monotonit\u00e1s nem jellemz\u0151 erre a hivat\u00e1sra ez\u00e9rt v\u00e1lasztottam a fog\u00e1szati asszisztens munkak\u00f6rt.<\/p>\n\n\t\t<\/div>\n\t<\/div>\n<\/div><\/div><\/div><\/div>","protected":false},"excerpt":{"rendered":"","protected":false},"author":2,"featured_media":0,"parent":0,"menu_order":0,"comment_status":"closed","ping_status":"closed","template":"","meta":{"footnotes":"","_joinchat":[]},"acf":[],"aioseo_notices":[],"_links":{"self":[{"href":"https:\/\/www.smiledesigncenter.hu\/en\/wp-json\/wp\/v2\/pages\/12780"}],"collection":[{"href":"https:\/\/www.smiledesigncenter.hu\/en\/wp-json\/wp\/v2\/pages"}],"about":[{"href":"https:\/\/www.smiledesigncenter.hu\/en\/wp-json\/wp\/v2\/types\/page"}],"author":[{"embeddable":true,"href":"https:\/\/www.smiledesigncenter.hu\/en\/wp-json\/wp\/v2\/users\/2"}],"replies":[{"embeddable":true,"href":"https:\/\/www.smiledesigncenter.hu\/en\/wp-json\/wp\/v2\/comments?post=12780"}],"version-history":[{"count":1,"href":"https:\/\/www.smiledesigncenter.hu\/en\/wp-json\/wp\/v2\/pages\/12780\/revisions"}],"predecessor-version":[{"id":12781,"href":"https:\/\/www.smiledesigncenter.hu\/en\/wp-json\/wp\/v2\/pages\/12780\/revisions\/12781"}],"wp:attachment":[{"href":"https:\/\/www.smiledesigncenter.hu\/en\/wp-json\/wp\/v2\/media?parent=12780"}],"curies":[{"name":"wp","href":"https:\/\/api.w.org\/{rel}","templated":true}]}}