{"id":12932,"date":"2024-01-03T07:51:01","date_gmt":"2024-01-03T07:51:01","guid":{"rendered":"https:\/\/www.smiledesigncenter.hu\/?page_id=12932"},"modified":"2024-01-03T07:51:01","modified_gmt":"2024-01-03T07:51:01","slug":"cookie-szabalyzat","status":"publish","type":"page","link":"https:\/\/www.smiledesigncenter.hu\/en\/cookie-szabalyzat\/","title":{"rendered":"Cookie szab\u00e1lyzat"},"content":{"rendered":"<!-- Facebook Like Button Vivacity Infotech BEGIN -->\n<div class=\"fb-like\" data-href=\"https:\/\/www.smiledesigncenter.hu\/en\/cookie-szabalyzat\/\" data-layout=\"standard\" data-action=\"recommend\" data-show-faces=\"false\" data-size=\"small\" data-width=\"450\" data-share=\"1\" ><\/div>\n<!-- Facebook Like Button Vivacity Infotech END -->\n<p>Mit takar a s\u00fctik fogalma \u00e9s milyen funkci\u00f3i vannak?<\/p>\n<p>Az \u00d6n \u00e1ltal felkeresett webhelyek \u00fagynevezett s\u00fctiket (cookies) hozhatnak l\u00e9tre. A Honlap l\u00e1togat\u00e1sa sor\u00e1n GoogleAnalytics, GoogleAdWords, Facebook \u00e9s Hotjar s\u00fctit helyez el. A s\u00fctik a b\u00f6ng\u00e9sz\u00e9si adatok ment\u00e9s\u00e9vel megk\u00f6nny\u00edtik az online navig\u00e1ci\u00f3t.<\/p>\n<p>A s\u00fctik seg\u00edts\u00e9g\u00e9vel a webhelyek a k\u00f6vetkez\u0151kre k\u00e9pesek:<\/p>\n<ol>\n<li>bejelentkezve tarthatj\u00e1k \u00d6nt;<\/li>\n<li>eml\u00e9kezhetnek a webhely be\u00e1ll\u00edt\u00e1saira;<\/li>\n<li>helyi szinten relev\u00e1ns tartalmat k\u00edn\u00e1lhatnak \u00d6nnek.<\/li>\n<\/ol>\n<p>A s\u00fctik, pixelc\u00edmk\u00e9k \u00e9s hasonl\u00f3 technol\u00f3gi\u00e1k (egy\u00fcttes n\u00e9ven \u201es\u00fctik\u201d) olyan a webszerver \u00e1ltal k\u00fcld\u00f6tt, v\u00e1ltoz\u00f3 tartalm\u00fa, alfanumerikus kis mennyis\u00e9g\u0171 inform\u00e1ci\u00f3csomagok, adatf\u00e1jlok, amelyeket egy webhely megl\u00e1togat\u00e1sakor b\u00e1rmilyen, internetet haszn\u00e1l\u00f3 eszk\u00f6z, pl. az \u00d6n sz\u00e1m\u00edt\u00f3g\u00e9pe, okostelefonja vagy tabletje let\u00f6lt, \u00e9s az ott r\u00f6gz\u00fcl.<\/p>\n<p>Sokf\u00e9le t\u00edpus\u00fa s\u00fcti l\u00e9tezik. Mindegyik ugyan\u00fagy m\u0171k\u00f6dik, de kisebb elt\u00e9r\u00e9sek vannak k\u00f6z\u00f6tt\u00fck.<\/p>\n<p>A szolg\u00e1ltat\u00f3 a testre szabott kiszolg\u00e1l\u00e1s \u00e9rdek\u00e9ben a felhaszn\u00e1l\u00f3 sz\u00e1m\u00edt\u00f3g\u00e9p\u00e9n a s\u00fctik r\u00e9v\u00e9n kis adatcsomagot helyez el \u00e9s a k\u00e9s\u0151bbi l\u00e1togat\u00e1s sor\u00e1n olvas vissza. Ha a b\u00f6ng\u00e9sz\u0151 visszak\u00fcld egy kor\u00e1bban elmentett s\u00fctit, a s\u00fctit kezel\u0151 szolg\u00e1ltat\u00f3nak lehet\u0151s\u00e9ge van \u00f6sszekapcsolni a felhaszn\u00e1l\u00f3 aktu\u00e1lis l\u00e1togat\u00e1s\u00e1t a kor\u00e1bbiakkal. A s\u00fctik alkalmaz\u00e1sa lehet\u0151s\u00e9get biztos\u00edt a l\u00e1togat\u00f3 egyes adatainak lek\u00e9rdez\u00e9s\u00e9re, valamint internethaszn\u00e1lat\u00e1nak nyomon k\u00f6vet\u00e9s\u00e9re. A s\u00fctik seg\u00edts\u00e9g\u00e9vel teh\u00e1t pontosan meghat\u00e1rozhat\u00f3 az \u00e9rintett felhaszn\u00e1l\u00f3 \u00e9rdekl\u0151d\u00e9si k\u00f6re, internet haszn\u00e1lati szok\u00e1sai, honlap-l\u00e1togat\u00e1si t\u00f6rt\u00e9nete. Mivel a s\u00fctik egyfajta c\u00edmkek\u00e9nt m\u0171k\u00f6dnek, melyekkel a weboldal felismerheti az oldalra visszat\u00e9r\u0151 l\u00e1togat\u00f3t, alkalmaz\u00e1sukkal az adott oldalon \u00e9rv\u00e9nyes felhaszn\u00e1l\u00f3n\u00e9v, jelsz\u00f3 is t\u00e1rolhat\u00f3. Amennyiben a honlapl\u00e1togat\u00e1s sor\u00e1n a felhaszn\u00e1l\u00f3 b\u00f6ng\u00e9sz\u0151je visszak\u00fcldi a merevlemezre kor\u00e1bban elmentett s\u00fctit, az azt k\u00fcld\u0151 szolg\u00e1ltat\u00f3 \u00f6sszekapcsolhatja az aktu\u00e1lis l\u00e1togat\u00e1st a kor\u00e1bbiakkal. Tekintettel azonban arra, hogy mivel a s\u00fctik az adott domainhez k\u00f6t\u0151dnek, erre kiz\u00e1r\u00f3lag saj\u00e1t tartalma tekintet\u00e9ben k\u00e9pes.<\/p>\n<p>Milyen t\u00edpus\u00fa s\u00fctik vannak?<\/p>\n<ol>\n<li>Sz\u00fcks\u00e9ges s\u00fctik. Ezek a s\u00fctik nem azonos\u00edtj\u00e1k \u00d6nt egy\u00e9nk\u00e9nt.<\/li>\n<li>Teljes\u00edtm\u00e9nys\u00fctik. Ezek a s\u00fctik nem azonos\u00edtj\u00e1k \u00d6nt egy\u00e9nk\u00e9nt;<\/li>\n<li>M\u0171k\u00f6d\u00e9si s\u00fctik. Az ilyen s\u00fctik \u00e1ltal gy\u0171jt\u00f6tt inform\u00e1ci\u00f3k tartalmazhatnak olyan szem\u00e9lyes adatokat, amelyeket \u00d6n megadott.<\/li>\n<li>C\u00e9lz\u00f3 vagy hirdet\u00e9si s\u00fctik. Az ilyen t\u00edpus\u00fa s\u00fctik t\u00f6bbs\u00e9ge nyomon k\u00f6veti a felhaszn\u00e1l\u00f3kat azok eszk\u00f6zazonos\u00edt\u00f3j\u00e1n vagy IP-c\u00edm\u00e9n kereszt\u00fcl, ezek teh\u00e1t szem\u00e9lyes adatokat gy\u0171jthetnek.<\/li>\n<li>Harmadik f\u00e9lt\u0151l sz\u00e1rmaz\u00f3 s\u00fctik. Relev\u00e1ns, harmadik f\u00e9l \u00e1ltal haszn\u00e1lt s\u00fctik t\u00edpusa alapj\u00e1n az ilyen s\u00fctik \u00e1ltal gy\u0171jt\u00f6tt inform\u00e1ci\u00f3k szem\u00e9lyes adatokat is tartalmazhatnak<\/li>\n<\/ol>\n<p>Meddig t\u00e1roljuk a s\u00fctiket?<\/p>\n<p>Id\u0151tartamukat illet\u0151en k\u00e9t k\u00fcl\u00f6nb\u00f6z\u0151 t\u00edpus\u00fa s\u00fctit haszn\u00e1lhatnak a weboldalak:<\/p>\n<ol>\n<li>Munkamenet s\u00fctik. Ezek olyan ideiglenes s\u00fctik, amelyek addig maradnak az \u00d6n eszk\u00f6z\u00e9n, am\u00edg a weboldalr\u00f3l ki nem l\u00e9p, vagy<\/li>\n<li>\u00c1lland\u00f3 s\u00fctik. Ezek a s\u00fctik j\u00f3val hosszabb ideig vagy k\u00e9zi t\u00f6rl\u00e9sig maradnak az \u00d6n eszk\u00f6z\u00e9n (hogy a s\u00fcti mennyi ideig marad az \u00d6n eszk\u00f6z\u00e9n, az f\u00fcgg az adott s\u00fcti id\u0151tartam\u00e1t\u00f3l vagy \u201e\u00e9lettartam\u00e1t\u00f3l\u201d, valamint a b\u00f6ng\u00e9sz\u0151 be\u00e1ll\u00edt\u00e1sait\u00f3l) A pontos \u00e9rv\u00e9nyess\u00e9gi id\u0151vel rendelkez\u0151 (\u00e1lland\u00f3) s\u00fctik t\u00f6rl\u00e9s\u00fckig, de legk\u00e9s\u0151bb \u00e9rv\u00e9nyess\u00e9gi idej\u00fck lej\u00e1rat\u00e1ig t\u00e1rol\u00f3dnak a sz\u00e1m\u00edt\u00f3g\u00e9pen.<\/li>\n<\/ol>\n<p>Milyen s\u00fctiket haszn\u00e1lunk mi a SmileDesign Center rendel\u0151 oldal\u00e1nak felkeres\u00e9sekor?<\/p>\n<p>A\u00a0<a href=\"https:\/\/www.smiledesigncenter.hu\/en\/\">www.smiledesigncenter.hu<\/a>\u00a0weblap megl\u00e1togat\u00e1sakor a webszerver felhaszn\u00e1l\u00f3i adatokat nem r\u00f6gz\u00edt. A honlapban Google m\u00e9r\u0151k\u00f3d van be\u00e9p\u00edtve, a s\u00fctik haszn\u00e1lata ezzel \u00f6sszef\u00fcgg\u00e9sben val\u00f3sul meg. Ennek megfelel\u0151en a\u00a0<strong>Smile Design Center\u00a0<\/strong>rendel\u0151 a k\u00fcls\u0151 szolg\u00e1ltat\u00f3k napl\u00f3z\u00e1ssal kapcsolatos adatkezel\u00e9s\u00e9r\u0151l azt al\u00e1bbiakat k\u00f6zli:<\/p>\n<p>A port\u00e1l html k\u00f3dja a\u00a0<strong>Smile Design Center<\/strong> rendel\u0151t\u0151l f\u00fcggetlen, k\u00fcls\u0151 szerverr\u0151l \u00e9rkez\u0151 \u00e9s k\u00fcls\u0151 szerverre mutat\u00f3 hivatkoz\u00e1sokat tartalmaz. A k\u00fcls\u0151 szolg\u00e1ltat\u00f3 szervere k\u00f6zvetlen\u00fcl a felhaszn\u00e1l\u00f3 sz\u00e1m\u00edt\u00f3g\u00e9p\u00e9vel \u00e1ll kapcsolatban. Felh\u00edvjuk l\u00e1togat\u00f3ink figyelm\u00e9t, hogy e hivatkoz\u00e1sok szolg\u00e1ltat\u00f3i az \u0151 szerver\u00fckre t\u00f6rt\u00e9n\u0151 k\u00f6zvetlen kapcsol\u00f3d\u00e1s, a felhaszn\u00e1l\u00f3 b\u00f6ng\u00e9sz\u0151j\u00e9vel val\u00f3 k\u00f6zvetlen kommunik\u00e1ci\u00f3 miatt az el\u0151z\u0151 pontban le\u00edrtak szerint felhaszn\u00e1l\u00f3i adatokat (pl. IP c\u00edm, b\u00f6ng\u00e9sz\u0151, oper\u00e1ci\u00f3s rendszer adatai, eg\u00e9rmutat\u00f3 mozg\u00e1sa, megl\u00e1togatott oldal c\u00edme \u00e9s a l\u00e1togat\u00e1s id\u0151pontja) k\u00e9pesek gy\u0171jteni. A felhaszn\u00e1l\u00f3 sz\u00e1m\u00e1ra esetlegesen szem\u00e9lyre szabott tartalmakat a k\u00fcls\u0151 szolg\u00e1ltat\u00f3 szervere szolg\u00e1lja ki. A s\u00fctik k\u00fcls\u0151 szolg\u00e1ltat\u00f3k szervere \u00e1ltali kezel\u00e9s\u00e9r\u0151l, azok be\u00e1ll\u00edt\u00e1sair\u00f3l, ki- \u00e9s bekapcsol\u00e1si lehet\u0151s\u00e9geir\u0151l az al\u00e1bb felsorolt adatkezel\u0151k tudnak r\u00e9szletes felvil\u00e1gos\u00edt\u00e1st ny\u00fajtani:<\/p>\n<ol>\n<li>A\u00a0<a href=\"https:\/\/www.smiledesigncenter.hu\/en\/\">www.smiledesigncenter.hu<\/a>\u00a0weboldal l\u00e1togatotts\u00e1gi \u00e9s egy\u00e9b webanalitikai adatainak f\u00fcggetlen m\u00e9r\u00e9s\u00e9t \u00e9s audit\u00e1l\u00e1s\u00e1t k\u00fcls\u0151 szolg\u00e1ltat\u00f3k\u00e9nt a GoogleAnalytics szervere seg\u00edti.<\/li>\n<li>A m\u00e9r\u00e9si adatok kezel\u00e9s\u00e9r\u0151l az adatkezel\u0151 a\u00a0<a href=\"http:\/\/www.google.com\/intl\/hu\/policies\/\">http:\/\/www.google.com\/intl\/hu\/policies\/<\/a>\u00a0c\u00edmen ad r\u00e9szletes felvil\u00e1gos\u00edt\u00e1st.<\/li>\n<li>A cookie-kat 3. f\u00e9ln\u00e9l, a GoogleAnalytics szolg\u00e1ltat\u00e1sban t\u00e1roljuk.<\/li>\n<li>A GoogleAnalytics szolg\u00e1ltat\u00e1st arra haszn\u00e1ljuk, hogy weboldalunk, valamint erre ir\u00e1nyul\u00f3 k\u00fcl\u00f6nb\u00f6z\u0151 hirdet\u00e9si tev\u00e9kenys\u00e9geink hat\u00e9konys\u00e1g\u00e1t \u00e9s eredm\u00e9nyess\u00e9g\u00e9t m\u00e9rj\u00fck.<\/li>\n<\/ol>\n<p>A GoogleAnalytics-ben \u00d6nr\u0151l a k\u00f6vetkez\u0151 online adatok ker\u00fclnek t\u00e1rol\u00e1sra:<\/p>\n<ol>\n<li>cookie azonos\u00edt\u00f3<\/li>\n<li>IP-c\u00edm \u2013 azonos\u00edt\u00e1sra alkalmatlan form\u00e1ban (IP-maszkol\u00e1ssal*)<\/li>\n<li>eszk\u00f6zspecifikus adatok (hardver, oper\u00e1ci\u00f3s rendszer, etc.)<\/li>\n<li>kliensazonos\u00edt\u00f3<\/li>\n<\/ol>\n<p><em>* Az\u00a0<\/em><a href=\"https:\/\/developers.google.com\/analytics\/devguides\/collection\/protocol\/v1\/parameters?utm_source=devtools#uip\"><em>IP-maszkol\u00e1sk\u00e9nt<\/em><\/a><em>\u00a0ismert m\u00f3dszerrel a GoogleAnalytics szolg\u00e1ltat\u00e1s\u00e1ban be\u00e1ll\u00edtottuk, hogy a GoogleAnalytics az IP-c\u00edmeknek csak egy r\u00e9szlet\u00e9t haszn\u00e1lja a f\u00f6ldrajzihely-meghat\u00e1roz\u00e1shoz. Ennek k\u00f6sz\u00f6nhet\u0151en a felhaszn\u00e1l\u00f3 IP-c\u00edme, mint szem\u00e9lyes adat, weboldalunk sz\u00e1m\u00e1ra nem megismerhet\u0151.<\/em><\/p>\n<p>Egyes k\u00f6z\u00f6ss\u00e9gi funkci\u00f3k ig\u00e9nybev\u00e9tele \u00e9rdek\u00e9ben a\u00a0<strong>Smile Design Center<\/strong> rendel\u0151 a\u00a0<a href=\"https:\/\/www.facebook.com\/\">https:\/\/www.facebook.com<\/a>\u00a0c\u00edm alatt saj\u00e1t profilt tart fenn. A k\u00f6z\u00f6ss\u00e9gi oldal \u00fczemeltet\u00e9s\u00e9vel kapcsolatosan a\u00a0<strong>Smile Design Center<\/strong>\u00a0rendel\u0151 adatkezel\u00e9st nem v\u00e9gez. Facebook adatkezel\u00e9si szab\u00e1lyzata a\u00a0<a href=\"https:\/\/www.facebook.com\/privacy\/explanation\">https:\/\/www.facebook.com\/privacy\/explanation<\/a>\u00a0c\u00edmen olvashat\u00f3.<\/p>\n<p>A fentiekben megjel\u00f6lt k\u00fcls\u0151 szolg\u00e1ltat\u00f3knak technikai lehet\u0151s\u00e9g\u00fck van arra, hogy s\u00fctit kezeljenek c\u00e9ljaik megval\u00f3s\u00edt\u00e1sa \u00e9rdek\u00e9ben, azonban ezen s\u00fctik kezel\u00e9s\u00e9re a\u00a0<strong>Smile Design Center<\/strong>\u00a0rendel\u0151nek nincs r\u00e1hat\u00e1sa. A s\u00fctikkel \u00f6sszef\u00fcgg\u0151 adatkezel\u00e9sekr\u0151l a szolg\u00e1ltat\u00f3k a megadott webc\u00edmen tudnak t\u00e1j\u00e9koztat\u00e1st adni.<\/p>\n<p>\u00c1ltal\u00e1noss\u00e1gban r\u00f6gz\u00edthet\u0151, hogy a s\u00fctit a felhaszn\u00e1l\u00f3 k\u00e9pes t\u00f6r\u00f6lni saj\u00e1t sz\u00e1m\u00edt\u00f3g\u00e9p\u00e9r\u0151l, illetve letilthatja b\u00f6ng\u00e9sz\u0151j\u00e9ben a s\u00fctik alkalmaz\u00e1s\u00e1t. A s\u00fctik kezel\u00e9s\u00e9re \u00e1ltal\u00e1ban a b\u00f6ng\u00e9sz\u0151k Eszk\u00f6z\u00f6k\/Be\u00e1ll\u00edt\u00e1sok men\u00fcj\u00e9ben az Adatv\u00e9delem\/El\u0151zm\u00e9nyek\/Egy\u00e9ni be\u00e1ll\u00edt\u00e1sok men\u00fc alatt, cookie, s\u00fcti vagy nyomk\u00f6vet\u00e9s megnevez\u00e9ssel van lehet\u0151s\u00e9g.<\/p>\n<p>Az adatkezel\u00e9s jogalapja: az \u00e9rintett hozz\u00e1j\u00e1rul\u00e1sa, amelyet az internetes b\u00f6ng\u00e9sz\u0151 megfelel\u0151 be\u00e1ll\u00edt\u00e1saival ad meg vagy utas\u00edt vissza. K\u00e9rj\u00fck, hogy az ezzel kapcsolatos tudnival\u00f3k\u00e9rt l\u00e1togasson el az\u00a0<a href=\"https:\/\/aboutcookies.org\/\">aboutcookies.org<\/a>\u00a0oldalra. Azonban a s\u00fctik alkalmaz\u00e1s\u00e1t a saj\u00e1t internet b\u00f6ng\u00e9sz\u0151j\u00e9ben t\u00f6r\u00f6lheti, illetve letilthatja.<\/p>","protected":false},"excerpt":{"rendered":"<p>Mit takar a s\u00fctik fogalma \u00e9s milyen funkci\u00f3i vannak? Az \u00d6n \u00e1ltal felkeresett webhelyek \u00fagynevezett s\u00fctiket (cookies) hozhatnak l\u00e9tre. A Honlap l\u00e1togat\u00e1sa sor\u00e1n GoogleAnalytics, GoogleAdWords, Facebook \u00e9s Hotjar s\u00fctit helyez el. A s\u00fctik a b\u00f6ng\u00e9sz\u00e9si adatok ment\u00e9s\u00e9vel megk\u00f6nny\u00edtik az online navig\u00e1ci\u00f3t. A s\u00fctik seg\u00edts\u00e9g\u00e9vel a webhelyek a k\u00f6vetkez\u0151kre k\u00e9pesek: bejelentkezve tarthatj\u00e1k \u00d6nt; eml\u00e9kezhetnek a webhely<a class=\"moretag\" href=\"https:\/\/www.smiledesigncenter.hu\/en\/templatera\/a-tokeletes-mosolyhoz-csak-egy-idopont-foglalas-hianyzik\/\"> \u2026Read more\u2026<\/a><\/p>","protected":false},"author":2,"featured_media":0,"parent":0,"menu_order":0,"comment_status":"closed","ping_status":"closed","template":"","meta":{"footnotes":"","_joinchat":[]},"acf":[],"aioseo_notices":[],"_links":{"self":[{"href":"https:\/\/www.smiledesigncenter.hu\/en\/wp-json\/wp\/v2\/pages\/12932"}],"collection":[{"href":"https:\/\/www.smiledesigncenter.hu\/en\/wp-json\/wp\/v2\/pages"}],"about":[{"href":"https:\/\/www.smiledesigncenter.hu\/en\/wp-json\/wp\/v2\/types\/page"}],"author":[{"embeddable":true,"href":"https:\/\/www.smiledesigncenter.hu\/en\/wp-json\/wp\/v2\/users\/2"}],"replies":[{"embeddable":true,"href":"https:\/\/www.smiledesigncenter.hu\/en\/wp-json\/wp\/v2\/comments?post=12932"}],"version-history":[{"count":1,"href":"https:\/\/www.smiledesigncenter.hu\/en\/wp-json\/wp\/v2\/pages\/12932\/revisions"}],"predecessor-version":[{"id":12933,"href":"https:\/\/www.smiledesigncenter.hu\/en\/wp-json\/wp\/v2\/pages\/12932\/revisions\/12933"}],"wp:attachment":[{"href":"https:\/\/www.smiledesigncenter.hu\/en\/wp-json\/wp\/v2\/media?parent=12932"}],"curies":[{"name":"wp","href":"https:\/\/api.w.org\/{rel}","templated":true}]}}