{"id":2451,"date":"2017-11-04T18:51:11","date_gmt":"2017-11-04T18:51:11","guid":{"rendered":"https:\/\/www.smiledesigncenter.hu\/?page_id=2451\/"},"modified":"2022-07-17T11:34:41","modified_gmt":"2022-07-17T11:34:41","slug":"n-v-niki","status":"publish","type":"page","link":"https:\/\/www.smiledesigncenter.hu\/en\/referenciaink\/n-v-niki\/","title":{"rendered":"N. V. Niki"},"content":{"rendered":"<!-- Facebook Like Button Vivacity Infotech BEGIN -->\n<div class=\"fb-like\" data-href=\"https:\/\/www.smiledesigncenter.hu\/en\/referenciaink\/n-v-niki\/\" data-layout=\"standard\" data-action=\"recommend\" data-show-faces=\"false\" data-size=\"small\" data-width=\"450\" data-share=\"1\" ><\/div>\n<!-- Facebook Like Button Vivacity Infotech END -->\n<div class=\"vc_row wpb_row vc_row-fluid\"><div class=\"wpb_column vc_column_container vc_col-sm-4\"><div class=\"vc_column-inner\"><div class=\"wpb_wrapper\">\n\t<div  class=\"wpb_single_image wpb_content_element vc_align_left\">\n\t\t\n\t\t<figure class=\"wpb_wrapper vc_figure\">\n\t\t\t<a href=\"https:\/\/www.smiledesigncenter.hu\/wp-content\/uploads\/2017\/11\/1.jpg\" target=\"_self\" class=\"vc_single_image-wrapper   vc_box_border_grey\"><img width=\"360\" height=\"542\" src=\"https:\/\/www.smiledesigncenter.hu\/wp-content\/uploads\/2017\/11\/1.jpg\" class=\"vc_single_image-img attachment-full\" alt=\"\" decoding=\"async\" loading=\"lazy\" srcset=\"https:\/\/www.smiledesigncenter.hu\/wp-content\/uploads\/2017\/11\/1.jpg 360w, https:\/\/www.smiledesigncenter.hu\/wp-content\/uploads\/2017\/11\/1-199x300.jpg 199w\" sizes=\"(max-width: 360px) 100vw, 360px\" \/><\/a>\n\t\t<\/figure>\n\t<\/div>\n<\/div><\/div><\/div><div class=\"wpb_column vc_column_container vc_col-sm-8\"><div class=\"vc_column-inner\"><div class=\"wpb_wrapper\"><div class=\"vc_row wpb_row vc_inner vc_row-fluid\"><div class=\"wpb_column vc_column_container vc_col-sm-6\"><div class=\"vc_column-inner\"><div class=\"wpb_wrapper\">\n\t<div  class=\"wpb_single_image wpb_content_element vc_align_left\">\n\t\t\n\t\t<figure class=\"wpb_wrapper vc_figure\">\n\t\t\t<a href=\"https:\/\/www.smiledesigncenter.hu\/wp-content\/uploads\/2017\/11\/IMG_0830-1024x684.jpg\" target=\"_self\" class=\"vc_single_image-wrapper   vc_box_border_grey\"><img width=\"300\" height=\"200\" src=\"https:\/\/www.smiledesigncenter.hu\/wp-content\/uploads\/2017\/11\/IMG_0830-300x200.jpg\" class=\"vc_single_image-img attachment-medium\" alt=\"\" decoding=\"async\" loading=\"lazy\" srcset=\"https:\/\/www.smiledesigncenter.hu\/wp-content\/uploads\/2017\/11\/IMG_0830-300x200.jpg 300w, https:\/\/www.smiledesigncenter.hu\/wp-content\/uploads\/2017\/11\/IMG_0830-768x513.jpg 768w, https:\/\/www.smiledesigncenter.hu\/wp-content\/uploads\/2017\/11\/IMG_0830-1024x684.jpg 1024w\" sizes=\"(max-width: 300px) 100vw, 300px\" \/><\/a><figcaption class=\"vc_figure-caption\">El\u0151tte<\/figcaption>\n\t\t<\/figure>\n\t<\/div>\n<\/div><\/div><\/div><div class=\"wpb_column vc_column_container vc_col-sm-6\"><div class=\"vc_column-inner\"><div class=\"wpb_wrapper\">\n\t<div  class=\"wpb_single_image wpb_content_element vc_align_left\">\n\t\t\n\t\t<figure class=\"wpb_wrapper vc_figure\">\n\t\t\t<a href=\"https:\/\/www.smiledesigncenter.hu\/wp-content\/uploads\/2017\/11\/DSC4786-1024x684.jpg\" target=\"_self\" class=\"vc_single_image-wrapper   vc_box_border_grey\"><img width=\"300\" height=\"200\" src=\"https:\/\/www.smiledesigncenter.hu\/wp-content\/uploads\/2017\/11\/DSC4786-300x200.jpg\" class=\"vc_single_image-img attachment-medium\" alt=\"\" decoding=\"async\" loading=\"lazy\" srcset=\"https:\/\/www.smiledesigncenter.hu\/wp-content\/uploads\/2017\/11\/DSC4786-300x200.jpg 300w, https:\/\/www.smiledesigncenter.hu\/wp-content\/uploads\/2017\/11\/DSC4786-768x513.jpg 768w, https:\/\/www.smiledesigncenter.hu\/wp-content\/uploads\/2017\/11\/DSC4786-1024x684.jpg 1024w\" sizes=\"(max-width: 300px) 100vw, 300px\" \/><\/a><figcaption class=\"vc_figure-caption\">Ut\u00e1na<\/figcaption>\n\t\t<\/figure>\n\t<\/div>\n<\/div><\/div><\/div><\/div><div class=\"vc_row wpb_row vc_inner vc_row-fluid\"><div class=\"wpb_column vc_column_container vc_col-sm-12\"><div class=\"vc_column-inner\"><div class=\"wpb_wrapper\">\n\t<div class=\"wpb_text_column wpb_content_element\" >\n\t\t<div class=\"wpb_wrapper\">\n\t\t\t<p>Fiatal h\u00f6lgy p\u00e1ciens eszt\u00e9tikai panaszokkal fordult hozz\u00e1nk. Elsz\u00ednez\u0151d\u00f6tt t\u00f6m\u00e9sek, foghi\u00e1ny, inkomplett gy\u00f6k\u00e9rt\u00f6m\u00e9s \u00e9s az als\u00f3 front r\u00e9gi\u00f3ban diaszt\u00e9ma (fogak k\u00f6z\u00f6tti r\u00e9s) is megtal\u00e1lhat\u00f3 volt a fogazati st\u00e1tusz\u00e1ban.<\/p>\n<p>A nem megfelel\u0151en gy\u00f6k\u00e9rkezelt fogait mikroszk\u00f3p seg\u00edts\u00e9g\u00e9vel \u00e1tkezelt\u00fck. Tov\u00e1bb\u00e1 a p\u00e1ciens ig\u00e9nyeit \u00e9s elv\u00e1r\u00e1sait figyelembe v\u00e9ve, extra Bleach White sz\u00edn\u0171 cirkon koron\u00e1kkal bor\u00edtottuk be a fogait, a hi\u00e1nyokat h\u00edddal p\u00f3toltuk \u00e9s az als\u00f3 front r\u00e9gi\u00f3ban tal\u00e1lhat\u00f3 diaszt\u00e9m\u00e1t pedig p\u00f3tl\u00e1sok seg\u00edts\u00e9g\u00e9vel sz\u00fcntett\u00fck meg. A p\u00e1ciens el\u00e9gedetten, boldogan mosolyog \u00e9s mutatja meg gy\u00f6ny\u00f6r\u0171 fogait.<\/p>\n\n\t\t<\/div>\n\t<\/div>\n<\/div><\/div><\/div><\/div><\/div><\/div><\/div><\/div><div class=\"vc_row wpb_row vc_row-fluid\"><div class=\"wpb_column vc_column_container vc_col-sm-12\"><div class=\"vc_column-inner vc_custom_1539887572991\"><div class=\"wpb_wrapper\"><div class=\"templatera_shortcode\"><div data-vc-full-width=\"true\" data-vc-full-width-init=\"false\" class=\"vc_row wpb_row vc_row-fluid atokeletesmosolyhoz vc_custom_1540312933801 vc_row-o-equal-height vc_row-o-content-middle vc_row-flex\"><div class=\"wpb_column vc_column_container vc_col-sm-8\"><div class=\"vc_column-inner vc_custom_1539690890825\"><div class=\"wpb_wrapper\"><div class=\"stronghold-info-icon-wrapper\" \"><div class=\"stronghold-info-icon\" style=\"float: left; width: 15%; padding-right:10px;\"><i class=\"icon-cleaned-tooth\" style=\"font-size:50px; color:#ffffff;\"><\/i><\/div><div class=\"stronghold-info-icon-content\" style=\"float: left; width: 80%; text-align: left; padding: 20px 0;\"><div class=\"stronghold-info-icon-title\"><h3 style=\"font-size:30px;color:#ffffff;\">A perfect smile is all you need to book an appointment!<\/h3><\/div><div class=\"stronghold-info-icon-desc\"><div style=\" color:#ffffff;\">Don't hesitate, listen to the opinions of our previous patients! <\/div><\/div><\/div><\/div><\/div><\/div><\/div><div class=\"wpb_column vc_column_container vc_col-sm-12 vc_col-lg-4 vc_col-md-12 vc_col-xs-12\"><div class=\"vc_column-inner\"><div class=\"wpb_wrapper\"><div class=\"vc_btn3-container vc_btn3-center\" ><a class=\"vc_general vc_btn3 vc_btn3-size-md vc_btn3-shape-square vc_btn3-style-outline vc_btn3-color-white\" href=\"https:\/\/www.smiledesigncenter.hu\/en\/contact-us\/\" title=\"\" target=\"_blank\">Appointment request<\/a><\/div><\/div><\/div><\/div><\/div><div class=\"vc_row-full-width vc_clearfix\"><\/div><!-- Row Backgrounds --><div class=\"upb_color\" data-bg-override=\"0\" data-bg-color=\"#5e9cc5\" data-fadeout=\"\" data-fadeout-percentage=\"30\" data-parallax-content=\"\" data-parallax-content-sense=\"30\" data-row-effect-mobile-disable=\"true\" data-img-parallax-mobile-disable=\"false\" data-rtl=\"false\"  data-custom-vc-row=\"\"  data-vc=\"6.7.0\"  data-is_old_vc=\"\"  data-theme-support=\"\"   data-overlay=\"false\" data-overlay-color=\"\" data-overlay-pattern=\"\" data-overlay-pattern-opacity=\"\" data-overlay-pattern-size=\"\"    ><\/div>\r\n<\/div><\/div><\/div><\/div><\/div>","protected":false},"excerpt":{"rendered":"","protected":false},"author":2,"featured_media":0,"parent":2468,"menu_order":0,"comment_status":"closed","ping_status":"closed","template":"","meta":{"footnotes":"","_joinchat":[]},"acf":[],"aioseo_notices":[],"_links":{"self":[{"href":"https:\/\/www.smiledesigncenter.hu\/en\/wp-json\/wp\/v2\/pages\/2451"}],"collection":[{"href":"https:\/\/www.smiledesigncenter.hu\/en\/wp-json\/wp\/v2\/pages"}],"about":[{"href":"https:\/\/www.smiledesigncenter.hu\/en\/wp-json\/wp\/v2\/types\/page"}],"author":[{"embeddable":true,"href":"https:\/\/www.smiledesigncenter.hu\/en\/wp-json\/wp\/v2\/users\/2"}],"replies":[{"embeddable":true,"href":"https:\/\/www.smiledesigncenter.hu\/en\/wp-json\/wp\/v2\/comments?post=2451"}],"version-history":[{"count":11,"href":"https:\/\/www.smiledesigncenter.hu\/en\/wp-json\/wp\/v2\/pages\/2451\/revisions"}],"predecessor-version":[{"id":7784,"href":"https:\/\/www.smiledesigncenter.hu\/en\/wp-json\/wp\/v2\/pages\/2451\/revisions\/7784"}],"up":[{"embeddable":true,"href":"https:\/\/www.smiledesigncenter.hu\/en\/wp-json\/wp\/v2\/pages\/2468"}],"wp:attachment":[{"href":"https:\/\/www.smiledesigncenter.hu\/en\/wp-json\/wp\/v2\/media?parent=2451"}],"curies":[{"name":"wp","href":"https:\/\/api.w.org\/{rel}","templated":true}]}}