{"id":2511,"date":"2017-11-10T17:56:40","date_gmt":"2017-11-10T17:56:40","guid":{"rendered":"https:\/\/www.smiledesigncenter.hu\/?page_id=2511\/"},"modified":"2018-10-18T18:27:05","modified_gmt":"2018-10-18T18:27:05","slug":"b-csaba","status":"publish","type":"page","link":"https:\/\/www.smiledesigncenter.hu\/en\/referenciaink\/b-csaba\/","title":{"rendered":"B. Csaba"},"content":{"rendered":"<!-- Facebook Like Button Vivacity Infotech BEGIN -->\n<div class=\"fb-like\" data-href=\"https:\/\/www.smiledesigncenter.hu\/en\/referenciaink\/b-csaba\/\" data-layout=\"standard\" data-action=\"recommend\" data-show-faces=\"false\" data-size=\"small\" data-width=\"450\" data-share=\"1\" ><\/div>\n<!-- Facebook Like Button Vivacity Infotech END -->\n<div class=\"vc_row wpb_row vc_row-fluid\"><div class=\"wpb_column vc_column_container vc_col-sm-4\"><div class=\"vc_column-inner\"><div class=\"wpb_wrapper\">\n\t<div  class=\"wpb_single_image wpb_content_element vc_align_left\">\n\t\t\n\t\t<figure class=\"wpb_wrapper vc_figure\">\n\t\t\t<a class=\"\" data-lightbox=\"lightbox[rel-5476-3890836837]\" href=\"https:\/\/www.smiledesigncenter.hu\/wp-content\/uploads\/2017\/11\/6.jpg\" target=\"_self\"><img width=\"360\" height=\"542\" src=\"https:\/\/www.smiledesigncenter.hu\/wp-content\/uploads\/2017\/11\/6.jpg\" class=\"vc_single_image-img attachment-full\" alt=\"\" decoding=\"async\" loading=\"lazy\" srcset=\"https:\/\/www.smiledesigncenter.hu\/wp-content\/uploads\/2017\/11\/6.jpg 360w, https:\/\/www.smiledesigncenter.hu\/wp-content\/uploads\/2017\/11\/6-199x300.jpg 199w\" sizes=\"(max-width: 360px) 100vw, 360px\" \/><\/a>\n\t\t<\/figure>\n\t<\/div>\n<\/div><\/div><\/div><div class=\"wpb_column vc_column_container vc_col-sm-8\"><div class=\"vc_column-inner\"><div class=\"wpb_wrapper\"><div class=\"vc_row wpb_row vc_inner vc_row-fluid\"><div class=\"wpb_column vc_column_container vc_col-sm-6\"><div class=\"vc_column-inner\"><div class=\"wpb_wrapper\">\n\t<div  class=\"wpb_single_image wpb_content_element vc_align_left\">\n\t\t\n\t\t<figure class=\"wpb_wrapper vc_figure\">\n\t\t\t<a class=\"\" data-lightbox=\"lightbox[rel-5476-3943633572]\" href=\"https:\/\/www.smiledesigncenter.hu\/wp-content\/uploads\/2017\/11\/FullSizeRender-3-1024x486.jpg\" target=\"_self\"><img width=\"300\" height=\"142\" src=\"https:\/\/www.smiledesigncenter.hu\/wp-content\/uploads\/2017\/11\/FullSizeRender-3-300x142.jpg\" class=\"vc_single_image-img attachment-medium\" alt=\"\" decoding=\"async\" loading=\"lazy\" srcset=\"https:\/\/www.smiledesigncenter.hu\/wp-content\/uploads\/2017\/11\/FullSizeRender-3-300x142.jpg 300w, https:\/\/www.smiledesigncenter.hu\/wp-content\/uploads\/2017\/11\/FullSizeRender-3-768x365.jpg 768w, https:\/\/www.smiledesigncenter.hu\/wp-content\/uploads\/2017\/11\/FullSizeRender-3-1024x486.jpg 1024w\" sizes=\"(max-width: 300px) 100vw, 300px\" \/><\/a><figcaption class=\"vc_figure-caption\">El\u0151tte<\/figcaption>\n\t\t<\/figure>\n\t<\/div>\n<\/div><\/div><\/div><div class=\"wpb_column vc_column_container vc_col-sm-6\"><div class=\"vc_column-inner\"><div class=\"wpb_wrapper\">\n\t<div  class=\"wpb_single_image wpb_content_element vc_align_left\">\n\t\t\n\t\t<figure class=\"wpb_wrapper vc_figure\">\n\t\t\t<a class=\"\" data-lightbox=\"lightbox[rel-5476-3103940676]\" href=\"https:\/\/www.smiledesigncenter.hu\/wp-content\/uploads\/2017\/11\/bcs-1024x486.jpg\" target=\"_self\"><img width=\"300\" height=\"142\" src=\"https:\/\/www.smiledesigncenter.hu\/wp-content\/uploads\/2017\/11\/bcs-300x142.jpg\" class=\"vc_single_image-img attachment-medium\" alt=\"\" decoding=\"async\" loading=\"lazy\" srcset=\"https:\/\/www.smiledesigncenter.hu\/wp-content\/uploads\/2017\/11\/bcs-300x142.jpg 300w, https:\/\/www.smiledesigncenter.hu\/wp-content\/uploads\/2017\/11\/bcs-768x365.jpg 768w, https:\/\/www.smiledesigncenter.hu\/wp-content\/uploads\/2017\/11\/bcs-1024x486.jpg 1024w\" sizes=\"(max-width: 300px) 100vw, 300px\" \/><\/a><figcaption class=\"vc_figure-caption\">Ut\u00e1na<\/figcaption>\n\t\t<\/figure>\n\t<\/div>\n<\/div><\/div><\/div><\/div><div class=\"vc_row wpb_row vc_inner vc_row-fluid\"><div class=\"wpb_column vc_column_container vc_col-sm-12\"><div class=\"vc_column-inner\"><div class=\"wpb_wrapper\">\n\t<div class=\"wpb_text_column wpb_content_element\" >\n\t\t<div class=\"wpb_wrapper\">\n\t\t\t<p>Csaba\u2019s teeth were complete, but because of his other complaints he was hopeless and desperate when visiting our surgery. His pathological tooth wear had been repeatedly tried to be restored with various bridge prostheses, which had been accompanied by continuous failure and lack of success.<\/p>\n<p>The wear and tear had likely been caused by the inappropriate functioning of the jaw muscles and the wrong position of the jaw joints, and these had been associated with a non-inflammatory lockjaw.<\/p>\n<p>We got him rid of the old, poorly designed bridge. After the mandibular joint measurement with Arcus Digma 2, 28 pieces of e-max crowns were made for him. The prostheses according to the measured data were made with Kavo Protar evo articulator in the Artifex Dentis Dental Laboratory by L\u00e1szl\u00f3 Rom\u00e1nszky, master dental technician. The 28 pieces of e-max crowns were individually prepared and bonded, one by one. A bite raising of 20mm was needed for the patient.<\/p>\n<p>The photo was made during the 1-year control examination. The patient has no complaints and he has regained his self-confidence.<\/p>\n\n\t\t<\/div>\n\t<\/div>\n<\/div><\/div><\/div><\/div><\/div><\/div><\/div><\/div><div class=\"vc_row wpb_row vc_row-fluid\"><div class=\"wpb_column vc_column_container vc_col-sm-12\"><div class=\"vc_column-inner vc_custom_1539887222105\"><div class=\"wpb_wrapper\"><div class=\"templatera_shortcode\"><div data-vc-full-width=\"true\" data-vc-full-width-init=\"false\" class=\"vc_row wpb_row vc_row-fluid atokeletesmosolyhoz vc_custom_1540312933801 vc_row-o-equal-height vc_row-o-content-middle vc_row-flex\"><div class=\"wpb_column vc_column_container vc_col-sm-8\"><div class=\"vc_column-inner vc_custom_1539690890825\"><div class=\"wpb_wrapper\"><div class=\"stronghold-info-icon-wrapper\" \"><div class=\"stronghold-info-icon\" style=\"float: left; width: 15%; padding-right:10px;\"><i class=\"icon-cleaned-tooth\" style=\"font-size:50px; color:#ffffff;\"><\/i><\/div><div class=\"stronghold-info-icon-content\" style=\"float: left; width: 80%; text-align: left; padding: 20px 0;\"><div class=\"stronghold-info-icon-title\"><h3 style=\"font-size:30px;color:#ffffff;\">A perfect smile is all you need to book an appointment!<\/h3><\/div><div class=\"stronghold-info-icon-desc\"><div style=\" color:#ffffff;\">Don't hesitate, listen to the opinions of our previous patients! <\/div><\/div><\/div><\/div><\/div><\/div><\/div><div class=\"wpb_column vc_column_container vc_col-sm-12 vc_col-lg-4 vc_col-md-12 vc_col-xs-12\"><div class=\"vc_column-inner\"><div class=\"wpb_wrapper\"><div class=\"vc_btn3-container vc_btn3-center\" ><a class=\"vc_general vc_btn3 vc_btn3-size-md vc_btn3-shape-square vc_btn3-style-outline vc_btn3-color-white\" href=\"https:\/\/www.smiledesigncenter.hu\/en\/contact-us\/\" title=\"\" target=\"_blank\">Appointment request<\/a><\/div><\/div><\/div><\/div><\/div><div class=\"vc_row-full-width vc_clearfix\"><\/div><!-- Row Backgrounds --><div class=\"upb_color\" data-bg-override=\"0\" data-bg-color=\"#5e9cc5\" data-fadeout=\"\" data-fadeout-percentage=\"30\" data-parallax-content=\"\" data-parallax-content-sense=\"30\" data-row-effect-mobile-disable=\"true\" data-img-parallax-mobile-disable=\"false\" data-rtl=\"false\"  data-custom-vc-row=\"\"  data-vc=\"6.7.0\"  data-is_old_vc=\"\"  data-theme-support=\"\"   data-overlay=\"false\" data-overlay-color=\"\" data-overlay-pattern=\"\" data-overlay-pattern-opacity=\"\" data-overlay-pattern-size=\"\"    ><\/div>\r\n<\/div><\/div><\/div><\/div><\/div>","protected":false},"excerpt":{"rendered":"","protected":false},"author":2,"featured_media":0,"parent":2468,"menu_order":0,"comment_status":"closed","ping_status":"closed","template":"","meta":{"footnotes":"","_joinchat":[]},"acf":[],"aioseo_notices":[],"_links":{"self":[{"href":"https:\/\/www.smiledesigncenter.hu\/en\/wp-json\/wp\/v2\/pages\/2511"}],"collection":[{"href":"https:\/\/www.smiledesigncenter.hu\/en\/wp-json\/wp\/v2\/pages"}],"about":[{"href":"https:\/\/www.smiledesigncenter.hu\/en\/wp-json\/wp\/v2\/types\/page"}],"author":[{"embeddable":true,"href":"https:\/\/www.smiledesigncenter.hu\/en\/wp-json\/wp\/v2\/users\/2"}],"replies":[{"embeddable":true,"href":"https:\/\/www.smiledesigncenter.hu\/en\/wp-json\/wp\/v2\/comments?post=2511"}],"version-history":[{"count":5,"href":"https:\/\/www.smiledesigncenter.hu\/en\/wp-json\/wp\/v2\/pages\/2511\/revisions"}],"predecessor-version":[{"id":5567,"href":"https:\/\/www.smiledesigncenter.hu\/en\/wp-json\/wp\/v2\/pages\/2511\/revisions\/5567"}],"up":[{"embeddable":true,"href":"https:\/\/www.smiledesigncenter.hu\/en\/wp-json\/wp\/v2\/pages\/2468"}],"wp:attachment":[{"href":"https:\/\/www.smiledesigncenter.hu\/en\/wp-json\/wp\/v2\/media?parent=2511"}],"curies":[{"name":"wp","href":"https:\/\/api.w.org\/{rel}","templated":true}]}}