{"id":4610,"date":"2018-03-28T11:06:21","date_gmt":"2018-03-28T11:06:21","guid":{"rendered":"https:\/\/www.smiledesigncenter.hu\/?page_id=4610"},"modified":"2022-07-17T11:27:27","modified_gmt":"2022-07-17T11:27:27","slug":"b-elek","status":"publish","type":"page","link":"https:\/\/www.smiledesigncenter.hu\/en\/referenciaink\/b-elek\/","title":{"rendered":"B. Elek"},"content":{"rendered":"<!-- Facebook Like Button Vivacity Infotech BEGIN -->\n<div class=\"fb-like\" data-href=\"https:\/\/www.smiledesigncenter.hu\/en\/referenciaink\/b-elek\/\" data-layout=\"standard\" data-action=\"recommend\" data-show-faces=\"false\" data-size=\"small\" data-width=\"450\" data-share=\"1\" ><\/div>\n<!-- Facebook Like Button Vivacity Infotech END -->\n<div class=\"vc_row wpb_row vc_row-fluid\"><div class=\"wpb_column vc_column_container vc_col-sm-4\"><div class=\"vc_column-inner\"><div class=\"wpb_wrapper\">\n\t<div  class=\"wpb_single_image wpb_content_element vc_align_left\">\n\t\t\n\t\t<figure class=\"wpb_wrapper vc_figure\">\n\t\t\t<a href=\"https:\/\/www.smiledesigncenter.hu\/wp-content\/uploads\/2018\/03\/b-elek.jpg\" target=\"_self\" class=\"vc_single_image-wrapper   vc_box_border_grey\"><img width=\"360\" height=\"542\" src=\"https:\/\/www.smiledesigncenter.hu\/wp-content\/uploads\/2018\/03\/b-elek.jpg\" class=\"vc_single_image-img attachment-full\" alt=\"\" decoding=\"async\" loading=\"lazy\" srcset=\"https:\/\/www.smiledesigncenter.hu\/wp-content\/uploads\/2018\/03\/b-elek.jpg 360w, https:\/\/www.smiledesigncenter.hu\/wp-content\/uploads\/2018\/03\/b-elek-199x300.jpg 199w\" sizes=\"(max-width: 360px) 100vw, 360px\" \/><\/a>\n\t\t<\/figure>\n\t<\/div>\n<\/div><\/div><\/div><div class=\"wpb_column vc_column_container vc_col-sm-8\"><div class=\"vc_column-inner\"><div class=\"wpb_wrapper\"><div class=\"vc_row wpb_row vc_inner vc_row-fluid\"><div class=\"wpb_column vc_column_container vc_col-sm-6\"><div class=\"vc_column-inner\"><div class=\"wpb_wrapper\">\n\t<div  class=\"wpb_single_image wpb_content_element vc_align_left\">\n\t\t\n\t\t<figure class=\"wpb_wrapper vc_figure\">\n\t\t\t<a href=\"https:\/\/www.smiledesigncenter.hu\/wp-content\/uploads\/2018\/03\/b-elek-e-1024x684.jpg\" target=\"_self\" class=\"vc_single_image-wrapper   vc_box_border_grey\"><img width=\"300\" height=\"200\" src=\"https:\/\/www.smiledesigncenter.hu\/wp-content\/uploads\/2018\/03\/b-elek-e-300x200.jpg\" class=\"vc_single_image-img attachment-medium\" alt=\"\" decoding=\"async\" loading=\"lazy\" srcset=\"https:\/\/www.smiledesigncenter.hu\/wp-content\/uploads\/2018\/03\/b-elek-e-300x200.jpg 300w, https:\/\/www.smiledesigncenter.hu\/wp-content\/uploads\/2018\/03\/b-elek-e-768x513.jpg 768w, https:\/\/www.smiledesigncenter.hu\/wp-content\/uploads\/2018\/03\/b-elek-e-1024x684.jpg 1024w, https:\/\/www.smiledesigncenter.hu\/wp-content\/uploads\/2018\/03\/b-elek-e.jpg 1200w\" sizes=\"(max-width: 300px) 100vw, 300px\" \/><\/a><figcaption class=\"vc_figure-caption\">El\u0151tte<\/figcaption>\n\t\t<\/figure>\n\t<\/div>\n<\/div><\/div><\/div><div class=\"wpb_column vc_column_container vc_col-sm-6\"><div class=\"vc_column-inner\"><div class=\"wpb_wrapper\">\n\t<div  class=\"wpb_single_image wpb_content_element vc_align_left\">\n\t\t\n\t\t<figure class=\"wpb_wrapper vc_figure\">\n\t\t\t<a href=\"https:\/\/www.smiledesigncenter.hu\/wp-content\/uploads\/2018\/03\/b-elek-u-1024x684.jpg\" target=\"_self\" class=\"vc_single_image-wrapper   vc_box_border_grey\"><img width=\"300\" height=\"200\" src=\"https:\/\/www.smiledesigncenter.hu\/wp-content\/uploads\/2018\/03\/b-elek-u-300x200.jpg\" class=\"vc_single_image-img attachment-medium\" alt=\"\" decoding=\"async\" loading=\"lazy\" srcset=\"https:\/\/www.smiledesigncenter.hu\/wp-content\/uploads\/2018\/03\/b-elek-u-300x200.jpg 300w, https:\/\/www.smiledesigncenter.hu\/wp-content\/uploads\/2018\/03\/b-elek-u-768x513.jpg 768w, https:\/\/www.smiledesigncenter.hu\/wp-content\/uploads\/2018\/03\/b-elek-u-1024x684.jpg 1024w, https:\/\/www.smiledesigncenter.hu\/wp-content\/uploads\/2018\/03\/b-elek-u.jpg 1200w\" sizes=\"(max-width: 300px) 100vw, 300px\" \/><\/a><figcaption class=\"vc_figure-caption\">Ut\u00e1na<\/figcaption>\n\t\t<\/figure>\n\t<\/div>\n<\/div><\/div><\/div><\/div><div class=\"vc_row wpb_row vc_inner vc_row-fluid\"><div class=\"wpb_column vc_column_container vc_col-sm-12\"><div class=\"vc_column-inner\"><div class=\"wpb_wrapper\">\n\t<div class=\"wpb_text_column wpb_content_element\" >\n\t\t<div class=\"wpb_wrapper\">\n\t\t\t<p>Elek fogazat\u00e1t rendellenes harap\u00e1s \u00e9s patol\u00f3gi\u00e1s kop\u00e1sok jellemezt\u00e9k. Mindezek nemcsak eszt\u00e9tikai, de funkcion\u00e1lis panaszokat is okoztak. Hiper\u00e9rz\u00e9kenny\u00e9 v\u00e1lt fogai nagy r\u00e9sze. P\u00e1ciens\u00fcnk szeretett volna feh\u00e9rebb, funkci\u00f3j\u00e1t bet\u00f6lt\u0151, sz\u00e9p fogakat.<\/p>\n<p>A t\u00falzottan elkopott fogakat gy\u00f6k\u00e9rkezel\u00e9st k\u00f6vet\u0151en \u00fcvegsz\u00e1las csapos m\u0171csonk seg\u00edts\u00e9g\u00e9vel \u00e9p\u00edtett\u00fck fel. Ezt k\u00f6vet\u0151en sz\u00f3l\u00f3 cirkon koron\u00e1kat k\u00e9sz\u00edtett\u00fcnk sz\u00e1m\u00e1ra, a later\u00e1lis r\u00e9gi\u00f3ban tal\u00e1lhat\u00f3 fogh\u00edjakat pedig cirkon h\u00edddal p\u00f3toltuk.<\/p>\n<p>Amann Girrbach Facebow seg\u00edts\u00e9g\u00e9vel regisztr\u00e1ltuk a maxilla (fels\u0151 \u00e1llcsont) poz\u00edci\u00f3j\u00e1t.<\/p>\n\n\t\t<\/div>\n\t<\/div>\n<\/div><\/div><\/div><\/div><\/div><\/div><\/div><\/div><div class=\"vc_row wpb_row vc_row-fluid\"><div class=\"wpb_column vc_column_container vc_col-sm-12\"><div class=\"vc_column-inner vc_custom_1539887240736\"><div class=\"wpb_wrapper\"><div class=\"templatera_shortcode\"><div data-vc-full-width=\"true\" data-vc-full-width-init=\"false\" class=\"vc_row wpb_row vc_row-fluid atokeletesmosolyhoz vc_custom_1540312933801 vc_row-o-equal-height vc_row-o-content-middle vc_row-flex\"><div class=\"wpb_column vc_column_container vc_col-sm-8\"><div class=\"vc_column-inner vc_custom_1539690890825\"><div class=\"wpb_wrapper\"><div class=\"stronghold-info-icon-wrapper\" \"><div class=\"stronghold-info-icon\" style=\"float: left; width: 15%; padding-right:10px;\"><i class=\"icon-cleaned-tooth\" style=\"font-size:50px; color:#ffffff;\"><\/i><\/div><div class=\"stronghold-info-icon-content\" style=\"float: left; width: 80%; text-align: left; padding: 20px 0;\"><div class=\"stronghold-info-icon-title\"><h3 style=\"font-size:30px;color:#ffffff;\">A perfect smile is all you need to book an appointment!<\/h3><\/div><div class=\"stronghold-info-icon-desc\"><div style=\" color:#ffffff;\">Don't hesitate, listen to the opinions of our previous patients! <\/div><\/div><\/div><\/div><\/div><\/div><\/div><div class=\"wpb_column vc_column_container vc_col-sm-12 vc_col-lg-4 vc_col-md-12 vc_col-xs-12\"><div class=\"vc_column-inner\"><div class=\"wpb_wrapper\"><div class=\"vc_btn3-container vc_btn3-center\" ><a class=\"vc_general vc_btn3 vc_btn3-size-md vc_btn3-shape-square vc_btn3-style-outline vc_btn3-color-white\" href=\"https:\/\/www.smiledesigncenter.hu\/en\/contact-us\/\" title=\"\" target=\"_blank\">Appointment request<\/a><\/div><\/div><\/div><\/div><\/div><div class=\"vc_row-full-width vc_clearfix\"><\/div><!-- Row Backgrounds --><div class=\"upb_color\" data-bg-override=\"0\" data-bg-color=\"#5e9cc5\" data-fadeout=\"\" data-fadeout-percentage=\"30\" data-parallax-content=\"\" data-parallax-content-sense=\"30\" data-row-effect-mobile-disable=\"true\" data-img-parallax-mobile-disable=\"false\" data-rtl=\"false\"  data-custom-vc-row=\"\"  data-vc=\"6.7.0\"  data-is_old_vc=\"\"  data-theme-support=\"\"   data-overlay=\"false\" data-overlay-color=\"\" data-overlay-pattern=\"\" data-overlay-pattern-opacity=\"\" data-overlay-pattern-size=\"\"    ><\/div>\r\n<\/div><\/div><\/div><\/div><\/div>","protected":false},"excerpt":{"rendered":"","protected":false},"author":2,"featured_media":0,"parent":2468,"menu_order":0,"comment_status":"closed","ping_status":"closed","template":"","meta":{"footnotes":"","_joinchat":[]},"acf":[],"aioseo_notices":[],"_links":{"self":[{"href":"https:\/\/www.smiledesigncenter.hu\/en\/wp-json\/wp\/v2\/pages\/4610"}],"collection":[{"href":"https:\/\/www.smiledesigncenter.hu\/en\/wp-json\/wp\/v2\/pages"}],"about":[{"href":"https:\/\/www.smiledesigncenter.hu\/en\/wp-json\/wp\/v2\/types\/page"}],"author":[{"embeddable":true,"href":"https:\/\/www.smiledesigncenter.hu\/en\/wp-json\/wp\/v2\/users\/2"}],"replies":[{"embeddable":true,"href":"https:\/\/www.smiledesigncenter.hu\/en\/wp-json\/wp\/v2\/comments?post=4610"}],"version-history":[{"count":4,"href":"https:\/\/www.smiledesigncenter.hu\/en\/wp-json\/wp\/v2\/pages\/4610\/revisions"}],"predecessor-version":[{"id":7777,"href":"https:\/\/www.smiledesigncenter.hu\/en\/wp-json\/wp\/v2\/pages\/4610\/revisions\/7777"}],"up":[{"embeddable":true,"href":"https:\/\/www.smiledesigncenter.hu\/en\/wp-json\/wp\/v2\/pages\/2468"}],"wp:attachment":[{"href":"https:\/\/www.smiledesigncenter.hu\/en\/wp-json\/wp\/v2\/media?parent=4610"}],"curies":[{"name":"wp","href":"https:\/\/api.w.org\/{rel}","templated":true}]}}