{"id":5249,"date":"2018-06-06T08:04:57","date_gmt":"2018-06-06T08:04:57","guid":{"rendered":"https:\/\/www.smiledesigncenter.hu\/?page_id=5249"},"modified":"2024-01-03T07:46:05","modified_gmt":"2024-01-03T07:46:05","slug":"adatvedelem","status":"publish","type":"page","link":"https:\/\/www.smiledesigncenter.hu\/en\/adatvedelem\/","title":{"rendered":"Adatkezel\u00e9si t\u00e1j\u00e9koztat\u00f3"},"content":{"rendered":"<!-- Facebook Like Button Vivacity Infotech BEGIN -->\n<div class=\"fb-like\" data-href=\"https:\/\/www.smiledesigncenter.hu\/en\/adatvedelem\/\" data-layout=\"standard\" data-action=\"recommend\" data-show-faces=\"false\" data-size=\"small\" data-width=\"450\" data-share=\"1\" ><\/div>\n<!-- Facebook Like Button Vivacity Infotech END -->\n<div class=\"vc_row wpb_row vc_row-fluid\"><div class=\"wpb_column vc_column_container vc_col-sm-12\"><div class=\"vc_column-inner\"><div class=\"wpb_wrapper\">\n\t<div class=\"wpb_text_column wpb_content_element\" >\n\t\t<div class=\"wpb_wrapper\">\n\t\t\t<p><strong>Adatkezel\u0151 a Smile Design Center Kft.<\/strong><\/p>\n<p>A <strong>Smile Design Center Kft<\/strong>. mag\u00e1ra n\u00e9zve k\u00f6telez\u0151nek ismerik el a jelen ir\u00e1nyelvek tartalm\u00e1t \u00e9s egyoldal\u00fa k\u00f6telezetts\u00e9get v\u00e1llal arra, hogy a tev\u00e9kenys\u00e9g\u00e9vel kapcsolatosan megfelel a jelen szab\u00e1lyzatban \u00e9s a hat\u00e1lyos jogszab\u00e1lyokban \u00e9s etikai szab\u00e1lyzatokban meghat\u00e1rozott elv\u00e1r\u00e1soknak.\u00a0Az adatkezel\u00e9si azonos\u00edt\u00f3sz\u00e1m beszerz\u00e9se t\u00e1rsas\u00e1gn\u00e1l folyamatban van.<\/p>\n<ol>\n<li>Bevezet\u00e9s<\/li>\n<\/ol>\n<ol>\n<li>Jelen t\u00e1j\u00e9koztat\u00f3 (tov\u00e1bbiakban: Adatkezel\u00e9si Ir\u00e1nyelvek) a\u00a0<strong>Smile Design Center Kft.\u00a0<\/strong>\u00e1ltal kezelt p\u00e1ciens bejelentkez\u00e9si adatok, illetve digit\u00e1lis kiadv\u00e1nyok, szolg\u00e1ltat\u00e1sok teljes\u00edt\u00e9se, internet \u00fatj\u00e1n el\u00e9rhet\u0151, illetve let\u00f6lthet\u0151 anyagok, d\u00edjaz\u00e1ssal vagy nyerem\u00e9nnyel j\u00e1r\u00f3 egy\u00e9b j\u00e1t\u00e9kok, valamint k\u00f6zvetlen \u00fczletszerz\u00e9si, illetve marketing c\u00e9l\u00fa megkeres\u00e9sek (eDM) sor\u00e1n felmer\u00fcl\u0151, \u00f6nk\u00e9ntesen megadott vagy t\u00f6rv\u00e9ny alapj\u00e1n kezelt szem\u00e9lyes adatok kezel\u00e9sre vonatkozik. Jelen t\u00e1j\u00e9koztat\u00f3 ir\u00e1nyad\u00f3 minden olyan tov\u00e1bbi esetben, szolg\u00e1ltat\u00e1s vonatkoz\u00e1s\u00e1ban, amikor valamely egyedi szolg\u00e1ltat\u00e1s k\u00fcl\u00f6n az Adatv\u00e9delmi Ir\u00e1nyelvekre hivatkozik.<\/li>\n<li>Minden egyes Szolg\u00e1ltat\u00e1s vonatkoz\u00e1s\u00e1ban jelen Adatv\u00e9delmi Ir\u00e1nyelvek (vagy amennyiben k\u00fcl\u00f6n t\u00e1j\u00e9koztat\u00f3 van, az adott t\u00e1j\u00e9koztat\u00f3) rendelkezik az \u00e9rintett vonatkoz\u00e1s\u00e1ban kezelt szem\u00e9lyes adatok k\u00f6r\u00e9r\u0151l, az adatkezel\u00e9s c\u00e9ljair\u00f3l, id\u0151tartam\u00e1r\u00f3l, az adatok helyesb\u00edt\u00e9s\u00e9nek, t\u00f6rl\u00e9s\u00e9nek m\u00f3dj\u00e1r\u00f3l, lehet\u0151s\u00e9geir\u0151l, az adatfeldolgoz\u00f3k k\u00f6r\u00e9r\u0151l, valamint arr\u00f3l, hogy t\u00f6rt\u00e9nik-e harmadik szem\u00e9ly r\u00e9sz\u00e9re adattov\u00e1bb\u00edt\u00e1s. A k\u00fcl\u00f6n szolg\u00e1ltat\u00e1sokhoz tartoz\u00f3 t\u00e1j\u00e9koztat\u00f3k csak jelen Adatkezel\u00e9si Ir\u00e1nyelvekkel egy\u00fctt \u00e9rv\u00e9nyesek.<\/li>\n<li>Mind az Adatkezel\u00e9si Ir\u00e1nyelvek mind a Felhaszn\u00e1l\u00e1si Felt\u00e9telek egyoldal\u00faan m\u00f3dos\u00edthat\u00f3 oly m\u00f3don, hogy a m\u00f3dos\u00edtott sz\u00f6veg jelenik meg a honlapon, ezekben az esetekben a honlap l\u00e1togat\u00e1s\u00e1val elfogadottnak min\u0151s\u00fcl a m\u00f3dos\u00edt\u00e1s. A komolyabb v\u00e1ltoz\u00e1sokr\u00f3l, vagy az olyan v\u00e1ltoz\u00e1sokr\u00f3l, amelyek hozz\u00e1j\u00e1rul\u00e1st ig\u00e9nyelnek, k\u00fcl\u00f6n, egyedi t\u00e1j\u00e9koztat\u00e1st k\u00fcld\u00fcnk.<\/li>\n<li>Az egyes szolg\u00e1ltat\u00e1sok, r\u00e9szszolg\u00e1ltat\u00e1sok megrendel\u00e9s\u00e9vel illetve haszn\u00e1lat\u00e1val \u00d6n, mint Felhaszn\u00e1l\u00f3 hozz\u00e1j\u00e1rul, hogy szem\u00e9lyes adatait a\u00a0<strong>Smile Design Center Kft.<\/strong>\u00a0az Adatkezel\u00e9si Ir\u00e1nyelvek rendelkez\u00e9sei szerint kezelje (\u00fcgyf\u00e9lkapcsolat). Az \u00fcgyf\u00e9lkapcsolat a kapcsolattart\u00e1si adatok nyilv\u00e1ntart\u00e1s\u00e1t jelenti, azonban eDM, marketing szolg\u00e1ltat\u00e1sokra csak azok a felhaszn\u00e1lok jogosultak, akik ehhez k\u00fcl\u00f6n hozz\u00e1j\u00e1rul\u00e1st adnak a szolg\u00e1ltat\u00e1shoz tartoz\u00f3 meghat\u00e1rozott helyen.<\/li>\n<li>Az adatok fizikai t\u00e1rol\u00e1s\u00e1nak helye: a W3Host Bt. mindenkori sz\u00e9khelye vagy telephelye.<\/li>\n<\/ol>\n<ol>\n<li>Alapelvek<\/li>\n<\/ol>\n<ol>\n<li>A <strong>Smile Design Center Kft. <\/strong>a felhaszn\u00e1l\u00f3kt\u00f3l kapott, gy\u0171jt\u00f6tt \u00e9s jelen Ir\u00e1nyelvek szerint r\u00f6gz\u00edtett szem\u00e9lyes adatokat a mindenkor hat\u00e1lyos adatv\u00e9delmi jogszab\u00e1lyokkal \u2013 \u00edgy k\u00fcl\u00f6n\u00f6sen az inform\u00e1ci\u00f3s \u00f6nrendelkez\u00e9si jogr\u00f3l \u00e9s az inform\u00e1ci\u00f3szabads\u00e1gr\u00f3l sz\u00f3l\u00f3\u00a0<strong>2011. \u00e9vi CXII. t\u00f6rv\u00e9nnyel<\/strong>\u00a0\u2013, az adatv\u00e9delemre vonatkoz\u00f3 nemzetk\u00f6zi egyezm\u00e9nyekkel, eur\u00f3pai uni\u00f3s jogforr\u00e1sokkal (k\u00fcl\u00f6n\u00f6sen a term\u00e9szetes szem\u00e9lyeknek a szem\u00e9lyes adatok kezel\u00e9se tekintet\u00e9ben t\u00f6rt\u00e9n\u0151 v\u00e9delm\u00e9r\u0151l \u00e9s az ilyen adatok szabad \u00e1raml\u00e1s\u00e1r\u00f3l, valamint a 95\/46\/EK rendelet hat\u00e1lyon k\u00edv\u00fcl helyez\u00e9s\u00e9r\u0151l sz\u00f3l\u00f3\u00a0<strong>2016\/679<\/strong>\u00a0 sz. (\u00e1ltal\u00e1nos adatv\u00e9delmi rendelet) szab\u00e1lyaival \u00f6sszhangban kezeli.<\/li>\n<li>H\u00e1tt\u00e9rjogszab\u00e1lyk\u00e9nt a Polg\u00e1ri t\u00f6rv\u00e9nyk\u00f6nyvr\u0151l sz\u00f3l\u00f3 2013. \u00e9vi V. t\u00f6rv\u00e9ny \u00e9s a rekl\u00e1mjogi \u00e9s elektronikus kereskedelemre vonatkoz\u00f3 jogszab\u00e1lyok is \u00e9rv\u00e9nyesek.<\/li>\n<li>A MindentMent Kft. kiz\u00e1r\u00f3lag az \u00fcgyf\u00e9l \/ felhaszn\u00e1l\u00f3 jelen Ir\u00e1nyelvekben meghat\u00e1rozottak szerint kezeli, addig az id\u0151tartamig \u00e9s arra a c\u00e9lra, amelyhez az \u00fcgyf\u00e9l \/ felhaszn\u00e1l\u00f3 hozz\u00e1j\u00e1rul\u00e1s\u00e1t adta, vagy amelynek kezel\u00e9s\u00e9t jogszab\u00e1ly el\u0151\u00edrja. M\u00e1sodlagos jogalapok alapj\u00e1n, amennyiben sz\u00fcks\u00e9ges a MindentMent Kft. az \u00e9rdekm\u00e9rlegel\u00e9s elve szerint kezeli adatokat, azaz, csak abban az esetben amennyiben a t\u00e1rsas\u00e1g joga, t\u00f6rv\u00e9nyes k\u00f6telezetts\u00e9ge vagy jogos \u00e9rdeke szempontj\u00e1b\u00f3l ez felt\u00e9tlen\u00fcl sz\u00fcks\u00e9ges.<\/li>\n<li>A <strong>Smile Design Center Kft. <\/strong>minden sz\u00fcks\u00e9ges technikai \u00e9s szervez\u00e9si int\u00e9zked\u00e9st megtesz, annak \u00e9rdek\u00e9ben, hogy biztos\u00edtsa a Felhaszn\u00e1l\u00f3k \u00e1ltal megadott, illetve hozz\u00e1f\u00e9rhet\u0151v\u00e9 tett szem\u00e9lyes adatok biztons\u00e1g\u00e1t az adatkezel\u00e9s teljes folyamata sor\u00e1n. Az Inform\u00e1ci\u00f3 biztons\u00e1gi szolg\u00e1ltat\u00e1sokat hiteles szolg\u00e1ltat\u00f3k v\u00e9gzik.<\/li>\n<li>A jelen adatv\u00e9delmi Ir\u00e1nyelvekben haszn\u00e1lt kifejez\u00e9seket az inform\u00e1ci\u00f3s \u00f6nrendelkez\u00e9si jogr\u00f3l \u00e9s az inform\u00e1ci\u00f3szabads\u00e1gr\u00f3l sz\u00f3l\u00f3 2011. \u00e9vi CXII. t\u00f6rv\u00e9ny \u00e9rtelmez\u0151 rendelkez\u00e9sei, illet\u0151leg a NAIH adatv\u00e9delmi sz\u00f3t\u00e1ra szerint kell \u00e9rtelmezni.<\/li>\n<\/ol>\n<p>III. Adatkezel\u00e9s c\u00e9lja \u00e9s jogalapja<\/p>\n<ol>\n<li>Az adatkezel\u00e9s\u00e9nek c\u00e9lja a szolg\u00e1ltat\u00e1s(ok) ny\u00fajt\u00e1sa. A Szolg\u00e1ltat\u00e1s ny\u00fajt\u00e1sa k\u00f6r\u00e9ben:<br \/>\n(I.) az \u00fcgyf\u00e9l \/ felhaszn\u00e1l\u00f3 azonos\u00edt\u00e1sa, a t\u00f6bbi \u00fcgyf\u00e9lt\u0151l felhaszn\u00e1l\u00f3t\u00f3l val\u00f3 megk\u00fcl\u00f6nb\u00f6ztet\u00e9se;<br \/>\n(II.) kapcsolattart\u00e1s, eDM-hozz\u00e1j\u00e1rul\u00e1s eset\u00e9n \u00e9rtes\u00edt\u00e9s kapcsol\u00f3d\u00f3 vagy \u00faj szolg\u00e1ltat\u00e1sokr\u00f3l;<br \/>\n(III.) \u00fcgyf\u00e9lel\u00e9gedetts\u00e9g tesztel\u00e9se \u00e9s m\u00e9r\u00e9se<br \/>\n(IV.) a Szolg\u00e1ltat\u00e1s testre szab\u00e1s\u00e1nak el\u0151seg\u00edt\u00e9se;<br \/>\n(V.) a Szolg\u00e1ltat\u00e1shoz kapcsol\u00f3d\u00f3 rendszer\u00fczenet k\u00fcld\u00e9s;<br \/>\n(VI.) k\u00fcl\u00f6n hozz\u00e1j\u00e1rul\u00e1s eset\u00e9n rekl\u00e1m tartalm\u00fa k\u00f6zvetlen \u00fczletszerz\u00e9si illetve marketing c\u00e9l\u00fa megkeres\u00e9s (pl. h\u00edrlev\u00e9l, eDM,.);<br \/>\n(VII.) v\u00e1s\u00e1rl\u00e1si, bejelentkez\u00e9si lehet\u0151s\u00e9g, b\u00f3nuszok ig\u00e9nybev\u00e9tele;<br \/>\n(VIII.) h\u0171s\u00e9gprogramhoz, tags\u00e1ghoz kapcsol\u00f3d\u00f3 szolg\u00e1ltat\u00e1sok, b\u00f3nuszprogramok<br \/>\n(IX.) harmadik szem\u00e9lyek term\u00e9keinek rekl\u00e1moz\u00e1sa az adatok \u00e1tad\u00e1sa n\u00e9lk\u00fcl.<\/li>\n<li>A szem\u00e9lyes adatok felv\u00e9tele \u00e9s kezel\u00e9se egyes, ellen\u00e9rt\u00e9k fej\u00e9ben teljes\u00edtett szolg\u00e1ltat\u00e1sok ig\u00e9nybev\u00e9tele eset\u00e9n jogszab\u00e1lyon \u2013 \u00edgy az ad\u00f3z\u00e1si \u00e9s sz\u00e1mviteli k\u00f6telezetts\u00e9geket szab\u00e1lyoz\u00f3 1995. \u00e9vi CXVII., 2000. \u00e9vi C. \u00e9s 2003. \u00e9vi XCII. t\u00f6rv\u00e9nyeken \u2013 alapul. Elt\u00e9r\u0151 rendelkez\u00e9s hi\u00e1ny\u00e1ban az adatkezel\u00e9s a Felhaszn\u00e1l\u00f3 \u00f6nk\u00e9ntes hozz\u00e1j\u00e1rul\u00e1s\u00e1n alapul.<\/li>\n<li>A szem\u00e9lyes adatok val\u00f3dis\u00e1g\u00e1\u00e9rt, pontoss\u00e1g\u00e1\u00e9rt kiz\u00e1r\u00f3lag a Felhaszn\u00e1l\u00f3 tartozik felel\u0151ss\u00e9ggel.<\/li>\n<li>A MindentMent Kft. \u00e1ltal kezelt szem\u00e9lyes adatok k\u00f6r\u00e9t az elektronikus kereskedelmi, sz\u00e1mviteli \u00e9s rekl\u00e1mszab\u00e1lyok befoly\u00e1solj\u00e1k, r\u00e9szben meghat\u00e1rozz\u00e1k, \u00edgy k\u00fcl\u00f6n\u00f6sen a gazdas\u00e1gi rekl\u00e1mtev\u00e9kenys\u00e9g alapvet\u0151 felt\u00e9teleir\u0151l \u00e9s egyes korl\u00e1tair\u00f3l sz\u00f3l\u00f3 2008. \u00e9vi XLVIII. t\u00f6rv\u00e9ny 6.\u00a7-a, az elektronikus kereskedelmi szolg\u00e1ltat\u00e1sok, valamint az inform\u00e1ci\u00f3s t\u00e1rsadalommal \u00f6sszef\u00fcgg\u0151 szolg\u00e1ltat\u00e1sok egyes k\u00e9rd\u00e9seir\u0151l sz\u00f3l\u00f3 2001. \u00e9vi CVIII. t\u00f6rv\u00e9ny 13\/A.\u00a7-14\/C.\u00a7-ai.<\/li>\n<li>Egyes szolg\u00e1ltat\u00e1sok kiz\u00e1r\u00f3lag regisztr\u00e1ci\u00f3val vehet\u0151k ig\u00e9nybe, amely regisztr\u00e1ci\u00f3 sor\u00e1n sz\u00fcks\u00e9gszer\u0171en, illetve egyedileg v\u00e1lasztott m\u00f3don megadott szem\u00e9lyes adatok felv\u00e9tel\u00e9re \u00e9s kezel\u00e9s\u00e9re ker\u00fcl sor.<\/li>\n<li>Egyes kieg\u00e9sz\u00edt\u0151 szolg\u00e1ltat\u00e1sokra (pl. b\u00f3nuszokra) kiz\u00e1r\u00f3lag a szolg\u00e1ltat\u00e1ssal kapcsolatos h\u00edrlev\u00e9lre, illetve egy\u00e9b rekl\u00e1m tartalm\u00fa k\u00f6zvetlen \u00fczletszerz\u00e9si illetve marketing c\u00e9l\u00fa megkeres\u00e9sre val\u00f3 feliratkoz\u00e1ssal egy\u00fctt lehet regisztr\u00e1lni, szerz\u0151d\u00e9st k\u00f6tni, m\u00edg m\u00e1s szolg\u00e1ltat\u00e1sokn\u00e1l lehet\u0151s\u00e9gk\u00e9nt mer\u00fcl fel a h\u00edrlev\u00e9lre \u00e9s egy\u00e9b rekl\u00e1m\u00fczenetekre val\u00f3 feliratkoz\u00e1s.<\/li>\n<li>A felhaszn\u00e1l\u00e1st, panaszokat \u00fcgyf\u00e9lszolg\u00e1latunk k\u00f6nny\u00edti meg.<\/li>\n<li>A felhaszn\u00e1l\u00f3i tev\u00e9kenys\u00e9g megk\u00f6nny\u00edt\u00e9se a szolg\u00e1ltat\u00e1sokban rejl\u0151 lehet\u0151s\u00e9gek kiakn\u00e1z\u00e1sa \u00e9rdek\u00e9ben k\u00fcl\u00f6nf\u00e9le cookie-k (pl. egy munkamenetre sz\u00f3l\u00f3 vagy tart\u00f3s b\u00f6ng\u00e9sz\u0151 cookie, flashcookie, stb.) elhelyez\u00e9s\u00e9re ker\u00fclhet sor az Egyedi Adatkezel\u00e9si T\u00e1j\u00e9koztat\u00f3ban meghat\u00e1rozottak szerint. A cookie kis adatcsomag, amely a kiszolg\u00e1l\u00f3 \u00e1ltal meghat\u00e1rozott inform\u00e1ci\u00f3tartalmat gy\u0171jti, illetve t\u00e1rolja.<\/li>\n<\/ol>\n<ol>\n<li>Korl\u00e1toz\u00e1sok<\/li>\n<\/ol>\n<ol>\n<li>A 16. \u00e9let\u00e9v\u00e9t be nem t\u00f6lt\u00f6tt vagy az egy\u00e9bk\u00e9nt cselekv\u0151k\u00e9ptelen Felhaszn\u00e1l\u00f3 nev\u00e9ben a t\u00f6rv\u00e9nyes k\u00e9pvisel\u0151 adhat hozz\u00e1j\u00e1rul\u00e1st.<\/li>\n<li>A kor\u00e1bban t\u00f6r\u00f6lt regisztr\u00e1ci\u00f3kat rendszer\u00fcnk r\u00f6gz\u00edti, \u00fajra regisztr\u00e1ci\u00f3 eset\u00e9n k\u00fcl\u00f6n meger\u0151s\u00edt\u00e9s sz\u00fcks\u00e9ges.<\/li>\n<\/ol>\n<ol>\n<li>Az Adatkezel\u00e9ssel kapcsolatos jogok, jogorvoslati lehet\u0151s\u00e9gek<\/li>\n<li><strong> Adatok m\u00f3dos\u00edt\u00e1sa, t\u00f6rl\u00e9se, z\u00e1rol\u00e1sa<\/strong><\/li>\n<\/ol>\n<ol>\n<li>A Felhaszn\u00e1l\u00f3 b\u00e1rmikor m\u00f3dos\u00edthatja vagy k\u00e9relmezheti adatainak helyesb\u00edt\u00e9s\u00e9t az Egyedi Adatkezel\u00e9si T\u00e1j\u00e9koztat\u00f3ban meghat\u00e1rozott el\u00e9rhet\u0151s\u00e9g(ek)en \u00e9s m\u00f3d(ok)on.<\/li>\n<li>A Felhaszn\u00e1l\u00f3 \u2013 a k\u00f6telez\u0151 adatkezel\u00e9s kiv\u00e9tel\u00e9vel \u2013 t\u00f6r\u00f6lheti szem\u00e9lyes adatait vagy k\u00e9relmezheti a szem\u00e9lyes adatainak t\u00f6rl\u00e9s\u00e9t vagy z\u00e1rol\u00e1s\u00e1t az egyes honlapokon, szolg\u00e1ltat\u00e1sokn\u00e1l meghat\u00e1rozott el\u00e9rhet\u0151s\u00e9g(ek)en \u00e9s m\u00f3d(ok)on (pl. felhaszn\u00e1l\u00f3i fi\u00f3kban, email \u00fatj\u00e1n, stb.). Egyes esetekben a szem\u00e9lyes adat id\u0151 el\u0151tti t\u00f6rl\u00e9se valamely jogosults\u00e1gt\u00f3l val\u00f3 eles\u00e9ssel egyen\u00e9rt\u00e9k\u0171 (pl. b\u00f3nuszok).<\/li>\n<li>Az \u00fcgyf\u00e9l \/ felhaszn\u00e1l\u00f3 szem\u00e9lyes adatai t\u00f6rl\u00e9sre ker\u00fclnek, ha kezel\u00e9s\u00fck gyan\u00edthat\u00f3an jogellenes (pl. Versenyt\u00f6rv\u00e9nybe vagy valamely b\u00fcntet\u0151jogi szab\u00e1lys\u00e9rt\u00e9si jogszab\u00e1lyba \u00fctk\u00f6zik); az adatkezel\u00e9s c\u00e9lja megsz\u0171nt; vagy az adatok t\u00e1rol\u00e1s\u00e1nak t\u00f6rv\u00e9nyben meghat\u00e1rozott hat\u00e1rideje lej\u00e1rt; azt a b\u00edr\u00f3s\u00e1g vagy a Nemzeti Adatv\u00e9delmi \u00e9s Inform\u00e1ci\u00f3szabads\u00e1g Hat\u00f3s\u00e1g elrendelte; vagy ha az adatkezel\u00e9s hi\u00e1nyos vagy t\u00e9ves \u2013 \u00e9s ez az \u00e1llapot jogszer\u0171en nem orvosolhat\u00f3 \u2013, felt\u00e9ve, hogy a t\u00f6rl\u00e9st t\u00f6rv\u00e9ny nem z\u00e1rja ki. A k\u00fcl\u00f6nleges adatokat rendszer\u00fcnk nem tartja nyilv\u00e1n, ezeket automatikusan t\u00f6r\u00f6lj\u00fck.<\/li>\n<li>A gazdas\u00e1gi rekl\u00e1mot tartalmaz\u00f3 k\u00f6zvetlen \u00fczletszerz\u00e9si illetve marketing c\u00e9l\u00fa megkeres\u00e9s k\u00fcld\u00e9s\u00e9hez adott hozz\u00e1j\u00e1rul\u00e1s megkeres\u00e9s-t\u00edpusonk\u00e9nt (pl. h\u00edrlev\u00e9l, e-DM, stb.) k\u00fcl\u00f6n-k\u00fcl\u00f6n b\u00e1rmikor korl\u00e1toz\u00e1s \u00e9s indokol\u00e1s n\u00e9lk\u00fcl, ingyenesen visszavonhat\u00f3 a levelek alj\u00e1n, a feliratkoz\u00e1ssal azonos m\u00f3don. Az \u00fcgyf\u00e9lkapcsolathoz tartoz\u00f3 adatkezel\u00e9s nem sz\u00fcntethet\u0151 meg mindaddig, am\u00edg jogszab\u00e1lyok \u00edrj\u00e1k el\u0151 az adatkezel\u00e9si k\u00f6telezetts\u00e9get.<\/li>\n<\/ol>\n<ol>\n<li><strong> T\u00e1j\u00e9koztat\u00e1s k\u00e9r\u00e9se<\/strong><\/li>\n<\/ol>\n<ol>\n<li>A Felhaszn\u00e1l\u00f3 b\u00e1rmikor jogosult t\u00e1j\u00e9koztat\u00e1st k\u00e9rni az adott Szolg\u00e1ltat\u00e1ssal \u00f6sszef\u00fcgg\u00e9sben kezelt, r\u00e1 vonatkoz\u00f3 szem\u00e9lyes adatokr\u00f3l a\u00a0<a href=\"mailto:homoki@smiledesigncenter.hu\">homoki@smiledesigncenter.hu<\/a> c\u00edmen.<\/li>\n<li><strong>Smile Design Center Kft. <\/strong>a Felhaszn\u00e1l\u00f3 k\u00e9relm\u00e9re t\u00e1j\u00e9koztat\u00e1st ad a Felhaszn\u00e1l\u00f3ra vonatkoz\u00f3, az adott Szolg\u00e1ltat\u00e1ssal \u00f6sszef\u00fcgg\u00e9sben \u00e1ltala kezelt, illetve az \u00e1ltala megb\u00edzott adatfeldolgoz\u00f3 \u00e1ltal feldolgozott adatokr\u00f3l, azok forr\u00e1s\u00e1r\u00f3l, az adatkezel\u00e9s c\u00e9lj\u00e1r\u00f3l, jogalapj\u00e1r\u00f3l, id\u0151tartam\u00e1r\u00f3l, az adatfeldolgoz\u00f3 nev\u00e9r\u0151l, c\u00edm\u00e9r\u0151l, az adatkezel\u00e9ssel \u00f6sszef\u00fcgg\u0151 tev\u00e9kenys\u00e9g\u00e9r\u0151l, az adattov\u00e1bb\u00edt\u00e1s jogalapj\u00e1r\u00f3l \u00e9s c\u00edmzettj\u00e9r\u0151l.<\/li>\n<\/ol>\n<ol>\n<li><strong> Tiltakoz\u00e1s szem\u00e9lyes adat kezel\u00e9se ellen<\/strong><\/li>\n<\/ol>\n<ol>\n<li>A Felhaszn\u00e1l\u00f3 tiltakozhat szem\u00e9lyes adatainak kezel\u00e9se ellen<br \/>\na) ha a szem\u00e9lyes adatok kezel\u00e9se vagy tov\u00e1bb\u00edt\u00e1sa kiz\u00e1r\u00f3lag a <strong>Smile Design Center Kft.<\/strong>-re vonatkoz\u00f3 jogi k\u00f6telezetts\u00e9g teljes\u00edt\u00e9s\u00e9hez vagy az adatkezel\u0151, adat\u00e1tvev\u0151 vagy harmadik szem\u00e9ly jogos \u00e9rdek\u00e9nek \u00e9rv\u00e9nyes\u00edt\u00e9s\u00e9hez sz\u00fcks\u00e9ges, kiv\u00e9ve az \u00fan. k\u00f6telez\u0151 adatkezel\u00e9s eset\u00e9t;<br \/>\nb) ha a szem\u00e9lyes adat felhaszn\u00e1l\u00e1sa vagy tov\u00e1bb\u00edt\u00e1sa k\u00f6zvetlen \u00fczletszerz\u00e9s, k\u00f6zv\u00e9lem\u00e9ny-kutat\u00e1s vagy tudom\u00e1nyos kutat\u00e1s c\u00e9lj\u00e1ra t\u00f6rt\u00e9nik; valamint<br \/>\nc) valamely t\u00f6rv\u00e9nyben meghat\u00e1rozott egy\u00e9b esetben.<\/li>\n<li>Ha az adatkezel\u00e9st (pl. sz\u00e1mviteli) t\u00f6rv\u00e9ny rendelte el, az adatkezel\u0151 a Felhaszn\u00e1l\u00f3 adat\u00e1t nem t\u00f6r\u00f6lheti, viszont a szem\u00e9lyes adatot nem tov\u00e1bb\u00edtja az adat\u00e1tvev\u0151 r\u00e9sz\u00e9re, ha a tiltakoz\u00e1ssal egyet\u00e9rtett, vagy b\u00edr\u00f3s\u00e1g a tiltakoz\u00e1s jogoss\u00e1g\u00e1t meg\u00e1llap\u00edtotta.<\/li>\n<\/ol>\n<ol>\n<li><strong> Hat\u00f3s\u00e1gi jogorvoslat<\/strong><\/li>\n<\/ol>\n<p>B\u00e1rmely \u00e9rintett a szem\u00e9lyes adatainak kezel\u00e9s\u00e9vel kapcsolatos v\u00e9lt jogs\u00e9relem eset\u00e9n az illet\u00e9kes t\u00f6rv\u00e9nysz\u00e9khez, vagy a Ny\u00edregyh\u00e1zi T\u00f6rv\u00e9nysz\u00e9khez is fordulhat vagy vizsg\u00e1latot kezdem\u00e9nyezhet a Nemzeti Adatv\u00e9delmi \u00e9s Inform\u00e1ci\u00f3szabads\u00e1g Hat\u00f3s\u00e1gn\u00e1l (eln\u00f6k: dr. P\u00e9terfalvi Attila, 1024 Budapest, Szil\u00e1gyi Erzs\u00e9bet fasor 22\/C.,\u00a0<a href=\"mailto:ugyfelszolgalat@naih.hu\">ugyfelszolgalat@naih.hu<\/a>,\u00a0<a href=\"tel:+3613911400\">+36 1 391 1400<\/a>,\u00a0<a href=\"http:\/\/www.naih.hu\/\">www.naih.hu<\/a>).<\/p>\n<ol>\n<li>Adatok nyilv\u00e1noss\u00e1gra hozatala, adattov\u00e1bb\u00edt\u00e1s<\/li>\n<\/ol>\n<p>Nyilv\u00e1noss\u00e1gra hozatal kiz\u00e1r\u00f3lag k\u00fcl\u00f6n hozz\u00e1j\u00e1rul\u00e1ssal t\u00f6rt\u00e9nik.<\/p>\n<p>Adattov\u00e1bb\u00edt\u00e1s harmadik (k\u00fcls\u0151 szem\u00e9lyhez nem t\u00f6rt\u00e9nik). Ett\u0151l, egyes szolg\u00e1ltat\u00e1sok eset\u00e9ben az adatkezel\u00e9si t\u00e1j\u00e9koztat\u00f3 elt\u00e9rhet.<\/p>\n<p>VII. K\u00fcls\u0151 szolg\u00e1ltat\u00f3k tev\u00e9kenys\u00e9ge<\/p>\n<p><strong>K\u00fcls\u0151 szolg\u00e1ltat\u00f3<\/strong><\/p>\n<p>A <strong>Smile Design Center Kft. <\/strong>egyes Szolg\u00e1ltat\u00e1sai sor\u00e1n a Felhaszn\u00e1l\u00e1si Felt\u00e9telekben meghat\u00e1rozott egyes r\u00e9szszolg\u00e1ltat\u00e1s(ok) tekintet\u00e9ben r\u00f6gz\u00edtett egy\u00fcttm\u0171k\u00f6d\u0151 partnerek min\u0151s\u00fcl \u00f6n\u00e1ll\u00f3an illetve <strong>Smile Design Center Kft.-<\/strong>hez tartoz\u00f3 T\u00e1rsas\u00e1gokkal egy\u00fcttesen t\u00f6bbes adatkezel\u0151nek vagy adatfeldolgoz\u00f3nak.<\/p>\n<p>Egyes k\u00fcls\u0151 szolg\u00e1ltat\u00f3k a saj\u00e1t adatkezel\u00e9si szab\u00e1lyzatuk szerint kezelik az adatokat.<\/p>\n<p><strong>Adatfeldolgoz\u00f3ink aktu\u00e1lis list\u00e1ja:<\/strong><\/p>\n<p><strong>ASAPP IT Kft.<\/strong><\/p>\n<p>Sz\u00e9khely:9025 Gy\u0151r, T\u00f6lt\u00e9sszer u. 3. 1. em. 8. ajt\u00f3<\/p>\n<p>&nbsp;<\/p>\n<p><strong>TaxAdvisorAgency Kft.<\/strong><\/p>\n<p>Ad\u00f3tan\u00e1csad\u00f3 &amp; K\u00f6nyvel\u0151 Iroda<\/p>\n<p>Sz\u00e9khely: 1051 Budapest, Hercegpr\u00edm\u00e1s u. 11. 2\/1.<\/p>\n<p>&nbsp;<\/p>\n<p><strong>MAXER Hosting Kft.<\/strong><\/p>\n<p>Sz\u00e9khely: 9021 Gy\u0151r, Arany J\u00e1nos utca 31.<\/p>\n<p>&nbsp;<\/p>\n<p>T\u00e1rsas\u00e1gunk eg\u00e9szs\u00e9g\u00fcgyi szolg\u00e1ltat\u00e1sainak teljes\u00edt\u00e9s\u00e9hez szem\u00e9lyes k\u00f6zrem\u0171k\u00f6d\u0151ket, fogtechnikai tev\u00e9kenys\u00e9get v\u00e9gz\u0151 alv\u00e1llalkoz\u00f3kat vesz ig\u00e9nybe.<\/p>\n<p>&nbsp;<\/p>\n<p>Mon-ArtDental Kft.<\/p>\n<p>Sz\u00e9khely: 1064 Budapest, Podmaniczky utca 57. II. em. 14.<\/p>\n<p>&nbsp;<\/p>\n<p>Global Perio Kft.<\/p>\n<p>Sz\u00e9khely: 1016 Budapest, M\u00e9sz\u00e1ros utca 32. II. em. 8.<\/p>\n<p>&nbsp;<\/p>\n<p>Aquila-Dent Kft.<\/p>\n<p>Sz\u00e9khely: 4225 Debrecen Hath\u00e1z u. 78.<\/p>\n<p>&nbsp;<\/p>\n<p>Dr. Markgruber Bence egy\u00e9ni v\u00e1llalkoz\u00f3<\/p>\n<p>1119 Budapest, Feh\u00e9rv\u00e1ri \u00fat 119. 3. em. 10<\/p>\n<p>&nbsp;<\/p>\n<p>ShamimNikkhah egy\u00e9ni v\u00e1llalkoz\u00f3<\/p>\n<p>Sz\u00e9khely: 1082 Budapest Corvin s\u00e9t\u00e1ny 2. Lh:A 6. emelet 5. ajt\u00f3<\/p>\n<p>&nbsp;<\/p>\n<p>Kopacz Tibor egy\u00e9ni v\u00e1llalkoz\u00f3<\/p>\n<p>Sz\u00e9khely: 4400 Nyiregyhaza, Irinyi Janos utca 25<\/p>\n<p>&nbsp;<\/p>\n<p>ArtifexDentis Kft.<\/p>\n<p>Sz\u00e9khely: 1065 Budapest, R6vay utca 12.<\/p>\n<p>&nbsp;<\/p>\n<p>Stanusic Igor egy\u00e9ni v\u00e1llalkoz\u00f3<\/p>\n<p>Sz\u00e9khely: 7300 Koml\u00f3, J\u00f3 Szerencs\u00e9t utca 18.<\/p>\n<p>&nbsp;<\/p>\n<p>CERAMIC ART DENTAL LAB KFT.<\/p>\n<p>Sz\u00e9khely: Budapest Beretty\u00f3 utca 2-8. C. \u00e9p. A. lh\u00e1z. fszt. 7. 1138<\/p>\n<p>MAROSI-DENTAL Kft.<\/p>\n<p>Sz\u00e9khely: 4400 Ny\u00edregyh\u00e1za Lombkorona utca 5<\/p>\n<p>Weboldalunkon cookie-kat haszn\u00e1lunk, hogy jobb felhaszn\u00e1l\u00f3i \u00e9lm\u00e9nyt ny\u00fajthassunk \u00e9s a b\u00f6ng\u00e9sz\u00e9s is biztons\u00e1gos legyen.<\/p>\n\n\t\t<\/div>\n\t<\/div>\n<\/div><\/div><\/div><\/div>","protected":false},"excerpt":{"rendered":"","protected":false},"author":2,"featured_media":0,"parent":0,"menu_order":0,"comment_status":"closed","ping_status":"closed","template":"","meta":{"footnotes":"","_joinchat":[]},"acf":[],"_links":{"self":[{"href":"https:\/\/www.smiledesigncenter.hu\/en\/wp-json\/wp\/v2\/pages\/5249"}],"collection":[{"href":"https:\/\/www.smiledesigncenter.hu\/en\/wp-json\/wp\/v2\/pages"}],"about":[{"href":"https:\/\/www.smiledesigncenter.hu\/en\/wp-json\/wp\/v2\/types\/page"}],"author":[{"embeddable":true,"href":"https:\/\/www.smiledesigncenter.hu\/en\/wp-json\/wp\/v2\/users\/2"}],"replies":[{"embeddable":true,"href":"https:\/\/www.smiledesigncenter.hu\/en\/wp-json\/wp\/v2\/comments?post=5249"}],"version-history":[{"count":2,"href":"https:\/\/www.smiledesigncenter.hu\/en\/wp-json\/wp\/v2\/pages\/5249\/revisions"}],"predecessor-version":[{"id":12929,"href":"https:\/\/www.smiledesigncenter.hu\/en\/wp-json\/wp\/v2\/pages\/5249\/revisions\/12929"}],"wp:attachment":[{"href":"https:\/\/www.smiledesigncenter.hu\/en\/wp-json\/wp\/v2\/media?parent=5249"}],"curies":[{"name":"wp","href":"https:\/\/api.w.org\/{rel}","templated":true}]}}