{"id":6347,"date":"2020-02-04T09:57:53","date_gmt":"2020-02-04T09:57:53","guid":{"rendered":"https:\/\/www.smiledesigncenter.hu\/?page_id=6347"},"modified":"2022-07-17T11:03:54","modified_gmt":"2022-07-17T11:03:54","slug":"n-aniko","status":"publish","type":"page","link":"https:\/\/www.smiledesigncenter.hu\/en\/referenciaink\/n-aniko\/","title":{"rendered":"N. Anik\u00f3"},"content":{"rendered":"<!-- Facebook Like Button Vivacity Infotech BEGIN -->\n<div class=\"fb-like\" data-href=\"https:\/\/www.smiledesigncenter.hu\/en\/referenciaink\/n-aniko\/\" data-layout=\"standard\" data-action=\"recommend\" data-show-faces=\"false\" data-size=\"small\" data-width=\"450\" data-share=\"1\" ><\/div>\n<!-- Facebook Like Button Vivacity Infotech END -->\n<div class=\"vc_row wpb_row vc_row-fluid\"><div class=\"wpb_column vc_column_container vc_col-sm-4\"><div class=\"vc_column-inner\"><div class=\"wpb_wrapper\">\n\t<div  class=\"wpb_single_image wpb_content_element vc_align_left\">\n\t\t\n\t\t<figure class=\"wpb_wrapper vc_figure\">\n\t\t\t<a href=\"https:\/\/www.smiledesigncenter.hu\/wp-content\/uploads\/2020\/02\/n-aniko.jpg\" target=\"_self\" class=\"vc_single_image-wrapper   vc_box_border_grey\"><img width=\"360\" height=\"542\" src=\"https:\/\/www.smiledesigncenter.hu\/wp-content\/uploads\/2020\/02\/n-aniko.jpg\" class=\"vc_single_image-img attachment-full\" alt=\"\" decoding=\"async\" loading=\"lazy\" srcset=\"https:\/\/www.smiledesigncenter.hu\/wp-content\/uploads\/2020\/02\/n-aniko.jpg 360w, https:\/\/www.smiledesigncenter.hu\/wp-content\/uploads\/2020\/02\/n-aniko-199x300.jpg 199w\" sizes=\"(max-width: 360px) 100vw, 360px\" \/><\/a>\n\t\t<\/figure>\n\t<\/div>\n<\/div><\/div><\/div><div class=\"wpb_column vc_column_container vc_col-sm-8\"><div class=\"vc_column-inner\"><div class=\"wpb_wrapper\"><div class=\"vc_row wpb_row vc_inner vc_row-fluid\"><div class=\"wpb_column vc_column_container vc_col-sm-6\"><div class=\"vc_column-inner\"><div class=\"wpb_wrapper\">\n\t<div  class=\"wpb_single_image wpb_content_element vc_align_left\">\n\t\t\n\t\t<figure class=\"wpb_wrapper vc_figure\">\n\t\t\t<a href=\"https:\/\/www.smiledesigncenter.hu\/wp-content\/uploads\/2020\/02\/n-aniko-e-1024x684.jpg\" target=\"_self\" class=\"vc_single_image-wrapper   vc_box_border_grey\"><img width=\"300\" height=\"200\" src=\"https:\/\/www.smiledesigncenter.hu\/wp-content\/uploads\/2020\/02\/n-aniko-e-300x200.jpg\" class=\"vc_single_image-img attachment-medium\" alt=\"\" decoding=\"async\" loading=\"lazy\" srcset=\"https:\/\/www.smiledesigncenter.hu\/wp-content\/uploads\/2020\/02\/n-aniko-e-300x200.jpg 300w, https:\/\/www.smiledesigncenter.hu\/wp-content\/uploads\/2020\/02\/n-aniko-e-1024x684.jpg 1024w, https:\/\/www.smiledesigncenter.hu\/wp-content\/uploads\/2020\/02\/n-aniko-e-768x513.jpg 768w, https:\/\/www.smiledesigncenter.hu\/wp-content\/uploads\/2020\/02\/n-aniko-e.jpg 1200w\" sizes=\"(max-width: 300px) 100vw, 300px\" \/><\/a><figcaption class=\"vc_figure-caption\">El\u0151tte<\/figcaption>\n\t\t<\/figure>\n\t<\/div>\n<\/div><\/div><\/div><div class=\"wpb_column vc_column_container vc_col-sm-6\"><div class=\"vc_column-inner\"><div class=\"wpb_wrapper\">\n\t<div  class=\"wpb_single_image wpb_content_element vc_align_left\">\n\t\t\n\t\t<figure class=\"wpb_wrapper vc_figure\">\n\t\t\t<a href=\"https:\/\/www.smiledesigncenter.hu\/wp-content\/uploads\/2020\/02\/n-aniko-u-1024x684.jpg\" target=\"_self\" class=\"vc_single_image-wrapper   vc_box_border_grey\"><img width=\"300\" height=\"200\" src=\"https:\/\/www.smiledesigncenter.hu\/wp-content\/uploads\/2020\/02\/n-aniko-u-300x200.jpg\" class=\"vc_single_image-img attachment-medium\" alt=\"\" decoding=\"async\" loading=\"lazy\" srcset=\"https:\/\/www.smiledesigncenter.hu\/wp-content\/uploads\/2020\/02\/n-aniko-u-300x200.jpg 300w, https:\/\/www.smiledesigncenter.hu\/wp-content\/uploads\/2020\/02\/n-aniko-u-1024x684.jpg 1024w, https:\/\/www.smiledesigncenter.hu\/wp-content\/uploads\/2020\/02\/n-aniko-u-768x513.jpg 768w, https:\/\/www.smiledesigncenter.hu\/wp-content\/uploads\/2020\/02\/n-aniko-u.jpg 1200w\" sizes=\"(max-width: 300px) 100vw, 300px\" \/><\/a><figcaption class=\"vc_figure-caption\">Ut\u00e1na<\/figcaption>\n\t\t<\/figure>\n\t<\/div>\n<\/div><\/div><\/div><\/div><div class=\"vc_row wpb_row vc_inner vc_row-fluid\"><div class=\"wpb_column vc_column_container vc_col-sm-12\"><div class=\"vc_column-inner\"><div class=\"wpb_wrapper\">\n\t<div class=\"wpb_text_column wpb_content_element\" >\n\t\t<div class=\"wpb_wrapper\">\n\t\t\t<p>Anik\u00f3 eszt\u00e9tikai panaszokkal fordult rendel\u0151nkh\u00f6z seg\u00edts\u00e9g\u00e9rt. Els\u0151 tal\u00e1lkoz\u00e1s alkalm\u00e1val elmondta nek\u00fcnk elk\u00e9pzel\u00e9seit mosoly\u00e1val kapcsolatban.<\/p>\n<p>A vizsg\u00e1latot k\u00f6vet\u0151en kider\u00fclt, hogy el\u00e9g komplex probl\u00e9m\u00e1val \u00e1llunk szemben. Rendellenes fog\u00e1ll\u00e1s, m\u00e9lyharap\u00e1s, diaszt\u00e9ma (fogak k\u00f6z\u00f6tti h\u00e9zag) \u00e9s gummy smile (nevet\u00e9s k\u00f6zben az \u00ednyb\u0151l t\u00f6bb, mint 2mm kil\u00e1tszik) jellemezte fogazat\u00e1t.<\/p>\n<p>A kezel\u00e9st t\u00f6m\u00e9scser\u00e9kkel, parodontol\u00f3giai probl\u00e9m\u00e1k helyre\u00e1ll\u00edt\u00e1s\u00e1val \u00e9s fogszab\u00e1lyoz\u00e1ssal kezdt\u00fck. Anik\u00f3 k\u00f6zel egy \u00e9vig viselt r\u00f6gz\u00edtett fogszab\u00e1lyoz\u00f3 k\u00e9sz\u00fcl\u00e9ket, amire a fogak k\u00f6z\u00f6tti h\u00e9zagok megsz\u00fcntet\u00e9se, sz\u0171k\u00edt\u00e9se miatt volt sz\u00fcks\u00e9g.<\/p>\n<p>Indokolt volt \u00ednyplasztikai beavatkoz\u00e1s elv\u00e9gz\u00e9se is a megfelel\u0151, eszt\u00e9tikus \u00ednyvonal kialak\u00edt\u00e1sa \u00e9rdek\u00e9ben.<\/p>\n<p>A fogszab\u00e1lyoz\u00f3 k\u00e9sz\u00fcl\u00e9k elt\u00e1vol\u00edt\u00e1s\u00e1t k\u00f6vet\u0151en, p\u00e1ciens\u00fcnk k\u00e9r\u00e9s\u00e9nek megfelel\u0151en, full kont\u00far cirkon sz\u00f3l\u00f3 koron\u00e1kkal \u00e1ll\u00edtottuk helyre a fogak eszt\u00e9tik\u00e1j\u00e1t.<\/p>\n<p>Anik\u00f3 rengeteget mosolyog, visszanyerte \u00f6nbizalm\u00e1t, sokkal magabiztosabb lett.<\/p>\n\n\t\t<\/div>\n\t<\/div>\n<\/div><\/div><\/div><\/div><\/div><\/div><\/div><\/div><div class=\"vc_row wpb_row vc_row-fluid\"><div class=\"wpb_column vc_column_container vc_col-sm-12\"><div class=\"vc_column-inner vc_custom_1539887082564\"><div class=\"wpb_wrapper\"><div class=\"templatera_shortcode\"><div data-vc-full-width=\"true\" data-vc-full-width-init=\"false\" class=\"vc_row wpb_row vc_row-fluid atokeletesmosolyhoz vc_custom_1540312933801 vc_row-o-equal-height vc_row-o-content-middle vc_row-flex\"><div class=\"wpb_column vc_column_container vc_col-sm-8\"><div class=\"vc_column-inner vc_custom_1539690890825\"><div class=\"wpb_wrapper\"><div class=\"stronghold-info-icon-wrapper\" \"><div class=\"stronghold-info-icon\" style=\"float: left; width: 15%; padding-right:10px;\"><i class=\"icon-cleaned-tooth\" style=\"font-size:50px; color:#ffffff;\"><\/i><\/div><div class=\"stronghold-info-icon-content\" style=\"float: left; width: 80%; text-align: left; padding: 20px 0;\"><div class=\"stronghold-info-icon-title\"><h3 style=\"font-size:30px;color:#ffffff;\">A perfect smile is all you need to book an appointment!<\/h3><\/div><div class=\"stronghold-info-icon-desc\"><div style=\" color:#ffffff;\">Don't hesitate, listen to the opinions of our previous patients! <\/div><\/div><\/div><\/div><\/div><\/div><\/div><div class=\"wpb_column vc_column_container vc_col-sm-12 vc_col-lg-4 vc_col-md-12 vc_col-xs-12\"><div class=\"vc_column-inner\"><div class=\"wpb_wrapper\"><div class=\"vc_btn3-container vc_btn3-center\" ><a class=\"vc_general vc_btn3 vc_btn3-size-md vc_btn3-shape-square vc_btn3-style-outline vc_btn3-color-white\" href=\"https:\/\/www.smiledesigncenter.hu\/en\/contact-us\/\" title=\"\" target=\"_blank\">Appointment request<\/a><\/div><\/div><\/div><\/div><\/div><div class=\"vc_row-full-width vc_clearfix\"><\/div><!-- Row Backgrounds --><div class=\"upb_color\" data-bg-override=\"0\" data-bg-color=\"#5e9cc5\" data-fadeout=\"\" data-fadeout-percentage=\"30\" data-parallax-content=\"\" data-parallax-content-sense=\"30\" data-row-effect-mobile-disable=\"true\" data-img-parallax-mobile-disable=\"false\" data-rtl=\"false\"  data-custom-vc-row=\"\"  data-vc=\"6.7.0\"  data-is_old_vc=\"\"  data-theme-support=\"\"   data-overlay=\"false\" data-overlay-color=\"\" data-overlay-pattern=\"\" data-overlay-pattern-opacity=\"\" data-overlay-pattern-size=\"\"    ><\/div>\r\n<\/div><\/div><\/div><\/div><\/div>","protected":false},"excerpt":{"rendered":"","protected":false},"author":2,"featured_media":0,"parent":2468,"menu_order":0,"comment_status":"closed","ping_status":"closed","template":"","meta":{"footnotes":"","_joinchat":[]},"acf":[],"aioseo_notices":[],"_links":{"self":[{"href":"https:\/\/www.smiledesigncenter.hu\/en\/wp-json\/wp\/v2\/pages\/6347"}],"collection":[{"href":"https:\/\/www.smiledesigncenter.hu\/en\/wp-json\/wp\/v2\/pages"}],"about":[{"href":"https:\/\/www.smiledesigncenter.hu\/en\/wp-json\/wp\/v2\/types\/page"}],"author":[{"embeddable":true,"href":"https:\/\/www.smiledesigncenter.hu\/en\/wp-json\/wp\/v2\/users\/2"}],"replies":[{"embeddable":true,"href":"https:\/\/www.smiledesigncenter.hu\/en\/wp-json\/wp\/v2\/comments?post=6347"}],"version-history":[{"count":3,"href":"https:\/\/www.smiledesigncenter.hu\/en\/wp-json\/wp\/v2\/pages\/6347\/revisions"}],"predecessor-version":[{"id":7758,"href":"https:\/\/www.smiledesigncenter.hu\/en\/wp-json\/wp\/v2\/pages\/6347\/revisions\/7758"}],"up":[{"embeddable":true,"href":"https:\/\/www.smiledesigncenter.hu\/en\/wp-json\/wp\/v2\/pages\/2468"}],"wp:attachment":[{"href":"https:\/\/www.smiledesigncenter.hu\/en\/wp-json\/wp\/v2\/media?parent=6347"}],"curies":[{"name":"wp","href":"https:\/\/api.w.org\/{rel}","templated":true}]}}