{"id":6651,"date":"2020-09-04T08:36:56","date_gmt":"2020-09-04T08:36:56","guid":{"rendered":"https:\/\/www.smiledesigncenter.hu\/?page_id=6651"},"modified":"2026-02-20T08:49:30","modified_gmt":"2026-02-20T08:49:30","slug":"fooldal-2020-2","status":"publish","type":"page","link":"https:\/\/www.smiledesigncenter.hu\/en\/","title":{"rendered":"F\u0151oldal &#8211; 2020"},"content":{"rendered":"<!-- Facebook Like Button Vivacity Infotech BEGIN -->\n<div class=\"fb-like\" data-href=\"https:\/\/www.smiledesigncenter.hu\/en\/\" data-layout=\"standard\" data-action=\"recommend\" data-show-faces=\"false\" data-size=\"small\" data-width=\"450\" data-share=\"1\" ><\/div>\n<!-- Facebook Like Button Vivacity Infotech END -->\n<div class=\"vc_row wpb_row vc_row-fluid\"><div class=\"wpb_column vc_column_container vc_col-sm-12\"><div class=\"vc_column-inner\"><div class=\"wpb_wrapper\"><div class=\"vc_separator wpb_content_element vc_separator_align_center vc_sep_width_100 vc_sep_pos_align_center vc_separator_no_text vc_sep_color_grey\" ><span class=\"vc_sep_holder vc_sep_holder_l\"><span  class=\"vc_sep_line\"><\/span><\/span><span class=\"vc_sep_holder vc_sep_holder_r\"><span  class=\"vc_sep_line\"><\/span><\/span>\n<\/div><\/div><\/div><\/div><\/div><div class=\"vc_row wpb_row vc_row-fluid vc_custom_1683201920030 vc_row-has-fill\"><div class=\"wpb_column vc_column_container vc_col-sm-12\"><div class=\"vc_column-inner\"><div class=\"wpb_wrapper\">\n\t<div class=\"wpb_text_column wpb_content_element\" >\n\t\t<div class=\"wpb_wrapper\">\n\t\t\t<h4 style=\"text-align: center;\">Legfrissebb h\u00edreink<\/h4>\n\n\t\t<\/div>\n\t<\/div>\n\n<div class=\"vc_grid-container-wrapper vc_clearfix vc_grid-animation-fadeIn\">\n\t<div class=\"vc_grid-container vc_clearfix wpb_content_element vc_basic_grid vc_custom_1683202002479\" data-initial-loading-animation=\"fadeIn\" data-vc-grid-settings=\"{&quot;page_id&quot;:5476,&quot;style&quot;:&quot;all&quot;,&quot;action&quot;:&quot;vc_get_vc_grid_data&quot;,&quot;shortcode_id&quot;:&quot;1695734186669-999ae055-7095-7&quot;,&quot;tag&quot;:&quot;vc_basic_grid&quot;}\" data-vc-request=\"https:\/\/www.smiledesigncenter.hu\/wp-admin\/admin-ajax.php\" data-vc-post-id=\"5476\" data-vc-public-nonce=\"aa4fdc84eb\">\n\t\t<style data-type=\"vc_shortcodes-custom-css\">.vc_custom_1419240516480{background-color: #f9f9f9 !important;}<\/style><div class=\"vc_grid vc_row vc_grid-gutter-30px vc_pageable-wrapper vc_hook_hover\" data-vc-pageable-content=\"true\"><div class=\"vc_pageable-slide-wrapper vc_clearfix\" data-vc-grid-content=\"true\"><div class=\"vc_grid-item vc_clearfix vc_col-sm-3 vc_grid-item-zone-c-bottom\"><div class=\"vc_grid-item-mini vc_clearfix\"><div class=\"vc_gitem-animated-block\" ><div class=\"vc_gitem-zone vc_gitem-zone-a vc-gitem-zone-height-mode-auto vc-gitem-zone-height-mode-auto-1-1 vc_gitem-is-link\" style=\"background-image: url('https:\/\/www.smiledesigncenter.hu\/wp-content\/uploads\/2026\/02\/szentgyorgyi2.jpg') !important;\"><a href=\"https:\/\/www.smiledesigncenter.hu\/en\/2026\/02\/18\/megtisztelo-jeloles-szavazataval-on-is-segithet\/\" title=\"Megtisztel\u0151 jel\u00f6l\u00e9s \u2013 Szavazat\u00e1val \u00d6n is seg\u00edthet!\" class=\"vc_gitem-link vc-zone-link\"><\/a><img src=\"https:\/\/www.smiledesigncenter.hu\/wp-content\/uploads\/2026\/02\/szentgyorgyi2.jpg\" class=\"vc_gitem-zone-img\" alt=\"\"><div class=\"vc_gitem-zone-mini\"><\/div><\/div><\/div><div class=\"vc_gitem-zone vc_gitem-zone-c vc_custom_1419240516480\"><div class=\"vc_gitem-zone-mini\"><div class=\"vc_gitem_row vc_row vc_gitem-row-position-top\"><div class=\"vc_col-sm-12 vc_gitem-col vc_gitem-col-align-\"><div class=\"vc_custom_heading vc_gitem-post-data vc_gitem-post-data-source-post_title\" ><h4 style=\"text-align: left\" >Megtisztel\u0151 jel\u00f6l\u00e9s \u2013 Szavazat\u00e1val \u00d6n is seg\u00edthet!<\/h4><\/div><div class=\"vc_custom_heading vc_gitem-post-data vc_gitem-post-data-source-post_excerpt\" ><p style=\"text-align: left\" ><p>Kedves P\u00e1cienseink! \u00d6r\u00f6mmel \u00e9s b\u00fcszkes\u00e9ggel szeretn\u00e9nk megosztani \u00d6n\u00f6kkel, hogy f\u0151orvos urat jel\u00f6lt\u00e9k a Szent-Gy\u00f6rgyi Albert Orvosi D\u00edj 2026 elismer\u00e9sre. Ez a rangos d\u00edj azoknak az orvosoknak sz\u00f3l, akik kiemelked\u0151 szakmai munk\u00e1jukkal \u00e9s embers\u00e9g\u00fckkel nap mint nap a betegek szolg\u00e1lat\u00e1ban \u00e1llnak. A jel\u00f6l\u00e9s \u00f6nmag\u00e1ban is hatalmas megtiszteltet\u00e9s, amely visszaigazolja mindazt az elhivatotts\u00e1got \u00e9s odafigyel\u00e9st, amely rendel\u0151nk<a class=\"moretag\" href=\"https:\/\/www.smiledesigncenter.hu\/en\/templatera\/a-tokeletes-mosolyhoz-csak-egy-idopont-foglalas-hianyzik\/\"> \u2026Read more\u2026<\/a><\/p>\n<\/p><\/div><div class=\"vc_btn3-container vc_btn3-left\"><a class=\"vc_general vc_btn3 vc_btn3-size-md vc_btn3-shape-rounded vc_btn3-style-flat vc_btn3-color-juicy-pink\" a href=\"https:\/\/www.smiledesigncenter.hu\/en\/2026\/02\/18\/megtisztelo-jeloles-szavazataval-on-is-segithet\/\" title=\"Tov\u00e1bb olvasom\">Tov\u00e1bb olvasom<\/a><\/div><\/div><\/div><\/div><\/div><\/div><div class=\"vc_clearfix\"><\/div><\/div><div class=\"vc_grid-item vc_clearfix vc_col-sm-3 vc_grid-item-zone-c-bottom\"><div class=\"vc_grid-item-mini vc_clearfix\"><div class=\"vc_gitem-animated-block\" ><div class=\"vc_gitem-zone vc_gitem-zone-a vc-gitem-zone-height-mode-auto vc-gitem-zone-height-mode-auto-1-1 vc_gitem-is-link\" style=\"background-image: url('https:\/\/www.smiledesigncenter.hu\/wp-content\/uploads\/2026\/01\/gulacsi-gyermekfogaszat-1024x1024.jpg') !important;\"><a href=\"https:\/\/www.smiledesigncenter.hu\/en\/2026\/01\/15\/mosolygos-kezdetek-miert-ne-halogassuk-az-elso-gyermekfogaszati-latogatast\/\" title=\"Mosolyg\u00f3s kezdetek: Mi\u00e9rt ne halogassuk az els\u0151 gyermekfog\u00e1szati l\u00e1togat\u00e1st?\" class=\"vc_gitem-link vc-zone-link\"><\/a><img src=\"https:\/\/www.smiledesigncenter.hu\/wp-content\/uploads\/2026\/01\/gulacsi-gyermekfogaszat-1024x1024.jpg\" class=\"vc_gitem-zone-img\" alt=\"\"><div class=\"vc_gitem-zone-mini\"><\/div><\/div><\/div><div class=\"vc_gitem-zone vc_gitem-zone-c vc_custom_1419240516480\"><div class=\"vc_gitem-zone-mini\"><div class=\"vc_gitem_row vc_row vc_gitem-row-position-top\"><div class=\"vc_col-sm-12 vc_gitem-col vc_gitem-col-align-\"><div class=\"vc_custom_heading vc_gitem-post-data vc_gitem-post-data-source-post_title\" ><h4 style=\"text-align: left\" >Mosolyg\u00f3s kezdetek: Mi\u00e9rt ne halogassuk az els\u0151 gyermekfog\u00e1szati l\u00e1togat\u00e1st?<\/h4><\/div><div class=\"vc_custom_heading vc_gitem-post-data vc_gitem-post-data-source-post_excerpt\" ><p style=\"text-align: left\" ><p>F\u00e9lelem n\u00e9lk\u00fcl a fogorvosi sz\u00e9kben \u2013 tippek sz\u00fcl\u0151knek a z\u00f6kken\u0151mentes indul\u00e1shoz. Sok sz\u00fcl\u0151 sz\u00e1m\u00e1ra a \u201egyermekfog\u00e1szat\u201d sz\u00f3 hallat\u00e1n m\u00e9g mindig a saj\u00e1t gyerekkori, esetleg kellemetlen eml\u00e9keik ugranak be: a f\u00e9lelmetes f\u00far\u00f3hang, a steril szag \u00e9s a szorong\u00e1s. Teljesen term\u00e9szetes, hogy sz\u00fcl\u0151k\u00e9nt szeretn\u00e9nk ett\u0151l megk\u00edm\u00e9lni gyermek\u00fcnket. Van egy j\u00f3 h\u00edr\u00fcnk: a modern gyermekfog\u00e1szat ma m\u00e1r eg\u00e9szen<a class=\"moretag\" href=\"https:\/\/www.smiledesigncenter.hu\/en\/templatera\/a-tokeletes-mosolyhoz-csak-egy-idopont-foglalas-hianyzik\/\"> \u2026Read more\u2026<\/a><\/p>\n<\/p><\/div><div class=\"vc_btn3-container vc_btn3-left\"><a class=\"vc_general vc_btn3 vc_btn3-size-md vc_btn3-shape-rounded vc_btn3-style-flat vc_btn3-color-juicy-pink\" a href=\"https:\/\/www.smiledesigncenter.hu\/en\/2026\/01\/15\/mosolygos-kezdetek-miert-ne-halogassuk-az-elso-gyermekfogaszati-latogatast\/\" title=\"Tov\u00e1bb olvasom\">Tov\u00e1bb olvasom<\/a><\/div><\/div><\/div><\/div><\/div><\/div><div class=\"vc_clearfix\"><\/div><\/div><div class=\"vc_grid-item vc_clearfix vc_col-sm-3 vc_grid-item-zone-c-bottom\"><div class=\"vc_grid-item-mini vc_clearfix\"><div class=\"vc_gitem-animated-block\" ><div class=\"vc_gitem-zone vc_gitem-zone-a vc-gitem-zone-height-mode-auto vc-gitem-zone-height-mode-auto-1-1 vc_gitem-is-link\" style=\"background-image: url('https:\/\/www.smiledesigncenter.hu\/wp-content\/uploads\/2025\/10\/biomimetikus-osszehasonlitas-1024x540.jpg') !important;\"><a href=\"https:\/\/www.smiledesigncenter.hu\/en\/2025\/10\/01\/biomimetikus-fogpotlas-a-termeszetes-fogakhoz-legkozelebbi-megoldas\/\" title=\"Biomimetikus fogp\u00f3tl\u00e1s \u2013 a term\u00e9szetes fogakhoz legk\u00f6zelebbi megold\u00e1s\" class=\"vc_gitem-link vc-zone-link\"><\/a><img src=\"https:\/\/www.smiledesigncenter.hu\/wp-content\/uploads\/2025\/10\/biomimetikus-osszehasonlitas-1024x540.jpg\" class=\"vc_gitem-zone-img\" alt=\"\"><div class=\"vc_gitem-zone-mini\"><\/div><\/div><\/div><div class=\"vc_gitem-zone vc_gitem-zone-c vc_custom_1419240516480\"><div class=\"vc_gitem-zone-mini\"><div class=\"vc_gitem_row vc_row vc_gitem-row-position-top\"><div class=\"vc_col-sm-12 vc_gitem-col vc_gitem-col-align-\"><div class=\"vc_custom_heading vc_gitem-post-data vc_gitem-post-data-source-post_title\" ><h4 style=\"text-align: left\" >Biomimetikus fogp\u00f3tl\u00e1s \u2013 a term\u00e9szetes fogakhoz legk\u00f6zelebbi megold\u00e1s<\/h4><\/div><div class=\"vc_custom_heading vc_gitem-post-data vc_gitem-post-data-source-post_excerpt\" ><p style=\"text-align: left\" ><p>A modern fog\u00e1szatban egyre nagyobb szerepet kapnak azok a kezel\u00e9sek, amelyek nemcsak tart\u00f3sak \u00e9s eszt\u00e9tikusak, hanem a term\u00e9szetes fogakhoz legink\u00e1bb hasonl\u00f3 megold\u00e1st ny\u00fajtanak. A biomimetikus fogp\u00f3tl\u00e1s pontosan ezt jelenti: a term\u00e9szet mint\u00e1j\u00e1t k\u00f6vetve olyan anyagokat \u00e9s technik\u00e1kat alkalmazunk, amelyek szinte \u00e9szrevehetetlen\u00fcl illeszkednek a saj\u00e1t fogakhoz. Mi a k\u00fcl\u00f6nbs\u00e9g a hagyom\u00e1nyos t\u00f6m\u00e9s \u00e9s a biomimetikus fogp\u00f3tl\u00e1s<a class=\"moretag\" href=\"https:\/\/www.smiledesigncenter.hu\/en\/templatera\/a-tokeletes-mosolyhoz-csak-egy-idopont-foglalas-hianyzik\/\"> \u2026Read more\u2026<\/a><\/p>\n<\/p><\/div><div class=\"vc_btn3-container vc_btn3-left\"><a class=\"vc_general vc_btn3 vc_btn3-size-md vc_btn3-shape-rounded vc_btn3-style-flat vc_btn3-color-juicy-pink\" a href=\"https:\/\/www.smiledesigncenter.hu\/en\/2025\/10\/01\/biomimetikus-fogpotlas-a-termeszetes-fogakhoz-legkozelebbi-megoldas\/\" title=\"Tov\u00e1bb olvasom\">Tov\u00e1bb olvasom<\/a><\/div><\/div><\/div><\/div><\/div><\/div><div class=\"vc_clearfix\"><\/div><\/div><div class=\"vc_grid-item vc_clearfix vc_col-sm-3 vc_grid-item-zone-c-bottom\"><div class=\"vc_grid-item-mini vc_clearfix\"><div class=\"vc_gitem-animated-block\" ><div class=\"vc_gitem-zone vc_gitem-zone-a vc-gitem-zone-height-mode-auto vc-gitem-zone-height-mode-auto-1-1 vc_gitem-is-link\" style=\"background-image: url('https:\/\/www.smiledesigncenter.hu\/wp-content\/uploads\/2025\/07\/ia4ynckf-masolat.png') !important;\"><a href=\"https:\/\/www.smiledesigncenter.hu\/en\/2025\/07\/22\/egy-jo-mosoly-mogott-mindig-ott-van-egy-kivalo-fogtechnikus-bemutatkozik-az-artifex-dentis\/\" title=\"Egy j\u00f3 mosoly m\u00f6g\u00f6tt mindig ott van egy kiv\u00e1l\u00f3 fogtechnikus \u2013 bemutatkozik az Artifex Dentis\" class=\"vc_gitem-link vc-zone-link\"><\/a><img src=\"https:\/\/www.smiledesigncenter.hu\/wp-content\/uploads\/2025\/07\/ia4ynckf-masolat.png\" class=\"vc_gitem-zone-img\" alt=\"\"><div class=\"vc_gitem-zone-mini\"><\/div><\/div><\/div><div class=\"vc_gitem-zone vc_gitem-zone-c vc_custom_1419240516480\"><div class=\"vc_gitem-zone-mini\"><div class=\"vc_gitem_row vc_row vc_gitem-row-position-top\"><div class=\"vc_col-sm-12 vc_gitem-col vc_gitem-col-align-\"><div class=\"vc_custom_heading vc_gitem-post-data vc_gitem-post-data-source-post_title\" ><h4 style=\"text-align: left\" >Egy j\u00f3 mosoly m\u00f6g\u00f6tt mindig ott van egy kiv\u00e1l\u00f3 fogtechnikus \u2013 bemutatkozik az Artifex Dentis<\/h4><\/div><div class=\"vc_custom_heading vc_gitem-post-data vc_gitem-post-data-source-post_excerpt\" ><p style=\"text-align: left\" ><p>Egy gy\u00f6ny\u00f6r\u0171 mosoly megsz\u00fclet\u00e9s\u00e9hez nem el\u00e9g csup\u00e1n a fogorvosi sz\u00e9kben elt\u00f6lt\u00f6tt id\u0151. A h\u00e1tt\u00e9rben komoly csapatmunka zajlik \u2013 \u00e9s ebben kulcsszerepl\u0151k a fogtechnikusok. Mi a Smile Design Centerben pontosan tudjuk, mennyit sz\u00e1m\u00edt a prec\u00edz, megb\u00edzhat\u00f3 \u00e9s sz\u00ednvonalas fogtechnikai h\u00e1tt\u00e9r, ez\u00e9rt nem b\u00edzzuk ak\u00e1rkire ezt a feladatot. Hossz\u00fa \u00e9vek \u00f3ta dolgozunk egy\u00fctt partner\u00fcnkkel, az Artifex Dentis<a class=\"moretag\" href=\"https:\/\/www.smiledesigncenter.hu\/en\/templatera\/a-tokeletes-mosolyhoz-csak-egy-idopont-foglalas-hianyzik\/\"> \u2026Read more\u2026<\/a><\/p>\n<\/p><\/div><div class=\"vc_btn3-container vc_btn3-left\"><a class=\"vc_general vc_btn3 vc_btn3-size-md vc_btn3-shape-rounded vc_btn3-style-flat vc_btn3-color-juicy-pink\" a href=\"https:\/\/www.smiledesigncenter.hu\/en\/2025\/07\/22\/egy-jo-mosoly-mogott-mindig-ott-van-egy-kivalo-fogtechnikus-bemutatkozik-az-artifex-dentis\/\" title=\"Tov\u00e1bb olvasom\">Tov\u00e1bb olvasom<\/a><\/div><\/div><\/div><\/div><\/div><\/div><div class=\"vc_clearfix\"><\/div><\/div><\/div><\/div>\n\t<\/div>\n<\/div><\/div><\/div><\/div><\/div>","protected":false},"excerpt":{"rendered":"","protected":false},"author":2,"featured_media":0,"parent":0,"menu_order":0,"comment_status":"closed","ping_status":"closed","template":"page-templates\/home-2020.php","meta":{"footnotes":"","_joinchat":[]},"acf":[],"_links":{"self":[{"href":"https:\/\/www.smiledesigncenter.hu\/en\/wp-json\/wp\/v2\/pages\/6651"}],"collection":[{"href":"https:\/\/www.smiledesigncenter.hu\/en\/wp-json\/wp\/v2\/pages"}],"about":[{"href":"https:\/\/www.smiledesigncenter.hu\/en\/wp-json\/wp\/v2\/types\/page"}],"author":[{"embeddable":true,"href":"https:\/\/www.smiledesigncenter.hu\/en\/wp-json\/wp\/v2\/users\/2"}],"replies":[{"embeddable":true,"href":"https:\/\/www.smiledesigncenter.hu\/en\/wp-json\/wp\/v2\/comments?post=6651"}],"version-history":[{"count":82,"href":"https:\/\/www.smiledesigncenter.hu\/en\/wp-json\/wp\/v2\/pages\/6651\/revisions"}],"predecessor-version":[{"id":13329,"href":"https:\/\/www.smiledesigncenter.hu\/en\/wp-json\/wp\/v2\/pages\/6651\/revisions\/13329"}],"wp:attachment":[{"href":"https:\/\/www.smiledesigncenter.hu\/en\/wp-json\/wp\/v2\/media?parent=6651"}],"curies":[{"name":"wp","href":"https:\/\/api.w.org\/{rel}","templated":true}]}}