{"id":7118,"date":"2021-08-13T09:20:56","date_gmt":"2021-08-13T09:20:56","guid":{"rendered":"https:\/\/www.smiledesigncenter.hu\/?page_id=7118"},"modified":"2022-07-11T17:51:59","modified_gmt":"2022-07-11T17:51:59","slug":"ny-ivett","status":"publish","type":"page","link":"https:\/\/www.smiledesigncenter.hu\/en\/referenciaink\/ny-ivett\/","title":{"rendered":"Ny. Ivett"},"content":{"rendered":"<!-- Facebook Like Button Vivacity Infotech BEGIN -->\n<div class=\"fb-like\" data-href=\"https:\/\/www.smiledesigncenter.hu\/en\/referenciaink\/ny-ivett\/\" data-layout=\"standard\" data-action=\"recommend\" data-show-faces=\"false\" data-size=\"small\" data-width=\"450\" data-share=\"1\" ><\/div>\n<!-- Facebook Like Button Vivacity Infotech END -->\n<div class=\"vc_row wpb_row vc_row-fluid\"><div class=\"wpb_column vc_column_container vc_col-sm-4\"><div class=\"vc_column-inner\"><div class=\"wpb_wrapper\">\n\t<div  class=\"wpb_single_image wpb_content_element vc_align_left\">\n\t\t\n\t\t<figure class=\"wpb_wrapper vc_figure\">\n\t\t\t<a href=\"https:\/\/www.smiledesigncenter.hu\/wp-content\/uploads\/2021\/08\/ny-ivett-main-V2-680x1024.jpg\" target=\"_self\" class=\"vc_single_image-wrapper   vc_box_border_grey\"><img width=\"1440\" height=\"2168\" src=\"https:\/\/www.smiledesigncenter.hu\/wp-content\/uploads\/2021\/08\/ny-ivett-main-V2.jpg\" class=\"vc_single_image-img attachment-full\" alt=\"Ny. Ivett\" decoding=\"async\" loading=\"lazy\" srcset=\"https:\/\/www.smiledesigncenter.hu\/wp-content\/uploads\/2021\/08\/ny-ivett-main-V2.jpg 1440w, https:\/\/www.smiledesigncenter.hu\/wp-content\/uploads\/2021\/08\/ny-ivett-main-V2-199x300.jpg 199w, https:\/\/www.smiledesigncenter.hu\/wp-content\/uploads\/2021\/08\/ny-ivett-main-V2-680x1024.jpg 680w, https:\/\/www.smiledesigncenter.hu\/wp-content\/uploads\/2021\/08\/ny-ivett-main-V2-1020x1536.jpg 1020w, https:\/\/www.smiledesigncenter.hu\/wp-content\/uploads\/2021\/08\/ny-ivett-main-V2-1360x2048.jpg 1360w\" sizes=\"(max-width: 1440px) 100vw, 1440px\" \/><\/a>\n\t\t<\/figure>\n\t<\/div>\n<\/div><\/div><\/div><div class=\"wpb_column vc_column_container vc_col-sm-8\"><div class=\"vc_column-inner\"><div class=\"wpb_wrapper\"><div class=\"vc_row wpb_row vc_inner vc_row-fluid\"><div class=\"wpb_column vc_column_container vc_col-sm-6\"><div class=\"vc_column-inner\"><div class=\"wpb_wrapper\">\n\t<div  class=\"wpb_single_image wpb_content_element vc_align_left\">\n\t\t\n\t\t<figure class=\"wpb_wrapper vc_figure\">\n\t\t\t<a href=\"https:\/\/www.smiledesigncenter.hu\/wp-content\/uploads\/2022\/01\/ivett-5-1024x678.jpg\" target=\"_self\" class=\"vc_single_image-wrapper   vc_box_border_grey\"><img width=\"1366\" height=\"905\" src=\"https:\/\/www.smiledesigncenter.hu\/wp-content\/uploads\/2022\/01\/ivett-5.jpg\" class=\"vc_single_image-img attachment-full\" alt=\"\" decoding=\"async\" loading=\"lazy\" srcset=\"https:\/\/www.smiledesigncenter.hu\/wp-content\/uploads\/2022\/01\/ivett-5.jpg 1366w, https:\/\/www.smiledesigncenter.hu\/wp-content\/uploads\/2022\/01\/ivett-5-300x199.jpg 300w, https:\/\/www.smiledesigncenter.hu\/wp-content\/uploads\/2022\/01\/ivett-5-1024x678.jpg 1024w\" sizes=\"(max-width: 1366px) 100vw, 1366px\" \/><\/a><figcaption class=\"vc_figure-caption\">El\u0151tte<\/figcaption>\n\t\t<\/figure>\n\t<\/div>\n<\/div><\/div><\/div><div class=\"wpb_column vc_column_container vc_col-sm-6\"><div class=\"vc_column-inner\"><div class=\"wpb_wrapper\">\n\t<div  class=\"wpb_single_image wpb_content_element vc_align_left\">\n\t\t\n\t\t<figure class=\"wpb_wrapper vc_figure\">\n\t\t\t<a href=\"https:\/\/www.smiledesigncenter.hu\/wp-content\/uploads\/2021\/08\/ny-ivett-belso-elotte-1.jpg\" target=\"_self\" class=\"vc_single_image-wrapper   vc_box_border_grey\"><img width=\"1024\" height=\"648\" src=\"https:\/\/www.smiledesigncenter.hu\/wp-content\/uploads\/2021\/08\/ny-ivett-belso-elotte-1.jpg\" class=\"vc_single_image-img attachment-full\" alt=\"El\u0151tte\" decoding=\"async\" loading=\"lazy\" srcset=\"https:\/\/www.smiledesigncenter.hu\/wp-content\/uploads\/2021\/08\/ny-ivett-belso-elotte-1.jpg 1024w, https:\/\/www.smiledesigncenter.hu\/wp-content\/uploads\/2021\/08\/ny-ivett-belso-elotte-1-300x190.jpg 300w\" sizes=\"(max-width: 1024px) 100vw, 1024px\" \/><\/a><figcaption class=\"vc_figure-caption\">El\u0151tte<\/figcaption>\n\t\t<\/figure>\n\t<\/div>\n<\/div><\/div><\/div><\/div><div class=\"vc_row wpb_row vc_inner vc_row-fluid\"><div class=\"wpb_column vc_column_container vc_col-sm-6\"><div class=\"vc_column-inner\"><div class=\"wpb_wrapper\">\n\t<div  class=\"wpb_single_image wpb_content_element vc_align_left\">\n\t\t\n\t\t<figure class=\"wpb_wrapper vc_figure\">\n\t\t\t<a href=\"https:\/\/www.smiledesigncenter.hu\/wp-content\/uploads\/2022\/01\/ivett-6-1024x678.jpg\" target=\"_self\" class=\"vc_single_image-wrapper   vc_box_border_grey\"><img width=\"1366\" height=\"905\" src=\"https:\/\/www.smiledesigncenter.hu\/wp-content\/uploads\/2022\/01\/ivett-6.jpg\" class=\"vc_single_image-img attachment-full\" alt=\"\" decoding=\"async\" loading=\"lazy\" srcset=\"https:\/\/www.smiledesigncenter.hu\/wp-content\/uploads\/2022\/01\/ivett-6.jpg 1366w, https:\/\/www.smiledesigncenter.hu\/wp-content\/uploads\/2022\/01\/ivett-6-300x199.jpg 300w, https:\/\/www.smiledesigncenter.hu\/wp-content\/uploads\/2022\/01\/ivett-6-1024x678.jpg 1024w\" sizes=\"(max-width: 1366px) 100vw, 1366px\" \/><\/a><figcaption class=\"vc_figure-caption\">Helyre\u00e1ll\u00edt\u00e1s k\u00f6zben<\/figcaption>\n\t\t<\/figure>\n\t<\/div>\n<\/div><\/div><\/div><div class=\"wpb_column vc_column_container vc_col-sm-6\"><div class=\"vc_column-inner\"><div class=\"wpb_wrapper\">\n\t<div  class=\"wpb_single_image wpb_content_element vc_align_left\">\n\t\t\n\t\t<figure class=\"wpb_wrapper vc_figure\">\n\t\t\t<a href=\"https:\/\/www.smiledesigncenter.hu\/wp-content\/uploads\/2021\/08\/ny-ivett-belso-utana-1.jpg\" target=\"_self\" class=\"vc_single_image-wrapper   vc_box_border_grey\"><img width=\"1024\" height=\"648\" src=\"https:\/\/www.smiledesigncenter.hu\/wp-content\/uploads\/2021\/08\/ny-ivett-belso-utana-1.jpg\" class=\"vc_single_image-img attachment-full\" alt=\"Ut\u00e1na\" decoding=\"async\" loading=\"lazy\" srcset=\"https:\/\/www.smiledesigncenter.hu\/wp-content\/uploads\/2021\/08\/ny-ivett-belso-utana-1.jpg 1024w, https:\/\/www.smiledesigncenter.hu\/wp-content\/uploads\/2021\/08\/ny-ivett-belso-utana-1-300x190.jpg 300w\" sizes=\"(max-width: 1024px) 100vw, 1024px\" \/><\/a><figcaption class=\"vc_figure-caption\">Ut\u00e1na<\/figcaption>\n\t\t<\/figure>\n\t<\/div>\n<\/div><\/div><\/div><\/div><div class=\"vc_row wpb_row vc_inner vc_row-fluid\"><div class=\"wpb_column vc_column_container vc_col-sm-6\"><div class=\"vc_column-inner\"><div class=\"wpb_wrapper\">\n\t<div  class=\"wpb_single_image wpb_content_element vc_align_left\">\n\t\t\n\t\t<figure class=\"wpb_wrapper vc_figure\">\n\t\t\t<a href=\"https:\/\/www.smiledesigncenter.hu\/wp-content\/uploads\/2022\/01\/ivett-3.jpg\" target=\"_self\" class=\"vc_single_image-wrapper   vc_box_border_grey\"><img width=\"513\" height=\"768\" src=\"https:\/\/www.smiledesigncenter.hu\/wp-content\/uploads\/2022\/01\/ivett-3.jpg\" class=\"vc_single_image-img attachment-full\" alt=\"\" decoding=\"async\" loading=\"lazy\" srcset=\"https:\/\/www.smiledesigncenter.hu\/wp-content\/uploads\/2022\/01\/ivett-3.jpg 513w, https:\/\/www.smiledesigncenter.hu\/wp-content\/uploads\/2022\/01\/ivett-3-200x300.jpg 200w\" sizes=\"(max-width: 513px) 100vw, 513px\" \/><\/a><figcaption class=\"vc_figure-caption\">Ut\u00e1na<\/figcaption>\n\t\t<\/figure>\n\t<\/div>\n<\/div><\/div><\/div><div class=\"wpb_column vc_column_container vc_col-sm-6\"><div class=\"vc_column-inner\"><div class=\"wpb_wrapper\">\n\t<div  class=\"wpb_single_image wpb_content_element vc_align_left\">\n\t\t\n\t\t<figure class=\"wpb_wrapper vc_figure\">\n\t\t\t<a href=\"https:\/\/www.smiledesigncenter.hu\/wp-content\/uploads\/2022\/01\/ivett-4-1024x684.jpg\" target=\"_self\" class=\"vc_single_image-wrapper   vc_box_border_grey\"><img width=\"1366\" height=\"912\" src=\"https:\/\/www.smiledesigncenter.hu\/wp-content\/uploads\/2022\/01\/ivett-4.jpg\" class=\"vc_single_image-img attachment-full\" alt=\"\" decoding=\"async\" loading=\"lazy\" srcset=\"https:\/\/www.smiledesigncenter.hu\/wp-content\/uploads\/2022\/01\/ivett-4.jpg 1366w, https:\/\/www.smiledesigncenter.hu\/wp-content\/uploads\/2022\/01\/ivett-4-300x200.jpg 300w, https:\/\/www.smiledesigncenter.hu\/wp-content\/uploads\/2022\/01\/ivett-4-1024x684.jpg 1024w\" sizes=\"(max-width: 1366px) 100vw, 1366px\" \/><\/a><figcaption class=\"vc_figure-caption\">Ut\u00e1na<\/figcaption>\n\t\t<\/figure>\n\t<\/div>\n<\/div><\/div><\/div><\/div><div class=\"vc_row wpb_row vc_inner vc_row-fluid\"><div class=\"wpb_column vc_column_container vc_col-sm-6\"><div class=\"vc_column-inner\"><div class=\"wpb_wrapper\">\n\t<div  class=\"wpb_single_image wpb_content_element vc_align_left\">\n\t\t\n\t\t<figure class=\"wpb_wrapper vc_figure\">\n\t\t\t<a href=\"https:\/\/www.smiledesigncenter.hu\/wp-content\/uploads\/2022\/01\/ivett-1-1024x684.jpg\" target=\"_self\" class=\"vc_single_image-wrapper   vc_box_border_grey\"><img width=\"1366\" height=\"912\" src=\"https:\/\/www.smiledesigncenter.hu\/wp-content\/uploads\/2022\/01\/ivett-1.jpg\" class=\"vc_single_image-img attachment-full\" alt=\"\" decoding=\"async\" loading=\"lazy\" srcset=\"https:\/\/www.smiledesigncenter.hu\/wp-content\/uploads\/2022\/01\/ivett-1.jpg 1366w, https:\/\/www.smiledesigncenter.hu\/wp-content\/uploads\/2022\/01\/ivett-1-300x200.jpg 300w, https:\/\/www.smiledesigncenter.hu\/wp-content\/uploads\/2022\/01\/ivett-1-1024x684.jpg 1024w\" sizes=\"(max-width: 1366px) 100vw, 1366px\" \/><\/a><figcaption class=\"vc_figure-caption\">Ut\u00e1na<\/figcaption>\n\t\t<\/figure>\n\t<\/div>\n<\/div><\/div><\/div><div class=\"wpb_column vc_column_container vc_col-sm-6\"><div class=\"vc_column-inner\"><div class=\"wpb_wrapper\">\n\t<div  class=\"wpb_single_image wpb_content_element vc_align_left\">\n\t\t\n\t\t<figure class=\"wpb_wrapper vc_figure\">\n\t\t\t<a href=\"https:\/\/www.smiledesigncenter.hu\/wp-content\/uploads\/2022\/01\/ivett-2-1024x684.jpg\" target=\"_self\" class=\"vc_single_image-wrapper   vc_box_border_grey\"><img width=\"1366\" height=\"912\" src=\"https:\/\/www.smiledesigncenter.hu\/wp-content\/uploads\/2022\/01\/ivett-2.jpg\" class=\"vc_single_image-img attachment-full\" alt=\"\" decoding=\"async\" loading=\"lazy\" srcset=\"https:\/\/www.smiledesigncenter.hu\/wp-content\/uploads\/2022\/01\/ivett-2.jpg 1366w, https:\/\/www.smiledesigncenter.hu\/wp-content\/uploads\/2022\/01\/ivett-2-300x200.jpg 300w, https:\/\/www.smiledesigncenter.hu\/wp-content\/uploads\/2022\/01\/ivett-2-1024x684.jpg 1024w\" sizes=\"(max-width: 1366px) 100vw, 1366px\" \/><\/a><figcaption class=\"vc_figure-caption\">Ut\u00e1na<\/figcaption>\n\t\t<\/figure>\n\t<\/div>\n<\/div><\/div><\/div><\/div><\/div><\/div><\/div><\/div>","protected":false},"excerpt":{"rendered":"","protected":false},"author":4,"featured_media":0,"parent":2468,"menu_order":0,"comment_status":"closed","ping_status":"closed","template":"","meta":{"footnotes":"","_joinchat":[]},"acf":[],"aioseo_notices":[],"_links":{"self":[{"href":"https:\/\/www.smiledesigncenter.hu\/en\/wp-json\/wp\/v2\/pages\/7118"}],"collection":[{"href":"https:\/\/www.smiledesigncenter.hu\/en\/wp-json\/wp\/v2\/pages"}],"about":[{"href":"https:\/\/www.smiledesigncenter.hu\/en\/wp-json\/wp\/v2\/types\/page"}],"author":[{"embeddable":true,"href":"https:\/\/www.smiledesigncenter.hu\/en\/wp-json\/wp\/v2\/users\/4"}],"replies":[{"embeddable":true,"href":"https:\/\/www.smiledesigncenter.hu\/en\/wp-json\/wp\/v2\/comments?post=7118"}],"version-history":[{"count":9,"href":"https:\/\/www.smiledesigncenter.hu\/en\/wp-json\/wp\/v2\/pages\/7118\/revisions"}],"predecessor-version":[{"id":7737,"href":"https:\/\/www.smiledesigncenter.hu\/en\/wp-json\/wp\/v2\/pages\/7118\/revisions\/7737"}],"up":[{"embeddable":true,"href":"https:\/\/www.smiledesigncenter.hu\/en\/wp-json\/wp\/v2\/pages\/2468"}],"wp:attachment":[{"href":"https:\/\/www.smiledesigncenter.hu\/en\/wp-json\/wp\/v2\/media?parent=7118"}],"curies":[{"name":"wp","href":"https:\/\/api.w.org\/{rel}","templated":true}]}}