{"id":7185,"date":"2021-11-06T09:59:41","date_gmt":"2021-11-06T09:59:41","guid":{"rendered":"https:\/\/www.smiledesigncenter.hu\/?page_id=7185"},"modified":"2021-11-06T11:07:28","modified_gmt":"2021-11-06T11:07:28","slug":"mosolytervezes-nyiregyhaza","status":"publish","type":"page","link":"https:\/\/www.smiledesigncenter.hu\/en\/professional-smile-design-in-nyiregyhaza\/","title":{"rendered":"Mosolytervez\u00e9s Ny\u00edregyh\u00e1z\u00e1n"},"content":{"rendered":"<!-- Facebook Like Button Vivacity Infotech BEGIN -->\n<div class=\"fb-like\" data-href=\"https:\/\/www.smiledesigncenter.hu\/en\/professional-smile-design-in-nyiregyhaza\/\" data-layout=\"standard\" data-action=\"recommend\" data-show-faces=\"false\" data-size=\"small\" data-width=\"450\" data-share=\"1\" ><\/div>\n<!-- Facebook Like Button Vivacity Infotech END -->\n<div class=\"vc_row wpb_row vc_row-fluid\"><div class=\"wpb_column vc_column_container vc_col-sm-6\"><div class=\"vc_column-inner\"><div class=\"wpb_wrapper\">\n\t<div class=\"wpb_text_column wpb_content_element\" >\n\t\t<div class=\"wpb_wrapper\">\n\t\t\t<h4>Request an appointment!<\/h4>\n\n\t\t<\/div>\n\t<\/div>\n\n<div class=\"wpcf7 no-js\" id=\"wpcf7-f1702-o1\" lang=\"en-US\" dir=\"ltr\">\n<div class=\"screen-reader-response\"><p role=\"status\" aria-live=\"polite\" aria-atomic=\"true\"><\/p> <ul><\/ul><\/div>\n<form action=\"\/en\/wp-json\/wp\/v2\/pages\/7185#wpcf7-f1702-o1\" method=\"post\" class=\"wpcf7-form init\" aria-label=\"Contact form\" novalidate=\"novalidate\" data-status=\"init\" data-trp-original-action=\"\/en\/wp-json\/wp\/v2\/pages\/7185#wpcf7-f1702-o1\">\n<div style=\"display: none;\">\n<input type=\"hidden\" name=\"_wpcf7\" value=\"1702\" \/>\n<input type=\"hidden\" name=\"_wpcf7_version\" value=\"5.8\" \/>\n<input type=\"hidden\" name=\"_wpcf7_locale\" value=\"en_US\" \/>\n<input type=\"hidden\" name=\"_wpcf7_unit_tag\" value=\"wpcf7-f1702-o1\" \/>\n<input type=\"hidden\" name=\"_wpcf7_container_post\" value=\"0\" \/>\n<input type=\"hidden\" name=\"_wpcf7_posted_data_hash\" value=\"\" \/>\n<\/div>\n<div class=\"input-group\">\n\t<p><span class=\"wpcf7-form-control-wrap\" data-name=\"nev\"><input size=\"40\" class=\"wpcf7-form-control wpcf7-text wpcf7-validates-as-required\" aria-required=\"true\" aria-invalid=\"false\" placeholder=\"Name\" value=\"\" type=\"text\" name=\"nev\" \/><\/span>\n\t<\/p>\n<\/div>\n<div class=\"input-group\">\n\t<p><span class=\"wpcf7-form-control-wrap\" data-name=\"telefonszam\"><input size=\"40\" class=\"wpcf7-form-control wpcf7-text wpcf7-validates-as-required\" aria-required=\"true\" aria-invalid=\"false\" placeholder=\"Phone number\" value=\"\" type=\"text\" name=\"telefonszam\" \/><\/span>\n\t<\/p>\n<\/div>\n<div class=\"input-group\">\n\t<p><span class=\"wpcf7-form-control-wrap\" data-name=\"email\"><input size=\"40\" class=\"wpcf7-form-control wpcf7-email wpcf7-validates-as-required wpcf7-text wpcf7-validates-as-email\" aria-required=\"true\" aria-invalid=\"false\" placeholder=\"E-mail\" value=\"\" type=\"email\" name=\"email\" \/><\/span>\n\t<\/p>\n<\/div>\n<div class=\"input-group\">\n\t<p><span class=\"wpcf7-form-control-wrap\" data-name=\"megjegyzes\"><textarea cols=\"40\" rows=\"10\" class=\"wpcf7-form-control wpcf7-textarea wpcf7-validates-as-required\" aria-required=\"true\" aria-invalid=\"false\" placeholder=\"Comment\" name=\"megjegyzes\"><\/textarea><\/span>\n\t<\/p>\n<\/div>\n<p><span class=\"wpcf7-form-control-wrap\" data-name=\"your-consent\"><span class=\"wpcf7-form-control wpcf7-acceptance\"><span class=\"wpcf7-list-item\"><label><input type=\"checkbox\" name=\"your-consent\" value=\"1\" aria-invalid=\"false\" \/><span class=\"wpcf7-list-item-label\">I, the undersigned, by ticking the checkbox below - based on Article 6 (1) point b) of the General Data Protection Regulation (GDPR) and Article 7 - acknowledge that the data controller will process my personal data provided by the GDPR, as well as my own you can manage it according to the terms of its data management information.<\/span><\/label><\/span><\/span><\/span>\n<\/p>\n<div id=\"cf7sr-6a04b04f09f64\" class=\"cf7sr-g-recaptcha\" data-sitekey=\"6LedT2AbAAAAAIJBs94d1UwqASluf_H2Xu2FcyNS\"><\/div><span class=\"wpcf7-form-control-wrap cf7sr-recaptcha\" data-name=\"cf7sr-recaptcha\"><input type=\"hidden\" name=\"cf7sr-recaptcha\" value=\"\" class=\"wpcf7-form-control\"><\/span>\n<\/p>\n<p><input class=\"wpcf7-form-control wpcf7-submit has-spinner\" type=\"submit\" value=\"Sending\" \/>\n<\/p><p style=\"display: none !important;\"><label>&#916;<textarea name=\"_wpcf7_ak_hp_textarea\" cols=\"45\" rows=\"8\" maxlength=\"100\"><\/textarea><\/label><input type=\"hidden\" id=\"ak_js_1\" name=\"_wpcf7_ak_js\" value=\"46\"\/><script>document.getElementById( \"ak_js_1\" ).setAttribute( \"value\", ( new Date() ).getTime() );<\/script><\/p><div class=\"wpcf7-response-output\" aria-hidden=\"true\"><\/div>\n<input type=\"hidden\" name=\"trp-form-language\" value=\"en\"\/><\/form>\n<\/div>\n<\/div><\/div><\/div><div class=\"wpb_column vc_column_container vc_col-sm-6\"><div class=\"vc_column-inner\"><div class=\"wpb_wrapper\">\n\t<div class=\"wpb_text_column wpb_content_element\" >\n\t\t<div class=\"wpb_wrapper\">\n\t\t\t<p><strong>Professional smile design!<\/strong><\/p>\n<p>Have you ever envied the stars who appear on the front page with a wide smile and captivating confidence, whose smiles also seem perfect in their seemingly perfect lives?<\/p>\n<p class=\" translation-block\">We help! This is no longer a privilege, a healthy, beautiful smile is also available to you. Of course, the most important, completely normal human need in addition to healthy teeth is an aesthetic smile. You already have it planned out in your mind, don't you? Not yet? Then close your eyes, we'll help you with that too! Do you just sit in a dentist's chair, <strong>3 quick photos, 10 minutes and immediately see yourself with a new smile,<\/strong> which will be made in a few days? <strong>Unfortunately, we have to sound a wake-up call, because this is often a loss of eyesight<\/strong> than professional smile design!<\/p>\n<p><img decoding=\"async\" loading=\"lazy\" class=\"aligncenter size-full wp-image-7189\" src=\"https:\/\/www.smiledesigncenter.hu\/wp-content\/uploads\/2021\/11\/mosolytervezes-nyiregyhaza.jpg\" alt=\"\" width=\"541\" height=\"263\" srcset=\"https:\/\/www.smiledesigncenter.hu\/wp-content\/uploads\/2021\/11\/mosolytervezes-nyiregyhaza.jpg 541w, https:\/\/www.smiledesigncenter.hu\/wp-content\/uploads\/2021\/11\/mosolytervezes-nyiregyhaza-300x146.jpg 300w\" sizes=\"(max-width: 541px) 100vw, 541px\" \/><\/p>\n\n\t\t<\/div>\n\t<\/div>\n<\/div><\/div><\/div><\/div><div class=\"vc_row wpb_row vc_row-fluid\"><div class=\"wpb_column vc_column_container vc_col-sm-12\"><div class=\"vc_column-inner\"><div class=\"wpb_wrapper\">\n\t<div class=\"wpb_text_column wpb_content_element\" >\n\t\t<div class=\"wpb_wrapper\">\n\t\t\t<p><strong>How does smile design work at the Smile Design Center? <\/strong><\/p>\n<p>First of all, it is similar, it is really necessary to request a consultation in our clinic. Unfortunately, we cannot yet design a smile for you from a digitally sent photo. During the consultation, our specialist assesses the health and aesthetic condition of your teeth. In all cases, a CT scan or a 3D panoramic X-ray is necessary, because we could draw a smile line for you in 2 dimensions at most, but that is still a long way from smile design.<\/p>\n\n\t\t<\/div>\n\t<\/div>\n<div class=\"vc_row wpb_row vc_inner vc_row-fluid\"><div class=\"wpb_column vc_column_container vc_col-sm-6\"><div class=\"vc_column-inner\"><div class=\"wpb_wrapper\">\n\t<div  class=\"wpb_single_image wpb_content_element vc_align_left\">\n\t\t\n\t\t<figure class=\"wpb_wrapper vc_figure\">\n\t\t\t<div class=\"vc_single_image-wrapper   vc_box_border_grey\"><img width=\"800\" height=\"533\" src=\"https:\/\/www.smiledesigncenter.hu\/wp-content\/uploads\/2018\/05\/Smile_Design_Center_28.jpg\" class=\"vc_single_image-img attachment-large\" alt=\"\" decoding=\"async\" loading=\"lazy\" srcset=\"https:\/\/www.smiledesigncenter.hu\/wp-content\/uploads\/2018\/05\/Smile_Design_Center_28.jpg 800w, https:\/\/www.smiledesigncenter.hu\/wp-content\/uploads\/2018\/05\/Smile_Design_Center_28-300x200.jpg 300w, https:\/\/www.smiledesigncenter.hu\/wp-content\/uploads\/2018\/05\/Smile_Design_Center_28-768x512.jpg 768w\" sizes=\"(max-width: 800px) 100vw, 800px\" \/><\/div>\n\t\t<\/figure>\n\t<\/div>\n<\/div><\/div><\/div><div class=\"wpb_column vc_column_container vc_col-sm-6\"><div class=\"vc_column-inner\"><div class=\"wpb_wrapper\">\n\t<div  class=\"wpb_single_image wpb_content_element vc_align_left\">\n\t\t\n\t\t<figure class=\"wpb_wrapper vc_figure\">\n\t\t\t<div class=\"vc_single_image-wrapper   vc_box_border_grey\"><img width=\"800\" height=\"533\" src=\"https:\/\/www.smiledesigncenter.hu\/wp-content\/uploads\/2018\/05\/Smile_Design_Center_27.jpg\" class=\"vc_single_image-img attachment-large\" alt=\"\" decoding=\"async\" loading=\"lazy\" srcset=\"https:\/\/www.smiledesigncenter.hu\/wp-content\/uploads\/2018\/05\/Smile_Design_Center_27.jpg 800w, https:\/\/www.smiledesigncenter.hu\/wp-content\/uploads\/2018\/05\/Smile_Design_Center_27-300x200.jpg 300w, https:\/\/www.smiledesigncenter.hu\/wp-content\/uploads\/2018\/05\/Smile_Design_Center_27-768x512.jpg 768w\" sizes=\"(max-width: 800px) 100vw, 800px\" \/><\/div>\n\t\t<\/figure>\n\t<\/div>\n<\/div><\/div><\/div><\/div><\/div><\/div><\/div><\/div><div class=\"vc_row wpb_row vc_row-fluid\"><div class=\"wpb_column vc_column_container vc_col-sm-12\"><div class=\"vc_column-inner\"><div class=\"wpb_wrapper\">\n\t<div class=\"wpb_text_column wpb_content_element\" >\n\t\t<div class=\"wpb_wrapper\">\n\t\t\t<p>The second step is to prepare the teeth based on the CT, Panoramic X-ray and the general dental guidelines, since in many cases the placement of a crown or the installation of an implant is also necessary. Of course, all our interventions are painless, you can almost fall asleep in the dentist's chair. After the preparation, an impression is taken.<\/p>\n\n\t\t<\/div>\n\t<\/div>\n<div class=\"vc_row wpb_row vc_inner vc_row-fluid\"><div class=\"wpb_column vc_column_container vc_col-sm-12\"><div class=\"vc_column-inner\"><div class=\"wpb_wrapper\">\n\t<div  class=\"wpb_single_image wpb_content_element vc_align_left\">\n\t\t\n\t\t<figure class=\"wpb_wrapper vc_figure\">\n\t\t\t<div class=\"vc_single_image-wrapper   vc_box_border_grey\"><img width=\"1920\" height=\"651\" src=\"https:\/\/www.smiledesigncenter.hu\/wp-content\/uploads\/2020\/09\/slide-2.jpg\" class=\"vc_single_image-img attachment-full\" alt=\"\" decoding=\"async\" loading=\"lazy\" srcset=\"https:\/\/www.smiledesigncenter.hu\/wp-content\/uploads\/2020\/09\/slide-2.jpg 1920w, https:\/\/www.smiledesigncenter.hu\/wp-content\/uploads\/2020\/09\/slide-2-300x102.jpg 300w, https:\/\/www.smiledesigncenter.hu\/wp-content\/uploads\/2020\/09\/slide-2-1024x347.jpg 1024w, https:\/\/www.smiledesigncenter.hu\/wp-content\/uploads\/2020\/09\/slide-2-768x260.jpg 768w, https:\/\/www.smiledesigncenter.hu\/wp-content\/uploads\/2020\/09\/slide-2-1536x521.jpg 1536w\" sizes=\"(max-width: 1920px) 100vw, 1920px\" \/><\/div>\n\t\t<\/figure>\n\t<\/div>\n\n\t<div class=\"wpb_text_column wpb_content_element\" >\n\t\t<div class=\"wpb_wrapper\">\n\t\t\t<p>The third step is the diagnosis of the jaw joint in the smile design process, the movement of the jaw is important, as your smile would not be sincere in the future if you could not close your teeth perfectly. The essence of the jaw joint diagnostics is that the installed denture will feel the same as if it were your own teeth, it is immediately comfortable to bite and wear.<\/p>\n\n\t\t<\/div>\n\t<\/div>\n<\/div><\/div><\/div><\/div><div class=\"vc_row wpb_row vc_inner vc_row-fluid\"><div class=\"wpb_column vc_column_container vc_col-sm-6\"><div class=\"vc_column-inner\"><div class=\"wpb_wrapper\">\n\t<div  class=\"wpb_single_image wpb_content_element vc_align_left\">\n\t\t\n\t\t<figure class=\"wpb_wrapper vc_figure\">\n\t\t\t<div class=\"vc_single_image-wrapper   vc_box_border_grey\"><img width=\"800\" height=\"534\" src=\"https:\/\/www.smiledesigncenter.hu\/wp-content\/uploads\/2017\/10\/DSC5187_resize.jpg\" class=\"vc_single_image-img attachment-large\" alt=\"\" decoding=\"async\" loading=\"lazy\" srcset=\"https:\/\/www.smiledesigncenter.hu\/wp-content\/uploads\/2017\/10\/DSC5187_resize.jpg 800w, https:\/\/www.smiledesigncenter.hu\/wp-content\/uploads\/2017\/10\/DSC5187_resize-300x200.jpg 300w, https:\/\/www.smiledesigncenter.hu\/wp-content\/uploads\/2017\/10\/DSC5187_resize-768x513.jpg 768w\" sizes=\"(max-width: 800px) 100vw, 800px\" \/><\/div>\n\t\t<\/figure>\n\t<\/div>\n<\/div><\/div><\/div><div class=\"wpb_column vc_column_container vc_col-sm-6\"><div class=\"vc_column-inner\"><div class=\"wpb_wrapper\">\n\t<div  class=\"wpb_single_image wpb_content_element vc_align_left\">\n\t\t\n\t\t<figure class=\"wpb_wrapper vc_figure\">\n\t\t\t<div class=\"vc_single_image-wrapper   vc_box_border_grey\"><img width=\"800\" height=\"534\" src=\"https:\/\/www.smiledesigncenter.hu\/wp-content\/uploads\/2017\/10\/DSC51861_resize.jpg\" class=\"vc_single_image-img attachment-large\" alt=\"\" decoding=\"async\" loading=\"lazy\" srcset=\"https:\/\/www.smiledesigncenter.hu\/wp-content\/uploads\/2017\/10\/DSC51861_resize.jpg 800w, https:\/\/www.smiledesigncenter.hu\/wp-content\/uploads\/2017\/10\/DSC51861_resize-300x200.jpg 300w, https:\/\/www.smiledesigncenter.hu\/wp-content\/uploads\/2017\/10\/DSC51861_resize-768x513.jpg 768w\" sizes=\"(max-width: 800px) 100vw, 800px\" \/><\/div>\n\t\t<\/figure>\n\t<\/div>\n<\/div><\/div><\/div><\/div><div class=\"vc_row wpb_row vc_inner vc_row-fluid\"><div class=\"wpb_column vc_column_container vc_col-sm-12\"><div class=\"vc_column-inner\"><div class=\"wpb_wrapper\">\n\t<div class=\"wpb_text_column wpb_content_element\" >\n\t\t<div class=\"wpb_wrapper\">\n\t\t\t<p>Based on the results of the CT scan, the impression sample and the diagnosis of the jaw joint, an experienced dental technician designs your teeth with a professional dental technology program, which we can print with a 3D printer worth nearly 15 million.<\/p>\n<p>One of the most spectacular stages of smile design follows: the 3D printer prints your new smile from plastic, so you can try out your future teeth before we mill them out of more expensive zirconia.<\/p>\n<p><strong><img decoding=\"async\" loading=\"lazy\" class=\"alignleft wp-image-7208 size-medium\" src=\"https:\/\/www.smiledesigncenter.hu\/wp-content\/uploads\/2021\/11\/3d-nyomtatott-fog-300x180.jpg\" alt=\"\" width=\"300\" height=\"180\" srcset=\"https:\/\/www.smiledesigncenter.hu\/wp-content\/uploads\/2021\/11\/3d-nyomtatott-fog-300x180.jpg 300w, https:\/\/www.smiledesigncenter.hu\/wp-content\/uploads\/2021\/11\/3d-nyomtatott-fog.jpg 400w\" sizes=\"(max-width: 300px) 100vw, 300px\" \/>So, you will not receive a 2-dimensional photo as a design from us, but a 3D printed plastic denture, which is preceded by professional design work.<\/strong> Ezt kipr\u00f3b\u00e1lhatja, sz\u00fcks\u00e9g eset\u00e9n tudunk rajta m\u00f3dos\u00edtani, ha nem \u00e1ll j\u00f3l, \u00fajra tudjuk azt tervezni, \u00fajra ki tudjuk olcs\u00f3n nyomtatni.<\/p>\n<p>If you not only like the look, but also find it comfortable to wear, then the actual tooth will be made, using CAD-CAM technology, we will mill a copy of the plastic tooth with micron precision, usually from zircon.<\/p>\n<p>If you also want a guaranteed confident, aesthetic, beautiful set of teeth, then don't hesitate, contact us, let the smile design begin with our help! Our goal is not for you to get a denture that will only be good for one or two years, but that will serve you for decades, will provide you with an aesthetic view, comfortable chewing, and comfortable wear over the years!<\/p>\n\n\t\t<\/div>\n\t<\/div>\n<\/div><\/div><\/div><\/div><\/div><\/div><\/div><\/div><div data-vc-full-width=\"true\" data-vc-full-width-init=\"false\" class=\"vc_row wpb_row vc_row-fluid vc_custom_1480187789168 vc_row-has-fill\"><div class=\"wpb_column vc_column_container vc_col-sm-12\"><div class=\"vc_column-inner\"><div class=\"wpb_wrapper\"><h4 style=\"color: #ffffff;text-align: center\" class=\"vc_custom_heading\" >We want to make your smile perfect!<\/h4><div class=\"vc_btn3-container vc_btn3-center\" ><a class=\"vc_general vc_btn3 vc_btn3-size-md vc_btn3-shape-rounded vc_btn3-style-modern vc_btn3-color-white\" href=\"https:\/\/www.smiledesigncenter.hu\/en\/contact-us\/\" title=\"\">I want an appointment!<\/a><\/div><\/div><\/div><\/div><\/div><div class=\"vc_row-full-width vc_clearfix\"><\/div><div class=\"vc_row wpb_row vc_row-fluid\"><div class=\"wpb_column vc_column_container vc_col-sm-12\"><div class=\"vc_column-inner\"><div class=\"wpb_wrapper\">\n\t<div class=\"wpb_text_column wpb_content_element\" >\n\t\t<div class=\"wpb_wrapper\">\n\t\t\t\n\t\t<\/div>\n\t<\/div>\n<\/div><\/div><\/div><\/div>","protected":false},"excerpt":{"rendered":"","protected":false},"author":2,"featured_media":0,"parent":0,"menu_order":0,"comment_status":"closed","ping_status":"closed","template":"","meta":{"footnotes":"","_joinchat":[]},"acf":[],"_links":{"self":[{"href":"https:\/\/www.smiledesigncenter.hu\/en\/wp-json\/wp\/v2\/pages\/7185"}],"collection":[{"href":"https:\/\/www.smiledesigncenter.hu\/en\/wp-json\/wp\/v2\/pages"}],"about":[{"href":"https:\/\/www.smiledesigncenter.hu\/en\/wp-json\/wp\/v2\/types\/page"}],"author":[{"embeddable":true,"href":"https:\/\/www.smiledesigncenter.hu\/en\/wp-json\/wp\/v2\/users\/2"}],"replies":[{"embeddable":true,"href":"https:\/\/www.smiledesigncenter.hu\/en\/wp-json\/wp\/v2\/comments?post=7185"}],"version-history":[{"count":26,"href":"https:\/\/www.smiledesigncenter.hu\/en\/wp-json\/wp\/v2\/pages\/7185\/revisions"}],"predecessor-version":[{"id":7214,"href":"https:\/\/www.smiledesigncenter.hu\/en\/wp-json\/wp\/v2\/pages\/7185\/revisions\/7214"}],"wp:attachment":[{"href":"https:\/\/www.smiledesigncenter.hu\/en\/wp-json\/wp\/v2\/media?parent=7185"}],"curies":[{"name":"wp","href":"https:\/\/api.w.org\/{rel}","templated":true}]}}