{"id":12727,"date":"2023-09-26T12:33:54","date_gmt":"2023-09-26T12:33:54","guid":{"rendered":"https:\/\/www.smiledesigncenter.hu\/?page_id=12727"},"modified":"2026-03-06T15:32:16","modified_gmt":"2026-03-06T15:32:16","slug":"csapatunk","status":"publish","type":"page","link":"https:\/\/www.smiledesigncenter.hu\/fi\/csapatunk\/","title":{"rendered":"Csapatunk"},"content":{"rendered":"<!-- Facebook Like Button Vivacity Infotech BEGIN -->\n<div class=\"fb-like\" data-href=\"https:\/\/www.smiledesigncenter.hu\/fi\/csapatunk\/\" data-layout=\"standard\" data-action=\"recommend\" data-show-faces=\"false\" data-size=\"small\" data-width=\"450\" data-share=\"1\" ><\/div>\n<!-- Facebook Like Button Vivacity Infotech END -->\n<div class=\"vc_row wpb_row vc_row-fluid\"><div class=\"wpb_column vc_column_container vc_col-sm-6\"><div class=\"vc_column-inner\"><div class=\"wpb_wrapper\">\n\t<div  class=\"wpb_single_image wpb_content_element vc_align_center\">\n\t\t<h2 class=\"wpb_heading wpb_singleimage_heading\">Homoki Csilla<\/h2>\n\t\t<figure class=\"wpb_wrapper vc_figure\">\n\t\t\t<div class=\"vc_single_image-wrapper   vc_box_border_grey\"><img width=\"1024\" height=\"679\" src=\"https:\/\/www.smiledesigncenter.hu\/wp-content\/uploads\/2023\/09\/Csilla2-1024x679.jpg\" class=\"vc_single_image-img attachment-large\" alt=\"\" decoding=\"async\" loading=\"lazy\" srcset=\"https:\/\/www.smiledesigncenter.hu\/wp-content\/uploads\/2023\/09\/Csilla2-1024x679.jpg 1024w, https:\/\/www.smiledesigncenter.hu\/wp-content\/uploads\/2023\/09\/Csilla2-300x199.jpg 300w, https:\/\/www.smiledesigncenter.hu\/wp-content\/uploads\/2023\/09\/Csilla2-18x12.jpg 18w, https:\/\/www.smiledesigncenter.hu\/wp-content\/uploads\/2023\/09\/Csilla2.jpg 1183w\" sizes=\"(max-width: 1024px) 100vw, 1024px\" \/><\/div><figcaption class=\"vc_figure-caption\">\u00dcgyvezet\u0151 Igazgat\u00f3<\/figcaption>\n\t\t<\/figure>\n\t<\/div>\n<\/div><\/div><\/div><div class=\"wpb_column vc_column_container vc_col-sm-6\"><div class=\"vc_column-inner\"><div class=\"wpb_wrapper\">\n\t<div  class=\"wpb_single_image wpb_content_element vc_align_center\">\n\t\t<h2 class=\"wpb_heading wpb_singleimage_heading\">Dr. Homoki S\u00e1ndor<\/h2>\n\t\t<figure class=\"wpb_wrapper vc_figure\">\n\t\t\t<div class=\"vc_single_image-wrapper   vc_box_border_grey\"><img width=\"1024\" height=\"679\" src=\"https:\/\/www.smiledesigncenter.hu\/wp-content\/uploads\/2023\/09\/Sanyi-1024x679.jpg\" class=\"vc_single_image-img attachment-large\" alt=\"Vezet\u0151 fogorvos, \u00dcgyvezet\u0151 Igazgat\u00f3\" decoding=\"async\" loading=\"lazy\" srcset=\"https:\/\/www.smiledesigncenter.hu\/wp-content\/uploads\/2023\/09\/Sanyi-1024x679.jpg 1024w, https:\/\/www.smiledesigncenter.hu\/wp-content\/uploads\/2023\/09\/Sanyi-300x199.jpg 300w, https:\/\/www.smiledesigncenter.hu\/wp-content\/uploads\/2023\/09\/Sanyi-18x12.jpg 18w, https:\/\/www.smiledesigncenter.hu\/wp-content\/uploads\/2023\/09\/Sanyi.jpg 1183w\" sizes=\"(max-width: 1024px) 100vw, 1024px\" \/><\/div><figcaption class=\"vc_figure-caption\">Vezet\u0151 fogorvos, \u00dcgyvezet\u0151 Igazgat\u00f3<\/figcaption>\n\t\t<\/figure>\n\t<\/div>\n<\/div><\/div><\/div><\/div><div class=\"vc_row wpb_row vc_row-fluid\"><div class=\"wpb_column vc_column_container vc_col-sm-12\"><div class=\"vc_column-inner\"><div class=\"wpb_wrapper\"><div class=\"vc_separator wpb_content_element vc_separator_align_center vc_sep_width_100 vc_sep_pos_align_center vc_separator_no_text vc_sep_color_grey\" ><span class=\"vc_sep_holder vc_sep_holder_l\"><span  class=\"vc_sep_line\"><\/span><\/span><span class=\"vc_sep_holder vc_sep_holder_r\"><span  class=\"vc_sep_line\"><\/span><\/span>\n<\/div><\/div><\/div><\/div><\/div><div class=\"vc_row wpb_row vc_row-fluid\"><div class=\"wpb_column vc_column_container vc_col-sm-4\"><div class=\"vc_column-inner\"><div class=\"wpb_wrapper\">\n\t<div  class=\"wpb_single_image wpb_content_element vc_align_center\">\n\t\t<h2 class=\"wpb_heading wpb_singleimage_heading\">Dr. Hadar L\u00e1szl\u00f3<\/h2>\n\t\t<figure class=\"wpb_wrapper vc_figure\">\n\t\t\t<div class=\"vc_single_image-wrapper   vc_box_border_grey\"><img width=\"1024\" height=\"679\" src=\"https:\/\/www.smiledesigncenter.hu\/wp-content\/uploads\/2023\/09\/Laci-1-1024x679.jpg\" class=\"vc_single_image-img attachment-large\" alt=\"\" decoding=\"async\" loading=\"lazy\" srcset=\"https:\/\/www.smiledesigncenter.hu\/wp-content\/uploads\/2023\/09\/Laci-1-1024x679.jpg 1024w, https:\/\/www.smiledesigncenter.hu\/wp-content\/uploads\/2023\/09\/Laci-1-300x199.jpg 300w, https:\/\/www.smiledesigncenter.hu\/wp-content\/uploads\/2023\/09\/Laci-1-18x12.jpg 18w, https:\/\/www.smiledesigncenter.hu\/wp-content\/uploads\/2023\/09\/Laci-1.jpg 1183w\" sizes=\"(max-width: 1024px) 100vw, 1024px\" \/><\/div><figcaption class=\"vc_figure-caption\">Fogorvos<\/figcaption>\n\t\t<\/figure>\n\t<\/div>\n<\/div><\/div><\/div><div class=\"wpb_column vc_column_container vc_col-sm-4\"><div class=\"vc_column-inner\"><div class=\"wpb_wrapper\">\n\t<div  class=\"wpb_single_image wpb_content_element vc_align_center\">\n\t\t<h2 class=\"wpb_heading wpb_singleimage_heading\">Dr. Katona Gergely<\/h2>\n\t\t<figure class=\"wpb_wrapper vc_figure\">\n\t\t\t<div class=\"vc_single_image-wrapper   vc_box_border_grey\"><img width=\"1024\" height=\"679\" src=\"https:\/\/www.smiledesigncenter.hu\/wp-content\/uploads\/2023\/09\/Gergo-1-1024x679.jpg\" class=\"vc_single_image-img attachment-large\" alt=\"\" decoding=\"async\" loading=\"lazy\" srcset=\"https:\/\/www.smiledesigncenter.hu\/wp-content\/uploads\/2023\/09\/Gergo-1-1024x679.jpg 1024w, https:\/\/www.smiledesigncenter.hu\/wp-content\/uploads\/2023\/09\/Gergo-1-300x199.jpg 300w, https:\/\/www.smiledesigncenter.hu\/wp-content\/uploads\/2023\/09\/Gergo-1-18x12.jpg 18w, https:\/\/www.smiledesigncenter.hu\/wp-content\/uploads\/2023\/09\/Gergo-1.jpg 1183w\" sizes=\"(max-width: 1024px) 100vw, 1024px\" \/><\/div><figcaption class=\"vc_figure-caption\">Fogorvos<\/figcaption>\n\t\t<\/figure>\n\t<\/div>\n<\/div><\/div><\/div><div class=\"wpb_column vc_column_container vc_col-sm-4\"><div class=\"vc_column-inner\"><div class=\"wpb_wrapper\">\n\t<div  class=\"wpb_single_image wpb_content_element vc_align_center\">\n\t\t<h2 class=\"wpb_heading wpb_singleimage_heading\">Dr. Dud\u00e1s Henrietta<\/h2>\n\t\t<figure class=\"wpb_wrapper vc_figure\">\n\t\t\t<div class=\"vc_single_image-wrapper   vc_box_border_grey\"><img width=\"1024\" height=\"679\" src=\"https:\/\/www.smiledesigncenter.hu\/wp-content\/uploads\/2023\/09\/Heni-1-1024x679.jpg\" class=\"vc_single_image-img attachment-large\" alt=\"\" decoding=\"async\" loading=\"lazy\" srcset=\"https:\/\/www.smiledesigncenter.hu\/wp-content\/uploads\/2023\/09\/Heni-1-1024x679.jpg 1024w, https:\/\/www.smiledesigncenter.hu\/wp-content\/uploads\/2023\/09\/Heni-1-300x199.jpg 300w, https:\/\/www.smiledesigncenter.hu\/wp-content\/uploads\/2023\/09\/Heni-1-18x12.jpg 18w, https:\/\/www.smiledesigncenter.hu\/wp-content\/uploads\/2023\/09\/Heni-1.jpg 1183w\" sizes=\"(max-width: 1024px) 100vw, 1024px\" \/><\/div><figcaption class=\"vc_figure-caption\">Fogorvos<\/figcaption>\n\t\t<\/figure>\n\t<\/div>\n<\/div><\/div><\/div><\/div><div class=\"vc_row wpb_row vc_row-fluid\"><div class=\"wpb_column vc_column_container vc_col-sm-4\"><div class=\"vc_column-inner\"><div class=\"wpb_wrapper\">\n\t<div  class=\"wpb_single_image wpb_content_element vc_align_center\">\n\t\t<h2 class=\"wpb_heading wpb_singleimage_heading\">Dr. Gerzsenyi Kriszti\u00e1n<\/h2>\n\t\t<figure class=\"wpb_wrapper vc_figure\">\n\t\t\t<div class=\"vc_single_image-wrapper   vc_box_border_grey\"><img width=\"1024\" height=\"683\" src=\"https:\/\/www.smiledesigncenter.hu\/wp-content\/uploads\/2020\/02\/Dr.-Gerzsenyi-Kriszti\u00e1n-1024x683.jpg\" class=\"vc_single_image-img attachment-large\" alt=\"\" decoding=\"async\" loading=\"lazy\" srcset=\"https:\/\/www.smiledesigncenter.hu\/wp-content\/uploads\/2020\/02\/Dr.-Gerzsenyi-Kriszti\u00e1n-1024x683.jpg 1024w, https:\/\/www.smiledesigncenter.hu\/wp-content\/uploads\/2020\/02\/Dr.-Gerzsenyi-Kriszti\u00e1n-300x200.jpg 300w, https:\/\/www.smiledesigncenter.hu\/wp-content\/uploads\/2020\/02\/Dr.-Gerzsenyi-Kriszti\u00e1n-768x512.jpg 768w, https:\/\/www.smiledesigncenter.hu\/wp-content\/uploads\/2020\/02\/Dr.-Gerzsenyi-Kriszti\u00e1n-1536x1024.jpg 1536w, https:\/\/www.smiledesigncenter.hu\/wp-content\/uploads\/2020\/02\/Dr.-Gerzsenyi-Kriszti\u00e1n-2048x1365.jpg 2048w\" sizes=\"(max-width: 1024px) 100vw, 1024px\" \/><\/div><figcaption class=\"vc_figure-caption\">Fogorvos, Sz\u00e1jseb\u00e9sz<\/figcaption>\n\t\t<\/figure>\n\t<\/div>\n<\/div><\/div><\/div><div class=\"wpb_column vc_column_container vc_col-sm-4\"><div class=\"vc_column-inner\"><div class=\"wpb_wrapper\">\n\t<div  class=\"wpb_single_image wpb_content_element vc_align_center\">\n\t\t<h2 class=\"wpb_heading wpb_singleimage_heading\">Dr. Simay Attila<\/h2>\n\t\t<figure class=\"wpb_wrapper vc_figure\">\n\t\t\t<a href=\"https:\/\/www.smiledesigncenter.hu\/fi\/dr-simay-attila\/\" target=\"_self\" class=\"vc_single_image-wrapper   vc_box_border_grey\"><img width=\"1000\" height=\"663\" src=\"https:\/\/www.smiledesigncenter.hu\/wp-content\/uploads\/2023\/10\/dr-simay-attila-1.jpg\" class=\"vc_single_image-img attachment-large\" alt=\"\" decoding=\"async\" loading=\"lazy\" srcset=\"https:\/\/www.smiledesigncenter.hu\/wp-content\/uploads\/2023\/10\/dr-simay-attila-1.jpg 1000w, https:\/\/www.smiledesigncenter.hu\/wp-content\/uploads\/2023\/10\/dr-simay-attila-1-300x199.jpg 300w, https:\/\/www.smiledesigncenter.hu\/wp-content\/uploads\/2023\/10\/dr-simay-attila-1-18x12.jpg 18w\" sizes=\"(max-width: 1000px) 100vw, 1000px\" \/><\/a><figcaption class=\"vc_figure-caption\">Arc-\u00e1llcsont \u00e9s sz\u00e1jseb\u00e9sz szakorvos<\/figcaption>\n\t\t<\/figure>\n\t<\/div>\n<\/div><\/div><\/div><div class=\"wpb_column vc_column_container vc_col-sm-4\"><div class=\"vc_column-inner\"><div class=\"wpb_wrapper\">\n\t<div  class=\"wpb_single_image wpb_content_element vc_align_center\">\n\t\t<h2 class=\"wpb_heading wpb_singleimage_heading\">Dr. Heged\u0171s Eszter<\/h2>\n\t\t<figure class=\"wpb_wrapper vc_figure\">\n\t\t\t<div class=\"vc_single_image-wrapper   vc_box_border_grey\"><img width=\"1024\" height=\"679\" src=\"https:\/\/www.smiledesigncenter.hu\/wp-content\/uploads\/2023\/09\/Eszter-1-1024x679.jpg\" class=\"vc_single_image-img attachment-large\" alt=\"\" decoding=\"async\" loading=\"lazy\" srcset=\"https:\/\/www.smiledesigncenter.hu\/wp-content\/uploads\/2023\/09\/Eszter-1-1024x679.jpg 1024w, https:\/\/www.smiledesigncenter.hu\/wp-content\/uploads\/2023\/09\/Eszter-1-300x199.jpg 300w, https:\/\/www.smiledesigncenter.hu\/wp-content\/uploads\/2023\/09\/Eszter-1-18x12.jpg 18w, https:\/\/www.smiledesigncenter.hu\/wp-content\/uploads\/2023\/09\/Eszter-1.jpg 1183w\" sizes=\"(max-width: 1024px) 100vw, 1024px\" \/><\/div><figcaption class=\"vc_figure-caption\">Fogorvos<\/figcaption>\n\t\t<\/figure>\n\t<\/div>\n<\/div><\/div><\/div><\/div><div class=\"vc_row wpb_row vc_row-fluid\"><div class=\"wpb_column vc_column_container vc_col-sm-4\"><div class=\"vc_column-inner\"><div class=\"wpb_wrapper\">\n\t<div  class=\"wpb_single_image wpb_content_element vc_align_center\">\n\t\t<h2 class=\"wpb_heading wpb_singleimage_heading\">Dr. Gul\u00e1csi Gabriella<\/h2>\n\t\t<figure class=\"wpb_wrapper vc_figure\">\n\t\t\t<div class=\"vc_single_image-wrapper   vc_box_border_grey\"><img width=\"1024\" height=\"679\" src=\"https:\/\/www.smiledesigncenter.hu\/wp-content\/uploads\/2023\/09\/Gabi-1-1024x679.jpg\" class=\"vc_single_image-img attachment-large\" alt=\"\" decoding=\"async\" loading=\"lazy\" srcset=\"https:\/\/www.smiledesigncenter.hu\/wp-content\/uploads\/2023\/09\/Gabi-1-1024x679.jpg 1024w, https:\/\/www.smiledesigncenter.hu\/wp-content\/uploads\/2023\/09\/Gabi-1-300x199.jpg 300w, https:\/\/www.smiledesigncenter.hu\/wp-content\/uploads\/2023\/09\/Gabi-1-18x12.jpg 18w, https:\/\/www.smiledesigncenter.hu\/wp-content\/uploads\/2023\/09\/Gabi-1.jpg 1183w\" sizes=\"(max-width: 1024px) 100vw, 1024px\" \/><\/div><figcaption class=\"vc_figure-caption\">Fogszab\u00e1lyz\u00f3 szakorvos<\/figcaption>\n\t\t<\/figure>\n\t<\/div>\n<\/div><\/div><\/div><div class=\"wpb_column vc_column_container vc_col-sm-4\"><div class=\"vc_column-inner\"><div class=\"wpb_wrapper\">\n\t<div  class=\"wpb_single_image wpb_content_element vc_align_center\">\n\t\t<h2 class=\"wpb_heading wpb_singleimage_heading\">Dr. Markgruber Bence<\/h2>\n\t\t<figure class=\"wpb_wrapper vc_figure\">\n\t\t\t<div class=\"vc_single_image-wrapper   vc_box_border_grey\"><img width=\"1000\" height=\"663\" src=\"https:\/\/www.smiledesigncenter.hu\/wp-content\/uploads\/2023\/10\/dr-markgruber-bence.jpg\" class=\"vc_single_image-img attachment-large\" alt=\"\" decoding=\"async\" loading=\"lazy\" srcset=\"https:\/\/www.smiledesigncenter.hu\/wp-content\/uploads\/2023\/10\/dr-markgruber-bence.jpg 1000w, https:\/\/www.smiledesigncenter.hu\/wp-content\/uploads\/2023\/10\/dr-markgruber-bence-300x199.jpg 300w, https:\/\/www.smiledesigncenter.hu\/wp-content\/uploads\/2023\/10\/dr-markgruber-bence-18x12.jpg 18w\" sizes=\"(max-width: 1000px) 100vw, 1000px\" \/><\/div><figcaption class=\"vc_figure-caption\">Parodontol\u00f3gus szakorvos<\/figcaption>\n\t\t<\/figure>\n\t<\/div>\n<\/div><\/div><\/div><\/div><div class=\"vc_row wpb_row vc_row-fluid\"><div class=\"wpb_column vc_column_container vc_col-sm-12\"><div class=\"vc_column-inner\"><div class=\"wpb_wrapper\"><div class=\"vc_separator wpb_content_element vc_separator_align_center vc_sep_width_100 vc_sep_pos_align_center vc_separator_no_text vc_sep_color_grey\" ><span class=\"vc_sep_holder vc_sep_holder_l\"><span  class=\"vc_sep_line\"><\/span><\/span><span class=\"vc_sep_holder vc_sep_holder_r\"><span  class=\"vc_sep_line\"><\/span><\/span>\n<\/div><\/div><\/div><\/div><\/div><div class=\"vc_row wpb_row vc_row-fluid\"><div class=\"wpb_column vc_column_container vc_col-sm-4\"><div class=\"vc_column-inner\"><div class=\"wpb_wrapper\">\n\t<div  class=\"wpb_single_image wpb_content_element vc_align_center\">\n\t\t<h2 class=\"wpb_heading wpb_singleimage_heading\">Jeszenszki Regina<\/h2>\n\t\t<figure class=\"wpb_wrapper vc_figure\">\n\t\t\t<a href=\"https:\/\/www.smiledesigncenter.hu\/fi\/jeszenszki-regina-4\/\" target=\"_self\" class=\"vc_single_image-wrapper   vc_box_border_grey\"><img width=\"1024\" height=\"679\" src=\"https:\/\/www.smiledesigncenter.hu\/wp-content\/uploads\/2023\/09\/Regi-1024x679.jpg\" class=\"vc_single_image-img attachment-large\" alt=\"\" decoding=\"async\" loading=\"lazy\" srcset=\"https:\/\/www.smiledesigncenter.hu\/wp-content\/uploads\/2023\/09\/Regi-1024x679.jpg 1024w, https:\/\/www.smiledesigncenter.hu\/wp-content\/uploads\/2023\/09\/Regi-300x199.jpg 300w, https:\/\/www.smiledesigncenter.hu\/wp-content\/uploads\/2023\/09\/Regi-18x12.jpg 18w, https:\/\/www.smiledesigncenter.hu\/wp-content\/uploads\/2023\/09\/Regi.jpg 1183w\" sizes=\"(max-width: 1024px) 100vw, 1024px\" \/><\/a><figcaption class=\"vc_figure-caption\">Asszisztens, dent\u00e1l higi\u00e9nikus<\/figcaption>\n\t\t<\/figure>\n\t<\/div>\n<\/div><\/div><\/div><div class=\"wpb_column vc_column_container vc_col-sm-4\"><div class=\"vc_column-inner\"><div class=\"wpb_wrapper\">\n\t<div  class=\"wpb_single_image wpb_content_element vc_align_center\">\n\t\t<h2 class=\"wpb_heading wpb_singleimage_heading\">Vass-Kar\u00e1csony Fruzsina<\/h2>\n\t\t<figure class=\"wpb_wrapper vc_figure\">\n\t\t\t<a href=\"https:\/\/www.smiledesigncenter.hu\/fi\/vass-karacsony-fruzsina\/\" target=\"_self\" class=\"vc_single_image-wrapper   vc_box_border_grey\"><img width=\"1024\" height=\"679\" src=\"https:\/\/www.smiledesigncenter.hu\/wp-content\/uploads\/2023\/09\/Fruzsi-1024x679.jpg\" class=\"vc_single_image-img attachment-large\" alt=\"\" decoding=\"async\" loading=\"lazy\" srcset=\"https:\/\/www.smiledesigncenter.hu\/wp-content\/uploads\/2023\/09\/Fruzsi-1024x679.jpg 1024w, https:\/\/www.smiledesigncenter.hu\/wp-content\/uploads\/2023\/09\/Fruzsi-300x199.jpg 300w, https:\/\/www.smiledesigncenter.hu\/wp-content\/uploads\/2023\/09\/Fruzsi-18x12.jpg 18w, https:\/\/www.smiledesigncenter.hu\/wp-content\/uploads\/2023\/09\/Fruzsi.jpg 1183w\" sizes=\"(max-width: 1024px) 100vw, 1024px\" \/><\/a><figcaption class=\"vc_figure-caption\">Asszisztens, dent\u00e1l higi\u00e9nikus<\/figcaption>\n\t\t<\/figure>\n\t<\/div>\n<\/div><\/div><\/div><div class=\"wpb_column vc_column_container vc_col-sm-4\"><div class=\"vc_column-inner\"><div class=\"wpb_wrapper\">\n\t<div  class=\"wpb_single_image wpb_content_element vc_align_center\">\n\t\t<h2 class=\"wpb_heading wpb_singleimage_heading\">Juh\u00e1sz Vikt\u00f3ria<\/h2>\n\t\t<figure class=\"wpb_wrapper vc_figure\">\n\t\t\t<a href=\"https:\/\/www.smiledesigncenter.hu\/fi\/juhasz-viktoria\/\" target=\"_self\" class=\"vc_single_image-wrapper   vc_box_border_grey\"><img width=\"1024\" height=\"679\" src=\"https:\/\/www.smiledesigncenter.hu\/wp-content\/uploads\/2023\/09\/Viki-1-1024x679.jpg\" class=\"vc_single_image-img attachment-large\" alt=\"\" decoding=\"async\" loading=\"lazy\" srcset=\"https:\/\/www.smiledesigncenter.hu\/wp-content\/uploads\/2023\/09\/Viki-1-1024x679.jpg 1024w, https:\/\/www.smiledesigncenter.hu\/wp-content\/uploads\/2023\/09\/Viki-1-300x199.jpg 300w, https:\/\/www.smiledesigncenter.hu\/wp-content\/uploads\/2023\/09\/Viki-1-18x12.jpg 18w, https:\/\/www.smiledesigncenter.hu\/wp-content\/uploads\/2023\/09\/Viki-1.jpg 1183w\" sizes=\"(max-width: 1024px) 100vw, 1024px\" \/><\/a><figcaption class=\"vc_figure-caption\">Asszisztens<\/figcaption>\n\t\t<\/figure>\n\t<\/div>\n<\/div><\/div><\/div><\/div><div class=\"vc_row wpb_row vc_row-fluid\"><div class=\"wpb_column vc_column_container vc_col-sm-4\"><div class=\"vc_column-inner\"><div class=\"wpb_wrapper\">\n\t<div  class=\"wpb_single_image wpb_content_element vc_align_center\">\n\t\t<h2 class=\"wpb_heading wpb_singleimage_heading\">K\u00e1d\u00e1r Enik\u0151<\/h2>\n\t\t<figure class=\"wpb_wrapper vc_figure\">\n\t\t\t<a href=\"https:\/\/www.smiledesigncenter.hu\/fi\/kadar-eniko\/\" target=\"_self\" class=\"vc_single_image-wrapper   vc_box_border_grey\"><img width=\"1024\" height=\"679\" src=\"https:\/\/www.smiledesigncenter.hu\/wp-content\/uploads\/2023\/09\/Eniko-1-1024x679.jpg\" class=\"vc_single_image-img attachment-large\" alt=\"\" decoding=\"async\" loading=\"lazy\" srcset=\"https:\/\/www.smiledesigncenter.hu\/wp-content\/uploads\/2023\/09\/Eniko-1-1024x679.jpg 1024w, https:\/\/www.smiledesigncenter.hu\/wp-content\/uploads\/2023\/09\/Eniko-1-300x199.jpg 300w, https:\/\/www.smiledesigncenter.hu\/wp-content\/uploads\/2023\/09\/Eniko-1-18x12.jpg 18w, https:\/\/www.smiledesigncenter.hu\/wp-content\/uploads\/2023\/09\/Eniko-1.jpg 1183w\" sizes=\"(max-width: 1024px) 100vw, 1024px\" \/><\/a><figcaption class=\"vc_figure-caption\">Asszisztens<\/figcaption>\n\t\t<\/figure>\n\t<\/div>\n<\/div><\/div><\/div><div class=\"wpb_column vc_column_container vc_col-sm-4\"><div class=\"vc_column-inner\"><div class=\"wpb_wrapper\">\n\t<div  class=\"wpb_single_image wpb_content_element vc_align_center\">\n\t\t<h2 class=\"wpb_heading wpb_singleimage_heading\">Nagy Bettina<\/h2>\n\t\t<figure class=\"wpb_wrapper vc_figure\">\n\t\t\t<a href=\"https:\/\/www.smiledesigncenter.hu\/fi\/nagy-bettina\/\" target=\"_self\" class=\"vc_single_image-wrapper   vc_box_border_grey\"><img width=\"1024\" height=\"679\" src=\"https:\/\/www.smiledesigncenter.hu\/wp-content\/uploads\/2023\/09\/Betti-1-1024x679.jpg\" class=\"vc_single_image-img attachment-large\" alt=\"\" decoding=\"async\" loading=\"lazy\" srcset=\"https:\/\/www.smiledesigncenter.hu\/wp-content\/uploads\/2023\/09\/Betti-1-1024x679.jpg 1024w, https:\/\/www.smiledesigncenter.hu\/wp-content\/uploads\/2023\/09\/Betti-1-300x199.jpg 300w, https:\/\/www.smiledesigncenter.hu\/wp-content\/uploads\/2023\/09\/Betti-1-18x12.jpg 18w, https:\/\/www.smiledesigncenter.hu\/wp-content\/uploads\/2023\/09\/Betti-1.jpg 1183w\" sizes=\"(max-width: 1024px) 100vw, 1024px\" \/><\/a><figcaption class=\"vc_figure-caption\">Asszisztens<\/figcaption>\n\t\t<\/figure>\n\t<\/div>\n<\/div><\/div><\/div><div class=\"wpb_column vc_column_container vc_col-sm-4\"><div class=\"vc_column-inner\"><div class=\"wpb_wrapper\">\n\t<div  class=\"wpb_single_image wpb_content_element vc_align_center\">\n\t\t<h2 class=\"wpb_heading wpb_singleimage_heading\">Serb\u00e1n \u00c1gota<\/h2>\n\t\t<figure class=\"wpb_wrapper vc_figure\">\n\t\t\t<a href=\"https:\/\/www.smiledesigncenter.hu\/fi\/serban-agota\/\" target=\"_self\" class=\"vc_single_image-wrapper   vc_box_border_grey\"><img width=\"1024\" height=\"679\" src=\"https:\/\/www.smiledesigncenter.hu\/wp-content\/uploads\/2023\/09\/agota-1-1024x679.jpg\" class=\"vc_single_image-img attachment-large\" alt=\"\" decoding=\"async\" loading=\"lazy\" srcset=\"https:\/\/www.smiledesigncenter.hu\/wp-content\/uploads\/2023\/09\/agota-1-1024x679.jpg 1024w, https:\/\/www.smiledesigncenter.hu\/wp-content\/uploads\/2023\/09\/agota-1-300x199.jpg 300w, https:\/\/www.smiledesigncenter.hu\/wp-content\/uploads\/2023\/09\/agota-1-18x12.jpg 18w, https:\/\/www.smiledesigncenter.hu\/wp-content\/uploads\/2023\/09\/agota-1.jpg 1183w\" sizes=\"(max-width: 1024px) 100vw, 1024px\" \/><\/a><figcaption class=\"vc_figure-caption\">Asszisztens<\/figcaption>\n\t\t<\/figure>\n\t<\/div>\n<\/div><\/div><\/div><\/div><div class=\"vc_row wpb_row vc_row-fluid\"><div class=\"wpb_column vc_column_container vc_col-sm-12\"><div class=\"vc_column-inner\"><div class=\"wpb_wrapper\"><div class=\"vc_separator wpb_content_element vc_separator_align_center vc_sep_width_100 vc_sep_pos_align_center vc_separator_no_text vc_sep_color_grey\" ><span class=\"vc_sep_holder vc_sep_holder_l\"><span  class=\"vc_sep_line\"><\/span><\/span><span class=\"vc_sep_holder vc_sep_holder_r\"><span  class=\"vc_sep_line\"><\/span><\/span>\n<\/div><\/div><\/div><\/div><\/div><div class=\"vc_row wpb_row vc_row-fluid\"><div class=\"wpb_column vc_column_container vc_col-sm-4\"><div class=\"vc_column-inner\"><div class=\"wpb_wrapper\">\n\t<div  class=\"wpb_single_image wpb_content_element vc_align_center\">\n\t\t<h2 class=\"wpb_heading wpb_singleimage_heading\">Szondi Ivett<\/h2>\n\t\t<figure class=\"wpb_wrapper vc_figure\">\n\t\t\t<a href=\"https:\/\/www.smiledesigncenter.hu\/fi\/szondi-ivett\/\" target=\"_self\" class=\"vc_single_image-wrapper   vc_box_border_grey\"><img width=\"1024\" height=\"679\" src=\"https:\/\/www.smiledesigncenter.hu\/wp-content\/uploads\/2023\/09\/Ivett-1-1024x679.jpg\" class=\"vc_single_image-img attachment-large\" alt=\"\" decoding=\"async\" loading=\"lazy\" srcset=\"https:\/\/www.smiledesigncenter.hu\/wp-content\/uploads\/2023\/09\/Ivett-1-1024x679.jpg 1024w, https:\/\/www.smiledesigncenter.hu\/wp-content\/uploads\/2023\/09\/Ivett-1-300x199.jpg 300w, https:\/\/www.smiledesigncenter.hu\/wp-content\/uploads\/2023\/09\/Ivett-1-18x12.jpg 18w, https:\/\/www.smiledesigncenter.hu\/wp-content\/uploads\/2023\/09\/Ivett-1.jpg 1183w\" sizes=\"(max-width: 1024px) 100vw, 1024px\" \/><\/a><figcaption class=\"vc_figure-caption\">P\u00e1ciens koordin\u00e1tor<\/figcaption>\n\t\t<\/figure>\n\t<\/div>\n<\/div><\/div><\/div><div class=\"wpb_column vc_column_container vc_col-sm-4\"><div class=\"vc_column-inner\"><div class=\"wpb_wrapper\">\n\t<div  class=\"wpb_single_image wpb_content_element vc_align_center\">\n\t\t<h2 class=\"wpb_heading wpb_singleimage_heading\">Guly\u00e1s-T\u00f3th Vikt\u00f3ria<\/h2>\n\t\t<figure class=\"wpb_wrapper vc_figure\">\n\t\t\t<a href=\"https:\/\/www.smiledesigncenter.hu\/fi\/gulyas-toth-viktoria\/\" target=\"_self\" class=\"vc_single_image-wrapper   vc_box_border_grey\"><img width=\"1024\" height=\"679\" src=\"https:\/\/www.smiledesigncenter.hu\/wp-content\/uploads\/2023\/09\/G.T.Viki_-1-1024x679.jpg\" class=\"vc_single_image-img attachment-large\" alt=\"\" decoding=\"async\" loading=\"lazy\" srcset=\"https:\/\/www.smiledesigncenter.hu\/wp-content\/uploads\/2023\/09\/G.T.Viki_-1-1024x679.jpg 1024w, https:\/\/www.smiledesigncenter.hu\/wp-content\/uploads\/2023\/09\/G.T.Viki_-1-300x199.jpg 300w, https:\/\/www.smiledesigncenter.hu\/wp-content\/uploads\/2023\/09\/G.T.Viki_-1-18x12.jpg 18w, https:\/\/www.smiledesigncenter.hu\/wp-content\/uploads\/2023\/09\/G.T.Viki_-1.jpg 1183w\" sizes=\"(max-width: 1024px) 100vw, 1024px\" \/><\/a><figcaption class=\"vc_figure-caption\">P\u00e1ciens koordin\u00e1tor<\/figcaption>\n\t\t<\/figure>\n\t<\/div>\n<\/div><\/div><\/div><div class=\"wpb_column vc_column_container vc_col-sm-4\"><div class=\"vc_column-inner\"><div class=\"wpb_wrapper\"><\/div><\/div><\/div><\/div>","protected":false},"excerpt":{"rendered":"","protected":false},"author":2,"featured_media":0,"parent":0,"menu_order":0,"comment_status":"closed","ping_status":"closed","template":"","meta":{"footnotes":"","_joinchat":[]},"acf":[],"aioseo_notices":[],"_links":{"self":[{"href":"https:\/\/www.smiledesigncenter.hu\/fi\/wp-json\/wp\/v2\/pages\/12727"}],"collection":[{"href":"https:\/\/www.smiledesigncenter.hu\/fi\/wp-json\/wp\/v2\/pages"}],"about":[{"href":"https:\/\/www.smiledesigncenter.hu\/fi\/wp-json\/wp\/v2\/types\/page"}],"author":[{"embeddable":true,"href":"https:\/\/www.smiledesigncenter.hu\/fi\/wp-json\/wp\/v2\/users\/2"}],"replies":[{"embeddable":true,"href":"https:\/\/www.smiledesigncenter.hu\/fi\/wp-json\/wp\/v2\/comments?post=12727"}],"version-history":[{"count":40,"href":"https:\/\/www.smiledesigncenter.hu\/fi\/wp-json\/wp\/v2\/pages\/12727\/revisions"}],"predecessor-version":[{"id":13331,"href":"https:\/\/www.smiledesigncenter.hu\/fi\/wp-json\/wp\/v2\/pages\/12727\/revisions\/13331"}],"wp:attachment":[{"href":"https:\/\/www.smiledesigncenter.hu\/fi\/wp-json\/wp\/v2\/media?parent=12727"}],"curies":[{"name":"wp","href":"https:\/\/api.w.org\/{rel}","templated":true}]}}