{"id":12812,"date":"2023-10-04T13:06:32","date_gmt":"2023-10-04T13:06:32","guid":{"rendered":"https:\/\/www.smiledesigncenter.hu\/?page_id=12812"},"modified":"2023-10-04T13:07:28","modified_gmt":"2023-10-04T13:07:28","slug":"gulyas-toth-viktoria","status":"publish","type":"page","link":"https:\/\/www.smiledesigncenter.hu\/fi\/gulyas-toth-viktoria\/","title":{"rendered":"Guly\u00e1s-T\u00f3th Vikt\u00f3ria"},"content":{"rendered":"<!-- Facebook Like Button Vivacity Infotech BEGIN -->\n<div class=\"fb-like\" data-href=\"https:\/\/www.smiledesigncenter.hu\/fi\/gulyas-toth-viktoria\/\" data-layout=\"standard\" data-action=\"recommend\" data-show-faces=\"false\" data-size=\"small\" data-width=\"450\" data-share=\"1\" ><\/div>\n<!-- Facebook Like Button Vivacity Infotech END -->\n<div class=\"vc_row wpb_row vc_row-fluid\"><div class=\"wpb_column vc_column_container vc_col-sm-6\"><div class=\"vc_column-inner\"><div class=\"wpb_wrapper\">\n\t<div  class=\"wpb_single_image wpb_content_element vc_align_center\">\n\t\t\n\t\t<figure class=\"wpb_wrapper vc_figure\">\n\t\t\t<div class=\"vc_single_image-wrapper   vc_box_border_grey\"><img width=\"1024\" height=\"679\" src=\"https:\/\/www.smiledesigncenter.hu\/wp-content\/uploads\/2023\/09\/G.T.Viki_-1-1024x679.jpg\" class=\"vc_single_image-img attachment-large\" alt=\"\" decoding=\"async\" loading=\"lazy\" srcset=\"https:\/\/www.smiledesigncenter.hu\/wp-content\/uploads\/2023\/09\/G.T.Viki_-1-1024x679.jpg 1024w, https:\/\/www.smiledesigncenter.hu\/wp-content\/uploads\/2023\/09\/G.T.Viki_-1-300x199.jpg 300w, https:\/\/www.smiledesigncenter.hu\/wp-content\/uploads\/2023\/09\/G.T.Viki_-1-18x12.jpg 18w, https:\/\/www.smiledesigncenter.hu\/wp-content\/uploads\/2023\/09\/G.T.Viki_-1.jpg 1183w\" sizes=\"(max-width: 1024px) 100vw, 1024px\" \/><\/div>\n\t\t<\/figure>\n\t<\/div>\n\n\t<div class=\"wpb_text_column wpb_content_element\" >\n\t\t<div class=\"wpb_wrapper\">\n\t\t\t<h4 style=\"text-align: center;\">Guly\u00e1s-T\u00f3th Vikt\u00f3ria<\/h4>\n<p style=\"text-align: center;\">P\u00e1ciens koordin\u00e1tor<\/p>\n\n\t\t<\/div>\n\t<\/div>\n<\/div><\/div><\/div><div class=\"wpb_column vc_column_container vc_col-sm-6\"><div class=\"vc_column-inner\"><div class=\"wpb_wrapper\">\n\t<div class=\"wpb_text_column wpb_content_element\" >\n\t\t<div class=\"wpb_wrapper\">\n\t\t\t<p>Fog\u00e1szati recepci\u00f3s munk\u00e1mat 2022-ben kezdtem a Smile Design Center csapat\u00e1ban. Mindennapi tev\u00e9kenys\u00e9geim k\u00f6z\u00e9 tartozik a p\u00e1ciensek t\u00e1j\u00e9koztat\u00e1sa \u00e9s fogad\u00e1sa. K\u00edv\u00e1ncsian v\u00e1rom 1-1 k\u00e9sz\u00fcl\u0151 munka eredm\u00e9ny\u00e9t. Recepci\u00f3sk\u00e9nt fontosnak tartom a p\u00e1ciensek megnyugtat\u00e1s\u00e1t m\u00e1r a v\u00e1r\u00f3ban elt\u00f6lt\u00f6tt id\u0151 alatt, ehhez el\u00e9g egy mosoly vagy p\u00e1r b\u00edztat\u00f3 sz\u00f3. El\u0151z\u0151 munkahelyemen is recepci\u00f3sk\u00e9nt dolgoztam, szeretek emberekkel foglalkozni ez\u00e9rt is v\u00e1lasztottam ezt a szakm\u00e1t. Nyelvtud\u00e1s: angol<\/p>\n\n\t\t<\/div>\n\t<\/div>\n<\/div><\/div><\/div><\/div>","protected":false},"excerpt":{"rendered":"","protected":false},"author":2,"featured_media":0,"parent":0,"menu_order":0,"comment_status":"closed","ping_status":"closed","template":"","meta":{"footnotes":"","_joinchat":[]},"acf":[],"aioseo_notices":[],"_links":{"self":[{"href":"https:\/\/www.smiledesigncenter.hu\/fi\/wp-json\/wp\/v2\/pages\/12812"}],"collection":[{"href":"https:\/\/www.smiledesigncenter.hu\/fi\/wp-json\/wp\/v2\/pages"}],"about":[{"href":"https:\/\/www.smiledesigncenter.hu\/fi\/wp-json\/wp\/v2\/types\/page"}],"author":[{"embeddable":true,"href":"https:\/\/www.smiledesigncenter.hu\/fi\/wp-json\/wp\/v2\/users\/2"}],"replies":[{"embeddable":true,"href":"https:\/\/www.smiledesigncenter.hu\/fi\/wp-json\/wp\/v2\/comments?post=12812"}],"version-history":[{"count":4,"href":"https:\/\/www.smiledesigncenter.hu\/fi\/wp-json\/wp\/v2\/pages\/12812\/revisions"}],"predecessor-version":[{"id":12816,"href":"https:\/\/www.smiledesigncenter.hu\/fi\/wp-json\/wp\/v2\/pages\/12812\/revisions\/12816"}],"wp:attachment":[{"href":"https:\/\/www.smiledesigncenter.hu\/fi\/wp-json\/wp\/v2\/media?parent=12812"}],"curies":[{"name":"wp","href":"https:\/\/api.w.org\/{rel}","templated":true}]}}