{"id":12826,"date":"2023-10-04T13:25:04","date_gmt":"2023-10-04T13:25:04","guid":{"rendered":"https:\/\/www.smiledesigncenter.hu\/?page_id=12826"},"modified":"2023-10-04T13:25:04","modified_gmt":"2023-10-04T13:25:04","slug":"dr-simay-attila","status":"publish","type":"page","link":"https:\/\/www.smiledesigncenter.hu\/fi\/dr-simay-attila\/","title":{"rendered":"Dr. Simay Attila"},"content":{"rendered":"<!-- Facebook Like Button Vivacity Infotech BEGIN -->\n<div class=\"fb-like\" data-href=\"https:\/\/www.smiledesigncenter.hu\/fi\/dr-simay-attila\/\" data-layout=\"standard\" data-action=\"recommend\" data-show-faces=\"false\" data-size=\"small\" data-width=\"450\" data-share=\"1\" ><\/div>\n<!-- Facebook Like Button Vivacity Infotech END -->\n<div class=\"vc_row wpb_row vc_row-fluid\"><div class=\"wpb_column vc_column_container vc_col-sm-6\"><div class=\"vc_column-inner\"><div class=\"wpb_wrapper\">\n\t<div  class=\"wpb_single_image wpb_content_element vc_align_center\">\n\t\t\n\t\t<figure class=\"wpb_wrapper vc_figure\">\n\t\t\t<div class=\"vc_single_image-wrapper   vc_box_border_grey\"><img width=\"1000\" height=\"663\" src=\"https:\/\/www.smiledesigncenter.hu\/wp-content\/uploads\/2023\/10\/dr-simay-attila-1.jpg\" class=\"vc_single_image-img attachment-large\" alt=\"\" decoding=\"async\" loading=\"lazy\" srcset=\"https:\/\/www.smiledesigncenter.hu\/wp-content\/uploads\/2023\/10\/dr-simay-attila-1.jpg 1000w, https:\/\/www.smiledesigncenter.hu\/wp-content\/uploads\/2023\/10\/dr-simay-attila-1-300x199.jpg 300w, https:\/\/www.smiledesigncenter.hu\/wp-content\/uploads\/2023\/10\/dr-simay-attila-1-18x12.jpg 18w\" sizes=\"(max-width: 1000px) 100vw, 1000px\" \/><\/div>\n\t\t<\/figure>\n\t<\/div>\n\n\t<div class=\"wpb_text_column wpb_content_element\" >\n\t\t<div class=\"wpb_wrapper\">\n\t\t\t<h4 style=\"text-align: center;\">DR. Simay Attila<\/h4>\n<p style=\"text-align: center;\">Arc-\u00e1llcsont \u00e9s sz\u00e1jseb\u00e9sz szakorvos<\/p>\n\n\t\t<\/div>\n\t<\/div>\n<\/div><\/div><\/div><div class=\"wpb_column vc_column_container vc_col-sm-6\"><div class=\"vc_column-inner\"><div class=\"wpb_wrapper\">\n\t<div class=\"wpb_text_column wpb_content_element\" >\n\t\t<div class=\"wpb_wrapper\">\n\t\t\t<p>Arc-\u00e1llcsont \u00e9s sz\u00e1jseb\u00e9sz szakorvos, Implant\u00e1ci\u00f3 specialista vagyok. \u00c1ltal\u00e1nos orvosi diplom\u00e1mat 2005-ben a Debreceni Egyetem \u00c1ltal\u00e1nos Orvostudom\u00e1nyi Kar\u00e1n szereztem. 2010-ben a Fogorvosi Kart is elv\u00e9geztem. 2012-ben tettem le az arc-, \u00e1llcsont \u00e9s sz\u00e1jseb\u00e9szeti szakvizsg\u00e1mat. P\u00e1ly\u00e1m sor\u00e1n k\u00e9t \u00e9vet Nagy-Britanni\u00e1ban is elt\u00f6lt\u00f6ttem a fog\u00e1szati ell\u00e1t\u00e1sban. A Debreceni Egyetem Fogorvostudom\u00e1nyi Kar\u00e1n, a Dentoalveol\u00e1ris Seb\u00e9szeti tansz\u00e9ken k\u00fcls\u0151 \u00f3raad\u00f3k\u00e9nt oktatok. A Smile Design Center csapat\u00e1t 2023 nyara \u00f3ta er\u0151s\u00edtem.<\/p>\n\n\t\t<\/div>\n\t<\/div>\n<\/div><\/div><\/div><\/div>","protected":false},"excerpt":{"rendered":"","protected":false},"author":2,"featured_media":0,"parent":0,"menu_order":0,"comment_status":"closed","ping_status":"closed","template":"","meta":{"footnotes":"","_joinchat":[]},"acf":[],"aioseo_notices":[],"_links":{"self":[{"href":"https:\/\/www.smiledesigncenter.hu\/fi\/wp-json\/wp\/v2\/pages\/12826"}],"collection":[{"href":"https:\/\/www.smiledesigncenter.hu\/fi\/wp-json\/wp\/v2\/pages"}],"about":[{"href":"https:\/\/www.smiledesigncenter.hu\/fi\/wp-json\/wp\/v2\/types\/page"}],"author":[{"embeddable":true,"href":"https:\/\/www.smiledesigncenter.hu\/fi\/wp-json\/wp\/v2\/users\/2"}],"replies":[{"embeddable":true,"href":"https:\/\/www.smiledesigncenter.hu\/fi\/wp-json\/wp\/v2\/comments?post=12826"}],"version-history":[{"count":1,"href":"https:\/\/www.smiledesigncenter.hu\/fi\/wp-json\/wp\/v2\/pages\/12826\/revisions"}],"predecessor-version":[{"id":12827,"href":"https:\/\/www.smiledesigncenter.hu\/fi\/wp-json\/wp\/v2\/pages\/12826\/revisions\/12827"}],"wp:attachment":[{"href":"https:\/\/www.smiledesigncenter.hu\/fi\/wp-json\/wp\/v2\/media?parent=12826"}],"curies":[{"name":"wp","href":"https:\/\/api.w.org\/{rel}","templated":true}]}}