{"id":12930,"date":"2024-01-03T07:49:44","date_gmt":"2024-01-03T07:49:44","guid":{"rendered":"https:\/\/www.smiledesigncenter.hu\/?page_id=12930"},"modified":"2024-01-03T07:49:44","modified_gmt":"2024-01-03T07:49:44","slug":"altalanos-szerzodesi-feltetelek-aszf","status":"publish","type":"page","link":"https:\/\/www.smiledesigncenter.hu\/fi\/altalanos-szerzodesi-feltetelek-aszf\/","title":{"rendered":"\u00c1ltal\u00e1nos szerz\u0151d\u00e9si felt\u00e9telek (\u00c1SZF)"},"content":{"rendered":"<!-- Facebook Like Button Vivacity Infotech BEGIN -->\n<div class=\"fb-like\" data-href=\"https:\/\/www.smiledesigncenter.hu\/fi\/altalanos-szerzodesi-feltetelek-aszf\/\" data-layout=\"standard\" data-action=\"recommend\" data-show-faces=\"false\" data-size=\"small\" data-width=\"450\" data-share=\"1\" ><\/div>\n<!-- Facebook Like Button Vivacity Infotech END -->\n<p>fogorvosij\u00e1r\u00f3beteg, fog\u00e1szati szolg\u00e1ltat\u00e1s ell\u00e1t\u00e1s\u00e1ra<\/p>\n<p><strong>A SZOLG\u00c1LTAT\u00d3:<\/strong><\/p>\n<p>Smile Design Center Kft. (sz\u00e9khely: 4565 Pusztadobos, R\u00e1k\u00f3czi u. 39.; ad\u00f3sz\u00e1m: 25591468-2-15) A Szolg\u00e1ltat\u00f3 \u00fagy nyilatkozik, hogy a szolg\u00e1ltat\u00e1sok ny\u00fajt\u00e1s\u00e1hoz sz\u00fcks\u00e9ges szakmai, hat\u00f3s\u00e1gi, m\u0171k\u00f6d\u00e9si enged\u00e9lyekkel, felt\u00e9telekkel, a tev\u00e9kenys\u00e9ge folytat\u00e1s\u00e1hoz kapcsol\u00f3d\u00f3an orvosi felel\u0151ss\u00e9gbiztos\u00edt\u00e1si szerz\u0151d\u00e9ssel rendelkezik, amely az \u00e9rdekk\u00f6r\u00e9ben elj\u00e1r\u00f3kra is kiterjed.<\/p>\n<p><strong>A MEGRENDEL\u0150:<\/strong><\/p>\n<p>Az egyedi szolg\u00e1ltat\u00e1si szerz\u0151d\u00e9sben (a tov\u00e1bbiakban: ESZ) megnevezett Megrendel\u0151, illetve \u00edr\u00e1sbeli ESZ hi\u00e1ny\u00e1ban a szolg\u00e1ltat\u00e1st t\u00e9nylegesen ig\u00e9nybe vev\u0151 szem\u00e9ly.<\/p>\n<p>1) A felek a Megrendel\u0151 \u00e1ltal v\u00e1lasztott fogorvosi j\u00e1r\u00f3beteg-ell\u00e1t\u00e1si szolg\u00e1ltat\u00e1s\/ok\/, \u00e9s az ehhez sz\u00fcks\u00e9ges anyagok megrendel\u00e9s\u00e9t, tartalm\u00e1t jelen \u00c1SZF (a tov\u00e1bbiakban: \u00c1SZF) felt\u00e9telei \u00e9s az ESZ szerinti tartalommal hat\u00e1rozz\u00e1k meg. A szolg\u00e1ltat\u00e1s ig\u00e9nybev\u00e9tel\u00e9vel (r\u00e1utal\u00f3 magatart\u00e1s) a Szerz\u0151d\u00e9s abban az esetben is l\u00e9trej\u00f6n a jelen \u00c1SZF-ben foglalt tartalommal, ha az ESZ al\u00e1\u00edr\u00e1s\u00e1ra valamilyen ok miatt nem ker\u00fclne sor. Az ESZ \u00e9s \u00c1SZF a tov\u00e1bbiakban egy\u00fcttesen: Szerz\u0151d\u00e9s, amely kieg\u00e9sz\u00fclhet a szolg\u00e1ltat\u00e1sok el\u0151tt, illetve sor\u00e1n keletkez\u0151 egy\u00e9b iratokkal (pl.: \u00fan. ANAMN\u00c9ZIS lappal, beteg t\u00e1j\u00e9koztat\u00f3val stb.).<\/p>\n<p>2) Szolg\u00e1ltat\u00f3 a tev\u00e9kenys\u00e9g\u00e9re ir\u00e1nyad\u00f3 jogszab\u00e1lyi, szakmai el\u0151\u00edr\u00e1sok betart\u00e1sa mellett megfelel\u0151 szak\u00e9rtelemmel, szakk\u00e9pes\u00edt\u00e9ssel rendelkez\u0151 fogszakorvos(ok), szakasszisztencia, k\u00f6zrem\u0171k\u00f6d\u0151(k), m\u00e1s eg\u00e9szs\u00e9g\u00fcgyi szolg\u00e1ltat\u00f3(k), szabadfoglalkoz\u00e1s\u00fa orvos(ok), \u00f6nk\u00e9ntes seg\u00edt\u0151(k), a k\u00f6zrem\u0171k\u00f6d\u0151 tov\u00e1bbi k\u00f6zrem\u0171k\u00f6d\u0151je, alv\u00e1llalkoz\u00f3(k) \u00e9s k\u00f6zvet\u00edtett szolg\u00e1ltat\u00e1s(ok) ig\u00e9nybev\u00e9tel\u00e9vel teljes\u00edti a v\u00e1llalt szolg\u00e1ltat\u00e1s\/oka\/t, biztos\u00edtja az ehhez sz\u00fcks\u00e9ges fogtechnikai \u00e9s egy\u00e9b anyagokat a kezel\u00e9st ell\u00e1t\u00f3 fogorvos \u00e9s a Megrendel\u0151 \u00e1ltal egyeztetett id\u0151pontokban \u00e9s gyakoris\u00e1ggal.<\/p>\n<p>3) Az ESZ al\u00e1\u00edr\u00e1s\u00e1val a szerz\u0151d\u0151 felek kifejezetten meg\u00e1llapodnak abban, hogy a megrendelt szolg\u00e1ltat\u00e1s\/ok\/ teljes\u00edt\u00e9s\u00e9hez \u2013 k\u00fcl\u00f6n\u00f6sen a fog\u00e1szati ell\u00e1t\u00e1shoz, a fogtechnikai tev\u00e9kenys\u00e9ghez, egy\u00e9b speci\u00e1lis orvosi beavatkoz\u00e1sokhoz, gy\u00f3gykezel\u00e9sekhez, a sz\u00e1ll\u00e1shely, vagy a Megrendel\u0151 \u00e1ltal k\u00edv\u00e1nt egy\u00e9b szolg\u00e1ltat\u00e1sokhoz \u2013 a Megrendel\u0151 alv\u00e1llalkoz\u00f3kat is ig\u00e9nybe vesz, akiknek a tev\u00e9kenys\u00e9g\u00e9\u00e9rt \u00fagy felel, mintha az alv\u00e1llalkoz\u00f3ira b\u00edzott tev\u00e9kenys\u00e9get saj\u00e1t maga l\u00e1tta volna el. A Szolg\u00e1ltat\u00f3 e k\u00f6zvet\u00edtett szolg\u00e1ltat\u00e1sokat is \u00e9rt\u00e9kes\u00edti v\u00e1ltozatlan form\u00e1ban, de nem felt\u00e9tlen\u00fcl v\u00e1ltozatlan \u00e1ron a Megrendel\u0151 r\u00e9sz\u00e9re.<\/p>\n<p><strong>A SZOLG\u00c1LTAT\u00c1S ELLEN\u00c9RT\u00c9KE:<\/strong><\/p>\n<p>4) A Szolg\u00e1ltat\u00f3 a szolg\u00e1ltat\u00e1sok d\u00edjait, anyagk\u00f6lts\u00e9g\u00e9t az ESZ tartalmazza. Ennek hi\u00e1ny\u00e1ban a Szolg\u00e1ltat\u00f3 mindenkori \u00e1rlist\u00e1ja ir\u00e1nyad\u00f3, mely a Szolg\u00e1ltat\u00f3 honlapj\u00e1n \u00e9s a rendel\u0151iben nyomtatott form\u00e1ban el\u00e9rhet\u0151.<\/p>\n<p>5) Elt\u00e9r\u0151 rendelkez\u00e9s hi\u00e1ny\u00e1ban a Szolg\u00e1ltat\u00f3 aj\u00e1nlata (\u00e9s k\u00fcl\u00f6n\u00f6sen a d\u00edj- \u00e9s anyagk\u00f6lts\u00e9gek) annak Megrendel\u0151vel val\u00f3 k\u00f6zl\u00e9s\u00e9t k\u00f6vet\u0151 30 napig \u00e9rv\u00e9nyesek.Amennyiben Felek k\u00f6z\u00f6tt l\u00e9trej\u00f6n a Szerz\u0151d\u00e9s, \u00fagy elt\u00e9r\u0151 rendelkez\u00e9s hi\u00e1ny\u00e1ban a Szolg\u00e1ltat\u00f3 a Szerz\u0151d\u00e9s l\u00e9trej\u00f6tt\u00e9t k\u00f6vet\u0151 3 h\u00f3nap ut\u00e1n v\u00e9gzend\u0151 szolg\u00e1ltat\u00e1sok vonatkoz\u00e1s\u00e1ban a Szolg\u00e1ltat\u00f3 jogosult az akkor v\u00e9gzend\u0151 szolg\u00e1ltat\u00e1s id\u0151pontj\u00e1ban hat\u00e1lyos \u00e1rlist\u00e1t \u00e9s felt\u00e9teleket alkalmazni.<\/p>\n<p>6) A Szerz\u0151d\u00e9sben meghat\u00e1rozott szolg\u00e1ltat\u00e1si d\u00edj(ak) \u00e9s felt\u00e9telek (pl.: kezel\u00e9s id\u0151tartama stb.) a szolg\u00e1ltat\u00e1s befejez\u00e9s\u00e9ig m\u00f3dosulhatnak az egyedi k\u00f6r\u00fclm\u00e9nyek (pl. Megrendel\u0151 hi\u00e1nyos vagy k\u00e9sedelmes adatszolg\u00e1ltat\u00e1sa, p\u00e1ciens egy\u00e9ni fizik\u00e1lis \u00e1llapota, a gy\u00f3gyul\u00e1si folyamat, klinikai vizsg\u00e1latok, vagy a kezel\u00e9s sor\u00e1n el\u0151\u00e1ll\u00f3 m\u00e1s szakmai okok, pl. el\u0151re nem l\u00e1that\u00f3 beavatkoz\u00e1sok, gy\u00f3gy\u00edt\u00f3 tev\u00e9kenys\u00e9g stb.) f\u00fcggv\u00e9ny\u00e9ben. Ilyen v\u00e1ltoz\u00e1s eset\u00e9n Szolg\u00e1ltat\u00f3 lehet\u0151s\u00e9g szerint halad\u00e9ktalanul t\u00e1j\u00e9koztatja Megrendel\u0151t.<\/p>\n<p><strong>FIZET\u00c9SI FELT\u00c9TELEK:<\/strong><\/p>\n<p>7) A szolg\u00e1ltat\u00e1sok d\u00edj\u00e1t, a felhaszn\u00e1lt anyagok, a k\u00f6zvet\u00edtett szolg\u00e1ltat\u00e1sok k\u00f6lts\u00e9geit az ESZ elt\u00e9r\u0151 rendelkez\u00e9se hi\u00e1ny\u00e1ban a jelen \u00c1SZF-ben foglaltak szerint k\u00f6teles Megrendel\u0151 kiegyenl\u00edteni:<\/p>\n<ol>\n<li>a)\u00a0 a szolg\u00e1ltat\u00e1sok d\u00edj\u00e1t a szolg\u00e1ltat\u00e1s ny\u00fajt\u00e1s\u00e1val egyidej\u0171leg k\u00f6teles Megrendel\u0151 hi\u00e1nytalanul megfizetni Szolg\u00e1ltat\u00f3 r\u00e9sz\u00e9re.<\/li>\n<li>b)\u00a0 fogp\u00f3tl\u00e1si szolg\u00e1ltat\u00e1sok eset\u00e9n a teljes fogp\u00f3tl\u00e1si szolg\u00e1ltat\u00e1s d\u00edj legal\u00e1bb 50%-a a lenyomatv\u00e9telkor fizetend\u0151.<\/li>\n<\/ol>\n<p>8) Felek meg\u00e1llapodnak abban, hogy k\u00e9sedelmes fizet\u00e9s eset\u00e9n a k\u00e9sedelem id\u0151tartam\u00e1ra k\u00e9sedelmi kamat fizetend\u0151, amelynek m\u00e9rt\u00e9ke a mindenkori magyar jogszab\u00e1ly(ok)ban (jelenleg 2013. \u00e9vi V. t\u00f6rv\u00e9ny) meghat\u00e1rozott k\u00e9sedelmi kamat m\u00e9rt\u00e9k.<\/p>\n<p>9) A fizet\u00e9si k\u00f6telezetts\u00e9g teljes\u00edt\u00e9se a Szolg\u00e1ltat\u00f3 \u00e1ltal elfogadott m\u00f3don (k\u00e9szp\u00e9nz, bankk\u00e1rtya, online bankk\u00e1rtya, szerz\u0151d\u00f6tt partner eg\u00e9szs\u00e9gbiztos\u00edt\u00e1si k\u00e1rty\u00e1ja stb.) t\u00f6rt\u00e9nhet, mely elfogadott fizet\u00e9si m\u00f3dokr\u00f3l Szolg\u00e1ltat\u00f3 ilyen ig\u00e9ny eset\u00e9n t\u00e1j\u00e9koztatja Megrendel\u0151t.<\/p>\n<p><strong>ADATV\u00c9DELEM, T\u00c1J\u00c9KOZTAT\u00c1S:<\/strong><\/p>\n<p>10) A Megrendel\u0151 hozz\u00e1j\u00e1rul ahhoz, hogy a Szolg\u00e1ltat\u00f3 a Megrendel\u0151 \u00e1ltal megadott \u00e9s a Megrendel\u0151r\u0151l az ell\u00e1t\u00e1s sor\u00e1n r\u00f6gz\u00edtett eg\u00e9szs\u00e9g\u00fcgyi adatokat, szem\u00e9lyazonos\u00edt\u00f3 adatait az ir\u00e1nyad\u00f3 jogszab\u00e1lyok szerint, az egy\u00e9b adatokat \u00fczleti titokk\u00e9nt kezelje, nyilv\u00e1ntartsa. Hozz\u00e1j\u00e1rul ahhoz is, hogy gy\u00f3gykezel\u00e9s\u00e9nek kiz\u00e1r\u00f3lagosan orvosi vonatkoz\u00e1s\u00fa adatait, tapasztalatait a Szolg\u00e1ltat\u00f3 tudom\u00e1nyos, kutat\u00e1si c\u00e9lokra felhaszn\u00e1lja.<\/p>\n<p>11) Megrendel\u0151 tudom\u00e1sul veszi, hogy az \u00c1LTAL\u00c1NOS ANAMN\u00c9ZIS elnevez\u00e9s\u0171 adatlapon az eg\u00e9szs\u00e9gi \u00e1llapot\u00e1r\u00f3l szolg\u00e1ltatott adatok, inform\u00e1ci\u00f3k a fogorvosi ell\u00e1t\u00e1sok, gy\u00f3gykezel\u00e9sek tartalm\u00e1nak megv\u00e1laszt\u00e1s\u00e1hoz sz\u00fcks\u00e9gesek, \u00fagy nyilatkozik, hogy a szolg\u00e1ltatott adatok teljes k\u00f6r\u0171ek \u00e9s a kezel\u00e9sek id\u0151tartama alatt bek\u00f6vetkezett v\u00e1ltoz\u00e1sokr\u00f3l a Szolg\u00e1ltat\u00f3t t\u00e1j\u00e9koztatni k\u00f6teles.<\/p>\n<p>12) A Megrendel\u0151 tudom\u00e1sul veszi \u00e9s nem ellenzi, hogy biztons\u00e1gi okokb\u00f3l, valamint a Szerz\u0151d\u00e9ssel kapcsolatos szolg\u00e1ltat\u00e1sok \u00e9s k\u00f6telezetts\u00e9gek teljes\u00edt\u00e9se, jogok gyakorl\u00e1sa, k\u00f6vetel\u00e9sek \u00e9rv\u00e9nyes\u00edt\u00e9se, a Megrendel\u0151 azonos\u00edt\u00e1sa c\u00e9lj\u00e1b\u00f3l a Szolg\u00e1ltat\u00f3 rendel\u0151iben hang- \u00e9s k\u00e9pfelv\u00e9tel k\u00e9sz\u00fclhet, amely felv\u00e9telek tartalm\u00e1t a Szolg\u00e1ltat\u00f3 sz\u00fcks\u00e9g eset\u00e9n, a fenti c\u00e9lokb\u00f3l kiz\u00e1r\u00f3lag ezen fenti c\u00e9lok el\u00e9r\u00e9s\u00e9hez ig\u00e9nybe vett alkalmazottai, megb\u00edzottjai, k\u00f6zrem\u0171k\u00f6d\u0151i, tov\u00e1bb\u00e1 hat\u00f3s\u00e1g(ok), k\u00f6zjegyz\u0151(k), b\u00edr\u00f3s\u00e1g(ok) r\u00e9sz\u00e9re jogosult bemutatni.<\/p>\n<p>13) A Szolg\u00e1ltat\u00f3 a Rendel\u0151(k)ben kif\u00fcggeszti a betegjogi t\u00e1j\u00e9koztat\u00f3t.<\/p>\n<p>14) Szolg\u00e1ltat\u00f3 szerz\u0151d\u00e9sszeg\u00e9s\u00e9rt val\u00f3 felel\u0151ss\u00e9ge a sz\u00e1nd\u00e9kosan okozott, valamint az emberi \u00e9letet, testi \u00e9ps\u00e9get vagy eg\u00e9szs\u00e9get megk\u00e1ros\u00edt\u00f3 szerz\u0151d\u00e9sszeg\u00e9sen k\u00edv\u00fcl a k\u00f6vetkez\u0151k szerint korl\u00e1tozott:<\/p>\n<p>Nem terjed ki:<\/p>\n<ol>\n<li>a)\u00a0\u00a0\u00a0 m\u00e1s fog\u00e1szaton ig\u00e9nybe vett szolg\u00e1ltat\u00e1s megt\u00e9r\u00edt\u00e9s\u00e9re,<\/li>\n<li>b)\u00a0\u00a0\u00a0 \u00fati- \u00e9s sz\u00e1ll\u00e1sk\u00f6lts\u00e9g t\u00e9r\u00edt\u00e9sre<\/li>\n<li>c)\u00a0\u00a0\u00a0 a szolg\u00e1ltat\u00e1s t\u00e1rgy\u00e1ban keletkezett k\u00e1rok kiv\u00e9tel\u00e9vel a Szerz\u0151d\u00e9s megk\u00f6t\u00e9s\u00e9nek id\u0151pontj\u00e1ban Szolg\u00e1ltat\u00f3 \u00e1ltal el\u0151re nem l\u00e1that\u00f3 egy\u00e9b k\u00e1rokra, elmaradt vagyoni el\u0151nyre.<\/li>\n<\/ol>\n<p><strong>EGY\u00c9B RENDELKEZ\u00c9SEK<\/strong><\/p>\n<p>15) Szolg\u00e1ltat\u00f3t szerz\u0151d\u00e9sk\u00f6t\u00e9si vagy fenntart\u00e1si k\u00f6telezetts\u00e9g nem terheli. Szolg\u00e1ltat\u00f3 jogosult a Szerz\u0151d\u00e9s szerinti kezel\u00e9seket azonnali hat\u00e1llyal felf\u00fcggeszteni, vagy bel\u00e1t\u00e1sa szerint a Szerz\u0151d\u00e9st azonnali hat\u00e1llyal felmondani, ha<\/p>\n<ol>\n<li>a)\u00a0\u00a0\u00a0 fizet\u00e9si k\u00f6telezetts\u00e9g\u00e9nek a Megrendel\u0151 nem vagy k\u00e9sedelmesen tesz eleget;<\/li>\n<li>b)\u00a0\u00a0\u00a0 meg\u00edt\u00e9l\u00e9se szerint a Megrendel\u0151 nem m\u0171k\u00f6dik megfelel\u0151en egy\u00fctt a szolg\u00e1ltat\u00e1s(ok) eredm\u00e9nyes elv\u00e9gz\u00e9se \u00e9rdek\u00e9ben, ide\u00e9rtve k\u00fcl\u00f6n\u00f6sen, ha:<\/li>\n<li>i) nem tartja be az orvosi utas\u00edt\u00e1sokat;<\/li>\n<li>ii) m\u00e1s betegeket, a szem\u00e9lyzet tagjait magatart\u00e1s\u00e1val zavarja;<\/li>\n<\/ol>\n<p>iii) eg\u00e9szs\u00e9g\u00fcgyi vagy ment\u00e1lis \u00e1llapota, annak v\u00e1ltoz\u00e1sa a szolg\u00e1ltat\u00e1s megfelel\u0151 teljes\u00edt\u00e9s\u00e9t Szolg\u00e1ltat\u00f3 szerint megnehez\u00edti vagy akad\u00e1lyozhatja;<\/p>\n<ol>\n<li>iv) egyeztetett id\u0151pontokat rendszeresen vagy ism\u00e9tl\u0151d\u0151en elmulaszt an\u00e9lk\u00fcl, hogy Szolg\u00e1ltat\u00f3t err\u0151l a Szerz\u0151d\u00e9sben meghat\u00e1rozott id\u0151n bel\u00fcl el\u0151zetesen t\u00e1j\u00e9koztatn\u00e1.<\/li>\n<\/ol>\n<p>16) A Szolg\u00e1ltat\u00f3 a jogszab\u00e1lyban el\u0151\u00edrt k\u00f6telez\u0151 esetekben \u00e9s az abban foglalt k\u00f6telez\u0151 id\u0151tartamban v\u00e1llal j\u00f3t\u00e1ll\u00e1st. A szavatoss\u00e1g \u00e9s j\u00f3t\u00e1ll\u00e1s sor\u00e1n a kijav\u00edt\u00e1s\/kicser\u00e9l\u00e9s helye a Szolg\u00e1ltat\u00f3 mindenkori rendel\u0151je. A j\u00f3t\u00e1ll\u00e1s nem terjed ki m\u00e1s fog\u00e1szat ig\u00e9nybev\u00e9tel\u00e9vel, vagy az utaz\u00e1ssal kapcsolatos k\u00f6lts\u00e9gek fedez\u00e9s\u00e9re.<\/p>\n<p>17) Nem terjed ki a Szolg\u00e1ltat\u00f3 j\u00f3t\u00e1ll\u00e1si k\u00f6telezetts\u00e9ge, illetve a Szolg\u00e1ltat\u00f3 mentes\u00fcl a j\u00f3t\u00e1ll\u00e1si k\u00f6telezetts\u00e9ge al\u00f3l a k\u00f6vetkez\u0151 esetekben:<\/p>\n<ul>\n<li>a kezel\u00e9s folyamata alatt alkalmazott ideiglenes megold\u00e1sokra (ideiglenes t\u00f6m\u00e9sek, koron\u00e1k, ragaszt\u00e1sok, stb.)<\/li>\n<li>koron\u00e1s fogak k\u00e9s\u0151bbi gy\u00f6k\u00e9rkezel\u00e9s\u00e9re<\/li>\n<li>olyan hib\u00e1kra \u00e9s s\u00e9r\u00fcl\u00e9sekre, amelyek nem rendeltet\u00e9sszer\u0171 haszn\u00e1lat vagy baleset, extr\u00e9m er\u0151hat\u00e1s k\u00f6vetkezt\u00e9ben j\u00f6nnek l\u00e9tre<\/li>\n<li>olyan hib\u00e1kra \u00e9s s\u00e9r\u00fcl\u00e9sekre, amelyek meg\u00e1llap\u00edthat\u00f3an abb\u00f3l ad\u00f3dnak, hogy a Megrendel\u0151 nem tartotta be a Szolg\u00e1ltat\u00f3 utas\u00edt\u00e1sait<\/li>\n<li>a Megrendel\u0151 olyan eg\u00e9szs\u00e9groml\u00e1s\u00e1ra, \u00e9s a be\u00e9p\u00edtett anyag ebb\u0151l ered\u0151 meghib\u00e1sod\u00e1s\u00e1ra, amelyet a Megrendel\u0151 \u00e9letm\u00f3dja, rossz szok\u00e1sa (pl.: fogcsikorgat\u00e1s) vagy betegs\u00e9ge okoz.<\/li>\n<li>a fogm\u0171, fogp\u00f3tl\u00e1s elveszt\u00e9se eset\u00e9n<\/li>\n<li>p\u00e1ciens szervezet\u00e9nek term\u00e9szetes reakci\u00f3ib\u00f3l ered\u0151 panaszokra (pl.: allergia), p\u00e1ciens szervezet\u00e9nek betegs\u00e9geire<\/li>\n<li>a Megrendel\u0151 az el\u0151\u00edrt kontrollvizsg\u00e1laton, \u00e9s\/vagy \u00e9vente legal\u00e1bb egy ellen\u0151rz\u00e9sen nem jelenik meg<\/li>\n<li>a Megrendel\u0151 panasza a szakma \u00e1ltal elfogadottan, a kezel\u00e9s egyik lehets\u00e9ges k\u00f6vetkezm\u00e9nyek\u00e9nt fell\u00e9p\u0151 sz\u00f6v\u0151dm\u00e9ny (pl.: gy\u00f6k\u00e9rkezel\u00e9s sz\u00fcks\u00e9gess\u00e9ge t\u00f6m\u00e9s vagy egy\u00e9b fogat \u00e9rint\u0151 kezel\u00e9s ut\u00e1n)<\/li>\n<li>\u00ednyvisszah\u00faz\u00f3d\u00e1s, vagy a csont le\u00e9p\u00fcl\u00e9s, kiv\u00e9ve ha az bizony\u00edtottan kiz\u00e1r\u00f3lag a Szolg\u00e1ltat\u00f3 hib\u00e1s teljes\u00edt\u00e9se miatt t\u00f6rt\u00e9nt;<\/li>\n<li>a Megrendel\u0151 a javasolt kezel\u00e9seket nem vette ig\u00e9nybe, a panasz a be nem fejezett kezel\u00e9si sorozat eredm\u00e9nye, vagy nem k\u00f6veti a fogorvos utas\u00edt\u00e1sait (p\u00e9ld\u00e1ul nem viseli teljes lemezes fogp\u00f3tl\u00e1s\u00e1t \u00e9jjel; vagy fogv\u00e9d\u0151 s\u00edn haszn\u00e1lat\u00e1ra vonatkoz\u00f3 javaslat ellen\u00e9re a p\u00e1ciens azt nem haszn\u00e1lja)<\/li>\n<li>a Megrendel\u0151 nem megfelel\u0151 sz\u00e1jhigi\u00e9n\u00e9je, doh\u00e1nyz\u00e1s, alkoholfogyaszt\u00e1sa vagy k\u00e1b\u00edt\u00f3szer illetve gy\u00f3gyszer abususa, ment\u00e1lis zavara k\u00f6vetkezt\u00e9ben kialakul\u00f3 panaszok<\/li>\n<li>A Megrendel\u0151 sz\u00e1mottev\u0151 s\u00falyv\u00e1ltoz\u00e1sa eset\u00e9n<\/li>\n<li>Anyagcsere betegs\u00e9gek (k\u00fcl\u00f6n\u00f6s tekintettel a csontanyagcsere betegs\u00e9geire), egy\u00e9b s\u00falyos \u00e1ltal\u00e1nos betegs\u00e9g (pl.: tumor, diabetes, epilepszia, osteoporosis, stb.) eset\u00e9n \u00e9s az azokra kapott kezel\u00e9sek (gy\u00f3gyszerek, chemoter\u00e1pia, sug\u00e1rkezel\u00e9s, stb.) hat\u00e1sai eset\u00e9n<\/li>\n<li>A fogm\u0171vek nem megfelel\u0151 gondoz\u00e1sa, karbantart\u00e1sa eset\u00e9n<\/li>\n<li>balesetb\u0151l vagy k\u00fczd\u0151 vagy extr\u00e9m sportokb\u00f3l sz\u00e1rmaz\u00f3 s\u00e9r\u00fcl\u00e9s eset\u00e9n<\/li>\n<li>kop\u00f3 alkatr\u00e9szek cser\u00e9je eset\u00e9n pl.: kombi p\u00f3tl\u00e1sok r\u00f6gz\u00edt\u0151 elemei<\/li>\n<li>fogsor al\u00e1b\u00e9lel\u00e9s, bruxizmus, progredi\u00e1l\u00f3parodontitis eset\u00e9n<\/li>\n<li>altat\u00e1skor a tubus okozta s\u00e9r\u00fcl\u00e9sekre<\/li>\n<li>a Megrendel\u0151 a kezel\u00e9s alatt, vagy a kezel\u00e9st k\u00f6vet\u0151en m\u00e1s szolg\u00e1ltat\u00f3t\u00f3l vesz ig\u00e9nybe fog\u00e1szati kezel\u00e9st, vagy fogtechnikai munk\u00e1t (kiv\u00e9ve a Szolg\u00e1ltat\u00f3 \u00e1ltal meghat\u00e1rozott partnerorvosok, szerz\u0151d\u00f6tt klinik\u00e1k)<\/li>\n<li>ha panasz\u00e1t halad\u00e9ktalanul nem jelenti be, vagy ha a min\u0151s\u00e9gi kifog\u00e1st hat\u00e1rid\u0151n bel\u00fcl bejelenti, de a kifog\u00e1s kivizsg\u00e1l\u00e1s\u00e1t, orvosl\u00e1s\u00e1t nem teszi lehet\u0151v\u00e9, kontrollvizsg\u00e1laton, kezel\u00e9sen nem jelenik meg, a fogm\u0171vet nem bocs\u00e1tja a Szolg\u00e1ltat\u00f3 rendelkez\u00e9s\u00e9re<\/li>\n<\/ul>\n<p>18) A Szerz\u0151d\u00e9sben nem szab\u00e1lyozott k\u00e9rd\u00e9sekben a magyar jog, k\u00fcl\u00f6n\u00f6sen a Ptk., valamint az eg\u00e9szs\u00e9g\u00fcgyre, az eg\u00e9szs\u00e9g\u00fcgyi szolg\u00e1ltat\u00e1sokra vonatkoz\u00f3 egy\u00e9b jogszab\u00e1lyok rendelkez\u00e9sei az ir\u00e1nyad\u00f3k.<\/p>\n<p>19) Felek a Szerz\u0151d\u00e9s \u00e9rtelmez\u00e9s\u00e9re a magyar jog szab\u00e1lyai alkalmaz\u00e1s\u00e1t \u00edrj\u00e1k el\u0151, tov\u00e1bb\u00e1 a Szerz\u0151d\u00e9sb\u0151l ered\u0151 jogvita eset\u00e9re magyar \u00e1llami rendes b\u00edr\u00f3s\u00e1gok kiz\u00e1r\u00f3lagos illet\u00e9kess\u00e9g\u00e9t k\u00f6tik ki azzal, hogy az elj\u00e1r\u00f3 b\u00edr\u00f3s\u00e1g az \u00f6sszeghat\u00e1rt\u00f3l f\u00fcgg\u0151en a Budai K\u00f6zponti Ker\u00fcleti B\u00edr\u00f3s\u00e1g vagy a Sz\u00e9kesfeh\u00e9rv\u00e1ri T\u00f6rv\u00e9nysz\u00e9k.<\/p>\n<p>Smile Design Center Kft.<\/p>","protected":false},"excerpt":{"rendered":"<p>fogorvosij\u00e1r\u00f3beteg, fog\u00e1szati szolg\u00e1ltat\u00e1s ell\u00e1t\u00e1s\u00e1ra A SZOLG\u00c1LTAT\u00d3: Smile Design Center Kft. (sz\u00e9khely: 4565 Pusztadobos, R\u00e1k\u00f3czi u. 39.; ad\u00f3sz\u00e1m: 25591468-2-15) A Szolg\u00e1ltat\u00f3 \u00fagy nyilatkozik, hogy a szolg\u00e1ltat\u00e1sok ny\u00fajt\u00e1s\u00e1hoz sz\u00fcks\u00e9ges szakmai, hat\u00f3s\u00e1gi, m\u0171k\u00f6d\u00e9si enged\u00e9lyekkel, felt\u00e9telekkel, a tev\u00e9kenys\u00e9ge folytat\u00e1s\u00e1hoz kapcsol\u00f3d\u00f3an orvosi felel\u0151ss\u00e9gbiztos\u00edt\u00e1si szerz\u0151d\u00e9ssel rendelkezik, amely az \u00e9rdekk\u00f6r\u00e9ben elj\u00e1r\u00f3kra is kiterjed. A MEGRENDEL\u0150: Az egyedi szolg\u00e1ltat\u00e1si szerz\u0151d\u00e9sben (a tov\u00e1bbiakban: ESZ)<a class=\"moretag\" href=\"https:\/\/www.smiledesigncenter.hu\/fi\/templatera\/a-tokeletes-mosolyhoz-csak-egy-idopont-foglalas-hianyzik\/\"> \u2026Jatka artikkeliin\u2026<\/a><\/p>","protected":false},"author":2,"featured_media":0,"parent":0,"menu_order":0,"comment_status":"closed","ping_status":"closed","template":"","meta":{"footnotes":"","_joinchat":[]},"acf":[],"_links":{"self":[{"href":"https:\/\/www.smiledesigncenter.hu\/fi\/wp-json\/wp\/v2\/pages\/12930"}],"collection":[{"href":"https:\/\/www.smiledesigncenter.hu\/fi\/wp-json\/wp\/v2\/pages"}],"about":[{"href":"https:\/\/www.smiledesigncenter.hu\/fi\/wp-json\/wp\/v2\/types\/page"}],"author":[{"embeddable":true,"href":"https:\/\/www.smiledesigncenter.hu\/fi\/wp-json\/wp\/v2\/users\/2"}],"replies":[{"embeddable":true,"href":"https:\/\/www.smiledesigncenter.hu\/fi\/wp-json\/wp\/v2\/comments?post=12930"}],"version-history":[{"count":1,"href":"https:\/\/www.smiledesigncenter.hu\/fi\/wp-json\/wp\/v2\/pages\/12930\/revisions"}],"predecessor-version":[{"id":12931,"href":"https:\/\/www.smiledesigncenter.hu\/fi\/wp-json\/wp\/v2\/pages\/12930\/revisions\/12931"}],"wp:attachment":[{"href":"https:\/\/www.smiledesigncenter.hu\/fi\/wp-json\/wp\/v2\/media?parent=12930"}],"curies":[{"name":"wp","href":"https:\/\/api.w.org\/{rel}","templated":true}]}}