{"id":13193,"date":"2025-07-17T16:44:15","date_gmt":"2025-07-17T16:44:15","guid":{"rendered":"https:\/\/www.smiledesigncenter.hu\/?page_id=13193"},"modified":"2025-07-17T16:46:08","modified_gmt":"2025-07-17T16:46:08","slug":"ginop-2-1-8-17-2018-03028","status":"publish","type":"page","link":"https:\/\/www.smiledesigncenter.hu\/fi\/ginop-2-1-8-17-2018-03028\/","title":{"rendered":"GINOP-2.1.8-17-2018-03028"},"content":{"rendered":"<!-- Facebook Like Button Vivacity Infotech BEGIN -->\n<div class=\"fb-like\" data-href=\"https:\/\/www.smiledesigncenter.hu\/fi\/ginop-2-1-8-17-2018-03028\/\" data-layout=\"standard\" data-action=\"recommend\" data-show-faces=\"false\" data-size=\"small\" data-width=\"450\" data-share=\"1\" ><\/div>\n<!-- Facebook Like Button Vivacity Infotech END -->\n<p><strong>A kedvezm\u00e9nyezett neve:<\/strong> Smile Design Center Szolg\u00e1ltat\u00f3 Kft.<br \/>\n<strong>A projekt c\u00edme:<\/strong> Innovat\u00edv megold\u00e1sok a fogorvosl\u00e1sban<br \/>\n<strong>A szerz\u0151d\u00f6tt t\u00e1mogat\u00e1s \u00f6sszege:<\/strong> 13 315 208 Ft<br \/>\n<strong>A t\u00e1mogat\u00e1s m\u00e9rt\u00e9ke:<\/strong> 50%<\/p>\n<p><strong>A projekt tartalm\u00e1nak bemutat\u00e1sa<\/strong><\/p>\n<p>A sz\u00ednvonalas betegell\u00e1t\u00e1s \u00e9rdek\u00e9ben a projekt megval\u00f3s\u00edt\u00e1sa sor\u00e1n \u00faj fog\u00e1szati<br \/>\negys\u00e9gk\u00e9sz\u00fcl\u00e9k (fog\u00e1szati sz\u00e9k) \u00e9s steriliz\u00e1l\u00f3 berendez\u00e9s beszerz\u00e9s\u00e9re ker\u00fclt sor a gyorsabb,<br \/>\nergon\u00f3mikusabb, prec\u00edzebb munkav\u00e9gz\u00e9s miatt kihaszn\u00e1lva az \u00faj g\u00e9pekben rejl\u0151 innovat\u00edv<br \/>\nmegold\u00e1sokat.<\/p>\n<p><strong>Tuttnauer Elara 11 \u201eB\u201d t\u00edpus\u00fa asztali autokl\u00e1v (\u00dczembe helyez\u00e9s d\u00e1tuma: 2019.02.28.<\/strong>)<\/p>\n<p>egyszerre be lehet pakolni az \u00f6sszes steriliz\u00e1land\u00f3 eszk\u00f6zt, ez\u00e1ltal egys\u00e9gnyi id\u0151 alatt j\u00f3val<br \/>\nt\u00f6bb p\u00e1cienst tudunk kiszolg\u00e1lni kevesebb energia ig\u00e9nybev\u00e9tele mellett. Ennek az eszk\u00f6znek a<br \/>\nseg\u00edts\u00e9g\u00e9vel a szervez\u00e9si neh\u00e9zs\u00e9g megold\u00f3dott, \u00edgy az eszk\u00f6z\u00f6k steriliz\u00e1l\u00e1sa nem jelent majd<br \/>\nmeghat\u00e1roz\u00f3 sz\u0171k keresztmetszetet a paciensek beoszt\u00e1s\u00e1n\u00e1l<\/p>\n<p><strong>A- dec 500 kezel\u0151egys\u00e9g (\u00dczembe helyez\u00e9s d\u00e1tuma: 2019.02.25.)<\/strong><\/p>\n<p>A beszerzett \u00faj kezel\u0151egys\u00e9g fel van szerelve amalg\u00e1n szepar\u00e1torral \u00edgy meg tudunk felelni a<br \/>\nk\u00f6telez\u0151 innov\u00e1ci\u00f3s el\u0151\u00edr\u00e1snak. Az \u00faj eszk\u00f6z\u00f6k olyan speci\u00e1lis eszk\u00f6z\u00f6kkel vannak felszerelve,<br \/>\nmit a t\u00f6bbfunkci\u00f3s asszisztensi kar, 2 elsz\u00edv\u00f3 \u00e9s puszter (v\u00edz adagol\u00f3 a sz\u00e1j\u00fcreg \u00f6bl\u00edt\u00e9s\u00e9hez),<br \/>\nenergiahat\u00e9kony polimeriz\u00e1ci\u00f3s l\u00e1mpa. A led megvil\u00e1g\u00edt\u00e1snak k\u00f6sz\u00f6nhet\u0151en a kezel\u0151 orvos<br \/>\nsokkal jobb bel\u00e1t\u00e1st nyer a p\u00e1ciens sz\u00e1j\u00fcreg\u00e9be. El\u0151nye m\u00e9g, hogy a l\u00e1mpa f\u00e9nye \u00e1tv\u00e1lthat\u00f3<br \/>\nm\u00e1s vil\u00e1g\u00edt\u00e1si \u00fczemm\u00f3dba, amire az\u00e9rt van sz\u00fcks\u00e9g, mert a led l\u00e1mpa f\u00e9ny\u00e9n\u00e9l a kompozit<br \/>\nt\u00f6m\u0151anyagok megk\u00f6tnek, viszont jelen eszk\u00f6z eset\u00e9ben a led l\u00e1mpa el\u0151tt tal\u00e1lhat\u00f3 egy sz\u0171r\u0151,<br \/>\naminek k\u00f6sz\u00f6nhet\u0151en a kompozit t\u00f6m\u0151anyagok nem k\u00f6tnek meg, \u00edgy amikor sz\u00fcks\u00e9ges ki-be<br \/>\nlehet kapcsolni. Az \u00faj eszk\u00f6z el\u0151nye tov\u00e1bb\u00e1, hogy a fogorvosi oldalon egyszerre \u00f6t k\u00fcl\u00f6nb\u00f6z\u0151<br \/>\neszk\u00f6z haszn\u00e1lhat\u00f3 a szok\u00e1sos n\u00e9ggyel szemben, a n\u0151v\u00e9r oldalon elsz\u00edv\u00f3 \u00e9s \u00f6bl\u00edt\u0151 eszk\u00f6z is<br \/>\nrendelkez\u00e9sre \u00e1ll, \u00edgy a kezel\u00e9s sor\u00e1n a n\u0151v\u00e9r akt\u00edvan tud seg\u00e9dkezni a sz\u00e1j\u00fcregben v\u00e9gzett<br \/>\nbeavatkoz\u00e1s k\u00f6zben. Ennek seg\u00edts\u00e9g\u00e9vel egyszerre &amp;quot;n\u00e9gykezes&amp;quot; beavatkoz\u00e1sok is<br \/>\nv\u00e9gezhet\u0151ek, ami a kezel\u00e9s pontoss\u00e1g\u00e1t, f\u00e1jdalommentess\u00e9g\u00e9t \u00e9s folyamatoss\u00e1g\u00e1t seg\u00edtik el\u0151.<\/p>\n<p><strong>A projekt befejez\u00e9s\u00e9nek d\u00e1tuma:<\/strong> 2019.02.28.<br \/>\n<strong>A projekt azonos\u00edt\u00f3 sz\u00e1ma:<\/strong> GINOP-2.1.8-17-2018-03028<\/p>","protected":false},"excerpt":{"rendered":"<p>A kedvezm\u00e9nyezett neve: Smile Design Center Szolg\u00e1ltat\u00f3 Kft. A projekt c\u00edme: Innovat\u00edv megold\u00e1sok a fogorvosl\u00e1sban A szerz\u0151d\u00f6tt t\u00e1mogat\u00e1s \u00f6sszege: 13 315 208 Ft A t\u00e1mogat\u00e1s m\u00e9rt\u00e9ke: 50% A projekt tartalm\u00e1nak bemutat\u00e1sa A sz\u00ednvonalas betegell\u00e1t\u00e1s \u00e9rdek\u00e9ben a projekt megval\u00f3s\u00edt\u00e1sa sor\u00e1n \u00faj fog\u00e1szati egys\u00e9gk\u00e9sz\u00fcl\u00e9k (fog\u00e1szati sz\u00e9k) \u00e9s steriliz\u00e1l\u00f3 berendez\u00e9s beszerz\u00e9s\u00e9re ker\u00fclt sor a gyorsabb, ergon\u00f3mikusabb, prec\u00edzebb munkav\u00e9gz\u00e9s<a class=\"moretag\" href=\"https:\/\/www.smiledesigncenter.hu\/fi\/templatera\/a-tokeletes-mosolyhoz-csak-egy-idopont-foglalas-hianyzik\/\"> \u2026Jatka artikkeliin\u2026<\/a><\/p>","protected":false},"author":2,"featured_media":0,"parent":0,"menu_order":0,"comment_status":"closed","ping_status":"closed","template":"","meta":{"footnotes":"","_joinchat":[]},"acf":[],"_links":{"self":[{"href":"https:\/\/www.smiledesigncenter.hu\/fi\/wp-json\/wp\/v2\/pages\/13193"}],"collection":[{"href":"https:\/\/www.smiledesigncenter.hu\/fi\/wp-json\/wp\/v2\/pages"}],"about":[{"href":"https:\/\/www.smiledesigncenter.hu\/fi\/wp-json\/wp\/v2\/types\/page"}],"author":[{"embeddable":true,"href":"https:\/\/www.smiledesigncenter.hu\/fi\/wp-json\/wp\/v2\/users\/2"}],"replies":[{"embeddable":true,"href":"https:\/\/www.smiledesigncenter.hu\/fi\/wp-json\/wp\/v2\/comments?post=13193"}],"version-history":[{"count":2,"href":"https:\/\/www.smiledesigncenter.hu\/fi\/wp-json\/wp\/v2\/pages\/13193\/revisions"}],"predecessor-version":[{"id":13196,"href":"https:\/\/www.smiledesigncenter.hu\/fi\/wp-json\/wp\/v2\/pages\/13193\/revisions\/13196"}],"wp:attachment":[{"href":"https:\/\/www.smiledesigncenter.hu\/fi\/wp-json\/wp\/v2\/media?parent=13193"}],"curies":[{"name":"wp","href":"https:\/\/api.w.org\/{rel}","templated":true}]}}