{"id":1898,"date":"2017-07-06T17:53:32","date_gmt":"2017-07-06T17:53:32","guid":{"rendered":"https:\/\/www.smiledesigncenter.hu\/?page_id=1898"},"modified":"2026-05-08T07:45:26","modified_gmt":"2026-05-08T07:45:26","slug":"fogorvos-nyiregyhaza-arak-2","status":"publish","type":"page","link":"https:\/\/www.smiledesigncenter.hu\/fi\/hammaslaaketieteen-hinnat-unkarissa\/","title":{"rendered":"Hintoja"},"content":{"rendered":"<!-- Facebook Like Button Vivacity Infotech BEGIN -->\n<div class=\"fb-like\" data-href=\"https:\/\/www.smiledesigncenter.hu\/fi\/hammaslaaketieteen-hinnat-unkarissa\/\" data-layout=\"standard\" data-action=\"recommend\" data-show-faces=\"false\" data-size=\"small\" data-width=\"450\" data-share=\"1\" ><\/div>\n<!-- Facebook Like Button Vivacity Infotech END -->\n<div class=\"vc_row wpb_row vc_row-fluid\"><div class=\"wpb_column vc_column_container vc_col-sm-12\"><div class=\"vc_column-inner\"><div class=\"wpb_wrapper\">\n\t<div class=\"wpb_text_column wpb_content_element\" >\n\t\t<div class=\"wpb_wrapper\">\n\t\t\t<div class=\"pricetablediv\">\n<table class=\"pricetable\">\n<tbody>\n<tr>\n<th class=\"col1\">Diagnostiikka<\/th>\n<th class=\"col2\">Hinta<\/th>\n<\/tr>\n<tr>\n<td>Tilannetarkastus ja konsultointi <strong><br \/>\n<\/strong><\/td>\n<td>10.000 Ft<\/td>\n<\/tr>\n<tr>\n<td>Tilannetarkaskus ja konsultointi erikoisl\u00e4\u00e4k\u00e4rin kanssa<\/td>\n<td>20.000 Ft<\/td>\n<\/tr>\n<tr>\n<td>Kontroll<\/td>\n<td>10.000 Ft<\/td>\n<\/tr>\n<tr>\n<td>Digitaalinen panoraamar\u00f6ntgenkuvaus<\/td>\n<td>15.000 Ft<\/td>\n<\/tr>\n<tr>\n<td>Kolmiulotteinen tietokonetomografia (TT-kuvaus)<\/td>\n<td>25.000 Ft<\/td>\n<\/tr>\n<tr>\n<td>3D arcszkennel\u00e9s<\/td>\n<td>20.000 Ft<\/td>\n<\/tr>\n<\/tbody>\n<\/table>\n<\/div>\n<div class=\"pricetablediv\">\n<table class=\"pricetable\">\n<tbody>\n<tr>\n<th class=\"col1\">Konzerv\u00e1l\u00f3 fog\u00e1szat<\/th>\n<th class=\"col2\">Hinta<\/th>\n<\/tr>\n<tr>\n<td>Kofferdam -isolointi (syljenerotin)<\/td>\n<td>8.000 Ft<\/td>\n<\/tr>\n<tr>\n<td>Hampaan paikkaus (yksi pinta)<\/td>\n<td>28.000 Ft<\/td>\n<\/tr>\n<tr>\n<td>Hampaan paikkaus (kaksi pintaa)<\/td>\n<td>38.000 Ft<\/td>\n<\/tr>\n<tr>\n<td>Hampaan paikkaus (kolme tai useampia pintoja)<\/td>\n<td>40.000 Ft<\/td>\n<\/tr>\n<tr>\n<td>Etuhampaan ennallistaminen<\/td>\n<td>25.000 Ft-t\u00f3l<\/td>\n<\/tr>\n<tr>\n<td>Mikroskooppinen hampaanpaikkaus syljenerotuksella<\/td>\n<td>60.000 Ft<\/td>\n<\/tr>\n<tr>\n<td>Juurihoito (k\u00e4ytt\u00e4m\u00e4ll\u00e4 kojeita ja laitteita) (yhden kanavan kokonaishoito)<\/td>\n<td>60.000 Ft<\/td>\n<\/tr>\n<tr>\n<td>Gy\u00f6k\u00e9rkezel\u00e9s (g\u00e9pi m\u0171szerek, eszk\u00f6z\u00f6k alkalmaz\u00e1s\u00e1val) (teljes kezel\u00e9s 2 csatorna eset\u00e9n)<\/td>\n<td>60.000 Ft<\/td>\n<\/tr>\n<tr>\n<td>Juurihoito (k\u00e4ytt\u00e4m\u00e4ll\u00e4 kojeita ja laitteita) (kolmen-nelj\u00e4n kanavan kokonaishoito)<\/td>\n<td>80.000 Ft<\/td>\n<\/tr>\n<tr>\n<td>Mikroskooppinen juurihoito digitaalisella juurenpituusmittauksella (yhden kanavan kokonaishoito)<\/td>\n<td>80.000 Ft<\/td>\n<\/tr>\n<tr>\n<td>Mikroskooppinen juurihoito digitaalisella juurenpituusmittauksella (kahden kanavan kokonaishoito)<\/td>\n<td>100.000 Ft<\/td>\n<\/tr>\n<tr>\n<td>Mikroskooppinen juurihoito digitaalisella juurenpituusmittauksella (kolmen-nelj\u00e4n kanavan kokonaishoito)<\/td>\n<td>150.000 Ft<\/td>\n<\/tr>\n<tr>\n<td>Jumiin j\u00e4\u00e4neen instrumentin mikroskooppinen poisto<\/td>\n<td>50.000-100.000 Ft<\/td>\n<\/tr>\n<tr>\n<td>Valekanavan sulkeminen MTA -menetelm\u00e4ll\u00e4<\/td>\n<td>40.000 Ft<\/td>\n<\/tr>\n<tr>\n<td>Juurikanavan sulkeminen kalsiumhydroksidil\u00e4\u00e4kityksell\u00e4<\/td>\n<td>20.000 Ft<\/td>\n<\/tr>\n<tr>\n<td>Ientaskun hoito\/hammas<\/td>\n<td>5.000 Ft<\/td>\n<\/tr>\n<tr>\n<td>Bifluoridihoito<\/td>\n<td>15.000 Ft<\/td>\n<\/tr>\n<\/tbody>\n<\/table>\n<\/div>\n<div class=\"pricetablediv\">\n<table class=\"pricetable\">\n<tbody>\n<tr>\n<th class=\"col1\">Tekohampaat<\/th>\n<th class=\"col2\">Hinta<\/th>\n<\/tr>\n<tr>\n<td>hammasproteeseja Hinta\nV\u00e4liaikainen kruunu (vastaanottohuone\/kpl)<\/td>\n<td>30.000 Ft<\/td>\n<\/tr>\n<tr>\n<td>V\u00e4liaikainen kruunu (hammasteknikko\/kpl)<\/td>\n<td>30.000 Ft<\/td>\n<\/tr>\n<tr>\n<td>Ideiglenes f\u00e9mker\u00e1mia korona<\/td>\n<td>45.000 Ft<\/td>\n<\/tr>\n<tr>\n<td>Cad Cam technik\u00e1val k\u00e9sz\u00fclt f\u00e9m v\u00e1zra \u00e9getett porcel\u00e1n korona<\/td>\n<td>85.000 Ft<\/td>\n<\/tr>\n<tr>\n<td>Purentarekisteri tukitapin kanssa<\/td>\n<td>80.000 Ft<\/td>\n<\/tr>\n<tr>\n<td>Korona \u2013 cirk\u00f3nium (f\u00e9mmentes)<\/td>\n<td>120.000 Ft<\/td>\n<\/tr>\n<tr>\n<td>T\u00e4yskonttuuri (zirkonista)<\/td>\n<td>120.000 Ft<\/td>\n<\/tr>\n<tr>\n<td>T\u00e4yskonttuuri l\u00e4piruuvin kanssa (zirkonista)<\/td>\n<td>128.000 Ft<\/td>\n<\/tr>\n<tr>\n<td>Csonk el\u0151k\u00e9sz\u00edt\u00e9si d\u00edj<\/td>\n<td>20.000 Ft<\/td>\n<\/tr>\n<tr>\n<td>Tekoikenet kruunua varten<\/td>\n<td>20.000 Ft<\/td>\n<\/tr>\n<tr>\n<td>Emax bet\u00e9t, h\u00e9j, korona<\/td>\n<td>150.000 Ft<\/td>\n<\/tr>\n<tr>\n<td>Gradia plussz bet\u00e9t<\/td>\n<td>95.000 Ft<\/td>\n<\/tr>\n<tr>\n<td>Valetynk\u00e4 valutapin kanssa<\/td>\n<td>35.000 Ft<\/td>\n<\/tr>\n<tr>\n<td>Lasikuititappi<\/td>\n<td>35.000 Ft<\/td>\n<\/tr>\n<tr>\n<td>Hammasrekisteri<\/td>\n<td>15.000 Ft<\/td>\n<\/tr>\n<tr>\n<td>Tarkkuushammasrekisteri<\/td>\n<td>20.000 Ft<\/td>\n<\/tr>\n<tr>\n<td>3D szkenner &#8211; digit\u00e1lis lenyomatv\u00e9tel<\/td>\n<td>20.000 Ft<\/td>\n<\/tr>\n<tr>\n<td>T\u00e4ydellinen tekohammassarja\/leuka (v\u00e4liaikainen)<\/td>\n<td>200.000 Ft<\/td>\n<\/tr>\n<tr>\n<td>Piiloankkuroitu yhdistelm\u00e4hammassarja<\/td>\n<td>400.000 Ft<\/td>\n<\/tr>\n<tr>\n<td>Lemezes kapcsos kivhet\u0151 fogso<\/td>\n<td>400.000 Ft<\/td>\n<\/tr>\n<tr>\n<td>BPS -hammassarja\/leuka<\/td>\n<td>430.000 Ft<\/td>\n<\/tr>\n<tr>\n<td>Hammassarjan sis\u00e4vuoraus<\/td>\n<td>40.000 Ft<\/td>\n<\/tr>\n<tr>\n<td>Hampaan korvaus hammassarjaan\/kpl<\/td>\n<td>30.000 Ft<\/td>\n<\/tr>\n<tr>\n<td>Hammassarjan korjaus<\/td>\n<td>30.000 Ft<\/td>\n<\/tr>\n<tr>\n<td>Tit\u00e1n st\u00e9g all-on-cirkonba<\/td>\n<td>160.000 Ft<\/td>\n<\/tr>\n<tr>\n<td>Michigen S\u00edn<\/td>\n<td>120.000 Ft<\/td>\n<\/tr>\n<tr>\n<td>Implantin yl\u00e4osa (kulmakorjaava)<\/td>\n<td>80.000 Ft<\/td>\n<\/tr>\n<\/tbody>\n<\/table>\n<\/div>\n<div class=\"pricetablediv\">\n<table class=\"pricetable\">\n<tbody>\n<tr>\n<th class=\"col1\">Sz\u00e1jhigi\u00e9niai kezel\u00e9sek<\/th>\n<th class=\"col2\">Hinta<\/th>\n<\/tr>\n<tr>\n<td>Rendel\u0151i fogfeh\u00e9r\u00edt\u00e9s<\/td>\n<td>50.000-100.000 Ft-ig<\/td>\n<\/tr>\n<tr>\n<td>Sis\u00e4inen hampaan valkaisu<\/td>\n<td>30.000 Ft<\/td>\n<\/tr>\n<tr>\n<td>Hammaskiven poisto kiillottamalla\/leuka<\/td>\n<td>20.000 Ft<\/td>\n<\/tr>\n<tr>\n<td>Air Flow puhallus\/leuka<\/td>\n<td>15.000 Ft<\/td>\n<\/tr>\n<tr>\n<td>Otthoni fogfeh\u00e9r\u00edt\u0151 szett (s\u00edn, anyag)<\/td>\n<td>70.000 Ft<\/td>\n<\/tr>\n<tr>\n<td>Purentakisko<\/td>\n<td>50.000 Ft<\/td>\n<\/tr>\n<\/tbody>\n<\/table>\n<\/div>\n<div class=\"pricetablediv\">\n<table class=\"pricetable\">\n<tbody>\n<tr>\n<th class=\"col1\">Suukirurgisia hoitoja<\/th>\n<th class=\"col2\">Hinta<\/th>\n<\/tr>\n<tr>\n<td>Hampaan poisto<\/td>\n<td>15.000 Ft<\/td>\n<\/tr>\n<tr>\n<td>Hampaan juuren kirurginen poisto<\/td>\n<td>25.000 Ft<\/td>\n<\/tr>\n<tr>\n<td>Viisaudenhampaan kirurginen poisto<\/td>\n<td>40.000 Ft<\/td>\n<\/tr>\n<tr>\n<td>Juurenp\u00e4\u00e4n resektio<\/td>\n<td>40.000 Ft<\/td>\n<\/tr>\n<tr>\n<td>Mikroskooppinen juurenp\u00e4\u00e4n resektio retrogradisella MTA -sulkemisella<\/td>\n<td>130.000 Ft<\/td>\n<\/tr>\n<tr>\n<td>Arc\u00fcreg emel\u00e9s (Sinus Lift)<\/td>\n<td>220.000 Ft<\/td>\n<\/tr>\n<tr>\n<td>Csontp\u00f3tl\u00f3 anyag<\/td>\n<td>Egyedi \u00e1ras<\/td>\n<\/tr>\n<tr>\n<td>Csontp\u00f3tl\u00e1s<\/td>\n<td>150.000 Ft<\/td>\n<\/tr>\n<tr>\n<td>Luunsiirto luupankista<\/td>\n<td>150.000 Ft<\/td>\n<\/tr>\n<tr>\n<td>PRF (omasta verest\u00e4 valmistettu regeneratiivinen tuote)<\/td>\n<td>80.000 Ft-t\u00f3l<\/td>\n<\/tr>\n<tr>\n<td>Eszt\u00e9tikai koronahosszabb\u00edt\u00f3 m\u0171t\u00e9t<\/td>\n<td>130.000 Ft<\/td>\n<\/tr>\n<tr>\n<td>Implant\u00e1tum elt\u00e1vol\u00edt\u00e1s<\/td>\n<td>30.000 Ft<\/td>\n<\/tr>\n<tr>\n<td>Fogdar\u00e1l\u00e1s (m\u0171t\u00e9ti elj\u00e1r\u00e1s)<\/td>\n<td>150.000 Ft<\/td>\n<\/tr>\n<\/tbody>\n<\/table>\n<\/div>\n<div class=\"pricetablediv\">\n<table class=\"pricetable\">\n<tbody>\n<tr>\n<th class=\"col1\"><strong>Parodontologia<\/strong><\/th>\n<th class=\"col2\">Hinta<\/th>\n<\/tr>\n<tr>\n<td>Kompleksinen parodontaalinen hoito (suuhygieninen neuvonta, tilannetarkastus, hammaskiven kokonaispoisto\nala- ja yl\u00e4leuan ikenien alta, n. 3 tuntia) 1. kerta = full mouth disinfection<\/td>\n<td>120.000 Ft<\/td>\n<\/tr>\n<tr>\n<td>2. kerta - 1. kerran j\u00e4lkeen 1-3 kuukauden kuluttua (n. 2 tuntia)<\/td>\n<td>90.000 Ft<\/td>\n<\/tr>\n<tr>\n<td>Lis\u00e4\u00e4 kunnossapidon erikoishoitoja<\/td>\n<td>70.000 Ft<\/td>\n<\/tr>\n<tr>\n<td>Suljettu kyretti\/kvadrantti<\/td>\n<td>70.000 Ft<\/td>\n<\/tr>\n<tr>\n<td>Suljettu kyretti\/hammas<\/td>\n<td>30.000 Ft<\/td>\n<\/tr>\n<tr>\n<td>Parodontaalinen kiskotus (kuitulujitteisella muovilla)<\/td>\n<td>120.000 Ft<\/td>\n<\/tr>\n<tr>\n<td>Avokyretti\/kvadrantti<\/td>\n<td>100.000 Ft<\/td>\n<\/tr>\n<tr>\n<td>Regeneratiivinen leikkaus (ilman regeneratiivisen aineen k\u00e4ytt\u00f6\u00e4)<\/td>\n<td>150.000 Ft<\/td>\n<\/tr>\n<tr>\n<td>Emdogain\u00ae (regeneratiivinen aine)<\/td>\n<td>60.000 Ft<\/td>\n<\/tr>\n<tr>\n<td>Ienvet\u00e4ym\u00e4n (ientaantuman) korjausleikkaus<\/td>\n<td>95.000 Ft<\/td>\n<\/tr>\n<tr>\n<td>Suun eteisen plastiikka<\/td>\n<td>90.000 Ft<\/td>\n<\/tr>\n<tr>\n<td>Implantin viereisen ikenen korjausleikkaus oman orvaskeden siirrolla<\/td>\n<td>120.000 Ft<\/td>\n<\/tr>\n<tr>\n<td>Rezekt\u00edv c\u00e9lzat\u00fa parodont\u00e1lis m\u0171t\u00e9t (seg\u00e9danyag haszn. n\u00e9lk\u00fcl)<\/td>\n<td>130.000 Ft<\/td>\n<\/tr>\n<tr>\n<td>Gingivectomia\/gingivoplastica\/fog<\/td>\n<td>70.000 ft<\/td>\n<\/tr>\n<tr>\n<td>Furk\u00e1ci\u00f3plasztika\/fog<\/td>\n<td>80.000 ft<\/td>\n<\/tr>\n<tr>\n<td>Preprotetikai l\u00e1gyr\u00e9sz plasztika saj\u00e1t sz\u00f6vettel<\/td>\n<td>150.000 ft<\/td>\n<\/tr>\n<tr>\n<td>Funkcion\u00e1lis koronahosszabb\u00edt\u00e1s<\/td>\n<td>90.000 ft<\/td>\n<\/tr>\n<tr>\n<td>Periimplantitis kezel\u00e9s\u00e9t c\u00e9lz\u00f3 rekonstrukci\u00f3s m\u0171t\u00e9t (seg\u00e9dany. haszn. n\u00e9lk\u00fcl)<\/td>\n<td>150.000 ft<\/td>\n<\/tr>\n<tr>\n<td>Implanto plastica<\/td>\n<td>80.000 ft<\/td>\n<\/tr>\n<tr>\n<td>Periimplantitis kezel\u00e9se rezekt\u00edv m\u0171t\u00e9ti technik\u00e1val<\/td>\n<td>110.000 ft<\/td>\n<\/tr>\n<\/tbody>\n<\/table>\n<\/div>\n<div class=\"pricetablediv\"><\/div>\n<div class=\"pricetablediv\">\n<table class=\"pricetable\">\n<tbody>\n<tr>\n<th class=\"col1\">Implantol\u00f3gia<\/th>\n<th class=\"col2\">Hinta<\/th>\n<\/tr>\n<tr>\n<td>Neodent Straumann implant\u00e1tum\/db<strong><br \/>\n<\/strong><\/td>\n<td>110.000 Ft<\/td>\n<\/tr>\n<tr>\n<td>Osstem -implantti\/kpl<strong><br \/>\n<\/strong><\/td>\n<td>130.000 Ft<\/td>\n<\/tr>\n<tr>\n<td>Mega&#8217;gen AnyRidge implant\u00e1tum\/db<\/td>\n<td>150.000 Ft<\/td>\n<\/tr>\n<tr>\n<td>Straumann\u00ae BLX implantti\/kpl<\/td>\n<td>220.000 Ft<\/td>\n<\/tr>\n<tr>\n<td>Implant\u00e1tum be\u00fcltet\u00e9s\/db (Az implant\u00e1tumokra teljes k\u00f6r\u0171 garanci\u00e1t v\u00e1llalunk: ha a szervezet nem fogadja be, d\u00edjmentesen biztos\u00edtunk \u00fajat \u2013 \u00d6nnek csak a be\u00e9p\u00edt\u00e9s k\u00f6lts\u00e9g\u00e9t kell v\u00e1llalnia.)<\/td>\n<td>50.000 Ft\/db<\/td>\n<\/tr>\n<tr>\n<td>All on 4-6-8 <strong><br \/>\n<\/strong><\/td>\n<td>Egyedi \u00e1raj\u00e1nlat alapj\u00e1n<\/td>\n<\/tr>\n<tr>\n<td>Implant\u00e1tum fejr\u00e9sz (egyenes, egyedi fej, \u00e1tmen\u0151 csavaros, sz\u00f6g korrekci\u00f3s)<\/td>\n<td>85.000 Ft<\/td>\n<\/tr>\n<tr>\n<td>Paranemisjatke\/kpl<\/td>\n<td>20.000 Ft<\/td>\n<\/tr>\n<\/tbody>\n<\/table>\n<\/div>\n<div class=\"pricetablediv\">\n<table class=\"pricetable\">\n<tbody>\n<tr>\n<th class=\"col1\">Pr\u00e9mium szolg\u00e1ltat\u00e1sok (exkluz\u00edv fogtechnikai laborat\u00f3im egy\u00fcttm\u0171k\u00f6d\u00e9s\u00e9vel)<\/th>\n<th class=\"col2\">Hinta<\/th>\n<\/tr>\n<tr>\n<td>Cirk\u00f3nium korona (f\u00e9mmentes)<\/td>\n<td>120.000 Ft<\/td>\n<\/tr>\n<tr>\n<td>\u00c1tmen\u0151csavaros cirk\u00f3nium korona<\/td>\n<td>150.000 Ft<\/td>\n<\/tr>\n<tr>\n<td>E-max bet\u00e9t vagy h\u00e9j<\/td>\n<td>150.000 Ft<\/td>\n<\/tr>\n<tr>\n<td>Tekoikenet kruunua varten<\/td>\n<td>30.000 Ft<\/td>\n<\/tr>\n<tr>\n<td>Egyedi implant\u00e1tum fejr\u00e9sz<\/td>\n<td>*80.000 Ft<\/td>\n<\/tr>\n<tr>\n<td>Metallikeramia kruunu<\/td>\n<td>100.000 Ft<\/td>\n<\/tr>\n<tr>\n<td>Implantin yl\u00e4osa (kulmakorjaava)<\/td>\n<td>80.000 Ft<\/td>\n<\/tr>\n<tr>\n<td>PPMA ideiglenes p\u00f3tl\u00e1s<\/td>\n<td>30.000 Ft<\/td>\n<\/tr>\n<tr>\n<td>Pr\u00e9mium fogp\u00f3tl\u00e1saink az SDT lab-n\u00e1l k\u00e9sz\u00fclnek!<\/td>\n<td><a href=\"https:\/\/www.sdt-lab.com\" rel=\"nofollow \"><img decoding=\"async\" loading=\"lazy\" class=\"aligncenter wp-image-13051 size-thumbnail\" src=\"https:\/\/www.smiledesigncenter.hu\/wp-content\/uploads\/2024\/05\/sdt-lab-150x150.png\" alt=\"\" width=\"150\" height=\"150\" srcset=\"https:\/\/www.smiledesigncenter.hu\/wp-content\/uploads\/2024\/05\/sdt-lab-150x150.png 150w, https:\/\/www.smiledesigncenter.hu\/wp-content\/uploads\/2024\/05\/sdt-lab-12x12.png 12w, https:\/\/www.smiledesigncenter.hu\/wp-content\/uploads\/2024\/05\/sdt-lab.png 225w\" sizes=\"(max-width: 150px) 100vw, 150px\" \/><\/a><\/td>\n<\/tr>\n<\/tbody>\n<\/table>\n<\/div>\n<div class=\"pricetablediv\">\n<table class=\"pricetable\">\n<tbody>\n<tr>\n<th class=\"col1\">Oikomishoito<\/th>\n<th class=\"col2\">Hinta<\/th>\n<\/tr>\n<tr>\n<td>Ensineuvottelu<\/td>\n<td>20.000 Ft<\/td>\n<\/tr>\n<tr>\n<td>Lenyomatv\u00e9tel,fot\u00f3dokument\u00e1ci\u00f3<\/td>\n<td>30.000 Ft<\/td>\n<\/tr>\n<tr>\n<td>komplex kezel\u00e9si terv<\/td>\n<td>30.000 Ft<\/td>\n<\/tr>\n<tr>\n<td>Digit\u00e1lis lenyomatv\u00e9tel<\/td>\n<td>20.000 Ft<\/td>\n<\/tr>\n<tr>\n<td>L\u00e1thatatlan fogszab\u00e1lyoz\u00e1s digit\u00e1lis tervez\u00e9se<\/td>\n<td>80.000 Ft<\/td>\n<\/tr>\n<tr>\n<td><b>Kiinte\u00e4 oikomiskoje<\/b><\/td>\n<td><\/td>\n<\/tr>\n<tr>\n<td>Perinteellinen hammasrauta (OMNI\u00ae)<\/td>\n<td>270.000 Ft\/fog\u00edv<\/td>\n<\/tr>\n<tr>\n<td>\u00d6nlig\u00edroz\u00f3 f\u00e9m ragasztott k\u00e9sz\u00fcl\u00e9kek<\/td>\n<td>330.000-420.000 Ft\/fog\u00edv<\/td>\n<\/tr>\n<tr>\n<td>Eszt\u00e9tikus \u00f6nlig\u00edroz\u00f3 ragasztott k\u00e9sz\u00fcl\u00e9kek<\/td>\n<td>390.000-470.000 Ft\/fog\u00edv<\/td>\n<\/tr>\n<tr>\n<td>L\u00e1thatatlan fogszab\u00e1lyoz\u00e1s kivehet\u0151 s\u00ednekkel<\/td>\n<td>650.000-1.450.000 Ft\/fog\u00edv<\/td>\n<\/tr>\n<tr>\n<td>Ragasztott k\u00e9sz\u00fcl\u00e9kek aktiv\u00e1l\u00e1sa alkalmank\u00e9nt<\/td>\n<td>25.000-30.000 Ft<\/td>\n<\/tr>\n<tr>\n<td>Uuden kiinnikkeen liimaus<\/td>\n<td>15.000 Ft\/fog\u00edv<\/td>\n<\/tr>\n<tr>\n<td>Kojeen poisto<\/td>\n<td>35.000 Ft\/fog\u00edv<\/td>\n<\/tr>\n<tr>\n<td><\/td>\n<td><\/td>\n<\/tr>\n<tr>\n<td><b>Lis\u00e4elementtej\u00e4 kiinteisiin kojeisiin<\/b><\/td>\n<td><\/td>\n<\/tr>\n<tr>\n<td>Juotettu palatinaalikaari<\/td>\n<td>60.000 Ft<\/td>\n<\/tr>\n<tr>\n<td>Transpalatinaalinen kaari (TPA)<\/td>\n<td>60.000 Ft<\/td>\n<\/tr>\n<tr>\n<td>Linguaalikaari<\/td>\n<td>55.000 Ft<\/td>\n<\/tr>\n<tr>\n<td>Hyrax\u00ae -levityslukko<\/td>\n<td>200.000 Ft<\/td>\n<\/tr>\n<tr>\n<td>Alaleukaluun ty\u00f6nt\u00f6jousi<\/td>\n<td>150.000 Ft<\/td>\n<\/tr>\n<tr>\n<td>Miniimplant\u00e1tum<\/td>\n<td>70.000 Ft<\/td>\n<\/tr>\n<tr>\n<td>Eva Platten palatinaalikaari \/ Nancen palatinaalikaari (VHA)<\/td>\n<td>65.000 Ft<\/td>\n<\/tr>\n<tr>\n<td><\/td>\n<td><\/td>\n<\/tr>\n<tr>\n<td><b>Osittain kiinte\u00e4 oikomiskoje<\/b><\/td>\n<td><\/td>\n<\/tr>\n<tr>\n<td>Quad helix<\/td>\n<td>65.000 Ft<\/td>\n<\/tr>\n<tr>\n<td>Transpalatinaalinen kaari sivuvarsilla<\/td>\n<td>60.000 Ft<\/td>\n<\/tr>\n<tr>\n<td>Kiinte\u00e4 aukons\u00e4ilytt\u00e4j\u00e4<\/td>\n<td>45.000 Ft<\/td>\n<\/tr>\n<tr>\n<td>Vinotaso oikomiskoje<\/td>\n<td>30.000 Ft<\/td>\n<\/tr>\n<tr>\n<td>Huulipuskuri<\/td>\n<td>55.000 Ft<\/td>\n<\/tr>\n<tr>\n<td><\/td>\n<td><\/td>\n<\/tr>\n<tr>\n<td><b>Irrotettava oikomiskoje<\/b><\/td>\n<td><\/td>\n<\/tr>\n<tr>\n<td>Irrotettava oikomiskoje<\/td>\n<td>75.000-160.000 Ft<\/td>\n<\/tr>\n<tr>\n<td>Irrotettavan oikomiskojeen aktivointi<\/td>\n<td>15.000 Ft<\/td>\n<\/tr>\n<tr>\n<td>Urheilijan erikoiskisko<\/td>\n<td>20.000 Ft<\/td>\n<\/tr>\n<tr>\n<td>Purentaretentiokisko<\/td>\n<td>25.000 Ft<\/td>\n<\/tr>\n<tr>\n<td>Stabilisaatiokisko bruksismia vastaan<\/td>\n<td>80.000 Ft<\/td>\n<\/tr>\n<tr>\n<td>Funktionaalinen oikomiskoje<\/td>\n<td>120.000 Ft<\/td>\n<\/tr>\n<tr>\n<td>Retentiokisko<\/td>\n<td>50.000 Ft<\/td>\n<\/tr>\n<tr>\n<td>Retenci\u00f3s k\u00e9sz\u00fcl\u00e9k<\/td>\n<td>70.000 Ft<\/td>\n<\/tr>\n<tr>\n<td>Ulkoinen koje<\/td>\n<td>70.000 Ft<\/td>\n<\/tr>\n<tr>\n<td>Aktivointi<\/td>\n<td>15.000 Ft<\/td>\n<\/tr>\n<tr>\n<td>Retentiolevy<\/td>\n<td>50.000 Ft<\/td>\n<\/tr>\n<tr>\n<td>Aqualizer\u00ae laite<\/td>\n<td>60.000 Ft (TMD p\u00e1cienseknek)<\/td>\n<\/tr>\n<tr>\n<td>S\u00ednter\u00e1pia (iz\u00fcleti probl\u00e9ma eset\u00e9n)<\/td>\n<td>300.000 Ft<\/td>\n<\/tr>\n<tr>\n<td>Mini-implantti<\/td>\n<td>70.000 Ft<\/td>\n<\/tr>\n<tr>\n<td>Fix retainer:<\/td>\n<td>40.000 Ft<\/td>\n<\/tr>\n<tr>\n<td><\/td>\n<td><\/td>\n<\/tr>\n<tr>\n<td><b>HappySmile l\u00e4pin\u00e4kyv\u00e4 laite<\/b><\/td>\n<td><\/td>\n<\/tr>\n<tr>\n<td>Digitaalinen hoitosuunnitelma<\/td>\n<td>50.000 Ft<\/td>\n<\/tr>\n<tr>\n<td>Kiskoja<\/td>\n<td>egy\u00e9ni kezel\u00e9si terv alapj\u00e1n<\/td>\n<\/tr>\n<\/tbody>\n<tbody>\n<tr>\n<td><b>Spark l\u00e1thatatlan fogszab\u00e1lyz\u00f3<\/b><\/td>\n<td><img decoding=\"async\" loading=\"lazy\" class=\"aligncenter size-thumbnail wp-image-13172\" src=\"https:\/\/www.smiledesigncenter.hu\/wp-content\/uploads\/2025\/05\/Spark-feat-image2-150x150.png\" alt=\"\" width=\"150\" height=\"150\" \/><\/td>\n<\/tr>\n<tr>\n<td>Szakir\u00e1ny\u00fa konzult\u00e1ci\u00f3, CT<\/td>\n<td>40.000 Ft<\/td>\n<\/tr>\n<tr>\n<td>Fot\u00f3, scan<\/td>\n<td>30.000 Ft<\/td>\n<\/tr>\n<tr>\n<td>Kezel\u00e9si terv megbesz\u00e9l\u00e9s<\/td>\n<td>30.000 Ft<\/td>\n<\/tr>\n<tr>\n<td>10db s\u00edn<\/td>\n<td>590.000 Ft<\/td>\n<\/tr>\n<tr>\n<td>20db s\u00edn<\/td>\n<td>1.080.000 Ft<\/td>\n<\/tr>\n<tr>\n<td>Korl\u00e1tlan<\/td>\n<td>1.700.000 Ft<\/td>\n<\/tr>\n<tr>\n<td>Kontrol<\/td>\n<td>20.000 Ft<\/td>\n<\/tr>\n<\/tbody>\n<\/table>\n<p>&nbsp;<\/p>\n<\/div>\n<div class=\"pricetablediv\">\n<table class=\"pricetable\">\n<tbody>\n<tr>\n<th class=\"col1\">Gyerekfog\u00e1szat<\/th>\n<th class=\"col2\">Hinta<\/th>\n<\/tr>\n<tr>\n<td>Konzult\u00e1co\u00f3<\/td>\n<td>20.000 Ft<\/td>\n<\/tr>\n<tr>\n<td>Depur\u00e1l\u00e1s, komplex kezel\u00e9s<\/td>\n<td>25.000 Ft<\/td>\n<\/tr>\n<tr>\n<td>T\u00f6m\u00e9s<\/td>\n<td>25.000-28.000 Ft<\/td>\n<\/tr>\n<tr>\n<td>Trapen\u00e1l\u00e1s<\/td>\n<td>15.000 Ft<\/td>\n<\/tr>\n<tr>\n<td>Tejfog lez\u00e1r\u00e1sa<\/td>\n<td>8.000 Ft<\/td>\n<\/tr>\n<tr>\n<td>Tejfog gy\u00f6k\u00e9rt\u00f6m\u00e9se<\/td>\n<td>25.000 Ft<\/td>\n<\/tr>\n<tr>\n<td>Tejfog extractio<\/td>\n<td>25.000 Ft<\/td>\n<\/tr>\n<tr>\n<td>Helyfenntart\u00f3<\/td>\n<td>45.000 Ft<\/td>\n<\/tr>\n<tr>\n<td>Bar\u00e1zdaz\u00e1r\u00e1s<\/td>\n<td>20.000 Ft<\/td>\n<\/tr>\n<\/tbody>\n<\/table>\n<\/div>\n\n\t\t<\/div>\n\t<\/div>\n<\/div><\/div><\/div><\/div>","protected":false},"excerpt":{"rendered":"","protected":false},"author":2,"featured_media":2362,"parent":0,"menu_order":0,"comment_status":"closed","ping_status":"closed","template":"","meta":{"footnotes":"","_joinchat":[]},"acf":[],"_links":{"self":[{"href":"https:\/\/www.smiledesigncenter.hu\/fi\/wp-json\/wp\/v2\/pages\/1898"}],"collection":[{"href":"https:\/\/www.smiledesigncenter.hu\/fi\/wp-json\/wp\/v2\/pages"}],"about":[{"href":"https:\/\/www.smiledesigncenter.hu\/fi\/wp-json\/wp\/v2\/types\/page"}],"author":[{"embeddable":true,"href":"https:\/\/www.smiledesigncenter.hu\/fi\/wp-json\/wp\/v2\/users\/2"}],"replies":[{"embeddable":true,"href":"https:\/\/www.smiledesigncenter.hu\/fi\/wp-json\/wp\/v2\/comments?post=1898"}],"version-history":[{"count":161,"href":"https:\/\/www.smiledesigncenter.hu\/fi\/wp-json\/wp\/v2\/pages\/1898\/revisions"}],"predecessor-version":[{"id":13337,"href":"https:\/\/www.smiledesigncenter.hu\/fi\/wp-json\/wp\/v2\/pages\/1898\/revisions\/13337"}],"wp:featuredmedia":[{"embeddable":true,"href":"https:\/\/www.smiledesigncenter.hu\/fi\/wp-json\/wp\/v2\/media\/2362"}],"wp:attachment":[{"href":"https:\/\/www.smiledesigncenter.hu\/fi\/wp-json\/wp\/v2\/media?parent=1898"}],"curies":[{"name":"wp","href":"https:\/\/api.w.org\/{rel}","templated":true}]}}