{"id":2478,"date":"2017-11-10T17:27:56","date_gmt":"2017-11-10T17:27:56","guid":{"rendered":"https:\/\/www.smiledesigncenter.hu\/?page_id=2478\/"},"modified":"2018-10-18T18:30:10","modified_gmt":"2018-10-18T18:30:10","slug":"d-zoltan","status":"publish","type":"page","link":"https:\/\/www.smiledesigncenter.hu\/fi\/referenciaink\/d-zoltan\/","title":{"rendered":"D. Zolt\u00e1n"},"content":{"rendered":"<!-- Facebook Like Button Vivacity Infotech BEGIN -->\n<div class=\"fb-like\" data-href=\"https:\/\/www.smiledesigncenter.hu\/fi\/referenciaink\/d-zoltan\/\" data-layout=\"standard\" data-action=\"recommend\" data-show-faces=\"false\" data-size=\"small\" data-width=\"450\" data-share=\"1\" ><\/div>\n<!-- Facebook Like Button Vivacity Infotech END -->\n<div class=\"vc_row wpb_row vc_row-fluid\"><div class=\"wpb_column vc_column_container vc_col-sm-4\"><div class=\"vc_column-inner\"><div class=\"wpb_wrapper\">\n\t<div  class=\"wpb_single_image wpb_content_element vc_align_left\">\n\t\t\n\t\t<figure class=\"wpb_wrapper vc_figure\">\n\t\t\t<a class=\"\" data-lightbox=\"lightbox[rel-5476-2054884287]\" href=\"https:\/\/www.smiledesigncenter.hu\/wp-content\/uploads\/2017\/11\/3.jpg\" target=\"_self\"><img width=\"360\" height=\"542\" src=\"https:\/\/www.smiledesigncenter.hu\/wp-content\/uploads\/2017\/11\/3.jpg\" class=\"vc_single_image-img attachment-full\" alt=\"\" decoding=\"async\" loading=\"lazy\" srcset=\"https:\/\/www.smiledesigncenter.hu\/wp-content\/uploads\/2017\/11\/3.jpg 360w, https:\/\/www.smiledesigncenter.hu\/wp-content\/uploads\/2017\/11\/3-199x300.jpg 199w\" sizes=\"(max-width: 360px) 100vw, 360px\" \/><\/a>\n\t\t<\/figure>\n\t<\/div>\n<\/div><\/div><\/div><div class=\"wpb_column vc_column_container vc_col-sm-8\"><div class=\"vc_column-inner\"><div class=\"wpb_wrapper\"><div class=\"vc_row wpb_row vc_inner vc_row-fluid\"><div class=\"wpb_column vc_column_container vc_col-sm-6\"><div class=\"vc_column-inner\"><div class=\"wpb_wrapper\">\n\t<div  class=\"wpb_single_image wpb_content_element vc_align_left\">\n\t\t\n\t\t<figure class=\"wpb_wrapper vc_figure\">\n\t\t\t<a class=\"\" data-lightbox=\"lightbox[rel-5476-1432632065]\" href=\"https:\/\/www.smiledesigncenter.hu\/wp-content\/uploads\/2017\/11\/IMG_1131.jpg\" target=\"_self\"><img width=\"300\" height=\"130\" src=\"https:\/\/www.smiledesigncenter.hu\/wp-content\/uploads\/2017\/11\/IMG_1131-300x130.jpg\" class=\"vc_single_image-img attachment-medium\" alt=\"\" decoding=\"async\" loading=\"lazy\" srcset=\"https:\/\/www.smiledesigncenter.hu\/wp-content\/uploads\/2017\/11\/IMG_1131-300x130.jpg 300w, https:\/\/www.smiledesigncenter.hu\/wp-content\/uploads\/2017\/11\/IMG_1131-768x334.jpg 768w, https:\/\/www.smiledesigncenter.hu\/wp-content\/uploads\/2017\/11\/IMG_1131.jpg 962w\" sizes=\"(max-width: 300px) 100vw, 300px\" \/><\/a><figcaption class=\"vc_figure-caption\">El\u0151tte<\/figcaption>\n\t\t<\/figure>\n\t<\/div>\n<\/div><\/div><\/div><div class=\"wpb_column vc_column_container vc_col-sm-6\"><div class=\"vc_column-inner\"><div class=\"wpb_wrapper\">\n\t<div  class=\"wpb_single_image wpb_content_element vc_align_left\">\n\t\t\n\t\t<figure class=\"wpb_wrapper vc_figure\">\n\t\t\t<a class=\"\" data-lightbox=\"lightbox[rel-5476-2249389731]\" href=\"https:\/\/www.smiledesigncenter.hu\/wp-content\/uploads\/2017\/11\/DSC4748.jpg\" target=\"_self\"><img width=\"300\" height=\"130\" src=\"https:\/\/www.smiledesigncenter.hu\/wp-content\/uploads\/2017\/11\/DSC4748-300x130.jpg\" class=\"vc_single_image-img attachment-medium\" alt=\"\" decoding=\"async\" loading=\"lazy\" srcset=\"https:\/\/www.smiledesigncenter.hu\/wp-content\/uploads\/2017\/11\/DSC4748-300x130.jpg 300w, https:\/\/www.smiledesigncenter.hu\/wp-content\/uploads\/2017\/11\/DSC4748-768x334.jpg 768w, https:\/\/www.smiledesigncenter.hu\/wp-content\/uploads\/2017\/11\/DSC4748.jpg 962w\" sizes=\"(max-width: 300px) 100vw, 300px\" \/><\/a><figcaption class=\"vc_figure-caption\">Ut\u00e1na<\/figcaption>\n\t\t<\/figure>\n\t<\/div>\n<\/div><\/div><\/div><\/div><div class=\"vc_row wpb_row vc_inner vc_row-fluid\"><div class=\"wpb_column vc_column_container vc_col-sm-12\"><div class=\"vc_column-inner\"><div class=\"wpb_wrapper\">\n\t<div class=\"wpb_text_column wpb_content_element\" >\n\t\t<div class=\"wpb_wrapper\">\n\t\t\t<p>A p\u00e1ciens a k\u00f6vetkez\u0151 probl\u00e9m\u00e1kkal kereste fel rendel\u0151nket: elsz\u00ednez\u0151d\u00f6tt t\u00f6m\u00e9sek a front r\u00e9gi\u00f3ban, elavult t\u00f6m\u00e9sek a r\u00e1g\u00f3fogakban, harap\u00e1si rendelleness\u00e9g, nyitott harap\u00e1s.<\/p>\n<p>Javaslatunkra, a fels\u0151 frontfogaira e-max h\u00e9jak ker\u00fcltek, m\u00edg a r\u00e1g\u00f3fogaiban l\u00e9v\u0151 elavult t\u00f6m\u00e9sek hely\u00e9re e-max bet\u00e9teket helyezt\u00fcnk. A p\u00f3tl\u00e1sok sz\u00edn\u00e9t igyekezt\u00fcnk \u00fagy kiv\u00e1lasztani, hogy min\u00e9l term\u00e9szetesebb hat\u00e1st keltsen. A fot\u00f3k a 3 \u00e9ves kontroll alkalm\u00e1val k\u00e9sz\u00fcltek. A p\u00e1ciens panaszmentes \u00e9s b\u00fcszk\u00e9n mosolyog.<\/p>\n\n\t\t<\/div>\n\t<\/div>\n<\/div><\/div><\/div><\/div><\/div><\/div><\/div><\/div><div class=\"vc_row wpb_row vc_row-fluid\"><div class=\"wpb_column vc_column_container vc_col-sm-12\"><div class=\"vc_column-inner vc_custom_1539887408444\"><div class=\"wpb_wrapper\"><div class=\"templatera_shortcode\"><div data-vc-full-width=\"true\" data-vc-full-width-init=\"false\" class=\"vc_row wpb_row vc_row-fluid atokeletesmosolyhoz vc_custom_1540312933801 vc_row-o-equal-height vc_row-o-content-middle vc_row-flex\"><div class=\"wpb_column vc_column_container vc_col-sm-8\"><div class=\"vc_column-inner vc_custom_1539690890825\"><div class=\"wpb_wrapper\"><div class=\"stronghold-info-icon-wrapper\" \"><div class=\"stronghold-info-icon\" style=\"float: left; width: 15%; padding-right:10px;\"><i class=\"icon-cleaned-tooth\" style=\"font-size:50px; color:#ffffff;\"><\/i><\/div><div class=\"stronghold-info-icon-content\" style=\"float: left; width: 80%; text-align: left; padding: 20px 0;\"><div class=\"stronghold-info-icon-title\"><h3 style=\"font-size:30px;color:#ffffff;\">T\u00e4ydellinen hymy on kaikki mit\u00e4 tarvitset ajanvaraukseen!<\/h3><\/div><div class=\"stronghold-info-icon-desc\"><div style=\" color:#ffffff;\">\u00c4l\u00e4 odota en\u00e4\u00e4, vaan kuuntele aiempien potilaidemme mielipiteit\u00e4! <\/div><\/div><\/div><\/div><\/div><\/div><\/div><div class=\"wpb_column vc_column_container vc_col-sm-12 vc_col-lg-4 vc_col-md-12 vc_col-xs-12\"><div class=\"vc_column-inner\"><div class=\"wpb_wrapper\"><div class=\"vc_btn3-container vc_btn3-center\" ><a class=\"vc_general vc_btn3 vc_btn3-size-md vc_btn3-shape-square vc_btn3-style-outline vc_btn3-color-white\" href=\"https:\/\/www.smiledesigncenter.hu\/fi\/kapcsolat\/\" title=\"\" target=\"_blank\">Ajanvarauspyynt\u00f6<\/a><\/div><\/div><\/div><\/div><\/div><div class=\"vc_row-full-width vc_clearfix\"><\/div><!-- Row Backgrounds --><div class=\"upb_color\" data-bg-override=\"0\" data-bg-color=\"#5e9cc5\" data-fadeout=\"\" data-fadeout-percentage=\"30\" data-parallax-content=\"\" data-parallax-content-sense=\"30\" data-row-effect-mobile-disable=\"true\" data-img-parallax-mobile-disable=\"false\" data-rtl=\"false\"  data-custom-vc-row=\"\"  data-vc=\"6.7.0\"  data-is_old_vc=\"\"  data-theme-support=\"\"   data-overlay=\"false\" data-overlay-color=\"\" data-overlay-pattern=\"\" data-overlay-pattern-opacity=\"\" data-overlay-pattern-size=\"\"    ><\/div>\r\n<\/div><\/div><\/div><\/div><\/div>","protected":false},"excerpt":{"rendered":"","protected":false},"author":2,"featured_media":0,"parent":2468,"menu_order":0,"comment_status":"closed","ping_status":"closed","template":"","meta":{"footnotes":"","_joinchat":[]},"acf":[],"aioseo_notices":[],"_links":{"self":[{"href":"https:\/\/www.smiledesigncenter.hu\/fi\/wp-json\/wp\/v2\/pages\/2478"}],"collection":[{"href":"https:\/\/www.smiledesigncenter.hu\/fi\/wp-json\/wp\/v2\/pages"}],"about":[{"href":"https:\/\/www.smiledesigncenter.hu\/fi\/wp-json\/wp\/v2\/types\/page"}],"author":[{"embeddable":true,"href":"https:\/\/www.smiledesigncenter.hu\/fi\/wp-json\/wp\/v2\/users\/2"}],"replies":[{"embeddable":true,"href":"https:\/\/www.smiledesigncenter.hu\/fi\/wp-json\/wp\/v2\/comments?post=2478"}],"version-history":[{"count":5,"href":"https:\/\/www.smiledesigncenter.hu\/fi\/wp-json\/wp\/v2\/pages\/2478\/revisions"}],"predecessor-version":[{"id":5578,"href":"https:\/\/www.smiledesigncenter.hu\/fi\/wp-json\/wp\/v2\/pages\/2478\/revisions\/5578"}],"up":[{"embeddable":true,"href":"https:\/\/www.smiledesigncenter.hu\/fi\/wp-json\/wp\/v2\/pages\/2468"}],"wp:attachment":[{"href":"https:\/\/www.smiledesigncenter.hu\/fi\/wp-json\/wp\/v2\/media?parent=2478"}],"curies":[{"name":"wp","href":"https:\/\/api.w.org\/{rel}","templated":true}]}}