{"id":2580,"date":"2017-11-30T09:23:59","date_gmt":"2017-11-30T09:23:59","guid":{"rendered":"https:\/\/www.smiledesigncenter.hu\/?page_id=2580\/"},"modified":"2018-10-16T14:34:15","modified_gmt":"2018-10-16T14:34:15","slug":"fogszabalyozas","status":"publish","type":"page","link":"https:\/\/www.smiledesigncenter.hu\/fi\/oikomishoitoa-unkarissa\/","title":{"rendered":"Oikomishoito"},"content":{"rendered":"<!-- Facebook Like Button Vivacity Infotech BEGIN -->\n<div class=\"fb-like\" data-href=\"https:\/\/www.smiledesigncenter.hu\/fi\/oikomishoitoa-unkarissa\/\" data-layout=\"standard\" data-action=\"recommend\" data-show-faces=\"false\" data-size=\"small\" data-width=\"450\" data-share=\"1\" ><\/div>\n<!-- Facebook Like Button Vivacity Infotech END -->\n<div class=\"vc_row wpb_row vc_row-fluid\"><div class=\"wpb_column vc_column_container vc_col-sm-6\"><div class=\"vc_column-inner\"><div class=\"wpb_wrapper\">\n\t<div class=\"wpb_text_column wpb_content_element\" >\n\t\t<div class=\"wpb_wrapper\">\n\t\t\t<h4>Pyyd\u00e4 meilt\u00e4 ajankohta<\/h4>\n\n\t\t<\/div>\n\t<\/div>\n\n<div class=\"wpcf7 no-js\" id=\"wpcf7-f1702-o1\" lang=\"en-US\" dir=\"ltr\">\n<div class=\"screen-reader-response\"><p role=\"status\" aria-live=\"polite\" aria-atomic=\"true\"><\/p> <ul><\/ul><\/div>\n<form action=\"\/fi\/wp-json\/wp\/v2\/pages\/2580#wpcf7-f1702-o1\" method=\"post\" class=\"wpcf7-form init\" aria-label=\"Contact form\" novalidate=\"novalidate\" data-status=\"init\" data-trp-original-action=\"\/fi\/wp-json\/wp\/v2\/pages\/2580#wpcf7-f1702-o1\">\n<div style=\"display: none;\">\n<input type=\"hidden\" name=\"_wpcf7\" value=\"1702\" \/>\n<input type=\"hidden\" name=\"_wpcf7_version\" value=\"5.8\" \/>\n<input type=\"hidden\" name=\"_wpcf7_locale\" value=\"en_US\" \/>\n<input type=\"hidden\" name=\"_wpcf7_unit_tag\" value=\"wpcf7-f1702-o1\" \/>\n<input type=\"hidden\" name=\"_wpcf7_container_post\" value=\"0\" \/>\n<input type=\"hidden\" name=\"_wpcf7_posted_data_hash\" value=\"\" \/>\n<\/div>\n<div class=\"input-group\">\n\t<p><span class=\"wpcf7-form-control-wrap\" data-name=\"nev\"><input size=\"40\" class=\"wpcf7-form-control wpcf7-text wpcf7-validates-as-required\" aria-required=\"true\" aria-invalid=\"false\" placeholder=\"Nimi\" value=\"\" type=\"text\" name=\"nev\" \/><\/span>\n\t<\/p>\n<\/div>\n<div class=\"input-group\">\n\t<p><span class=\"wpcf7-form-control-wrap\" data-name=\"telefonszam\"><input size=\"40\" class=\"wpcf7-form-control wpcf7-text wpcf7-validates-as-required\" aria-required=\"true\" aria-invalid=\"false\" placeholder=\"puhelinnumero\" value=\"\" type=\"text\" name=\"telefonszam\" \/><\/span>\n\t<\/p>\n<\/div>\n<div class=\"input-group\">\n\t<p><span class=\"wpcf7-form-control-wrap\" data-name=\"email\"><input size=\"40\" class=\"wpcf7-form-control wpcf7-email wpcf7-validates-as-required wpcf7-text wpcf7-validates-as-email\" aria-required=\"true\" aria-invalid=\"false\" placeholder=\"s\u00e4hk\u00f6posti\" value=\"\" type=\"email\" name=\"email\" \/><\/span>\n\t<\/p>\n<\/div>\n<div class=\"input-group\">\n\t<p><span class=\"wpcf7-form-control-wrap\" data-name=\"megjegyzes\"><textarea cols=\"40\" rows=\"10\" class=\"wpcf7-form-control wpcf7-textarea wpcf7-validates-as-required\" aria-required=\"true\" aria-invalid=\"false\" placeholder=\"muistiinpano\" name=\"megjegyzes\"><\/textarea><\/span>\n\t<\/p>\n<\/div>\n<p><span class=\"wpcf7-form-control-wrap\" data-name=\"your-consent\"><span class=\"wpcf7-form-control wpcf7-acceptance\"><span class=\"wpcf7-list-item\"><label><input type=\"checkbox\" name=\"your-consent\" value=\"1\" aria-invalid=\"false\" \/><span class=\"wpcf7-list-item-label\">Min\u00e4 allekirjoittanut hyv\u00e4ksyn rastittamalla alla olevan valintaruudun, ett\u00e4\nrekisterinpit\u00e4j\u00e4 saa k\u00e4sitell\u00e4 juuri antamiani henkil\u00f6tietoja yleisen tietosuoja-\nasetuksen (GDPR) 6 artiklan 1 kohdan b alakohdan ja 7 artiklan mukaisesti, sek\u00e4\noman tietosuojailmoituksensa ehtojen mukaisesti.<\/span><\/label><\/span><\/span><\/span>\n<\/p>\n<div id=\"cf7sr-69ff0fb9c8710\" class=\"cf7sr-g-recaptcha\" data-sitekey=\"6LedT2AbAAAAAIJBs94d1UwqASluf_H2Xu2FcyNS\"><\/div><span class=\"wpcf7-form-control-wrap cf7sr-recaptcha\" data-name=\"cf7sr-recaptcha\"><input type=\"hidden\" name=\"cf7sr-recaptcha\" value=\"\" class=\"wpcf7-form-control\"><\/span>\n<\/p>\n<p><input class=\"wpcf7-form-control wpcf7-submit has-spinner\" type=\"submit\" value=\"L\u00e4het\u00e4 se\" \/>\n<\/p><p style=\"display: none !important;\"><label>&#916;<textarea name=\"_wpcf7_ak_hp_textarea\" cols=\"45\" rows=\"8\" maxlength=\"100\"><\/textarea><\/label><input type=\"hidden\" id=\"ak_js_1\" name=\"_wpcf7_ak_js\" value=\"209\"\/><script>document.getElementById( \"ak_js_1\" ).setAttribute( \"value\", ( new Date() ).getTime() );<\/script><\/p><div class=\"wpcf7-response-output\" aria-hidden=\"true\"><\/div>\n<input type=\"hidden\" name=\"trp-form-language\" value=\"fi\"\/><\/form>\n<\/div>\n<\/div><\/div><\/div><div class=\"wpb_column vc_column_container vc_col-sm-6\"><div class=\"vc_column-inner\"><div class=\"wpb_wrapper\">\n\t<div class=\"wpb_text_column wpb_content_element\" >\n\t\t<div class=\"wpb_wrapper\">\n\t\t\t<h2>Aikuisten oikomishoitoa<\/h2>\n<p>Harhaluulojen vastaisesti my\u00f6s aikuisilla voi oikoa hampaat. Sill\u00e4 t\u00e4ss\u00e4 i\u00e4ss\u00e4 leukaluut ovat jo\nt\u00e4ysin kehittyneet, n\u00e4in on paras mahdollisuus hampaiden liikuttamiselle. Lopputuloksen\nsaavuttaminen vie kuitenkin enemp\u00e4\u00e4 aikaa kuin lapsuusi\u00e4ss\u00e4. Aikuisten tapauksessa\nk\u00e4ytet\u00e4\u00e4n toisenlaisia oikomislaitteita kuin lapsilla.<\/p>\n<p>Pienempien virheiden hoidon tapauksessa (esim. liev\u00e4mpi hammastukos, esteettisi\u00e4 ongelmia)\nirrotettavan oikomislaitteen k\u00e4ytt\u00f6 voi riitt\u00e4\u00e4. Niist\u00e4 on monenlaisia: perinteellinen, joka\npitk\u00e4lti muistuttaa lasten hammashoidossa k\u00e4ytetty\u00e4, joka on muovin ja metallin yhdistelm\u00e4\u00e4.\nToinen tyyppi on ns. Aligner -oikomislaite, jota monet kutsuvat n\u00e4kym\u00e4tt\u00f6m\u00e4ksi\noikomiskojeeksi. T\u00e4m\u00e4 sai nimens\u00e4 siksi, sill\u00e4 hammasriville sijoitettu muovikisko on t\u00e4ysin\nl\u00e4pin\u00e4kyv\u00e4, n\u00e4in se antaa esteettisen n\u00e4\u00f6n. Ne kiskot on vaihdettava muutaman viikon v\u00e4lein\ntoivotun tuloksen aikaansaamiseksi.<br \/>\nAikuisten joukosta monet pelk\u00e4\u00e4v\u00e4t pit\u00e4\u00e4 kiinteit\u00e4 laitteita, sill\u00e4 ne eiv\u00e4t ole oikein esteettisi\u00e4.\nT\u00e4m\u00e4n ongelman v\u00e4ltt\u00e4miseksi jo useita vaihtoehtoja on potilaiden tarjolla.<\/p>\n<p>Perinteellisen, metallista valmistetun oikomiskojeen lis\u00e4ksi on saatavilla jopa hampaiden\nv\u00e4riin sopeutuva keramiakoje, joka on paljon esteettisemp\u00e4\u00e4 ja v\u00e4hemm\u00e4n huomattavaa. Niit\u00e4\nkiinnitet\u00e4\u00e4n hammaskaaren ulkopinnalle. L\u00f6ytyy my\u00f6s ns. linguaalinen oikomiskoje, joka\nkiinnitet\u00e4\u00e4n hammaskaaren sis\u00e4puolelle. My\u00f6s t\u00e4m\u00e4 rakenne on esteettinen, sill\u00e4 ei n\u00e4y ulkoa.<\/p>\n<p>Kiinte\u00e4n oikomiskojeen poistamisen j\u00e4lkeen valmistetaan retentiolaite. Sit\u00e4 siksi tarvitaan,\njotta aikaansaadut saavutukset pysyisiv\u00e4t, muuten voisi k\u00e4yd\u00e4 niin, ett\u00e4 hampaat liikkuisivat\nasemistaan. Retentiolaite voi olla sek\u00e4 irrotettava ett\u00e4 kiinte\u00e4. Kiinte\u00e4 retentiolaite kiinnitet\u00e4\u00e4n\nyleens\u00e4 kuudelle etuhampaalle, alhalla ja ylh\u00e4ll\u00e4, hammaskaaren sis\u00e4puolelle, joten se ei n\u00e4y\nulkoa. Irrotettava laite kannattaa pit\u00e4\u00e4 y\u00f6ll\u00e4, yhteens\u00e4 10-12 tuntia joka p\u00e4iv\u00e4.<\/p>\n\n\t\t<\/div>\n\t<\/div>\n\n\t<div  class=\"wpb_single_image wpb_content_element vc_align_center\">\n\t\t\n\t\t<figure class=\"wpb_wrapper vc_figure\">\n\t\t\t<div class=\"vc_single_image-wrapper   vc_box_border_grey\"><img width=\"600\" height=\"236\" src=\"https:\/\/www.smiledesigncenter.hu\/wp-content\/uploads\/2017\/11\/felnott-fogszabalyozas.jpg\" class=\"vc_single_image-img attachment-large\" alt=\"\" decoding=\"async\" loading=\"lazy\" srcset=\"https:\/\/www.smiledesigncenter.hu\/wp-content\/uploads\/2017\/11\/felnott-fogszabalyozas.jpg 600w, https:\/\/www.smiledesigncenter.hu\/wp-content\/uploads\/2017\/11\/felnott-fogszabalyozas-300x118.jpg 300w\" sizes=\"(max-width: 600px) 100vw, 600px\" \/><\/div>\n\t\t<\/figure>\n\t<\/div>\n<\/div><\/div><\/div><\/div><div class=\"vc_row wpb_row vc_row-fluid egycolkozepre\"><div class=\"wpb_column vc_column_container vc_col-sm-12\"><div class=\"vc_column-inner\"><div class=\"wpb_wrapper\">\n\t<div class=\"wpb_text_column wpb_content_element\" >\n\t\t<div class=\"wpb_wrapper\">\n\t\t\t<h2>Lasten oikomishoitoa<\/h2>\n<p>Lasten suussa on 20 maitohammasta, 5-5 joka kvadrantissa. Hampaiden vaihtumisen\nk\u00e4ynnistytty\u00e4 20 maitohampaan paikalle kasvaa 32 pysyv\u00e4\u00e4 hammasta, joka voi johtaa\nuseanlaisiin ongelmiin. Ilmestyneiden tai muodostumassa olevien virheiden (esim. tiukka<\/p>\n<p>Hammashoitoon liittyv\u00e4n ensitarkastukseen voi tuoda lapset jo jopa 5-6 vuotiaina.\nVastaanottohuoneessamme Ny\u00edregyh\u00e1zassa on mahdollisuus ilmaiseen neuvontaan, jossa\nhampaanoikomisen erikoisl\u00e4\u00e4k\u00e4ri suorittaa kokonaistarkastuksen ja neuvonnan.<\/p>\n<p>Oikomisen ensilaite voidaan valmistaa 8-9 vuotiaille, joka on erikoistettu vaihtuvalle\nhampaistolle, n\u00e4in ei tarvitse odottaa, kunnes jokainen maitohammas on vaihtunut pysyviksi\nhampaiksi. N\u00e4iden laitteiden k\u00e4ytt\u00f6 on suositeltu y\u00f6ksi, mutta voi pit\u00e4\u00e4 p\u00e4iv\u00e4ll\u00e4kin muutaman\ntunnin ajan.<\/p>\n<p>T\u00e4m\u00e4n laitteen menestyksellisyys riippuu pitk\u00e4lti vanhemmista, sill\u00e4 jos laite ei\nole lapsen suussa, ei voida saada aikaan tehokasta tulosta.<\/p>\n<p>10-12 tuntia p\u00e4ivitt\u00e4isk\u00e4ytt\u00f6\u00e4 on\nsuositeltu.<\/p>\n\n\t\t<\/div>\n\t<\/div>\n\n\t<div  class=\"wpb_single_image wpb_content_element vc_align_left\">\n\t\t\n\t\t<figure class=\"wpb_wrapper vc_figure\">\n\t\t\t<div class=\"vc_single_image-wrapper   vc_box_border_grey\"><img width=\"600\" height=\"300\" src=\"https:\/\/www.smiledesigncenter.hu\/wp-content\/uploads\/2017\/11\/gyermek-fogszabalyozas.jpg\" class=\"vc_single_image-img attachment-full\" alt=\"\" decoding=\"async\" loading=\"lazy\" srcset=\"https:\/\/www.smiledesigncenter.hu\/wp-content\/uploads\/2017\/11\/gyermek-fogszabalyozas.jpg 600w, https:\/\/www.smiledesigncenter.hu\/wp-content\/uploads\/2017\/11\/gyermek-fogszabalyozas-300x150.jpg 300w\" sizes=\"(max-width: 600px) 100vw, 600px\" \/><\/div>\n\t\t<\/figure>\n\t<\/div>\n<\/div><\/div><\/div><\/div><div class=\"vc_row wpb_row vc_row-fluid\"><div class=\"wpb_column vc_column_container vc_col-sm-12\"><div class=\"vc_column-inner vc_custom_1539700198744\"><div class=\"wpb_wrapper\"><div class=\"templatera_shortcode\"><div data-vc-full-width=\"true\" data-vc-full-width-init=\"false\" class=\"vc_row wpb_row vc_row-fluid atokeletesmosolyhoz vc_custom_1540312933801 vc_row-o-equal-height vc_row-o-content-middle vc_row-flex\"><div class=\"wpb_column vc_column_container vc_col-sm-8\"><div class=\"vc_column-inner vc_custom_1539690890825\"><div class=\"wpb_wrapper\"><div class=\"stronghold-info-icon-wrapper\" \"><div class=\"stronghold-info-icon\" style=\"float: left; width: 15%; padding-right:10px;\"><i class=\"icon-cleaned-tooth\" style=\"font-size:50px; color:#ffffff;\"><\/i><\/div><div class=\"stronghold-info-icon-content\" style=\"float: left; width: 80%; text-align: left; padding: 20px 0;\"><div class=\"stronghold-info-icon-title\"><h3 style=\"font-size:30px;color:#ffffff;\">T\u00e4ydellinen hymy on kaikki mit\u00e4 tarvitset ajanvaraukseen!<\/h3><\/div><div class=\"stronghold-info-icon-desc\"><div style=\" color:#ffffff;\">\u00c4l\u00e4 odota en\u00e4\u00e4, vaan kuuntele aiempien potilaidemme mielipiteit\u00e4! <\/div><\/div><\/div><\/div><\/div><\/div><\/div><div class=\"wpb_column vc_column_container vc_col-sm-12 vc_col-lg-4 vc_col-md-12 vc_col-xs-12\"><div class=\"vc_column-inner\"><div class=\"wpb_wrapper\"><div class=\"vc_btn3-container vc_btn3-center\" ><a class=\"vc_general vc_btn3 vc_btn3-size-md vc_btn3-shape-square vc_btn3-style-outline vc_btn3-color-white\" href=\"https:\/\/www.smiledesigncenter.hu\/fi\/kapcsolat\/\" title=\"\" target=\"_blank\">Ajanvarauspyynt\u00f6<\/a><\/div><\/div><\/div><\/div><\/div><div class=\"vc_row-full-width vc_clearfix\"><\/div><!-- Row Backgrounds --><div class=\"upb_color\" data-bg-override=\"0\" data-bg-color=\"#5e9cc5\" data-fadeout=\"\" data-fadeout-percentage=\"30\" data-parallax-content=\"\" data-parallax-content-sense=\"30\" data-row-effect-mobile-disable=\"true\" data-img-parallax-mobile-disable=\"false\" data-rtl=\"false\"  data-custom-vc-row=\"\"  data-vc=\"6.7.0\"  data-is_old_vc=\"\"  data-theme-support=\"\"   data-overlay=\"false\" data-overlay-color=\"\" data-overlay-pattern=\"\" data-overlay-pattern-opacity=\"\" data-overlay-pattern-size=\"\"    ><\/div>\r\n<\/div><\/div><\/div><\/div><\/div>","protected":false},"excerpt":{"rendered":"","protected":false},"author":2,"featured_media":2582,"parent":0,"menu_order":0,"comment_status":"closed","ping_status":"closed","template":"","meta":{"footnotes":"","_joinchat":[]},"acf":[],"_links":{"self":[{"href":"https:\/\/www.smiledesigncenter.hu\/fi\/wp-json\/wp\/v2\/pages\/2580"}],"collection":[{"href":"https:\/\/www.smiledesigncenter.hu\/fi\/wp-json\/wp\/v2\/pages"}],"about":[{"href":"https:\/\/www.smiledesigncenter.hu\/fi\/wp-json\/wp\/v2\/types\/page"}],"author":[{"embeddable":true,"href":"https:\/\/www.smiledesigncenter.hu\/fi\/wp-json\/wp\/v2\/users\/2"}],"replies":[{"embeddable":true,"href":"https:\/\/www.smiledesigncenter.hu\/fi\/wp-json\/wp\/v2\/comments?post=2580"}],"version-history":[{"count":6,"href":"https:\/\/www.smiledesigncenter.hu\/fi\/wp-json\/wp\/v2\/pages\/2580\/revisions"}],"predecessor-version":[{"id":5511,"href":"https:\/\/www.smiledesigncenter.hu\/fi\/wp-json\/wp\/v2\/pages\/2580\/revisions\/5511"}],"wp:featuredmedia":[{"embeddable":true,"href":"https:\/\/www.smiledesigncenter.hu\/fi\/wp-json\/wp\/v2\/media\/2582"}],"wp:attachment":[{"href":"https:\/\/www.smiledesigncenter.hu\/fi\/wp-json\/wp\/v2\/media?parent=2580"}],"curies":[{"name":"wp","href":"https:\/\/api.w.org\/{rel}","templated":true}]}}