{"id":5378,"date":"2018-08-10T10:32:30","date_gmt":"2018-08-10T10:32:30","guid":{"rendered":"https:\/\/www.smiledesigncenter.hu\/?page_id=5378"},"modified":"2022-07-17T11:22:05","modified_gmt":"2022-07-17T11:22:05","slug":"h-szabolcs","status":"publish","type":"page","link":"https:\/\/www.smiledesigncenter.hu\/fi\/referenciaink\/h-szabolcs\/","title":{"rendered":"H. Szabolcs"},"content":{"rendered":"<!-- Facebook Like Button Vivacity Infotech BEGIN -->\n<div class=\"fb-like\" data-href=\"https:\/\/www.smiledesigncenter.hu\/fi\/referenciaink\/h-szabolcs\/\" data-layout=\"standard\" data-action=\"recommend\" data-show-faces=\"false\" data-size=\"small\" data-width=\"450\" data-share=\"1\" ><\/div>\n<!-- Facebook Like Button Vivacity Infotech END -->\n<div class=\"vc_row wpb_row vc_row-fluid\"><div class=\"wpb_column vc_column_container vc_col-sm-4\"><div class=\"vc_column-inner\"><div class=\"wpb_wrapper\">\n\t<div  class=\"wpb_single_image wpb_content_element vc_align_left\">\n\t\t\n\t\t<figure class=\"wpb_wrapper vc_figure\">\n\t\t\t<a href=\"https:\/\/www.smiledesigncenter.hu\/wp-content\/uploads\/2018\/08\/h-szabolcs.jpg\" target=\"_self\" class=\"vc_single_image-wrapper   vc_box_border_grey\"><img width=\"360\" height=\"542\" src=\"https:\/\/www.smiledesigncenter.hu\/wp-content\/uploads\/2018\/08\/h-szabolcs.jpg\" class=\"vc_single_image-img attachment-full\" alt=\"\" decoding=\"async\" loading=\"lazy\" srcset=\"https:\/\/www.smiledesigncenter.hu\/wp-content\/uploads\/2018\/08\/h-szabolcs.jpg 360w, https:\/\/www.smiledesigncenter.hu\/wp-content\/uploads\/2018\/08\/h-szabolcs-199x300.jpg 199w\" sizes=\"(max-width: 360px) 100vw, 360px\" \/><\/a>\n\t\t<\/figure>\n\t<\/div>\n<\/div><\/div><\/div><div class=\"wpb_column vc_column_container vc_col-sm-8\"><div class=\"vc_column-inner\"><div class=\"wpb_wrapper\"><div class=\"vc_row wpb_row vc_inner vc_row-fluid\"><div class=\"wpb_column vc_column_container vc_col-sm-6\"><div class=\"vc_column-inner\"><div class=\"wpb_wrapper\">\n\t<div  class=\"wpb_single_image wpb_content_element vc_align_left\">\n\t\t\n\t\t<figure class=\"wpb_wrapper vc_figure\">\n\t\t\t<a href=\"https:\/\/www.smiledesigncenter.hu\/wp-content\/uploads\/2018\/08\/h-szabolcs-e-1024x684.jpg\" target=\"_self\" class=\"vc_single_image-wrapper   vc_box_border_grey\"><img width=\"300\" height=\"200\" src=\"https:\/\/www.smiledesigncenter.hu\/wp-content\/uploads\/2018\/08\/h-szabolcs-e-300x200.jpg\" class=\"vc_single_image-img attachment-medium\" alt=\"\" decoding=\"async\" loading=\"lazy\" srcset=\"https:\/\/www.smiledesigncenter.hu\/wp-content\/uploads\/2018\/08\/h-szabolcs-e-300x200.jpg 300w, https:\/\/www.smiledesigncenter.hu\/wp-content\/uploads\/2018\/08\/h-szabolcs-e-768x513.jpg 768w, https:\/\/www.smiledesigncenter.hu\/wp-content\/uploads\/2018\/08\/h-szabolcs-e-1024x684.jpg 1024w, https:\/\/www.smiledesigncenter.hu\/wp-content\/uploads\/2018\/08\/h-szabolcs-e.jpg 1200w\" sizes=\"(max-width: 300px) 100vw, 300px\" \/><\/a><figcaption class=\"vc_figure-caption\">El\u0151tte<\/figcaption>\n\t\t<\/figure>\n\t<\/div>\n\n\t<div  class=\"wpb_single_image wpb_content_element vc_align_left\">\n\t\t\n\t\t<figure class=\"wpb_wrapper vc_figure\">\n\t\t\t<a href=\"https:\/\/www.smiledesigncenter.hu\/wp-content\/uploads\/2022\/01\/h-szabolcs-1.jpg\" target=\"_self\" class=\"vc_single_image-wrapper   vc_box_border_grey\"><img width=\"300\" height=\"200\" src=\"https:\/\/www.smiledesigncenter.hu\/wp-content\/uploads\/2022\/01\/h-szabolcs-1-300x200.jpg\" class=\"vc_single_image-img attachment-medium\" alt=\"\" decoding=\"async\" loading=\"lazy\" srcset=\"https:\/\/www.smiledesigncenter.hu\/wp-content\/uploads\/2022\/01\/h-szabolcs-1-300x200.jpg 300w, https:\/\/www.smiledesigncenter.hu\/wp-content\/uploads\/2022\/01\/h-szabolcs-1.jpg 1024w\" sizes=\"(max-width: 300px) 100vw, 300px\" \/><\/a><figcaption class=\"vc_figure-caption\">ut\u00e1na<\/figcaption>\n\t\t<\/figure>\n\t<\/div>\n\n\t<div  class=\"wpb_single_image wpb_content_element vc_align_left\">\n\t\t\n\t\t<figure class=\"wpb_wrapper vc_figure\">\n\t\t\t<a href=\"https:\/\/www.smiledesigncenter.hu\/wp-content\/uploads\/2022\/01\/h-szabolcs-3.jpg\" target=\"_self\" class=\"vc_single_image-wrapper   vc_box_border_grey\"><img width=\"300\" height=\"169\" src=\"https:\/\/www.smiledesigncenter.hu\/wp-content\/uploads\/2022\/01\/h-szabolcs-3-300x169.jpg\" class=\"vc_single_image-img attachment-medium\" alt=\"\" decoding=\"async\" loading=\"lazy\" srcset=\"https:\/\/www.smiledesigncenter.hu\/wp-content\/uploads\/2022\/01\/h-szabolcs-3-300x169.jpg 300w, https:\/\/www.smiledesigncenter.hu\/wp-content\/uploads\/2022\/01\/h-szabolcs-3.jpg 844w\" sizes=\"(max-width: 300px) 100vw, 300px\" \/><\/a><figcaption class=\"vc_figure-caption\">ut\u00e1na<\/figcaption>\n\t\t<\/figure>\n\t<\/div>\n<\/div><\/div><\/div><div class=\"wpb_column vc_column_container vc_col-sm-6\"><div class=\"vc_column-inner\"><div class=\"wpb_wrapper\">\n\t<div  class=\"wpb_single_image wpb_content_element vc_align_left\">\n\t\t\n\t\t<figure class=\"wpb_wrapper vc_figure\">\n\t\t\t<a href=\"https:\/\/www.smiledesigncenter.hu\/wp-content\/uploads\/2018\/08\/h-szabolcs-u-1024x684.jpg\" target=\"_self\" class=\"vc_single_image-wrapper   vc_box_border_grey\"><img width=\"300\" height=\"200\" src=\"https:\/\/www.smiledesigncenter.hu\/wp-content\/uploads\/2018\/08\/h-szabolcs-u-300x200.jpg\" class=\"vc_single_image-img attachment-medium\" alt=\"\" decoding=\"async\" loading=\"lazy\" srcset=\"https:\/\/www.smiledesigncenter.hu\/wp-content\/uploads\/2018\/08\/h-szabolcs-u-300x200.jpg 300w, https:\/\/www.smiledesigncenter.hu\/wp-content\/uploads\/2018\/08\/h-szabolcs-u-768x513.jpg 768w, https:\/\/www.smiledesigncenter.hu\/wp-content\/uploads\/2018\/08\/h-szabolcs-u-1024x684.jpg 1024w, https:\/\/www.smiledesigncenter.hu\/wp-content\/uploads\/2018\/08\/h-szabolcs-u.jpg 1200w\" sizes=\"(max-width: 300px) 100vw, 300px\" \/><\/a><figcaption class=\"vc_figure-caption\">Ut\u00e1na<\/figcaption>\n\t\t<\/figure>\n\t<\/div>\n\n\t<div  class=\"wpb_single_image wpb_content_element vc_align_left\">\n\t\t\n\t\t<figure class=\"wpb_wrapper vc_figure\">\n\t\t\t<a href=\"https:\/\/www.smiledesigncenter.hu\/wp-content\/uploads\/2022\/01\/h-szabolcs-2.jpg\" target=\"_self\" class=\"vc_single_image-wrapper   vc_box_border_grey\"><img width=\"300\" height=\"200\" src=\"https:\/\/www.smiledesigncenter.hu\/wp-content\/uploads\/2022\/01\/h-szabolcs-2-300x200.jpg\" class=\"vc_single_image-img attachment-medium\" alt=\"\" decoding=\"async\" loading=\"lazy\" srcset=\"https:\/\/www.smiledesigncenter.hu\/wp-content\/uploads\/2022\/01\/h-szabolcs-2-300x200.jpg 300w, https:\/\/www.smiledesigncenter.hu\/wp-content\/uploads\/2022\/01\/h-szabolcs-2.jpg 1024w\" sizes=\"(max-width: 300px) 100vw, 300px\" \/><\/a><figcaption class=\"vc_figure-caption\">ut\u00e1na<\/figcaption>\n\t\t<\/figure>\n\t<\/div>\n\n\t<div  class=\"wpb_single_image wpb_content_element vc_align_left\">\n\t\t\n\t\t<figure class=\"wpb_wrapper vc_figure\">\n\t\t\t<a href=\"https:\/\/www.smiledesigncenter.hu\/wp-content\/uploads\/2022\/01\/h-szabolcs-5.jpg\" target=\"_self\" class=\"vc_single_image-wrapper   vc_box_border_grey\"><img width=\"300\" height=\"200\" src=\"https:\/\/www.smiledesigncenter.hu\/wp-content\/uploads\/2022\/01\/h-szabolcs-5-300x200.jpg\" class=\"vc_single_image-img attachment-medium\" alt=\"\" decoding=\"async\" loading=\"lazy\" srcset=\"https:\/\/www.smiledesigncenter.hu\/wp-content\/uploads\/2022\/01\/h-szabolcs-5-300x200.jpg 300w, https:\/\/www.smiledesigncenter.hu\/wp-content\/uploads\/2022\/01\/h-szabolcs-5.jpg 1024w\" sizes=\"(max-width: 300px) 100vw, 300px\" \/><\/a><figcaption class=\"vc_figure-caption\">ut\u00e1na<\/figcaption>\n\t\t<\/figure>\n\t<\/div>\n<\/div><\/div><\/div><\/div><div class=\"vc_row wpb_row vc_inner vc_row-fluid\"><div class=\"wpb_column vc_column_container vc_col-sm-12\"><div class=\"vc_column-inner\"><div class=\"wpb_wrapper\">\n\t<div class=\"wpb_text_column wpb_content_element\" >\n\t\t<div class=\"wpb_wrapper\">\n\t\t\t<p>Szabolcs eszt\u00e9tikai panaszokkal kereste fel rendel\u0151nket. Fogait tetraciklines elsz\u00ednez\u0151d\u00e9sek, aszimmetrikus \u00edny \u00e9s nem megfelel\u0151 koron\u00e1k jellemezt\u00e9k. A koron\u00e1k elt\u00e1vol\u00edt\u00e1s\u00e1t k\u00f6vet\u0151en a nem megfelel\u0151en gy\u00f6k\u00e9rkezelt fogait mikroszk\u00f3p seg\u00edts\u00e9g\u00e9vel \u00e1tkezelt\u00fck. \u00cdnyplasztikai m\u0171t\u00e9ttel \u00e1ll\u00edtottuk helyre az \u00edny margin\u00e1lis \u00e1llapot\u00e1t. Ezt k\u00f6vet\u0151en ideiglenes koron\u00e1kkal megemelt\u00fck a harap\u00e1s\u00e1t, majd az idealiz\u00e1lt harap\u00e1si magass\u00e1gnak megfelel\u0151en sz\u00f3l\u00f3 cirkon koron\u00e1kat k\u00e9sz\u00edtett\u00fcnk p\u00e1ciens\u00fcnk sz\u00e1m\u00e1ra alulra \u00e9s fel\u00fclre egyar\u00e1nt.<\/p>\n<p>P\u00e1ciens\u00fcnk el\u00e9gedett a fogaival \u00e9s b\u00e1tran mosolyog.<\/p>\n\n\t\t<\/div>\n\t<\/div>\n<\/div><\/div><\/div><\/div><\/div><\/div><\/div><\/div><div class=\"vc_row wpb_row vc_row-fluid\"><div class=\"wpb_column vc_column_container vc_col-sm-12\"><div class=\"vc_column-inner vc_custom_1539887488291\"><div class=\"wpb_wrapper\"><div class=\"templatera_shortcode\"><div data-vc-full-width=\"true\" data-vc-full-width-init=\"false\" class=\"vc_row wpb_row vc_row-fluid atokeletesmosolyhoz vc_custom_1540312933801 vc_row-o-equal-height vc_row-o-content-middle vc_row-flex\"><div class=\"wpb_column vc_column_container vc_col-sm-8\"><div class=\"vc_column-inner vc_custom_1539690890825\"><div class=\"wpb_wrapper\"><div class=\"stronghold-info-icon-wrapper\" \"><div class=\"stronghold-info-icon\" style=\"float: left; width: 15%; padding-right:10px;\"><i class=\"icon-cleaned-tooth\" style=\"font-size:50px; color:#ffffff;\"><\/i><\/div><div class=\"stronghold-info-icon-content\" style=\"float: left; width: 80%; text-align: left; padding: 20px 0;\"><div class=\"stronghold-info-icon-title\"><h3 style=\"font-size:30px;color:#ffffff;\">T\u00e4ydellinen hymy on kaikki mit\u00e4 tarvitset ajanvaraukseen!<\/h3><\/div><div class=\"stronghold-info-icon-desc\"><div style=\" color:#ffffff;\">\u00c4l\u00e4 odota en\u00e4\u00e4, vaan kuuntele aiempien potilaidemme mielipiteit\u00e4! <\/div><\/div><\/div><\/div><\/div><\/div><\/div><div class=\"wpb_column vc_column_container vc_col-sm-12 vc_col-lg-4 vc_col-md-12 vc_col-xs-12\"><div class=\"vc_column-inner\"><div class=\"wpb_wrapper\"><div class=\"vc_btn3-container vc_btn3-center\" ><a class=\"vc_general vc_btn3 vc_btn3-size-md vc_btn3-shape-square vc_btn3-style-outline vc_btn3-color-white\" href=\"https:\/\/www.smiledesigncenter.hu\/fi\/kapcsolat\/\" title=\"\" target=\"_blank\">Ajanvarauspyynt\u00f6<\/a><\/div><\/div><\/div><\/div><\/div><div class=\"vc_row-full-width vc_clearfix\"><\/div><!-- Row Backgrounds --><div class=\"upb_color\" data-bg-override=\"0\" data-bg-color=\"#5e9cc5\" data-fadeout=\"\" data-fadeout-percentage=\"30\" data-parallax-content=\"\" data-parallax-content-sense=\"30\" data-row-effect-mobile-disable=\"true\" data-img-parallax-mobile-disable=\"false\" data-rtl=\"false\"  data-custom-vc-row=\"\"  data-vc=\"6.7.0\"  data-is_old_vc=\"\"  data-theme-support=\"\"   data-overlay=\"false\" data-overlay-color=\"\" data-overlay-pattern=\"\" data-overlay-pattern-opacity=\"\" data-overlay-pattern-size=\"\"    ><\/div>\r\n<\/div><\/div><\/div><\/div><\/div>","protected":false},"excerpt":{"rendered":"","protected":false},"author":2,"featured_media":5379,"parent":2468,"menu_order":0,"comment_status":"closed","ping_status":"closed","template":"","meta":{"footnotes":"","_joinchat":[]},"acf":[],"aioseo_notices":[],"_links":{"self":[{"href":"https:\/\/www.smiledesigncenter.hu\/fi\/wp-json\/wp\/v2\/pages\/5378"}],"collection":[{"href":"https:\/\/www.smiledesigncenter.hu\/fi\/wp-json\/wp\/v2\/pages"}],"about":[{"href":"https:\/\/www.smiledesigncenter.hu\/fi\/wp-json\/wp\/v2\/types\/page"}],"author":[{"embeddable":true,"href":"https:\/\/www.smiledesigncenter.hu\/fi\/wp-json\/wp\/v2\/users\/2"}],"replies":[{"embeddable":true,"href":"https:\/\/www.smiledesigncenter.hu\/fi\/wp-json\/wp\/v2\/comments?post=5378"}],"version-history":[{"count":6,"href":"https:\/\/www.smiledesigncenter.hu\/fi\/wp-json\/wp\/v2\/pages\/5378\/revisions"}],"predecessor-version":[{"id":7772,"href":"https:\/\/www.smiledesigncenter.hu\/fi\/wp-json\/wp\/v2\/pages\/5378\/revisions\/7772"}],"up":[{"embeddable":true,"href":"https:\/\/www.smiledesigncenter.hu\/fi\/wp-json\/wp\/v2\/pages\/2468"}],"wp:featuredmedia":[{"embeddable":true,"href":"https:\/\/www.smiledesigncenter.hu\/fi\/wp-json\/wp\/v2\/media\/5379"}],"wp:attachment":[{"href":"https:\/\/www.smiledesigncenter.hu\/fi\/wp-json\/wp\/v2\/media?parent=5378"}],"curies":[{"name":"wp","href":"https:\/\/api.w.org\/{rel}","templated":true}]}}