{"id":6324,"date":"2020-02-04T09:54:34","date_gmt":"2020-02-04T09:54:34","guid":{"rendered":"https:\/\/www.smiledesigncenter.hu\/?page_id=6324"},"modified":"2022-07-17T11:06:04","modified_gmt":"2022-07-17T11:06:04","slug":"k-sz-erika","status":"publish","type":"page","link":"https:\/\/www.smiledesigncenter.hu\/fi\/referenciaink\/k-sz-erika\/","title":{"rendered":"K. Sz. Erika"},"content":{"rendered":"<!-- Facebook Like Button Vivacity Infotech BEGIN -->\n<div class=\"fb-like\" data-href=\"https:\/\/www.smiledesigncenter.hu\/fi\/referenciaink\/k-sz-erika\/\" data-layout=\"standard\" data-action=\"recommend\" data-show-faces=\"false\" data-size=\"small\" data-width=\"450\" data-share=\"1\" ><\/div>\n<!-- Facebook Like Button Vivacity Infotech END -->\n<div class=\"vc_row wpb_row vc_row-fluid\"><div class=\"wpb_column vc_column_container vc_col-sm-4\"><div class=\"vc_column-inner\"><div class=\"wpb_wrapper\">\n\t<div  class=\"wpb_single_image wpb_content_element vc_align_left\">\n\t\t\n\t\t<figure class=\"wpb_wrapper vc_figure\">\n\t\t\t<a href=\"https:\/\/www.smiledesigncenter.hu\/wp-content\/uploads\/2020\/02\/k-sz-erika.jpg\" target=\"_self\" class=\"vc_single_image-wrapper   vc_box_border_grey\"><img width=\"360\" height=\"542\" src=\"https:\/\/www.smiledesigncenter.hu\/wp-content\/uploads\/2020\/02\/k-sz-erika.jpg\" class=\"vc_single_image-img attachment-full\" alt=\"\" decoding=\"async\" loading=\"lazy\" srcset=\"https:\/\/www.smiledesigncenter.hu\/wp-content\/uploads\/2020\/02\/k-sz-erika.jpg 360w, https:\/\/www.smiledesigncenter.hu\/wp-content\/uploads\/2020\/02\/k-sz-erika-199x300.jpg 199w\" sizes=\"(max-width: 360px) 100vw, 360px\" \/><\/a>\n\t\t<\/figure>\n\t<\/div>\n<\/div><\/div><\/div><div class=\"wpb_column vc_column_container vc_col-sm-8\"><div class=\"vc_column-inner\"><div class=\"wpb_wrapper\"><div class=\"vc_row wpb_row vc_inner vc_row-fluid\"><div class=\"wpb_column vc_column_container vc_col-sm-6\"><div class=\"vc_column-inner\"><div class=\"wpb_wrapper\">\n\t<div  class=\"wpb_single_image wpb_content_element vc_align_left\">\n\t\t\n\t\t<figure class=\"wpb_wrapper vc_figure\">\n\t\t\t<a href=\"https:\/\/www.smiledesigncenter.hu\/wp-content\/uploads\/2020\/02\/k-sz-erika-e-1024x479.jpg\" target=\"_self\" class=\"vc_single_image-wrapper   vc_box_border_grey\"><img width=\"300\" height=\"140\" src=\"https:\/\/www.smiledesigncenter.hu\/wp-content\/uploads\/2020\/02\/k-sz-erika-e-300x140.jpg\" class=\"vc_single_image-img attachment-medium\" alt=\"\" decoding=\"async\" loading=\"lazy\" srcset=\"https:\/\/www.smiledesigncenter.hu\/wp-content\/uploads\/2020\/02\/k-sz-erika-e-300x140.jpg 300w, https:\/\/www.smiledesigncenter.hu\/wp-content\/uploads\/2020\/02\/k-sz-erika-e-1024x479.jpg 1024w, https:\/\/www.smiledesigncenter.hu\/wp-content\/uploads\/2020\/02\/k-sz-erika-e-768x359.jpg 768w, https:\/\/www.smiledesigncenter.hu\/wp-content\/uploads\/2020\/02\/k-sz-erika-e.jpg 1200w\" sizes=\"(max-width: 300px) 100vw, 300px\" \/><\/a><figcaption class=\"vc_figure-caption\">El\u0151tte<\/figcaption>\n\t\t<\/figure>\n\t<\/div>\n\n\t<div  class=\"wpb_single_image wpb_content_element vc_align_left  vc_custom_1658055921382\">\n\t\t\n\t\t<figure class=\"wpb_wrapper vc_figure\">\n\t\t\t<a href=\"https:\/\/www.smiledesigncenter.hu\/wp-content\/uploads\/2022\/01\/K-SZ-Erika3.jpg\" target=\"_self\" class=\"vc_single_image-wrapper   vc_box_border_grey\"><img width=\"200\" height=\"300\" src=\"https:\/\/www.smiledesigncenter.hu\/wp-content\/uploads\/2022\/01\/K-SZ-Erika3-200x300.jpg\" class=\"vc_single_image-img attachment-medium\" alt=\"\" decoding=\"async\" loading=\"lazy\" srcset=\"https:\/\/www.smiledesigncenter.hu\/wp-content\/uploads\/2022\/01\/K-SZ-Erika3-200x300.jpg 200w, https:\/\/www.smiledesigncenter.hu\/wp-content\/uploads\/2022\/01\/K-SZ-Erika3.jpg 513w\" sizes=\"(max-width: 200px) 100vw, 200px\" \/><\/a><figcaption class=\"vc_figure-caption\">Ut\u00e1na<\/figcaption>\n\t\t<\/figure>\n\t<\/div>\n\n\t<div  class=\"wpb_single_image wpb_content_element vc_align_left\">\n\t\t\n\t\t<figure class=\"wpb_wrapper vc_figure\">\n\t\t\t<a href=\"https:\/\/www.smiledesigncenter.hu\/wp-content\/uploads\/2022\/01\/K-SZ-Erika1.jpg\" target=\"_self\" class=\"vc_single_image-wrapper   vc_box_border_grey\"><img width=\"300\" height=\"200\" src=\"https:\/\/www.smiledesigncenter.hu\/wp-content\/uploads\/2022\/01\/K-SZ-Erika1-300x200.jpg\" class=\"vc_single_image-img attachment-medium\" alt=\"\" decoding=\"async\" loading=\"lazy\" srcset=\"https:\/\/www.smiledesigncenter.hu\/wp-content\/uploads\/2022\/01\/K-SZ-Erika1-300x200.jpg 300w, https:\/\/www.smiledesigncenter.hu\/wp-content\/uploads\/2022\/01\/K-SZ-Erika1.jpg 1024w\" sizes=\"(max-width: 300px) 100vw, 300px\" \/><\/a><figcaption class=\"vc_figure-caption\">Ut\u00e1na<\/figcaption>\n\t\t<\/figure>\n\t<\/div>\n<\/div><\/div><\/div><div class=\"wpb_column vc_column_container vc_col-sm-6\"><div class=\"vc_column-inner\"><div class=\"wpb_wrapper\">\n\t<div  class=\"wpb_single_image wpb_content_element vc_align_left\">\n\t\t\n\t\t<figure class=\"wpb_wrapper vc_figure\">\n\t\t\t<a href=\"https:\/\/www.smiledesigncenter.hu\/wp-content\/uploads\/2020\/02\/k-sz-erika-u-1024x479.jpg\" target=\"_self\" class=\"vc_single_image-wrapper   vc_box_border_grey\"><img width=\"300\" height=\"140\" src=\"https:\/\/www.smiledesigncenter.hu\/wp-content\/uploads\/2020\/02\/k-sz-erika-u-300x140.jpg\" class=\"vc_single_image-img attachment-medium\" alt=\"\" decoding=\"async\" loading=\"lazy\" srcset=\"https:\/\/www.smiledesigncenter.hu\/wp-content\/uploads\/2020\/02\/k-sz-erika-u-300x140.jpg 300w, https:\/\/www.smiledesigncenter.hu\/wp-content\/uploads\/2020\/02\/k-sz-erika-u-1024x479.jpg 1024w, https:\/\/www.smiledesigncenter.hu\/wp-content\/uploads\/2020\/02\/k-sz-erika-u-768x359.jpg 768w, https:\/\/www.smiledesigncenter.hu\/wp-content\/uploads\/2020\/02\/k-sz-erika-u.jpg 1200w\" sizes=\"(max-width: 300px) 100vw, 300px\" \/><\/a><figcaption class=\"vc_figure-caption\">Ut\u00e1na<\/figcaption>\n\t\t<\/figure>\n\t<\/div>\n\n\t<div  class=\"wpb_single_image wpb_content_element vc_align_left  vc_custom_1658055929012\">\n\t\t\n\t\t<figure class=\"wpb_wrapper vc_figure\">\n\t\t\t<a href=\"https:\/\/www.smiledesigncenter.hu\/wp-content\/uploads\/2022\/01\/K-SZ-Erika4.jpg\" target=\"_self\" class=\"vc_single_image-wrapper   vc_box_border_grey\"><img width=\"200\" height=\"300\" src=\"https:\/\/www.smiledesigncenter.hu\/wp-content\/uploads\/2022\/01\/K-SZ-Erika4-200x300.jpg\" class=\"vc_single_image-img attachment-medium\" alt=\"\" decoding=\"async\" loading=\"lazy\" srcset=\"https:\/\/www.smiledesigncenter.hu\/wp-content\/uploads\/2022\/01\/K-SZ-Erika4-200x300.jpg 200w, https:\/\/www.smiledesigncenter.hu\/wp-content\/uploads\/2022\/01\/K-SZ-Erika4.jpg 513w\" sizes=\"(max-width: 200px) 100vw, 200px\" \/><\/a><figcaption class=\"vc_figure-caption\">Ut\u00e1na<\/figcaption>\n\t\t<\/figure>\n\t<\/div>\n\n\t<div  class=\"wpb_single_image wpb_content_element vc_align_left\">\n\t\t\n\t\t<figure class=\"wpb_wrapper vc_figure\">\n\t\t\t<a href=\"https:\/\/www.smiledesigncenter.hu\/wp-content\/uploads\/2022\/01\/K-SZ-Erika2.jpg\" target=\"_self\" class=\"vc_single_image-wrapper   vc_box_border_grey\"><img width=\"300\" height=\"200\" src=\"https:\/\/www.smiledesigncenter.hu\/wp-content\/uploads\/2022\/01\/K-SZ-Erika2-300x200.jpg\" class=\"vc_single_image-img attachment-medium\" alt=\"\" decoding=\"async\" loading=\"lazy\" srcset=\"https:\/\/www.smiledesigncenter.hu\/wp-content\/uploads\/2022\/01\/K-SZ-Erika2-300x200.jpg 300w, https:\/\/www.smiledesigncenter.hu\/wp-content\/uploads\/2022\/01\/K-SZ-Erika2.jpg 1024w\" sizes=\"(max-width: 300px) 100vw, 300px\" \/><\/a><figcaption class=\"vc_figure-caption\">Ut\u00e1na<\/figcaption>\n\t\t<\/figure>\n\t<\/div>\n<\/div><\/div><\/div><\/div><div class=\"vc_row wpb_row vc_inner vc_row-fluid\"><div class=\"wpb_column vc_column_container vc_col-sm-12\"><div class=\"vc_column-inner\"><div class=\"wpb_wrapper\">\n\t<div class=\"wpb_text_column wpb_content_element\" >\n\t\t<div class=\"wpb_wrapper\">\n\t\t\t<p>Erika azzal a panasszal kereste fel rendel\u0151nket, hogy fogai mozognak, hideg hat\u00e1s\u00e1ra \u00e9rz\u00e9kenyek, illetve kellemetlennek \u00e9rzi lehelet\u00e9t.<\/p>\n<p>Az els\u0151 fog\u00e1szati vizsg\u00e1lat alkalm\u00e1val orvosaink meg\u00e1llap\u00edtott\u00e1k, hogy Erik\u00e1nak el\u0151rehaladott, s\u00falyos \u00e1llapotban l\u00e9v\u0151 parodontol\u00f3giai vagyis fog\u00e1gybetegs\u00e9ge van.<\/p>\n<p>Betegs\u00e9ge el\u0151rehaladott \u00e1llapota miatt fogait sajnos m\u00e1r nem tudtuk megmenteni, sz\u00fcks\u00e9gess\u00e9 v\u00e1lt az elt\u00e1vol\u00edt\u00e1suk.<\/p>\n<p>P\u00e1ciens\u00fcnk nem szeretett volna kivehet\u0151 fogp\u00f3tl\u00e1st viselni \u00edgy a sz\u00e1m\u00e1ra lehet\u0151 legjobb megold\u00e1st, az All on 5 \u00e9s All on 6 elj\u00e1r\u00e1st v\u00e1lasztottuk.<\/p>\n<p>Ennek a viszonylag \u00faj m\u00f3dszernek k\u00f6sz\u00f6nhet\u0151en Erika 24 \u00f3r\u00e1n bel\u00fcl kapott egy olyan ideiglenes, r\u00f6gz\u00edtett fogp\u00f3tl\u00e1st, amivel helyre\u00e1ll\u00edtottuk a fogelt\u00e1vol\u00edt\u00e1sb\u00f3l ered\u0151 eszt\u00e9tikai \u00e9s funkcion\u00e1lis hi\u00e1nyoss\u00e1gait. P\u00e1ciens\u00fcnk ezt az ideiglenes p\u00f3tl\u00e1st viselte mindaddig, m\u00edg elk\u00e9sz\u00fclt sz\u00e1m\u00e1ra a v\u00e9gleges fogp\u00f3tl\u00e1s.<\/p>\n<p>Az implant\u00e1tumok csontosod\u00e1s\u00e1t k\u00f6vet\u0151en, azaz 3 h\u00f3nap (esetenk\u00e9nt v\u00e1ltozhat) letelte ut\u00e1n elk\u00e9sz\u00fclt a v\u00e9gleges r\u00f6gz\u00edtett fogp\u00f3tl\u00e1s, mely csavarral r\u00f6gz\u00fcl az implant\u00e1tumokon.<\/p>\n<p>A Budapesten tal\u00e1lhat\u00f3 pr\u00e9mium min\u0151s\u00e9g\u00e9r\u0151l ismert Artifex Dentis fogtechnikai labor k\u00e9sz\u00edtette p\u00e1ciens\u00fcnk sz\u00e1m\u00e1ra a f\u00e9mker\u00e1mia h\u00eddp\u00f3tl\u00e1st.<\/p>\n<p>Erika nagyon boldog, hogy \u00fajra \u00f6nfeledten mosolyoghat, f\u00e1jdalom n\u00e9lk\u00fcl fogyaszthat hideg-meleg \u00e9teleket \u00e9s italokat. Visszanyerte \u00f6nbizalm\u00e1t, ennek k\u00f6sz\u00f6nhet\u0151en karrierj\u00e9ben is egyre nagyobb sikereket \u00e9r el.<\/p>\n\n\t\t<\/div>\n\t<\/div>\n<\/div><\/div><\/div><\/div><\/div><\/div><\/div><\/div><div class=\"vc_row wpb_row vc_row-fluid\"><div class=\"wpb_column vc_column_container vc_col-sm-12\"><div class=\"vc_column-inner vc_custom_1539887082564\"><div class=\"wpb_wrapper\"><div class=\"templatera_shortcode\"><div data-vc-full-width=\"true\" data-vc-full-width-init=\"false\" class=\"vc_row wpb_row vc_row-fluid atokeletesmosolyhoz vc_custom_1540312933801 vc_row-o-equal-height vc_row-o-content-middle vc_row-flex\"><div class=\"wpb_column vc_column_container vc_col-sm-8\"><div class=\"vc_column-inner vc_custom_1539690890825\"><div class=\"wpb_wrapper\"><div class=\"stronghold-info-icon-wrapper\" \"><div class=\"stronghold-info-icon\" style=\"float: left; width: 15%; padding-right:10px;\"><i class=\"icon-cleaned-tooth\" style=\"font-size:50px; color:#ffffff;\"><\/i><\/div><div class=\"stronghold-info-icon-content\" style=\"float: left; width: 80%; text-align: left; padding: 20px 0;\"><div class=\"stronghold-info-icon-title\"><h3 style=\"font-size:30px;color:#ffffff;\">T\u00e4ydellinen hymy on kaikki mit\u00e4 tarvitset ajanvaraukseen!<\/h3><\/div><div class=\"stronghold-info-icon-desc\"><div style=\" color:#ffffff;\">\u00c4l\u00e4 odota en\u00e4\u00e4, vaan kuuntele aiempien potilaidemme mielipiteit\u00e4! <\/div><\/div><\/div><\/div><\/div><\/div><\/div><div class=\"wpb_column vc_column_container vc_col-sm-12 vc_col-lg-4 vc_col-md-12 vc_col-xs-12\"><div class=\"vc_column-inner\"><div class=\"wpb_wrapper\"><div class=\"vc_btn3-container vc_btn3-center\" ><a class=\"vc_general vc_btn3 vc_btn3-size-md vc_btn3-shape-square vc_btn3-style-outline vc_btn3-color-white\" href=\"https:\/\/www.smiledesigncenter.hu\/fi\/kapcsolat\/\" title=\"\" target=\"_blank\">Ajanvarauspyynt\u00f6<\/a><\/div><\/div><\/div><\/div><\/div><div class=\"vc_row-full-width vc_clearfix\"><\/div><!-- Row Backgrounds --><div class=\"upb_color\" data-bg-override=\"0\" data-bg-color=\"#5e9cc5\" data-fadeout=\"\" data-fadeout-percentage=\"30\" data-parallax-content=\"\" data-parallax-content-sense=\"30\" data-row-effect-mobile-disable=\"true\" data-img-parallax-mobile-disable=\"false\" data-rtl=\"false\"  data-custom-vc-row=\"\"  data-vc=\"6.7.0\"  data-is_old_vc=\"\"  data-theme-support=\"\"   data-overlay=\"false\" data-overlay-color=\"\" data-overlay-pattern=\"\" data-overlay-pattern-opacity=\"\" data-overlay-pattern-size=\"\"    ><\/div>\r\n<\/div><\/div><\/div><\/div><\/div>","protected":false},"excerpt":{"rendered":"","protected":false},"author":2,"featured_media":0,"parent":2468,"menu_order":0,"comment_status":"closed","ping_status":"closed","template":"","meta":{"footnotes":"","_joinchat":[]},"acf":[],"aioseo_notices":[],"_links":{"self":[{"href":"https:\/\/www.smiledesigncenter.hu\/fi\/wp-json\/wp\/v2\/pages\/6324"}],"collection":[{"href":"https:\/\/www.smiledesigncenter.hu\/fi\/wp-json\/wp\/v2\/pages"}],"about":[{"href":"https:\/\/www.smiledesigncenter.hu\/fi\/wp-json\/wp\/v2\/types\/page"}],"author":[{"embeddable":true,"href":"https:\/\/www.smiledesigncenter.hu\/fi\/wp-json\/wp\/v2\/users\/2"}],"replies":[{"embeddable":true,"href":"https:\/\/www.smiledesigncenter.hu\/fi\/wp-json\/wp\/v2\/comments?post=6324"}],"version-history":[{"count":8,"href":"https:\/\/www.smiledesigncenter.hu\/fi\/wp-json\/wp\/v2\/pages\/6324\/revisions"}],"predecessor-version":[{"id":7759,"href":"https:\/\/www.smiledesigncenter.hu\/fi\/wp-json\/wp\/v2\/pages\/6324\/revisions\/7759"}],"up":[{"embeddable":true,"href":"https:\/\/www.smiledesigncenter.hu\/fi\/wp-json\/wp\/v2\/pages\/2468"}],"wp:attachment":[{"href":"https:\/\/www.smiledesigncenter.hu\/fi\/wp-json\/wp\/v2\/media?parent=6324"}],"curies":[{"name":"wp","href":"https:\/\/api.w.org\/{rel}","templated":true}]}}