{"id":6366,"date":"2020-02-04T10:01:31","date_gmt":"2020-02-04T10:01:31","guid":{"rendered":"https:\/\/www.smiledesigncenter.hu\/?page_id=6366"},"modified":"2022-07-17T11:02:44","modified_gmt":"2022-07-17T11:02:44","slug":"t-zoltanne","status":"publish","type":"page","link":"https:\/\/www.smiledesigncenter.hu\/fi\/referenciaink\/t-zoltanne\/","title":{"rendered":"T. Zolt\u00e1nn\u00e9"},"content":{"rendered":"<!-- Facebook Like Button Vivacity Infotech BEGIN -->\n<div class=\"fb-like\" data-href=\"https:\/\/www.smiledesigncenter.hu\/fi\/referenciaink\/t-zoltanne\/\" data-layout=\"standard\" data-action=\"recommend\" data-show-faces=\"false\" data-size=\"small\" data-width=\"450\" data-share=\"1\" ><\/div>\n<!-- Facebook Like Button Vivacity Infotech END -->\n<div class=\"vc_row wpb_row vc_row-fluid\"><div class=\"wpb_column vc_column_container vc_col-sm-4\"><div class=\"vc_column-inner\"><div class=\"wpb_wrapper\">\n\t<div  class=\"wpb_single_image wpb_content_element vc_align_left\">\n\t\t\n\t\t<figure class=\"wpb_wrapper vc_figure\">\n\t\t\t<a href=\"https:\/\/www.smiledesigncenter.hu\/wp-content\/uploads\/2020\/02\/t-zoltanne.jpg\" target=\"_self\" class=\"vc_single_image-wrapper   vc_box_border_grey\"><img width=\"360\" height=\"542\" src=\"https:\/\/www.smiledesigncenter.hu\/wp-content\/uploads\/2020\/02\/t-zoltanne.jpg\" class=\"vc_single_image-img attachment-full\" alt=\"\" decoding=\"async\" loading=\"lazy\" srcset=\"https:\/\/www.smiledesigncenter.hu\/wp-content\/uploads\/2020\/02\/t-zoltanne.jpg 360w, https:\/\/www.smiledesigncenter.hu\/wp-content\/uploads\/2020\/02\/t-zoltanne-199x300.jpg 199w\" sizes=\"(max-width: 360px) 100vw, 360px\" \/><\/a>\n\t\t<\/figure>\n\t<\/div>\n<\/div><\/div><\/div><div class=\"wpb_column vc_column_container vc_col-sm-8\"><div class=\"vc_column-inner\"><div class=\"wpb_wrapper\"><div class=\"vc_row wpb_row vc_inner vc_row-fluid\"><div class=\"wpb_column vc_column_container vc_col-sm-6\"><div class=\"vc_column-inner\"><div class=\"wpb_wrapper\">\n\t<div  class=\"wpb_single_image wpb_content_element vc_align_left\">\n\t\t\n\t\t<figure class=\"wpb_wrapper vc_figure\">\n\t\t\t<a href=\"https:\/\/www.smiledesigncenter.hu\/wp-content\/uploads\/2020\/02\/t-zoltanne-e-1024x488.jpg\" target=\"_self\" class=\"vc_single_image-wrapper   vc_box_border_grey\"><img width=\"300\" height=\"143\" src=\"https:\/\/www.smiledesigncenter.hu\/wp-content\/uploads\/2020\/02\/t-zoltanne-e-300x143.jpg\" class=\"vc_single_image-img attachment-medium\" alt=\"\" decoding=\"async\" loading=\"lazy\" srcset=\"https:\/\/www.smiledesigncenter.hu\/wp-content\/uploads\/2020\/02\/t-zoltanne-e-300x143.jpg 300w, https:\/\/www.smiledesigncenter.hu\/wp-content\/uploads\/2020\/02\/t-zoltanne-e-1024x488.jpg 1024w, https:\/\/www.smiledesigncenter.hu\/wp-content\/uploads\/2020\/02\/t-zoltanne-e-768x366.jpg 768w, https:\/\/www.smiledesigncenter.hu\/wp-content\/uploads\/2020\/02\/t-zoltanne-e.jpg 1200w\" sizes=\"(max-width: 300px) 100vw, 300px\" \/><\/a><figcaption class=\"vc_figure-caption\">El\u0151tte<\/figcaption>\n\t\t<\/figure>\n\t<\/div>\n<\/div><\/div><\/div><div class=\"wpb_column vc_column_container vc_col-sm-6\"><div class=\"vc_column-inner\"><div class=\"wpb_wrapper\">\n\t<div  class=\"wpb_single_image wpb_content_element vc_align_left\">\n\t\t\n\t\t<figure class=\"wpb_wrapper vc_figure\">\n\t\t\t<a href=\"https:\/\/www.smiledesigncenter.hu\/wp-content\/uploads\/2020\/02\/t-zoltanne-u-1024x488.jpg\" target=\"_self\" class=\"vc_single_image-wrapper   vc_box_border_grey\"><img width=\"300\" height=\"143\" src=\"https:\/\/www.smiledesigncenter.hu\/wp-content\/uploads\/2020\/02\/t-zoltanne-u-300x143.jpg\" class=\"vc_single_image-img attachment-medium\" alt=\"\" decoding=\"async\" loading=\"lazy\" srcset=\"https:\/\/www.smiledesigncenter.hu\/wp-content\/uploads\/2020\/02\/t-zoltanne-u-300x143.jpg 300w, https:\/\/www.smiledesigncenter.hu\/wp-content\/uploads\/2020\/02\/t-zoltanne-u-1024x488.jpg 1024w, https:\/\/www.smiledesigncenter.hu\/wp-content\/uploads\/2020\/02\/t-zoltanne-u-768x366.jpg 768w, https:\/\/www.smiledesigncenter.hu\/wp-content\/uploads\/2020\/02\/t-zoltanne-u.jpg 1200w\" sizes=\"(max-width: 300px) 100vw, 300px\" \/><\/a><figcaption class=\"vc_figure-caption\">Ut\u00e1na<\/figcaption>\n\t\t<\/figure>\n\t<\/div>\n<\/div><\/div><\/div><\/div><div class=\"vc_row wpb_row vc_inner vc_row-fluid\"><div class=\"wpb_column vc_column_container vc_col-sm-12\"><div class=\"vc_column-inner\"><div class=\"wpb_wrapper\">\n\t<div  class=\"wpb_single_image wpb_content_element vc_align_center\">\n\t\t\n\t\t<figure class=\"wpb_wrapper vc_figure\">\n\t\t\t<a href=\"https:\/\/www.smiledesigncenter.hu\/wp-content\/uploads\/2020\/02\/t-zoltanne-3-1024x614.jpg\" target=\"_self\" class=\"vc_single_image-wrapper   vc_box_border_grey\"><img width=\"300\" height=\"180\" src=\"https:\/\/www.smiledesigncenter.hu\/wp-content\/uploads\/2020\/02\/t-zoltanne-3-300x180.jpg\" class=\"vc_single_image-img attachment-medium\" alt=\"\" decoding=\"async\" loading=\"lazy\" srcset=\"https:\/\/www.smiledesigncenter.hu\/wp-content\/uploads\/2020\/02\/t-zoltanne-3-300x180.jpg 300w, https:\/\/www.smiledesigncenter.hu\/wp-content\/uploads\/2020\/02\/t-zoltanne-3-1024x614.jpg 1024w, https:\/\/www.smiledesigncenter.hu\/wp-content\/uploads\/2020\/02\/t-zoltanne-3-768x461.jpg 768w, https:\/\/www.smiledesigncenter.hu\/wp-content\/uploads\/2020\/02\/t-zoltanne-3.jpg 1200w\" sizes=\"(max-width: 300px) 100vw, 300px\" \/><\/a>\n\t\t<\/figure>\n\t<\/div>\n<\/div><\/div><\/div><\/div><div class=\"vc_row wpb_row vc_inner vc_row-fluid\"><div class=\"wpb_column vc_column_container vc_col-sm-12\"><div class=\"vc_column-inner\"><div class=\"wpb_wrapper\">\n\t<div class=\"wpb_text_column wpb_content_element\" >\n\t\t<div class=\"wpb_wrapper\">\n\t\t\t<p>P\u00e1ciens\u00fcnk az\u00e9rt kereste fel rendel\u0151nket, mert nem volt megel\u00e9gedve kivehet\u0151 fogp\u00f3tl\u00e1s\u00e1val. Elmondta, hogy eszt\u00e9tikailag sem megfelel\u0151 sz\u00e1m\u00e1ra, de ami a legnagyobb gondot jelentette, az a fogsor viselhet\u0151s\u00e9ge, illetve jelen esetben viselhetetlens\u00e9ge volt. A fels\u0151 p\u00f3tl\u00e1s zavar\u00f3an mozgott, m\u00edg az als\u00f3, annyira billegett, hogy hordhatatlann\u00e1 v\u00e1lt.<\/p>\n<p>A vizsg\u00e1latot k\u00f6vet\u0151en kider\u00fclt, hogy a probl\u00e9m\u00e1t r\u00e9szben a nem megfelel\u0151en elk\u00e9sz\u00edtett kivehet\u0151 fogp\u00f3tl\u00e1sok, r\u00e9szben az alve\u00f3lus (\u00e1llcsont) er\u0151teljes sorvad\u00e1sa okozza.<\/p>\n<p>Az als\u00f3 \u00e1llkapocs eset\u00e9ben, figyelembe v\u00e9ve a lehet\u0151s\u00e9geket \u00e9s p\u00e1ciens\u00fcnk ig\u00e9nyeit, az All on 4 technik\u00e1t v\u00e1lasztottuk. Ennek a viszonylag \u00faj m\u00f3dszernek k\u00f6sz\u00f6nhet\u0151en p\u00e1ciens\u00fcnk 24 \u00f3r\u00e1n bel\u00fcl kapott egy olyan ideiglenes, r\u00f6gz\u00edtett fogp\u00f3tl\u00e1st (ezt az ideiglenes p\u00f3tl\u00e1st viselte mindaddig, m\u00edg elk\u00e9sz\u00fclt sz\u00e1m\u00e1ra a v\u00e9gleges fogp\u00f3tl\u00e1s), amivel helyre\u00e1ll\u00edtottuk az eszt\u00e9tikai \u00e9s funkcion\u00e1lis hi\u00e1nyoss\u00e1gokat egyar\u00e1nt.<\/p>\n<p>Az implant\u00e1tumok csontosod\u00e1s\u00e1t k\u00f6vet\u0151en, azaz 3 h\u00f3nap (esetenk\u00e9nt v\u00e1ltozhat) letelte ut\u00e1n elk\u00e9sz\u00fclt a v\u00e9gleges r\u00f6gz\u00edtett fogp\u00f3tl\u00e1s, mely csavarral r\u00f6gz\u00fcl az implant\u00e1tumokon.<\/p>\n<p>Fel\u00fclre pedig egy pr\u00e9mium min\u0151s\u00e9g\u0171 egy\u00e9nileg karakteriz\u00e1lt m\u0171\u00ednnyel ell\u00e1tott, teljesen \u00e9leth\u0171, kivehet\u0151 fogp\u00f3tl\u00e1s k\u00e9sz\u00fclt.<\/p>\n<p>A p\u00f3tl\u00e1sok visel\u00e9se m\u00e1r \u00e1tad\u00e1skor k\u00e9nyelmes volt \u00e9s j\u00f3 \u00e9rz\u00e9ssel t\u00f6lt\u00f6tte el p\u00e1ciens\u00fcnket. Ez k\u00f6sz\u00f6nhet\u0151 a t\u00e1mcsapos harap\u00e1sv\u00e9teli technik\u00e1nak is, amib\u0151l kifoly\u00f3lag sokkal jobb funkci\u00f3ba lehet elhelyezni a fogakat.<\/p>\n<p>P\u00e1ciens\u00fcnk szem\u00e9n is j\u00f3l l\u00e1that\u00f3 az \u00f6r\u00f6m \u00e9s az el\u00e9gedetts\u00e9g, hiszen javult az \u00e9letmin\u0151s\u00e9ge, k\u00f6z\u00e9rzet\u00e9re \u00e9s karrierj\u00e9re is pozit\u00edvan hatott a v\u00e1ltoz\u00e1s.<\/p>\n\n\t\t<\/div>\n\t<\/div>\n<\/div><\/div><\/div><\/div><\/div><\/div><\/div><\/div><div class=\"vc_row wpb_row vc_row-fluid\"><div class=\"wpb_column vc_column_container vc_col-sm-12\"><div class=\"vc_column-inner vc_custom_1539887082564\"><div class=\"wpb_wrapper\"><div class=\"templatera_shortcode\"><div data-vc-full-width=\"true\" data-vc-full-width-init=\"false\" class=\"vc_row wpb_row vc_row-fluid atokeletesmosolyhoz vc_custom_1540312933801 vc_row-o-equal-height vc_row-o-content-middle vc_row-flex\"><div class=\"wpb_column vc_column_container vc_col-sm-8\"><div class=\"vc_column-inner vc_custom_1539690890825\"><div class=\"wpb_wrapper\"><div class=\"stronghold-info-icon-wrapper\" \"><div class=\"stronghold-info-icon\" style=\"float: left; width: 15%; padding-right:10px;\"><i class=\"icon-cleaned-tooth\" style=\"font-size:50px; color:#ffffff;\"><\/i><\/div><div class=\"stronghold-info-icon-content\" style=\"float: left; width: 80%; text-align: left; padding: 20px 0;\"><div class=\"stronghold-info-icon-title\"><h3 style=\"font-size:30px;color:#ffffff;\">T\u00e4ydellinen hymy on kaikki mit\u00e4 tarvitset ajanvaraukseen!<\/h3><\/div><div class=\"stronghold-info-icon-desc\"><div style=\" color:#ffffff;\">\u00c4l\u00e4 odota en\u00e4\u00e4, vaan kuuntele aiempien potilaidemme mielipiteit\u00e4! <\/div><\/div><\/div><\/div><\/div><\/div><\/div><div class=\"wpb_column vc_column_container vc_col-sm-12 vc_col-lg-4 vc_col-md-12 vc_col-xs-12\"><div class=\"vc_column-inner\"><div class=\"wpb_wrapper\"><div class=\"vc_btn3-container vc_btn3-center\" ><a class=\"vc_general vc_btn3 vc_btn3-size-md vc_btn3-shape-square vc_btn3-style-outline vc_btn3-color-white\" href=\"https:\/\/www.smiledesigncenter.hu\/fi\/kapcsolat\/\" title=\"\" target=\"_blank\">Ajanvarauspyynt\u00f6<\/a><\/div><\/div><\/div><\/div><\/div><div class=\"vc_row-full-width vc_clearfix\"><\/div><!-- Row Backgrounds --><div class=\"upb_color\" data-bg-override=\"0\" data-bg-color=\"#5e9cc5\" data-fadeout=\"\" data-fadeout-percentage=\"30\" data-parallax-content=\"\" data-parallax-content-sense=\"30\" data-row-effect-mobile-disable=\"true\" data-img-parallax-mobile-disable=\"false\" data-rtl=\"false\"  data-custom-vc-row=\"\"  data-vc=\"6.7.0\"  data-is_old_vc=\"\"  data-theme-support=\"\"   data-overlay=\"false\" data-overlay-color=\"\" data-overlay-pattern=\"\" data-overlay-pattern-opacity=\"\" data-overlay-pattern-size=\"\"    ><\/div>\r\n<\/div><\/div><\/div><\/div><\/div>","protected":false},"excerpt":{"rendered":"","protected":false},"author":2,"featured_media":0,"parent":2468,"menu_order":0,"comment_status":"closed","ping_status":"closed","template":"","meta":{"footnotes":"","_joinchat":[]},"acf":[],"aioseo_notices":[],"_links":{"self":[{"href":"https:\/\/www.smiledesigncenter.hu\/fi\/wp-json\/wp\/v2\/pages\/6366"}],"collection":[{"href":"https:\/\/www.smiledesigncenter.hu\/fi\/wp-json\/wp\/v2\/pages"}],"about":[{"href":"https:\/\/www.smiledesigncenter.hu\/fi\/wp-json\/wp\/v2\/types\/page"}],"author":[{"embeddable":true,"href":"https:\/\/www.smiledesigncenter.hu\/fi\/wp-json\/wp\/v2\/users\/2"}],"replies":[{"embeddable":true,"href":"https:\/\/www.smiledesigncenter.hu\/fi\/wp-json\/wp\/v2\/comments?post=6366"}],"version-history":[{"count":5,"href":"https:\/\/www.smiledesigncenter.hu\/fi\/wp-json\/wp\/v2\/pages\/6366\/revisions"}],"predecessor-version":[{"id":7757,"href":"https:\/\/www.smiledesigncenter.hu\/fi\/wp-json\/wp\/v2\/pages\/6366\/revisions\/7757"}],"up":[{"embeddable":true,"href":"https:\/\/www.smiledesigncenter.hu\/fi\/wp-json\/wp\/v2\/pages\/2468"}],"wp:attachment":[{"href":"https:\/\/www.smiledesigncenter.hu\/fi\/wp-json\/wp\/v2\/media?parent=6366"}],"curies":[{"name":"wp","href":"https:\/\/api.w.org\/{rel}","templated":true}]}}