{"id":7185,"date":"2021-11-06T09:59:41","date_gmt":"2021-11-06T09:59:41","guid":{"rendered":"https:\/\/www.smiledesigncenter.hu\/?page_id=7185"},"modified":"2021-11-06T11:07:28","modified_gmt":"2021-11-06T11:07:28","slug":"mosolytervezes-nyiregyhaza","status":"publish","type":"page","link":"https:\/\/www.smiledesigncenter.hu\/fi\/mosolytervezes-nyiregyhaza\/","title":{"rendered":"Mosolytervez\u00e9s Ny\u00edregyh\u00e1z\u00e1n"},"content":{"rendered":"<!-- Facebook Like Button Vivacity Infotech BEGIN -->\n<div class=\"fb-like\" data-href=\"https:\/\/www.smiledesigncenter.hu\/fi\/mosolytervezes-nyiregyhaza\/\" data-layout=\"standard\" data-action=\"recommend\" data-show-faces=\"false\" data-size=\"small\" data-width=\"450\" data-share=\"1\" ><\/div>\n<!-- Facebook Like Button Vivacity Infotech END -->\n<div class=\"vc_row wpb_row vc_row-fluid\"><div class=\"wpb_column vc_column_container vc_col-sm-6\"><div class=\"vc_column-inner\"><div class=\"wpb_wrapper\">\n\t<div class=\"wpb_text_column wpb_content_element\" >\n\t\t<div class=\"wpb_wrapper\">\n\t\t\t<h4>Pyyd\u00e4 meilt\u00e4 ajankohta<\/h4>\n\n\t\t<\/div>\n\t<\/div>\n\n<div class=\"wpcf7 no-js\" id=\"wpcf7-f1702-o1\" lang=\"en-US\" dir=\"ltr\">\n<div class=\"screen-reader-response\"><p role=\"status\" aria-live=\"polite\" aria-atomic=\"true\"><\/p> <ul><\/ul><\/div>\n<form action=\"\/fi\/wp-json\/wp\/v2\/pages\/7185#wpcf7-f1702-o1\" method=\"post\" class=\"wpcf7-form init\" aria-label=\"Contact form\" novalidate=\"novalidate\" data-status=\"init\" data-trp-original-action=\"\/fi\/wp-json\/wp\/v2\/pages\/7185#wpcf7-f1702-o1\">\n<div style=\"display: none;\">\n<input type=\"hidden\" name=\"_wpcf7\" value=\"1702\" \/>\n<input type=\"hidden\" name=\"_wpcf7_version\" value=\"5.8\" \/>\n<input type=\"hidden\" name=\"_wpcf7_locale\" value=\"en_US\" \/>\n<input type=\"hidden\" name=\"_wpcf7_unit_tag\" value=\"wpcf7-f1702-o1\" \/>\n<input type=\"hidden\" name=\"_wpcf7_container_post\" value=\"0\" \/>\n<input type=\"hidden\" name=\"_wpcf7_posted_data_hash\" value=\"\" \/>\n<\/div>\n<div class=\"input-group\">\n\t<p><span class=\"wpcf7-form-control-wrap\" data-name=\"nev\"><input size=\"40\" class=\"wpcf7-form-control wpcf7-text wpcf7-validates-as-required\" aria-required=\"true\" aria-invalid=\"false\" placeholder=\"Nimi\" value=\"\" type=\"text\" name=\"nev\" \/><\/span>\n\t<\/p>\n<\/div>\n<div class=\"input-group\">\n\t<p><span class=\"wpcf7-form-control-wrap\" data-name=\"telefonszam\"><input size=\"40\" class=\"wpcf7-form-control wpcf7-text wpcf7-validates-as-required\" aria-required=\"true\" aria-invalid=\"false\" placeholder=\"puhelinnumero\" value=\"\" type=\"text\" name=\"telefonszam\" \/><\/span>\n\t<\/p>\n<\/div>\n<div class=\"input-group\">\n\t<p><span class=\"wpcf7-form-control-wrap\" data-name=\"email\"><input size=\"40\" class=\"wpcf7-form-control wpcf7-email wpcf7-validates-as-required wpcf7-text wpcf7-validates-as-email\" aria-required=\"true\" aria-invalid=\"false\" placeholder=\"s\u00e4hk\u00f6posti\" value=\"\" type=\"email\" name=\"email\" \/><\/span>\n\t<\/p>\n<\/div>\n<div class=\"input-group\">\n\t<p><span class=\"wpcf7-form-control-wrap\" data-name=\"megjegyzes\"><textarea cols=\"40\" rows=\"10\" class=\"wpcf7-form-control wpcf7-textarea wpcf7-validates-as-required\" aria-required=\"true\" aria-invalid=\"false\" placeholder=\"muistiinpano\" name=\"megjegyzes\"><\/textarea><\/span>\n\t<\/p>\n<\/div>\n<p><span class=\"wpcf7-form-control-wrap\" data-name=\"your-consent\"><span class=\"wpcf7-form-control wpcf7-acceptance\"><span class=\"wpcf7-list-item\"><label><input type=\"checkbox\" name=\"your-consent\" value=\"1\" aria-invalid=\"false\" \/><span class=\"wpcf7-list-item-label\">Min\u00e4 allekirjoittanut hyv\u00e4ksyn rastittamalla alla olevan valintaruudun, ett\u00e4\nrekisterinpit\u00e4j\u00e4 saa k\u00e4sitell\u00e4 juuri antamiani henkil\u00f6tietoja yleisen tietosuoja-\nasetuksen (GDPR) 6 artiklan 1 kohdan b alakohdan ja 7 artiklan mukaisesti, sek\u00e4\noman tietosuojailmoituksensa ehtojen mukaisesti.<\/span><\/label><\/span><\/span><\/span>\n<\/p>\n<div id=\"cf7sr-6a04b01884e44\" class=\"cf7sr-g-recaptcha\" data-sitekey=\"6LedT2AbAAAAAIJBs94d1UwqASluf_H2Xu2FcyNS\"><\/div><span class=\"wpcf7-form-control-wrap cf7sr-recaptcha\" data-name=\"cf7sr-recaptcha\"><input type=\"hidden\" name=\"cf7sr-recaptcha\" value=\"\" class=\"wpcf7-form-control\"><\/span>\n<\/p>\n<p><input class=\"wpcf7-form-control wpcf7-submit has-spinner\" type=\"submit\" value=\"L\u00e4het\u00e4 se\" \/>\n<\/p><p style=\"display: none !important;\"><label>&#916;<textarea name=\"_wpcf7_ak_hp_textarea\" cols=\"45\" rows=\"8\" maxlength=\"100\"><\/textarea><\/label><input type=\"hidden\" id=\"ak_js_1\" name=\"_wpcf7_ak_js\" value=\"83\"\/><script>document.getElementById( \"ak_js_1\" ).setAttribute( \"value\", ( new Date() ).getTime() );<\/script><\/p><div class=\"wpcf7-response-output\" aria-hidden=\"true\"><\/div>\n<input type=\"hidden\" name=\"trp-form-language\" value=\"fi\"\/><\/form>\n<\/div>\n<\/div><\/div><\/div><div class=\"wpb_column vc_column_container vc_col-sm-6\"><div class=\"vc_column-inner\"><div class=\"wpb_wrapper\">\n\t<div class=\"wpb_text_column wpb_content_element\" >\n\t\t<div class=\"wpb_wrapper\">\n\t\t\t<p><strong>Ammattimainen hymysuunnittelu<\/strong><\/p>\n<p>Olitko ikin\u00e4\u00e4n kateellinen etusivulla leve\u00e4sti hymyileville ja voittavalla itseluottamuksella\nilmestyville t\u00e4hdille, joiden t\u00e4ydelliselt\u00e4 tuntuvassa el\u00e4m\u00e4ss\u00e4 my\u00f6s hymy tuntuu t\u00e4ydelliselt\u00e4?<\/p>\n<p class=\" translation-block\">Autamme! Se t\u00e4n\u00e4\u00e4n ei ole en\u00e4\u00e4 erioikeus \u2013 kaunis hymy on my\u00f6s sinun tavoitettavissa.\nTerveen hampaan ohella esteettinen hymy on t\u00e4ysin normaalinen ihmistarve.\nMielikuvituksissa olet kai jo suunnitellut? Vai etk\u00f6 viel\u00e4? Sitten saat sulkea silm\u00e4t, tulemme\navuksesi!\nOlisiko se niin, ett\u00e4 sin\u00e4 vain istut hammasl\u00e4\u00e4k\u00e4rin tuoliin, 3 pikakuvaa, 10 minuuttia ja\nheti saat n\u00e4kyv\u00e4ksi itsesi uuden hymyn kera, joka jopa toteutetaan muutaman p\u00e4iv\u00e4n\nkuluessa? Valitettavasti on her\u00e4tyshuudon hetki, sill\u00e4 sellainen lupaus useimmiten on\nennemminkin pelkk\u00e4\u00e4 silm\u00e4nlumetta, kuin ammatitaitoista hymysuunnittelua!<\/p>\n<p><img decoding=\"async\" loading=\"lazy\" class=\"aligncenter size-full wp-image-7189\" src=\"https:\/\/www.smiledesigncenter.hu\/wp-content\/uploads\/2021\/11\/mosolytervezes-nyiregyhaza.jpg\" alt=\"\" width=\"541\" height=\"263\" srcset=\"https:\/\/www.smiledesigncenter.hu\/wp-content\/uploads\/2021\/11\/mosolytervezes-nyiregyhaza.jpg 541w, https:\/\/www.smiledesigncenter.hu\/wp-content\/uploads\/2021\/11\/mosolytervezes-nyiregyhaza-300x146.jpg 300w\" sizes=\"(max-width: 541px) 100vw, 541px\" \/><\/p>\n\n\t\t<\/div>\n\t<\/div>\n<\/div><\/div><\/div><\/div><div class=\"vc_row wpb_row vc_row-fluid\"><div class=\"wpb_column vc_column_container vc_col-sm-12\"><div class=\"vc_column-inner\"><div class=\"wpb_wrapper\">\n\t<div class=\"wpb_text_column wpb_content_element\" >\n\t\t<div class=\"wpb_wrapper\">\n\t\t\t<p><strong>Kuinka hymysuunnittelu toteutuu Smile Design Centeriss\u00e4? <\/strong><\/p>\n<p>Ensiksi tosiaan tarvitaan henkil\u00f6kohtainen konsultointi vastaanottohuoneessamme.\nDigitaalisesti l\u00e4hetetyn valokuvan perusteella ei edelleenk\u00e4\u00e4n voida suunnitella hymy\u00e4\nsinulle. Konsultoinnin aikana erikoisl\u00e4\u00e4k\u00e4ri kartoittaa hampaiden terveystilan ja estetiikan.\nJoka tapauksessa tarvitaan joko TT-kuvaus tai kolmiulotteinen panoraamar\u00f6ntgenkuvaus, sill\u00e4\n\nkaksiulotteisesti enint\u00e4\u00e4n piirt\u00e4\u00e4 voitaisiin hymylinja sinulle, joka on aika kaukana\ntodellisesta hymysuunnittelusta.<\/p>\n\n\t\t<\/div>\n\t<\/div>\n<div class=\"vc_row wpb_row vc_inner vc_row-fluid\"><div class=\"wpb_column vc_column_container vc_col-sm-6\"><div class=\"vc_column-inner\"><div class=\"wpb_wrapper\">\n\t<div  class=\"wpb_single_image wpb_content_element vc_align_left\">\n\t\t\n\t\t<figure class=\"wpb_wrapper vc_figure\">\n\t\t\t<div class=\"vc_single_image-wrapper   vc_box_border_grey\"><img width=\"800\" height=\"533\" src=\"https:\/\/www.smiledesigncenter.hu\/wp-content\/uploads\/2018\/05\/Smile_Design_Center_28.jpg\" class=\"vc_single_image-img attachment-large\" alt=\"\" decoding=\"async\" loading=\"lazy\" srcset=\"https:\/\/www.smiledesigncenter.hu\/wp-content\/uploads\/2018\/05\/Smile_Design_Center_28.jpg 800w, https:\/\/www.smiledesigncenter.hu\/wp-content\/uploads\/2018\/05\/Smile_Design_Center_28-300x200.jpg 300w, https:\/\/www.smiledesigncenter.hu\/wp-content\/uploads\/2018\/05\/Smile_Design_Center_28-768x512.jpg 768w\" sizes=\"(max-width: 800px) 100vw, 800px\" \/><\/div>\n\t\t<\/figure>\n\t<\/div>\n<\/div><\/div><\/div><div class=\"wpb_column vc_column_container vc_col-sm-6\"><div class=\"vc_column-inner\"><div class=\"wpb_wrapper\">\n\t<div  class=\"wpb_single_image wpb_content_element vc_align_left\">\n\t\t\n\t\t<figure class=\"wpb_wrapper vc_figure\">\n\t\t\t<div class=\"vc_single_image-wrapper   vc_box_border_grey\"><img width=\"800\" height=\"533\" src=\"https:\/\/www.smiledesigncenter.hu\/wp-content\/uploads\/2018\/05\/Smile_Design_Center_27.jpg\" class=\"vc_single_image-img attachment-large\" alt=\"\" decoding=\"async\" loading=\"lazy\" srcset=\"https:\/\/www.smiledesigncenter.hu\/wp-content\/uploads\/2018\/05\/Smile_Design_Center_27.jpg 800w, https:\/\/www.smiledesigncenter.hu\/wp-content\/uploads\/2018\/05\/Smile_Design_Center_27-300x200.jpg 300w, https:\/\/www.smiledesigncenter.hu\/wp-content\/uploads\/2018\/05\/Smile_Design_Center_27-768x512.jpg 768w\" sizes=\"(max-width: 800px) 100vw, 800px\" \/><\/div>\n\t\t<\/figure>\n\t<\/div>\n<\/div><\/div><\/div><\/div><\/div><\/div><\/div><\/div><div class=\"vc_row wpb_row vc_row-fluid\"><div class=\"wpb_column vc_column_container vc_col-sm-12\"><div class=\"vc_column-inner\"><div class=\"wpb_wrapper\">\n\t<div class=\"wpb_text_column wpb_content_element\" >\n\t\t<div class=\"wpb_wrapper\">\n\t\t\t<p>Toinen askel on hampaiden esivalmistelu TT-kuvauksen, panoraamar\u00f6ntgenin ja yleisten\nhammasl\u00e4\u00e4k\u00e4riperiaatteiden perusteella, sill\u00e4 useassa tapauksessa jopa kruunun tai implantin\nrakentaminen voi olla tarpeen. Tietysti kaikki toimenpiteet ovat kivuttomia, saa jopa nukahtaa\nhammasl\u00e4\u00e4k\u00e4rin tuoliin. Esivalmistelun p\u00e4\u00e4tteeksi otetaan j\u00e4ljenn\u00f6s.<\/p>\n\n\t\t<\/div>\n\t<\/div>\n<div class=\"vc_row wpb_row vc_inner vc_row-fluid\"><div class=\"wpb_column vc_column_container vc_col-sm-12\"><div class=\"vc_column-inner\"><div class=\"wpb_wrapper\">\n\t<div  class=\"wpb_single_image wpb_content_element vc_align_left\">\n\t\t\n\t\t<figure class=\"wpb_wrapper vc_figure\">\n\t\t\t<div class=\"vc_single_image-wrapper   vc_box_border_grey\"><img width=\"1920\" height=\"651\" src=\"https:\/\/www.smiledesigncenter.hu\/wp-content\/uploads\/2020\/09\/slide-2.jpg\" class=\"vc_single_image-img attachment-full\" alt=\"\" decoding=\"async\" loading=\"lazy\" srcset=\"https:\/\/www.smiledesigncenter.hu\/wp-content\/uploads\/2020\/09\/slide-2.jpg 1920w, https:\/\/www.smiledesigncenter.hu\/wp-content\/uploads\/2020\/09\/slide-2-300x102.jpg 300w, https:\/\/www.smiledesigncenter.hu\/wp-content\/uploads\/2020\/09\/slide-2-1024x347.jpg 1024w, https:\/\/www.smiledesigncenter.hu\/wp-content\/uploads\/2020\/09\/slide-2-768x260.jpg 768w, https:\/\/www.smiledesigncenter.hu\/wp-content\/uploads\/2020\/09\/slide-2-1536x521.jpg 1536w\" sizes=\"(max-width: 1920px) 100vw, 1920px\" \/><\/div>\n\t\t<\/figure>\n\t<\/div>\n\n\t<div class=\"wpb_text_column wpb_content_element\" >\n\t\t<div class=\"wpb_wrapper\">\n\t\t\t<p>Kolmas askel hymysuunnittelun prosessissa on leukanivelten diagnostiikka. Leukaluun\nliikkuminen on t\u00e4rke\u00e4\u00e4, sill\u00e4 hymysi ei olisi ihan t\u00e4ytt\u00e4, jos hampaistoa et voisi t\u00e4ydellisesti\nsulkea. Leukaluudiagnostiikan p\u00e4\u00e4asia on se, ett\u00e4 rakennetun hampaiston tuntuma olisi oman\nhampaiston tuntumaa. Sellainen on heti mukavaa sek\u00e4 purennalta ett\u00e4 k\u00e4yt\u00f6kselt\u00e4\u00e4n.<\/p>\n\n\t\t<\/div>\n\t<\/div>\n<\/div><\/div><\/div><\/div><div class=\"vc_row wpb_row vc_inner vc_row-fluid\"><div class=\"wpb_column vc_column_container vc_col-sm-6\"><div class=\"vc_column-inner\"><div class=\"wpb_wrapper\">\n\t<div  class=\"wpb_single_image wpb_content_element vc_align_left\">\n\t\t\n\t\t<figure class=\"wpb_wrapper vc_figure\">\n\t\t\t<div class=\"vc_single_image-wrapper   vc_box_border_grey\"><img width=\"800\" height=\"534\" src=\"https:\/\/www.smiledesigncenter.hu\/wp-content\/uploads\/2017\/10\/DSC5187_resize.jpg\" class=\"vc_single_image-img attachment-large\" alt=\"\" decoding=\"async\" loading=\"lazy\" srcset=\"https:\/\/www.smiledesigncenter.hu\/wp-content\/uploads\/2017\/10\/DSC5187_resize.jpg 800w, https:\/\/www.smiledesigncenter.hu\/wp-content\/uploads\/2017\/10\/DSC5187_resize-300x200.jpg 300w, https:\/\/www.smiledesigncenter.hu\/wp-content\/uploads\/2017\/10\/DSC5187_resize-768x513.jpg 768w\" sizes=\"(max-width: 800px) 100vw, 800px\" \/><\/div>\n\t\t<\/figure>\n\t<\/div>\n<\/div><\/div><\/div><div class=\"wpb_column vc_column_container vc_col-sm-6\"><div class=\"vc_column-inner\"><div class=\"wpb_wrapper\">\n\t<div  class=\"wpb_single_image wpb_content_element vc_align_left\">\n\t\t\n\t\t<figure class=\"wpb_wrapper vc_figure\">\n\t\t\t<div class=\"vc_single_image-wrapper   vc_box_border_grey\"><img width=\"800\" height=\"534\" src=\"https:\/\/www.smiledesigncenter.hu\/wp-content\/uploads\/2017\/10\/DSC51861_resize.jpg\" class=\"vc_single_image-img attachment-large\" alt=\"\" decoding=\"async\" loading=\"lazy\" srcset=\"https:\/\/www.smiledesigncenter.hu\/wp-content\/uploads\/2017\/10\/DSC51861_resize.jpg 800w, https:\/\/www.smiledesigncenter.hu\/wp-content\/uploads\/2017\/10\/DSC51861_resize-300x200.jpg 300w, https:\/\/www.smiledesigncenter.hu\/wp-content\/uploads\/2017\/10\/DSC51861_resize-768x513.jpg 768w\" sizes=\"(max-width: 800px) 100vw, 800px\" \/><\/div>\n\t\t<\/figure>\n\t<\/div>\n<\/div><\/div><\/div><\/div><div class=\"vc_row wpb_row vc_inner vc_row-fluid\"><div class=\"wpb_column vc_column_container vc_col-sm-12\"><div class=\"vc_column-inner\"><div class=\"wpb_wrapper\">\n\t<div class=\"wpb_text_column wpb_content_element\" >\n\t\t<div class=\"wpb_wrapper\">\n\t\t\t<p>TT-kuvauksen, j\u00e4ljenn\u00f6ksen ja leukaniveldiagnostiikan tulosten perusteella kokenut\nhammasteknikko ammattimaisella hammasteknillisell\u00e4 ohjelmalla suunnittelee sinun\nhampaat, jotka heti voidaan tulostaa suuriarvoisella kolmiulotteisella tulostimella.<\/p>\n<p>Seuraava on hymysuunnittelun silmiinpist\u00e4vin vaihe, kun kolmiulotteinen tulostin tulostaa\nmuovista sinun uuden hymyhammasrivin, n\u00e4in valmistettavat hampaasi voit kokeilla ennen\nkuin ne jyrsit\u00e4\u00e4n kalliista zirkonista.<\/p>\n<p><strong><img decoding=\"async\" loading=\"lazy\" class=\"alignleft wp-image-7208 size-medium\" src=\"https:\/\/www.smiledesigncenter.hu\/wp-content\/uploads\/2021\/11\/3d-nyomtatott-fog-300x180.jpg\" alt=\"\" width=\"300\" height=\"180\" srcset=\"https:\/\/www.smiledesigncenter.hu\/wp-content\/uploads\/2021\/11\/3d-nyomtatott-fog-300x180.jpg 300w, https:\/\/www.smiledesigncenter.hu\/wp-content\/uploads\/2021\/11\/3d-nyomtatott-fog.jpg 400w\" sizes=\"(max-width: 300px) 100vw, 300px\" \/>Meilt\u00e4 hymysuunnitelmaksi siis et saa pelkk\u00e4\u00e4 \u201etaitavaa\u201d kaksiulotteista valokuvaa,\nvaan ammattitaitoisen sunnitteluty\u00f6n tuloksena kolmiulotteisesti tulostetun\nmuovihammasrivin.<\/strong> Sit\u00e4 voit kokeilla, jota tarvittaessa voidaan muuttaa ja mik\u00e4li ei \u201eistu\nhyvin\u201d, voidaan j\u00e4lleensuunitella ja edullisesti j\u00e4lleentulostaa.<\/p>\n<p>Mik\u00e4li n\u00e4\u00f6n ohella my\u00f6s sen mukavuudesta pid\u00e4t, seuraava vaihe on todellisten hampaiden\nvalmistus CAD\/CAM -teknologialla. Muovihampaiden j\u00e4ljenn\u00f6s mikronin tarkkuudella\njyrsit\u00e4\u00e4n zirkonista.<\/p>\n<p>Jos sin\u00e4kin haluaisit taatusti itsevarman, esteettisen ja kauniin hammasrivin, \u00e4l\u00e4 ep\u00e4r\u00f6i vaan\nota yhteys, ryhty\u00e4ksemme hymysuunnitteluun yhdess\u00e4! P\u00e4\u00e4m\u00e4\u00e4r\u00e4mme ei ole tuottaa\nhampaankorvaus, joka toimii vain yksi-pari vuotta, vaan sellainen, joka palvelee sinua jopa\nvuosikymmeniin, esteettist\u00e4 n\u00e4k\u00f6\u00e4, mukavaa pureskelua ja k\u00e4ytt\u00f6\u00e4 turvaten vuosien mittaan!<\/p>\n\n\t\t<\/div>\n\t<\/div>\n<\/div><\/div><\/div><\/div><\/div><\/div><\/div><\/div><div data-vc-full-width=\"true\" data-vc-full-width-init=\"false\" class=\"vc_row wpb_row vc_row-fluid vc_custom_1480187789168 vc_row-has-fill\"><div class=\"wpb_column vc_column_container vc_col-sm-12\"><div class=\"vc_column-inner\"><div class=\"wpb_wrapper\"><h4 style=\"color: #ffffff;text-align: center\" class=\"vc_custom_heading\" >Haluamme tehd\u00e4 hymyst\u00e4si t\u00e4ydellisen!<\/h4><div class=\"vc_btn3-container vc_btn3-center\" ><a class=\"vc_general vc_btn3 vc_btn3-size-md vc_btn3-shape-rounded vc_btn3-style-modern vc_btn3-color-white\" href=\"https:\/\/www.smiledesigncenter.hu\/fi\/kapcsolat\/\" title=\"\">En viivyttele en\u00e4\u00e4<\/a><\/div><\/div><\/div><\/div><\/div><div class=\"vc_row-full-width vc_clearfix\"><\/div><div class=\"vc_row wpb_row vc_row-fluid\"><div class=\"wpb_column vc_column_container vc_col-sm-12\"><div class=\"vc_column-inner\"><div class=\"wpb_wrapper\">\n\t<div class=\"wpb_text_column wpb_content_element\" >\n\t\t<div class=\"wpb_wrapper\">\n\t\t\t\n\t\t<\/div>\n\t<\/div>\n<\/div><\/div><\/div><\/div>","protected":false},"excerpt":{"rendered":"","protected":false},"author":2,"featured_media":0,"parent":0,"menu_order":0,"comment_status":"closed","ping_status":"closed","template":"","meta":{"footnotes":"","_joinchat":[]},"acf":[],"_links":{"self":[{"href":"https:\/\/www.smiledesigncenter.hu\/fi\/wp-json\/wp\/v2\/pages\/7185"}],"collection":[{"href":"https:\/\/www.smiledesigncenter.hu\/fi\/wp-json\/wp\/v2\/pages"}],"about":[{"href":"https:\/\/www.smiledesigncenter.hu\/fi\/wp-json\/wp\/v2\/types\/page"}],"author":[{"embeddable":true,"href":"https:\/\/www.smiledesigncenter.hu\/fi\/wp-json\/wp\/v2\/users\/2"}],"replies":[{"embeddable":true,"href":"https:\/\/www.smiledesigncenter.hu\/fi\/wp-json\/wp\/v2\/comments?post=7185"}],"version-history":[{"count":26,"href":"https:\/\/www.smiledesigncenter.hu\/fi\/wp-json\/wp\/v2\/pages\/7185\/revisions"}],"predecessor-version":[{"id":7214,"href":"https:\/\/www.smiledesigncenter.hu\/fi\/wp-json\/wp\/v2\/pages\/7185\/revisions\/7214"}],"wp:attachment":[{"href":"https:\/\/www.smiledesigncenter.hu\/fi\/wp-json\/wp\/v2\/media?parent=7185"}],"curies":[{"name":"wp","href":"https:\/\/api.w.org\/{rel}","templated":true}]}}