{"id":7579,"date":"2022-04-23T20:19:40","date_gmt":"2022-04-23T20:19:40","guid":{"rendered":"https:\/\/www.smiledesigncenter.hu\/?page_id=7579"},"modified":"2022-07-11T17:29:20","modified_gmt":"2022-07-11T17:29:20","slug":"l-a-judit","status":"publish","type":"page","link":"https:\/\/www.smiledesigncenter.hu\/fi\/l-a-judit\/","title":{"rendered":"L.A. Judit"},"content":{"rendered":"<!-- Facebook Like Button Vivacity Infotech BEGIN -->\n<div class=\"fb-like\" data-href=\"https:\/\/www.smiledesigncenter.hu\/fi\/l-a-judit\/\" data-layout=\"standard\" data-action=\"recommend\" data-show-faces=\"false\" data-size=\"small\" data-width=\"450\" data-share=\"1\" ><\/div>\n<!-- Facebook Like Button Vivacity Infotech END -->\n<div class=\"vc_row wpb_row vc_row-fluid\"><div class=\"wpb_column vc_column_container vc_col-sm-4\"><div class=\"vc_column-inner\"><div class=\"wpb_wrapper\">\n\t<div  class=\"wpb_single_image wpb_content_element vc_align_left\">\n\t\t\n\t\t<figure class=\"wpb_wrapper vc_figure\">\n\t\t\t<a class=\"\" data-lightbox=\"lightbox[rel-5476-3738316370]\" href=\"https:\/\/www.smiledesigncenter.hu\/wp-content\/uploads\/2022\/04\/l-a-judit-utana-ref.jpg\" target=\"_self\"><img width=\"426\" height=\"640\" src=\"https:\/\/www.smiledesigncenter.hu\/wp-content\/uploads\/2022\/04\/l-a-judit-utana-ref.jpg\" class=\"vc_single_image-img attachment-full\" alt=\"\" decoding=\"async\" loading=\"lazy\" srcset=\"https:\/\/www.smiledesigncenter.hu\/wp-content\/uploads\/2022\/04\/l-a-judit-utana-ref.jpg 426w, https:\/\/www.smiledesigncenter.hu\/wp-content\/uploads\/2022\/04\/l-a-judit-utana-ref-200x300.jpg 200w\" sizes=\"(max-width: 426px) 100vw, 426px\" \/><\/a>\n\t\t<\/figure>\n\t<\/div>\n<\/div><\/div><\/div><div class=\"wpb_column vc_column_container vc_col-sm-8\"><div class=\"vc_column-inner\"><div class=\"wpb_wrapper\"><div class=\"vc_row wpb_row vc_inner vc_row-fluid\"><div class=\"wpb_column vc_column_container vc_col-sm-6\"><div class=\"vc_column-inner\"><div class=\"wpb_wrapper\">\n\t<div  class=\"wpb_single_image wpb_content_element vc_align_left\">\n\t\t\n\t\t<figure class=\"wpb_wrapper vc_figure\">\n\t\t\t<a href=\"https:\/\/www.smiledesigncenter.hu\/wp-content\/uploads\/2022\/04\/l-a-judit-elotte.jpg\" target=\"_self\" class=\"vc_single_image-wrapper   vc_box_border_grey\"><img width=\"300\" height=\"200\" src=\"https:\/\/www.smiledesigncenter.hu\/wp-content\/uploads\/2022\/04\/l-a-judit-elotte-300x200.jpg\" class=\"vc_single_image-img attachment-medium\" alt=\"\" decoding=\"async\" loading=\"lazy\" srcset=\"https:\/\/www.smiledesigncenter.hu\/wp-content\/uploads\/2022\/04\/l-a-judit-elotte-300x200.jpg 300w, https:\/\/www.smiledesigncenter.hu\/wp-content\/uploads\/2022\/04\/l-a-judit-elotte.jpg 961w\" sizes=\"(max-width: 300px) 100vw, 300px\" \/><\/a><figcaption class=\"vc_figure-caption\">El\u0151tte<\/figcaption>\n\t\t<\/figure>\n\t<\/div>\n<\/div><\/div><\/div><div class=\"wpb_column vc_column_container vc_col-sm-6\"><div class=\"vc_column-inner\"><div class=\"wpb_wrapper\">\n\t<div  class=\"wpb_single_image wpb_content_element vc_align_left\">\n\t\t\n\t\t<figure class=\"wpb_wrapper vc_figure\">\n\t\t\t<a href=\"https:\/\/www.smiledesigncenter.hu\/wp-content\/uploads\/2022\/04\/l-a-judit-kezeles-alatt4.jpg\" target=\"_self\" class=\"vc_single_image-wrapper   vc_box_border_grey\"><img width=\"300\" height=\"200\" src=\"https:\/\/www.smiledesigncenter.hu\/wp-content\/uploads\/2022\/04\/l-a-judit-kezeles-alatt4-300x200.jpg\" class=\"vc_single_image-img attachment-medium\" alt=\"\" decoding=\"async\" loading=\"lazy\" srcset=\"https:\/\/www.smiledesigncenter.hu\/wp-content\/uploads\/2022\/04\/l-a-judit-kezeles-alatt4-300x200.jpg 300w, https:\/\/www.smiledesigncenter.hu\/wp-content\/uploads\/2022\/04\/l-a-judit-kezeles-alatt4.jpg 959w\" sizes=\"(max-width: 300px) 100vw, 300px\" \/><\/a><figcaption class=\"vc_figure-caption\">El\u0151tte<\/figcaption>\n\t\t<\/figure>\n\t<\/div>\n<\/div><\/div><\/div><\/div><div class=\"vc_row wpb_row vc_inner vc_row-fluid\"><div class=\"wpb_column vc_column_container vc_col-sm-6\"><div class=\"vc_column-inner\"><div class=\"wpb_wrapper\">\n\t<div  class=\"wpb_single_image wpb_content_element vc_align_left\">\n\t\t\n\t\t<figure class=\"wpb_wrapper vc_figure\">\n\t\t\t<a href=\"https:\/\/www.smiledesigncenter.hu\/wp-content\/uploads\/2022\/04\/l-a-judit-kezeles-alatt3.jpg\" target=\"_self\" class=\"vc_single_image-wrapper   vc_box_border_grey\"><img width=\"300\" height=\"200\" src=\"https:\/\/www.smiledesigncenter.hu\/wp-content\/uploads\/2022\/04\/l-a-judit-kezeles-alatt3-300x200.jpg\" class=\"vc_single_image-img attachment-medium\" alt=\"\" decoding=\"async\" loading=\"lazy\" srcset=\"https:\/\/www.smiledesigncenter.hu\/wp-content\/uploads\/2022\/04\/l-a-judit-kezeles-alatt3-300x200.jpg 300w, https:\/\/www.smiledesigncenter.hu\/wp-content\/uploads\/2022\/04\/l-a-judit-kezeles-alatt3.jpg 959w\" sizes=\"(max-width: 300px) 100vw, 300px\" \/><\/a><figcaption class=\"vc_figure-caption\">Kezel\u00e9s k\u00f6zben<\/figcaption>\n\t\t<\/figure>\n\t<\/div>\n<\/div><\/div><\/div><div class=\"wpb_column vc_column_container vc_col-sm-6\"><div class=\"vc_column-inner\"><div class=\"wpb_wrapper\">\n\t<div  class=\"wpb_single_image wpb_content_element vc_align_left\">\n\t\t\n\t\t<figure class=\"wpb_wrapper vc_figure\">\n\t\t\t<a href=\"https:\/\/www.smiledesigncenter.hu\/wp-content\/uploads\/2022\/04\/l-a-judit-kezeles-alatt2.jpg\" target=\"_self\" class=\"vc_single_image-wrapper   vc_box_border_grey\"><img width=\"300\" height=\"200\" src=\"https:\/\/www.smiledesigncenter.hu\/wp-content\/uploads\/2022\/04\/l-a-judit-kezeles-alatt2-300x200.jpg\" class=\"vc_single_image-img attachment-medium\" alt=\"\" decoding=\"async\" loading=\"lazy\" srcset=\"https:\/\/www.smiledesigncenter.hu\/wp-content\/uploads\/2022\/04\/l-a-judit-kezeles-alatt2-300x200.jpg 300w, https:\/\/www.smiledesigncenter.hu\/wp-content\/uploads\/2022\/04\/l-a-judit-kezeles-alatt2.jpg 959w\" sizes=\"(max-width: 300px) 100vw, 300px\" \/><\/a><figcaption class=\"vc_figure-caption\">Kezel\u00e9s k\u00f6zben<\/figcaption>\n\t\t<\/figure>\n\t<\/div>\n<\/div><\/div><\/div><\/div><div class=\"vc_row wpb_row vc_inner vc_row-fluid\"><div class=\"wpb_column vc_column_container vc_col-sm-6\"><div class=\"vc_column-inner\"><div class=\"wpb_wrapper\">\n\t<div  class=\"wpb_single_image wpb_content_element vc_align_left\">\n\t\t\n\t\t<figure class=\"wpb_wrapper vc_figure\">\n\t\t\t<a href=\"https:\/\/www.smiledesigncenter.hu\/wp-content\/uploads\/2022\/04\/l-a-judit-kezeles-alatt5.jpg\" target=\"_self\" class=\"vc_single_image-wrapper   vc_box_border_grey\"><img width=\"300\" height=\"200\" src=\"https:\/\/www.smiledesigncenter.hu\/wp-content\/uploads\/2022\/04\/l-a-judit-kezeles-alatt5-300x200.jpg\" class=\"vc_single_image-img attachment-medium\" alt=\"\" decoding=\"async\" loading=\"lazy\" srcset=\"https:\/\/www.smiledesigncenter.hu\/wp-content\/uploads\/2022\/04\/l-a-judit-kezeles-alatt5-300x200.jpg 300w, https:\/\/www.smiledesigncenter.hu\/wp-content\/uploads\/2022\/04\/l-a-judit-kezeles-alatt5.jpg 959w\" sizes=\"(max-width: 300px) 100vw, 300px\" \/><\/a>\n\t\t<\/figure>\n\t<\/div>\n<\/div><\/div><\/div><div class=\"wpb_column vc_column_container vc_col-sm-6\"><div class=\"vc_column-inner\"><div class=\"wpb_wrapper\">\n\t<div  class=\"wpb_single_image wpb_content_element vc_align_left\">\n\t\t\n\t\t<figure class=\"wpb_wrapper vc_figure\">\n\t\t\t<a href=\"https:\/\/www.smiledesigncenter.hu\/wp-content\/uploads\/2022\/04\/l-a-judit-kezeles-alatt.jpg\" target=\"_self\" class=\"vc_single_image-wrapper   vc_box_border_grey\"><img width=\"300\" height=\"200\" src=\"https:\/\/www.smiledesigncenter.hu\/wp-content\/uploads\/2022\/04\/l-a-judit-kezeles-alatt-300x200.jpg\" class=\"vc_single_image-img attachment-medium\" alt=\"\" decoding=\"async\" loading=\"lazy\" srcset=\"https:\/\/www.smiledesigncenter.hu\/wp-content\/uploads\/2022\/04\/l-a-judit-kezeles-alatt-300x200.jpg 300w, https:\/\/www.smiledesigncenter.hu\/wp-content\/uploads\/2022\/04\/l-a-judit-kezeles-alatt.jpg 959w\" sizes=\"(max-width: 300px) 100vw, 300px\" \/><\/a><figcaption class=\"vc_figure-caption\">All on 4<\/figcaption>\n\t\t<\/figure>\n\t<\/div>\n<\/div><\/div><\/div><\/div><div class=\"vc_row wpb_row vc_inner vc_row-fluid\"><div class=\"wpb_column vc_column_container vc_col-sm-6\"><div class=\"vc_column-inner\"><div class=\"wpb_wrapper\">\n\t<div  class=\"wpb_single_image wpb_content_element vc_align_left\">\n\t\t\n\t\t<figure class=\"wpb_wrapper vc_figure\">\n\t\t\t<a href=\"https:\/\/www.smiledesigncenter.hu\/wp-content\/uploads\/2022\/04\/utana.jpg\" target=\"_self\" class=\"vc_single_image-wrapper   vc_box_border_grey\"><img width=\"300\" height=\"200\" src=\"https:\/\/www.smiledesigncenter.hu\/wp-content\/uploads\/2022\/04\/utana-300x200.jpg\" class=\"vc_single_image-img attachment-medium\" alt=\"\" decoding=\"async\" loading=\"lazy\" srcset=\"https:\/\/www.smiledesigncenter.hu\/wp-content\/uploads\/2022\/04\/utana-300x200.jpg 300w, https:\/\/www.smiledesigncenter.hu\/wp-content\/uploads\/2022\/04\/utana.jpg 959w\" sizes=\"(max-width: 300px) 100vw, 300px\" \/><\/a><figcaption class=\"vc_figure-caption\">Ut\u00e1na<\/figcaption>\n\t\t<\/figure>\n\t<\/div>\n<\/div><\/div><\/div><div class=\"wpb_column vc_column_container vc_col-sm-6\"><div class=\"vc_column-inner\"><div class=\"wpb_wrapper\">\n\t<div  class=\"wpb_single_image wpb_content_element vc_align_left\">\n\t\t\n\t\t<figure class=\"wpb_wrapper vc_figure\">\n\t\t\t<a href=\"https:\/\/www.smiledesigncenter.hu\/wp-content\/uploads\/2022\/04\/l-a-judit-utana2.jpg\" target=\"_self\" class=\"vc_single_image-wrapper   vc_box_border_grey\"><img width=\"300\" height=\"200\" src=\"https:\/\/www.smiledesigncenter.hu\/wp-content\/uploads\/2022\/04\/l-a-judit-utana2-300x200.jpg\" class=\"vc_single_image-img attachment-medium\" alt=\"\" decoding=\"async\" loading=\"lazy\" srcset=\"https:\/\/www.smiledesigncenter.hu\/wp-content\/uploads\/2022\/04\/l-a-judit-utana2-300x200.jpg 300w, https:\/\/www.smiledesigncenter.hu\/wp-content\/uploads\/2022\/04\/l-a-judit-utana2.jpg 959w\" sizes=\"(max-width: 300px) 100vw, 300px\" \/><\/a><figcaption class=\"vc_figure-caption\">Ut\u00e1na<\/figcaption>\n\t\t<\/figure>\n\t<\/div>\n<\/div><\/div><\/div><\/div><div class=\"vc_row wpb_row vc_inner vc_row-fluid\"><div class=\"wpb_column vc_column_container vc_col-sm-6\"><div class=\"vc_column-inner\"><div class=\"wpb_wrapper\">\n\t<div  class=\"wpb_single_image wpb_content_element vc_align_left\">\n\t\t\n\t\t<figure class=\"wpb_wrapper vc_figure\">\n\t\t\t<a href=\"https:\/\/www.smiledesigncenter.hu\/wp-content\/uploads\/2022\/04\/l-a-judit-utana3.jpg\" target=\"_self\" class=\"vc_single_image-wrapper   vc_box_border_grey\"><img width=\"300\" height=\"200\" src=\"https:\/\/www.smiledesigncenter.hu\/wp-content\/uploads\/2022\/04\/l-a-judit-utana3-300x200.jpg\" class=\"vc_single_image-img attachment-medium\" alt=\"\" decoding=\"async\" loading=\"lazy\" srcset=\"https:\/\/www.smiledesigncenter.hu\/wp-content\/uploads\/2022\/04\/l-a-judit-utana3-300x200.jpg 300w, https:\/\/www.smiledesigncenter.hu\/wp-content\/uploads\/2022\/04\/l-a-judit-utana3.jpg 959w\" sizes=\"(max-width: 300px) 100vw, 300px\" \/><\/a><figcaption class=\"vc_figure-caption\">Ut\u00e1na<\/figcaption>\n\t\t<\/figure>\n\t<\/div>\n<\/div><\/div><\/div><div class=\"wpb_column vc_column_container vc_col-sm-6\"><div class=\"vc_column-inner\"><div class=\"wpb_wrapper\">\n\t<div  class=\"wpb_single_image wpb_content_element vc_align_left\">\n\t\t\n\t\t<figure class=\"wpb_wrapper vc_figure\">\n\t\t\t<a href=\"https:\/\/www.smiledesigncenter.hu\/wp-content\/uploads\/2022\/04\/l-a-judit-utana-rontgen-1024x549.jpg\" target=\"_self\" class=\"vc_single_image-wrapper   vc_box_border_grey\"><img width=\"300\" height=\"161\" src=\"https:\/\/www.smiledesigncenter.hu\/wp-content\/uploads\/2022\/04\/l-a-judit-utana-rontgen-300x161.jpg\" class=\"vc_single_image-img attachment-medium\" alt=\"\" decoding=\"async\" loading=\"lazy\" srcset=\"https:\/\/www.smiledesigncenter.hu\/wp-content\/uploads\/2022\/04\/l-a-judit-utana-rontgen-300x161.jpg 300w, https:\/\/www.smiledesigncenter.hu\/wp-content\/uploads\/2022\/04\/l-a-judit-utana-rontgen-1024x549.jpg 1024w, https:\/\/www.smiledesigncenter.hu\/wp-content\/uploads\/2022\/04\/l-a-judit-utana-rontgen-750x400.jpg 750w, https:\/\/www.smiledesigncenter.hu\/wp-content\/uploads\/2022\/04\/l-a-judit-utana-rontgen.jpg 1193w\" sizes=\"(max-width: 300px) 100vw, 300px\" \/><\/a><figcaption class=\"vc_figure-caption\">Ut\u00e1na<\/figcaption>\n\t\t<\/figure>\n\t<\/div>\n<\/div><\/div><\/div><\/div><\/div><\/div><\/div><\/div><div class=\"vc_row wpb_row vc_row-fluid\"><div class=\"wpb_column vc_column_container vc_col-sm-12\"><div class=\"vc_column-inner vc_custom_1539887082564\"><div class=\"wpb_wrapper\"><div class=\"templatera_shortcode\"><div data-vc-full-width=\"true\" data-vc-full-width-init=\"false\" class=\"vc_row wpb_row vc_row-fluid atokeletesmosolyhoz vc_custom_1540312933801 vc_row-o-equal-height vc_row-o-content-middle vc_row-flex\"><div class=\"wpb_column vc_column_container vc_col-sm-8\"><div class=\"vc_column-inner vc_custom_1539690890825\"><div class=\"wpb_wrapper\"><div class=\"stronghold-info-icon-wrapper\" \"><div class=\"stronghold-info-icon\" style=\"float: left; width: 15%; padding-right:10px;\"><i class=\"icon-cleaned-tooth\" style=\"font-size:50px; color:#ffffff;\"><\/i><\/div><div class=\"stronghold-info-icon-content\" style=\"float: left; width: 80%; text-align: left; padding: 20px 0;\"><div class=\"stronghold-info-icon-title\"><h3 style=\"font-size:30px;color:#ffffff;\">T\u00e4ydellinen hymy on kaikki mit\u00e4 tarvitset ajanvaraukseen!<\/h3><\/div><div class=\"stronghold-info-icon-desc\"><div style=\" color:#ffffff;\">\u00c4l\u00e4 odota en\u00e4\u00e4, vaan kuuntele aiempien potilaidemme mielipiteit\u00e4! <\/div><\/div><\/div><\/div><\/div><\/div><\/div><div class=\"wpb_column vc_column_container vc_col-sm-12 vc_col-lg-4 vc_col-md-12 vc_col-xs-12\"><div class=\"vc_column-inner\"><div class=\"wpb_wrapper\"><div class=\"vc_btn3-container vc_btn3-center\" ><a class=\"vc_general vc_btn3 vc_btn3-size-md vc_btn3-shape-square vc_btn3-style-outline vc_btn3-color-white\" href=\"https:\/\/www.smiledesigncenter.hu\/fi\/kapcsolat\/\" title=\"\" target=\"_blank\">Ajanvarauspyynt\u00f6<\/a><\/div><\/div><\/div><\/div><\/div><div class=\"vc_row-full-width vc_clearfix\"><\/div><!-- Row Backgrounds --><div class=\"upb_color\" data-bg-override=\"0\" data-bg-color=\"#5e9cc5\" data-fadeout=\"\" data-fadeout-percentage=\"30\" data-parallax-content=\"\" data-parallax-content-sense=\"30\" data-row-effect-mobile-disable=\"true\" data-img-parallax-mobile-disable=\"false\" data-rtl=\"false\"  data-custom-vc-row=\"\"  data-vc=\"6.7.0\"  data-is_old_vc=\"\"  data-theme-support=\"\"   data-overlay=\"false\" data-overlay-color=\"\" data-overlay-pattern=\"\" data-overlay-pattern-opacity=\"\" data-overlay-pattern-size=\"\"    ><\/div>\r\n<\/div><\/div><\/div><\/div><\/div>","protected":false},"excerpt":{"rendered":"","protected":false},"author":2,"featured_media":0,"parent":0,"menu_order":0,"comment_status":"closed","ping_status":"closed","template":"","meta":{"footnotes":"","_joinchat":[]},"acf":[],"aioseo_notices":[],"_links":{"self":[{"href":"https:\/\/www.smiledesigncenter.hu\/fi\/wp-json\/wp\/v2\/pages\/7579"}],"collection":[{"href":"https:\/\/www.smiledesigncenter.hu\/fi\/wp-json\/wp\/v2\/pages"}],"about":[{"href":"https:\/\/www.smiledesigncenter.hu\/fi\/wp-json\/wp\/v2\/types\/page"}],"author":[{"embeddable":true,"href":"https:\/\/www.smiledesigncenter.hu\/fi\/wp-json\/wp\/v2\/users\/2"}],"replies":[{"embeddable":true,"href":"https:\/\/www.smiledesigncenter.hu\/fi\/wp-json\/wp\/v2\/comments?post=7579"}],"version-history":[{"count":3,"href":"https:\/\/www.smiledesigncenter.hu\/fi\/wp-json\/wp\/v2\/pages\/7579\/revisions"}],"predecessor-version":[{"id":7724,"href":"https:\/\/www.smiledesigncenter.hu\/fi\/wp-json\/wp\/v2\/pages\/7579\/revisions\/7724"}],"wp:attachment":[{"href":"https:\/\/www.smiledesigncenter.hu\/fi\/wp-json\/wp\/v2\/media?parent=7579"}],"curies":[{"name":"wp","href":"https:\/\/api.w.org\/{rel}","templated":true}]}}