{"id":106,"date":"2015-12-25T17:05:04","date_gmt":"2015-12-25T17:05:04","guid":{"rendered":"http:\/\/strongholdthemes.com\/dentalcare\/?page_id=106"},"modified":"2025-07-11T15:34:46","modified_gmt":"2025-07-11T15:34:46","slug":"kapcsolat","status":"publish","type":"page","link":"https:\/\/www.smiledesigncenter.hu\/sk\/kapcsolat\/","title":{"rendered":"Kontakt"},"content":{"rendered":"<!-- Facebook Like Button Vivacity Infotech BEGIN -->\n<div class=\"fb-like\" data-href=\"https:\/\/www.smiledesigncenter.hu\/sk\/kapcsolat\/\" data-layout=\"standard\" data-action=\"recommend\" data-show-faces=\"false\" data-size=\"small\" data-width=\"450\" data-share=\"1\" ><\/div>\n<!-- Facebook Like Button Vivacity Infotech END -->\n<div class=\"vc_row wpb_row vc_row-fluid\"><div class=\"wpb_column vc_column_container vc_col-sm-12\"><div class=\"vc_column-inner\"><div class=\"wpb_wrapper\">\n\t<div class=\"wpb_raw_code wpb_raw_js\" >\n\t\t<div class=\"wpb_wrapper\">\n\t\t\t<!-- Google tag (gtag.js) --> <script async src=\"https:\/\/www.googletagmanager.com\/gtag\/js?id=AW-796796263\"><\/script> <script> window.dataLayer = window.dataLayer || []; function gtag(){dataLayer.push(arguments);} gtag('js', new Date()); gtag('config', 'AW-796796263'); <\/script>\n\t\t<\/div>\n\t<\/div>\n<\/div><\/div><\/div><\/div><div class=\"vc_row wpb_row vc_row-fluid\"><div class=\"wpb_column vc_column_container vc_col-sm-6\"><div class=\"vc_column-inner\"><div class=\"wpb_wrapper\"><h4 style=\"text-align: left\" class=\"vc_custom_heading\" >Zanechajte spr\u00e1vu!<\/h4>\n\t<div class=\"wpb_text_column wpb_content_element\" >\n\t\t<div class=\"wpb_wrapper\">\n\t\t\t<p>\u010coskoro sa v\u00e1m ozveme.<\/p>\n\n\t\t<\/div>\n\t<\/div>\n\n<div class=\"wpcf7 no-js\" id=\"wpcf7-f1702-o1\" lang=\"en-US\" dir=\"ltr\">\n<div class=\"screen-reader-response\"><p role=\"status\" aria-live=\"polite\" aria-atomic=\"true\"><\/p> <ul><\/ul><\/div>\n<form action=\"\/sk\/wp-json\/wp\/v2\/pages\/106#wpcf7-f1702-o1\" method=\"post\" class=\"wpcf7-form init\" aria-label=\"Contact form\" novalidate=\"novalidate\" data-status=\"init\" data-trp-original-action=\"\/sk\/wp-json\/wp\/v2\/pages\/106#wpcf7-f1702-o1\">\n<div style=\"display: none;\">\n<input type=\"hidden\" name=\"_wpcf7\" value=\"1702\" \/>\n<input type=\"hidden\" name=\"_wpcf7_version\" value=\"5.8\" \/>\n<input type=\"hidden\" name=\"_wpcf7_locale\" value=\"en_US\" \/>\n<input type=\"hidden\" name=\"_wpcf7_unit_tag\" value=\"wpcf7-f1702-o1\" \/>\n<input type=\"hidden\" name=\"_wpcf7_container_post\" value=\"0\" \/>\n<input type=\"hidden\" name=\"_wpcf7_posted_data_hash\" value=\"\" \/>\n<\/div>\n<div class=\"input-group\">\n\t<p><span class=\"wpcf7-form-control-wrap\" data-name=\"nev\"><input size=\"40\" class=\"wpcf7-form-control wpcf7-text wpcf7-validates-as-required\" aria-required=\"true\" aria-invalid=\"false\" placeholder=\"n\u00e1zov\" value=\"\" type=\"text\" name=\"nev\" \/><\/span>\n\t<\/p>\n<\/div>\n<div class=\"input-group\">\n\t<p><span class=\"wpcf7-form-control-wrap\" data-name=\"telefonszam\"><input size=\"40\" class=\"wpcf7-form-control wpcf7-text wpcf7-validates-as-required\" aria-required=\"true\" aria-invalid=\"false\" placeholder=\"Telef\u00f3nne \u010d\u00edslo\" value=\"\" type=\"text\" name=\"telefonszam\" \/><\/span>\n\t<\/p>\n<\/div>\n<div class=\"input-group\">\n\t<p><span class=\"wpcf7-form-control-wrap\" data-name=\"email\"><input size=\"40\" class=\"wpcf7-form-control wpcf7-email wpcf7-validates-as-required wpcf7-text wpcf7-validates-as-email\" aria-required=\"true\" aria-invalid=\"false\" placeholder=\"E-mail\" value=\"\" type=\"email\" name=\"email\" \/><\/span>\n\t<\/p>\n<\/div>\n<div class=\"input-group\">\n\t<p><span class=\"wpcf7-form-control-wrap\" data-name=\"megjegyzes\"><textarea cols=\"40\" rows=\"10\" class=\"wpcf7-form-control wpcf7-textarea wpcf7-validates-as-required\" aria-required=\"true\" aria-invalid=\"false\" placeholder=\"Komentujte\" name=\"megjegyzes\"><\/textarea><\/span>\n\t<\/p>\n<\/div>\n<p><span class=\"wpcf7-form-control-wrap\" data-name=\"your-consent\"><span class=\"wpcf7-form-control wpcf7-acceptance\"><span class=\"wpcf7-list-item\"><label><input type=\"checkbox\" name=\"your-consent\" value=\"1\" aria-invalid=\"false\" \/><span class=\"wpcf7-list-item-label\">Ja, ni\u017e\u0161ie podp\u00edsan\u00fd, za\u0161krtnut\u00edm pol\u00ed\u010dka ni\u017e\u0161ie \u2013 na z\u00e1klade \u010dl\u00e1nku 6 ods. 1 p\u00edsm. b) V\u0161eobecn\u00e9ho nariadenia o ochrane \u00fadajov (GDPR) a \u010dl\u00e1nku 7 \u2013 beriem na vedomie, \u017ee prev\u00e1dzkovate\u013e bude sprac\u00fava\u0165 moje osobn\u00e9 \u00fadaje poskytnut\u00e9 GDPR, ako rovnako ako moje vlastn\u00e9, m\u00f4\u017eete ho spravova\u0165 pod\u013ea podmienok jeho inform\u00e1ci\u00ed o spr\u00e1ve \u00fadajov.<\/span><\/label><\/span><\/span><\/span>\n<\/p>\n<div id=\"cf7sr-6a04b06c70ea7\" class=\"cf7sr-g-recaptcha\" data-sitekey=\"6LedT2AbAAAAAIJBs94d1UwqASluf_H2Xu2FcyNS\"><\/div><span class=\"wpcf7-form-control-wrap cf7sr-recaptcha\" data-name=\"cf7sr-recaptcha\"><input type=\"hidden\" name=\"cf7sr-recaptcha\" value=\"\" class=\"wpcf7-form-control\"><\/span>\n<\/p>\n<p><input class=\"wpcf7-form-control wpcf7-submit has-spinner\" type=\"submit\" value=\"Odoslanie\" \/>\n<\/p><p style=\"display: none !important;\"><label>&#916;<textarea name=\"_wpcf7_ak_hp_textarea\" cols=\"45\" rows=\"8\" maxlength=\"100\"><\/textarea><\/label><input type=\"hidden\" id=\"ak_js_1\" name=\"_wpcf7_ak_js\" value=\"77\"\/><script>document.getElementById( \"ak_js_1\" ).setAttribute( \"value\", ( new Date() ).getTime() );<\/script><\/p><div class=\"wpcf7-response-output\" aria-hidden=\"true\"><\/div>\n<input type=\"hidden\" name=\"trp-form-language\" value=\"sk\"\/><\/form>\n<\/div>\n<\/div><\/div><\/div><div class=\"wpb_column vc_column_container vc_col-sm-6\"><div class=\"vc_column-inner\"><div class=\"wpb_wrapper\"><div id=\"ultimate-heading-50946a04b06c74792\" class=\"uvc-heading ult-adjust-bottom-margin ultimate-heading-50946a04b06c74792 uvc-3161\" data-hspacer=\"line_only\"  data-halign=\"left\" style=\"text-align:left\"><div class=\"uvc-main-heading ult-responsive\"  data-ultimate-target='.uvc-heading.ultimate-heading-50946a04b06c74792 h3'  data-responsive-json-new='{\"font-size\":\"\",\"line-height\":\"\"}' ><h3 style=\"font-weight:normal;margin-bottom:10px;\">Kontaktuj n\u00e1s!<\/h3><\/div><div class=\"uvc-sub-heading ult-responsive\"  data-ultimate-target='.uvc-heading.ultimate-heading-50946a04b06c74792 .uvc-sub-heading '  data-responsive-json-new='{\"font-size\":\"\",\"line-height\":\"\"}'  style=\"font-weight:normal;margin-bottom:10px;\">Te\u0161\u00edme sa na va\u0161u spr\u00e1vu a zavolajte!<\/div><div class=\"uvc-heading-spacer line_only\" style=\"margin-top:15px;margin-bottom:10px;height:3px;\"><span class=\"uvc-headings-line\" style=\"border-style:solid;border-bottom-width:3px;border-color:#03a9f4;width:60px;\"><\/span><\/div><\/div><div class=\"aio-icon-component    style_1\"><div id=\"Info-box-wrap-4089\" class=\"aio-icon-box square_box-icon\" style=\"\"  ><div class=\"aio-icon-header\" ><h3 class=\"aio-icon-title ult-responsive\"  data-ultimate-target='#Info-box-wrap-4089 .aio-icon-title'  data-responsive-json-new='{\"font-size\":\"\",\"line-height\":\"\"}'  style=\"color:#03a9f4;\">Na\u0161a adresa<\/h3><\/div> <!-- header --><div class=\"aio-icon-description ult-responsive\"  data-ultimate-target='#Info-box-wrap-4089 .aio-icon-description'  data-responsive-json-new='{\"font-size\":\"\",\"line-height\":\"\"}'  style=\"\">Na\u0161a klinika S\u00f3st\u00f3: F\u00fcrd\u0151h\u00e1z t\u00e9r 1, 4431 Ny\u00edregyh\u00e1za.<br \/>\nNa\u0161a kancel\u00e1ria v centre mesta: 4400 Ny\u00edregyh\u00e1za, Epreskert u. 11\/B.<\/div> <!-- description --><\/div> <!-- aio-icon-box --><\/div> <!-- aio-icon-component --><div class=\"aio-icon-component    style_2\"><div id=\"Info-box-wrap-1504\" class=\"aio-icon-box top-icon\" style=\"\"  ><div class=\"aio-icon-header\" ><h3 class=\"aio-icon-title ult-responsive\"  data-ultimate-target='#Info-box-wrap-1504 .aio-icon-title'  data-responsive-json-new='{\"font-size\":\"\",\"line-height\":\"\"}'  style=\"color:#03a9f4;\">Na\u0161e telef\u00f3nne \u010d\u00edslo<\/h3><\/div> <!-- header --><div class=\"aio-icon-description ult-responsive\"  data-ultimate-target='#Info-box-wrap-1504 .aio-icon-description'  data-responsive-json-new='{\"font-size\":\"\",\"line-height\":\"\"}'  style=\"\">Na\u0161a ambulancia S\u00f3st\u00f3: <a href=\"tel:+36(20)4838855\">+36(20)4838855<\/a><br \/>\nNa\u0161a klinika v centre mesta: <a href=\"tel:+36(20)4838855\">+36(20)4838855<\/a><\/div> <!-- description --><\/div> <!-- aio-icon-box --><\/div> <!-- aio-icon-component --><div class=\"aio-icon-component    style_2\"><div id=\"Info-box-wrap-8106\" class=\"aio-icon-box top-icon\" style=\"\"  ><div class=\"aio-icon-header\" ><h3 class=\"aio-icon-title ult-responsive\"  data-ultimate-target='#Info-box-wrap-8106 .aio-icon-title'  data-responsive-json-new='{\"font-size\":\"\",\"line-height\":\"\"}'  style=\"color:#03a9f4;\">E-mail<\/h3><\/div> <!-- header --><div class=\"aio-icon-description ult-responsive\"  data-ultimate-target='#Info-box-wrap-8106 .aio-icon-description'  data-responsive-json-new='{\"font-size\":\"\",\"line-height\":\"\"}'  style=\"\"><a href=\"mailto:homoki@smiledesigncenter.hu\">homoki@smiledesigncenter.hu<\/a><\/div> <!-- description --><\/div> <!-- aio-icon-box --><\/div> <!-- aio-icon-component --><div class=\"aio-icon-component    style_2\"><div id=\"Info-box-wrap-9475\" class=\"aio-icon-box top-icon\" style=\"\"  ><div class=\"aio-icon-header\" ><h3 class=\"aio-icon-title ult-responsive\"  data-ultimate-target='#Info-box-wrap-9475 .aio-icon-title'  data-responsive-json-new='{\"font-size\":\"\",\"line-height\":\"\"}'  style=\"color:#03a9f4;\">OTV\u00c1RACIE HODINY<\/h3><\/div> <!-- header --><div class=\"aio-icon-description ult-responsive\"  data-ultimate-target='#Info-box-wrap-9475 .aio-icon-description'  data-responsive-json-new='{\"font-size\":\"\",\"line-height\":\"\"}'  style=\"\">Pondelok \u2013 piatok: 8:00 \u2013 20:00 hod<br \/>\nSobota a nede\u013ea:<strong>\u00a0<\/strong>ZATVOREN\u00c9<\/div> <!-- description --><\/div> <!-- aio-icon-box --><\/div> <!-- aio-icon-component -->\n\t<div class=\"wpb_text_column wpb_content_element\" >\n\t\t<div class=\"wpb_wrapper\">\n\t\t\t<p style=\"text-align: left;\">Po vyplnen\u00ed online kontaktn\u00e9ho formul\u00e1ra V\u00e1s budeme najnesk\u00f4r do 1 pracovn\u00e9ho d\u0148a kontaktova\u0165 na uvedenom telef\u00f3nnom \u010d\u00edsle alebo e-mailovej adrese za \u00fa\u010delom dohodnutia term\u00ednu stretnutia.<\/p>\n\n\t\t<\/div>\n\t<\/div>\n<\/div><\/div><\/div><div class=\"wpb_column vc_column_container vc_col-sm-12\"><div class=\"vc_column-inner\"><div class=\"wpb_wrapper\"><\/div><\/div><\/div><\/div><div class=\"vc_row wpb_row vc_row-fluid\"><div class=\"wpb_column vc_column_container vc_col-sm-6\"><div class=\"vc_column-inner\"><div class=\"wpb_wrapper\"><h4 style=\"text-align: left\" class=\"vc_custom_heading\" >N\u00e1jdite tu \u013eahko<\/h4>\n\t<div class=\"wpb_text_column wpb_content_element\" >\n\t\t<div class=\"wpb_wrapper\">\n\t\t\t<p>4431 Ny\u00edregyh\u00e1za-S\u00f3st\u00f3, F\u00fcrd\u0151h\u00e1z t\u00e9r 1.<\/p>\n\n\t\t<\/div>\n\t<\/div>\n<div id='wrap_map_6a04b06c75488' class='ultimate-map-wrapper ult-adjust-bottom-margin' style=' height:470px;'><div id='map_6a04b06c75488' data-map_override='0' class='ultimate_google_map wpb_content_element page_margin_top' style='border-style:solid;border-color:#f4f4f4;border-width:4px;border-radius:3px;width:100%;height:470px;'><\/div><\/div><script type='text\/javascript'>\n\t\t\t(function($) {\n  \t\t\t'use strict';\n\t\t\tvar map_map_6a04b06c75488 = null;\n\t\t\tvar coordinate_map_6a04b06c75488;\n\t\t\tvar isDraggable = $(document).width() > 641 ? true : false;\n\t\t\ttry\n\t\t\t{\n\t\t\t\tvar map_map_6a04b06c75488 = null;\n\t\t\t\tvar coordinate_map_6a04b06c75488;\n\t\t\t\tcoordinate_map_6a04b06c75488=new google.maps.LatLng(48.0058307304, 21.7259681225);\n\t\t\t\tvar mapOptions=\n\t\t\t\t{\n\t\t\t\t\tzoom: 19,\n\t\t\t\t\tcenter: coordinate_map_6a04b06c75488,\n\t\t\t\t\tscaleControl: true,\n\t\t\t\t\tstreetViewControl: false,\n\t\t\t\t\tmapTypeControl: false,\n\t\t\t\t\tpanControl: false,\n\t\t\t\t\tzoomControl: false,\n\t\t\t\t\tscrollwheel: true,\n\t\t\t\t\tdraggable: isDraggable,\n\t\t\t\t\tzoomControlOptions: {\n\t\t\t\t\t\tposition: google.maps.ControlPosition.RIGHT_BOTTOM\n\t\t\t\t\t}, mapTypeControlOptions: {\n\t\t\t\t\t  \t\tmapTypeIds: [google.maps.MapTypeId.ROADMAP, 'map_style']\n\t\t\t\t\t\t}};var styles = [ { \"stylers\": [ { \"hue\": \"#03A9F4\" } ] } ];\n\t\t\t\t\t\tvar styledMap = new google.maps.StyledMapType(styles,\n\t\t\t\t\t    \t{name: \"Styled Map\"});var map_map_6a04b06c75488 = new google.maps.Map(document.getElementById('map_6a04b06c75488'),mapOptions);map_map_6a04b06c75488.mapTypes.set('map_style', styledMap);\n \t\t\t\t\t\t\t map_map_6a04b06c75488.setMapTypeId('map_style');\n\t\t\t\t\t\tvar x = 'infowindow_open_value';\n\t\t\t\t\t\tvar marker_map_6a04b06c75488 = new google.maps.Marker({\n\t\t\t\t\t\tposition: new google.maps.LatLng(48.0058307304, 21.7259681225),\n\t\t\t\t\t\tanimation:  google.maps.Animation.DROP,\n\t\t\t\t\t\tmap: map_map_6a04b06c75488,\n\t\t\t\t\t\ticon: 'https:\/\/strongholdthemes.com\/dentalcare\/wp-content\/uploads\/2016\/01\/map-marker.png'\n\t\t\t\t\t});\n\t\t\t\t\tgoogle.maps.event.addListener(marker_map_6a04b06c75488, 'click', toggleBounce);}\n\t\t\tcatch(e){};\n\t\t\tjQuery(document).ready(function($){\n\t\t\t\tgoogle.maps.event.trigger(map_map_6a04b06c75488, 'resize');\n\t\t\t\t$(window).resize(function(){\n\t\t\t\t\tgoogle.maps.event.trigger(map_map_6a04b06c75488, 'resize');\n\t\t\t\t\tif(map_map_6a04b06c75488!=null)\n\t\t\t\t\t\tmap_map_6a04b06c75488.setCenter(coordinate_map_6a04b06c75488);\n\t\t\t\t});\n\t\t\t\t$('.ui-tabs').bind('tabsactivate', function(event, ui) {\n\t\t\t\t   if($(this).find('.ultimate-map-wrapper').length > 0)\n\t\t\t\t\t{\n\t\t\t\t\t\tsetTimeout(function(){\n\t\t\t\t\t\t\t$(window).trigger('resize');\n\t\t\t\t\t\t},200);\n\t\t\t\t\t}\n\t\t\t\t});\n\t\t\t\t$('.ui-accordion').bind('accordionactivate', function(event, ui) {\n\t\t\t\t   if($(this).find('.ultimate-map-wrapper').length > 0)\n\t\t\t\t\t{\n\t\t\t\t\t\tsetTimeout(function(){\n\t\t\t\t\t\t\t$(window).trigger('resize');\n\t\t\t\t\t\t},200);\n\t\t\t\t\t}\n\t\t\t\t});\n\t\t\t\t$(window).load(function(){\n\t\t\t\t\tsetTimeout(function(){\n\t\t\t\t\t\t$(window).trigger('resize');\n\t\t\t\t\t},200);\n\t\t\t\t});\n\t\t\t\t$('.ult_exp_section').select(function(){\n\t\t\t\t\tif($(map_map_6a04b06c75488).parents('.ult_exp_section'))\n\t\t\t\t\t{\n\t\t\t\t\t\tsetTimeout(function(){\n\t\t\t\t\t\t\t$(window).trigger('resize');\n\t\t\t\t\t\t},200);\n\t\t\t\t\t}\n\t\t\t\t});\n\t\t\t\t$(document).on('onUVCModalPopupOpen', function(){\n\t\t\t\t\tif($(map_map_6a04b06c75488).parents('.ult_modal-content'))\n\t\t\t\t\t{\n\t\t\t\t\t\tsetTimeout(function(){\n\t\t\t\t\t\t\t$(window).trigger('resize');\n\t\t\t\t\t\t},200);\n\t\t\t\t\t}\n\t\t\t\t});\n\t\t\t\t$(document).on('click','.ult_tab_li',function(){\n\t\t\t\t\t$(window).trigger('resize');\n\t\t\t\t\tsetTimeout(function(){\n\t\t\t\t\t\t$(window).trigger('resize');\n\t\t\t\t\t},200);\n\t\t\t\t});\n\t\t\t});\n\t\t\tfunction toggleBounce() {\n\t\t\t  if (marker_map_6a04b06c75488.getAnimation() != null) {\n\t\t\t\tmarker_map_6a04b06c75488.setAnimation(null);\n\t\t\t  } else {\n\t\t\t\tmarker_map_6a04b06c75488.setAnimation(google.maps.Animation.BOUNCE);\n\t\t\t  }\n\t\t\t}\n\t\t\t})(jQuery);\n\t\t\t<\/script>\n\t<div class=\"wpb_text_column wpb_content_element\" >\n\t\t<div class=\"wpb_wrapper\">\n\t\t\t<p>4400 Ny\u00edregyh\u00e1za, Epreskert u. 11\/B.<\/p>\n\n\t\t<\/div>\n\t<\/div>\n<div id='wrap_map_6a04b06c75620' class='ultimate-map-wrapper ult-adjust-bottom-margin' style=' height:470px;'><div id='map_6a04b06c75620' data-map_override='0' class='ultimate_google_map wpb_content_element page_margin_top' style='border-style:solid;border-color:#f4f4f4;border-width:4px;border-radius:3px;width:100%;height:470px;'><\/div><\/div><script type='text\/javascript'>\n\t\t\t(function($) {\n  \t\t\t'use strict';\n\t\t\tvar map_map_6a04b06c75620 = null;\n\t\t\tvar coordinate_map_6a04b06c75620;\n\t\t\tvar isDraggable = $(document).width() > 641 ? true : false;\n\t\t\ttry\n\t\t\t{\n\t\t\t\tvar map_map_6a04b06c75620 = null;\n\t\t\t\tvar coordinate_map_6a04b06c75620;\n\t\t\t\tcoordinate_map_6a04b06c75620=new google.maps.LatLng(47.960690, 21.717730);\n\t\t\t\tvar mapOptions=\n\t\t\t\t{\n\t\t\t\t\tzoom: 19,\n\t\t\t\t\tcenter: coordinate_map_6a04b06c75620,\n\t\t\t\t\tscaleControl: true,\n\t\t\t\t\tstreetViewControl: false,\n\t\t\t\t\tmapTypeControl: false,\n\t\t\t\t\tpanControl: false,\n\t\t\t\t\tzoomControl: false,\n\t\t\t\t\tscrollwheel: true,\n\t\t\t\t\tdraggable: isDraggable,\n\t\t\t\t\tzoomControlOptions: {\n\t\t\t\t\t\tposition: google.maps.ControlPosition.RIGHT_BOTTOM\n\t\t\t\t\t}, mapTypeControlOptions: {\n\t\t\t\t\t  \t\tmapTypeIds: [google.maps.MapTypeId.ROADMAP, 'map_style']\n\t\t\t\t\t\t}};var styles = [ { \"stylers\": [ { \"hue\": \"#03A9F4\" } ] } ];\n\t\t\t\t\t\tvar styledMap = new google.maps.StyledMapType(styles,\n\t\t\t\t\t    \t{name: \"Styled Map\"});var map_map_6a04b06c75620 = new google.maps.Map(document.getElementById('map_6a04b06c75620'),mapOptions);map_map_6a04b06c75620.mapTypes.set('map_style', styledMap);\n \t\t\t\t\t\t\t map_map_6a04b06c75620.setMapTypeId('map_style');\n\t\t\t\t\t\tvar x = 'infowindow_open_value';\n\t\t\t\t\t\tvar marker_map_6a04b06c75620 = new google.maps.Marker({\n\t\t\t\t\t\tposition: new google.maps.LatLng(47.960690, 21.717730),\n\t\t\t\t\t\tanimation:  google.maps.Animation.DROP,\n\t\t\t\t\t\tmap: map_map_6a04b06c75620,\n\t\t\t\t\t\ticon: 'https:\/\/strongholdthemes.com\/dentalcare\/wp-content\/uploads\/2016\/01\/map-marker.png'\n\t\t\t\t\t});\n\t\t\t\t\tgoogle.maps.event.addListener(marker_map_6a04b06c75620, 'click', toggleBounce);}\n\t\t\tcatch(e){};\n\t\t\tjQuery(document).ready(function($){\n\t\t\t\tgoogle.maps.event.trigger(map_map_6a04b06c75620, 'resize');\n\t\t\t\t$(window).resize(function(){\n\t\t\t\t\tgoogle.maps.event.trigger(map_map_6a04b06c75620, 'resize');\n\t\t\t\t\tif(map_map_6a04b06c75620!=null)\n\t\t\t\t\t\tmap_map_6a04b06c75620.setCenter(coordinate_map_6a04b06c75620);\n\t\t\t\t});\n\t\t\t\t$('.ui-tabs').bind('tabsactivate', function(event, ui) {\n\t\t\t\t   if($(this).find('.ultimate-map-wrapper').length > 0)\n\t\t\t\t\t{\n\t\t\t\t\t\tsetTimeout(function(){\n\t\t\t\t\t\t\t$(window).trigger('resize');\n\t\t\t\t\t\t},200);\n\t\t\t\t\t}\n\t\t\t\t});\n\t\t\t\t$('.ui-accordion').bind('accordionactivate', function(event, ui) {\n\t\t\t\t   if($(this).find('.ultimate-map-wrapper').length > 0)\n\t\t\t\t\t{\n\t\t\t\t\t\tsetTimeout(function(){\n\t\t\t\t\t\t\t$(window).trigger('resize');\n\t\t\t\t\t\t},200);\n\t\t\t\t\t}\n\t\t\t\t});\n\t\t\t\t$(window).load(function(){\n\t\t\t\t\tsetTimeout(function(){\n\t\t\t\t\t\t$(window).trigger('resize');\n\t\t\t\t\t},200);\n\t\t\t\t});\n\t\t\t\t$('.ult_exp_section').select(function(){\n\t\t\t\t\tif($(map_map_6a04b06c75620).parents('.ult_exp_section'))\n\t\t\t\t\t{\n\t\t\t\t\t\tsetTimeout(function(){\n\t\t\t\t\t\t\t$(window).trigger('resize');\n\t\t\t\t\t\t},200);\n\t\t\t\t\t}\n\t\t\t\t});\n\t\t\t\t$(document).on('onUVCModalPopupOpen', function(){\n\t\t\t\t\tif($(map_map_6a04b06c75620).parents('.ult_modal-content'))\n\t\t\t\t\t{\n\t\t\t\t\t\tsetTimeout(function(){\n\t\t\t\t\t\t\t$(window).trigger('resize');\n\t\t\t\t\t\t},200);\n\t\t\t\t\t}\n\t\t\t\t});\n\t\t\t\t$(document).on('click','.ult_tab_li',function(){\n\t\t\t\t\t$(window).trigger('resize');\n\t\t\t\t\tsetTimeout(function(){\n\t\t\t\t\t\t$(window).trigger('resize');\n\t\t\t\t\t},200);\n\t\t\t\t});\n\t\t\t});\n\t\t\tfunction toggleBounce() {\n\t\t\t  if (marker_map_6a04b06c75620.getAnimation() != null) {\n\t\t\t\tmarker_map_6a04b06c75620.setAnimation(null);\n\t\t\t  } else {\n\t\t\t\tmarker_map_6a04b06c75620.setAnimation(google.maps.Animation.BOUNCE);\n\t\t\t  }\n\t\t\t}\n\t\t\t})(jQuery);\n\t\t\t<\/script>\n\t<div class=\"wpb_text_column wpb_content_element\" >\n\t\t<div class=\"wpb_wrapper\">\n\t\t\t<p>Pozor! N\u00e1mestie F\u00fcrd\u0151h\u00e1z t\u00e9r sa moment\u00e1lne v Map\u00e1ch Google zobrazuje nespr\u00e1vne a nasmeruje \u013eud\u00ed na ulicu F\u00fcrd\u0151 utca!<\/p>\n\n\t\t<\/div>\n\t<\/div>\n<\/div><\/div><\/div><div class=\"wpb_column vc_column_container vc_col-sm-6\"><div class=\"vc_column-inner\"><div class=\"wpb_wrapper\">\n\t<div class=\"wpb_text_column wpb_content_element\" >\n\t\t<div class=\"wpb_wrapper\">\n\t\t\t<div class=\"xdj266r x14z9mp xat24cr x1lziwak x1vvkbs x126k92a\">\n<h5 dir=\"auto\">Hogyan tal\u00e1lj el a Smile Design Center fog\u00e1szati rendel\u0151be?<\/h5>\n<\/div>\n<div class=\"x14z9mp xat24cr x1lziwak x1vvkbs xtlvy1s x126k92a\">\n<div dir=\"auto\">K\u00e9sz\u00edtett\u00fcnk egy r\u00f6vid vide\u00f3t, amiben bemutatjuk, hogyan juthatsz el hozz\u00e1nk Ny\u00edregyh\u00e1z\u00e1n, a F\u00fcrd\u0151h\u00e1z t\u00e9r 1. sz\u00e1m al\u00e1.<\/div>\n<div dir=\"auto\">Ak\u00e1r kocsival, ak\u00e1r busszal \u00e9rkezn\u00e9l, megmutatjuk a legk\u00f6nnyebb \u00fatvonalat, \u00e9s a parkol\u00e1si lehet\u0151s\u00e9geket is!<\/div>\n<\/div>\n\n\t\t<\/div>\n\t<\/div>\n\n\t<div class=\"wpb_video_widget wpb_content_element vc_clearfix   vc_video-aspect-ratio-169 vc_video-el-width-100 vc_video-align-left\" >\n\t\t<div class=\"wpb_wrapper\">\n\t\t\t\n\t\t\t<div class=\"wpb_video_wrapper\"><iframe title=\"Hogyan tal\u00e1lj el a Smile Design Center fog\u00e1szati rendel\u0151be?\" width=\"1170\" height=\"658\" src=\"https:\/\/www.youtube.com\/embed\/KoqwBzpLprM?feature=oembed\" frameborder=\"0\" allow=\"accelerometer; autoplay; clipboard-write; encrypted-media; gyroscope; picture-in-picture; web-share\" referrerpolicy=\"strict-origin-when-cross-origin\" allowfullscreen><\/iframe><\/div>\n\t\t<\/div>\n\t<\/div>\n<\/div><\/div><\/div><\/div>","protected":false},"excerpt":{"rendered":"","protected":false},"author":2,"featured_media":2170,"parent":0,"menu_order":0,"comment_status":"closed","ping_status":"closed","template":"","meta":{"footnotes":"","_joinchat":[]},"acf":[],"_links":{"self":[{"href":"https:\/\/www.smiledesigncenter.hu\/sk\/wp-json\/wp\/v2\/pages\/106"}],"collection":[{"href":"https:\/\/www.smiledesigncenter.hu\/sk\/wp-json\/wp\/v2\/pages"}],"about":[{"href":"https:\/\/www.smiledesigncenter.hu\/sk\/wp-json\/wp\/v2\/types\/page"}],"author":[{"embeddable":true,"href":"https:\/\/www.smiledesigncenter.hu\/sk\/wp-json\/wp\/v2\/users\/2"}],"replies":[{"embeddable":true,"href":"https:\/\/www.smiledesigncenter.hu\/sk\/wp-json\/wp\/v2\/comments?post=106"}],"version-history":[{"count":34,"href":"https:\/\/www.smiledesigncenter.hu\/sk\/wp-json\/wp\/v2\/pages\/106\/revisions"}],"predecessor-version":[{"id":13192,"href":"https:\/\/www.smiledesigncenter.hu\/sk\/wp-json\/wp\/v2\/pages\/106\/revisions\/13192"}],"wp:featuredmedia":[{"embeddable":true,"href":"https:\/\/www.smiledesigncenter.hu\/sk\/wp-json\/wp\/v2\/media\/2170"}],"wp:attachment":[{"href":"https:\/\/www.smiledesigncenter.hu\/sk\/wp-json\/wp\/v2\/media?parent=106"}],"curies":[{"name":"wp","href":"https:\/\/api.w.org\/{rel}","templated":true}]}}