{"id":12783,"date":"2023-09-28T12:11:18","date_gmt":"2023-09-28T12:11:18","guid":{"rendered":"https:\/\/www.smiledesigncenter.hu\/?page_id=12783"},"modified":"2023-09-28T12:11:18","modified_gmt":"2023-09-28T12:11:18","slug":"serban-agota","status":"publish","type":"page","link":"https:\/\/www.smiledesigncenter.hu\/sk\/serban-agota\/","title":{"rendered":"Serb\u00e1n \u00c1gota"},"content":{"rendered":"<!-- Facebook Like Button Vivacity Infotech BEGIN -->\n<div class=\"fb-like\" data-href=\"https:\/\/www.smiledesigncenter.hu\/sk\/serban-agota\/\" data-layout=\"standard\" data-action=\"recommend\" data-show-faces=\"false\" data-size=\"small\" data-width=\"450\" data-share=\"1\" ><\/div>\n<!-- Facebook Like Button Vivacity Infotech END -->\n<div class=\"vc_row wpb_row vc_row-fluid\"><div class=\"wpb_column vc_column_container vc_col-sm-6\"><div class=\"vc_column-inner\"><div class=\"wpb_wrapper\">\n\t<div  class=\"wpb_single_image wpb_content_element vc_align_center\">\n\t\t\n\t\t<figure class=\"wpb_wrapper vc_figure\">\n\t\t\t<div class=\"vc_single_image-wrapper   vc_box_border_grey\"><img width=\"1024\" height=\"679\" src=\"https:\/\/www.smiledesigncenter.hu\/wp-content\/uploads\/2023\/09\/agota-1-1024x679.jpg\" class=\"vc_single_image-img attachment-large\" alt=\"\" decoding=\"async\" loading=\"lazy\" srcset=\"https:\/\/www.smiledesigncenter.hu\/wp-content\/uploads\/2023\/09\/agota-1-1024x679.jpg 1024w, https:\/\/www.smiledesigncenter.hu\/wp-content\/uploads\/2023\/09\/agota-1-300x199.jpg 300w, https:\/\/www.smiledesigncenter.hu\/wp-content\/uploads\/2023\/09\/agota-1-18x12.jpg 18w, https:\/\/www.smiledesigncenter.hu\/wp-content\/uploads\/2023\/09\/agota-1.jpg 1183w\" sizes=\"(max-width: 1024px) 100vw, 1024px\" \/><\/div>\n\t\t<\/figure>\n\t<\/div>\n\n\t<div class=\"wpb_text_column wpb_content_element\" >\n\t\t<div class=\"wpb_wrapper\">\n\t\t\t<h4 style=\"text-align: center;\">Serb\u00e1n \u00c1gota<\/h4>\n<p style=\"text-align: center;\">asistent<\/p>\n\n\t\t<\/div>\n\t<\/div>\n<\/div><\/div><\/div><div class=\"wpb_column vc_column_container vc_col-sm-6\"><div class=\"vc_column-inner\"><div class=\"wpb_wrapper\">\n\t<div class=\"wpb_text_column wpb_content_element\" >\n\t\t<div class=\"wpb_wrapper\">\n\t\t\t<p>A Smile Design Center fog\u00e1szat asszisztensi csapat\u00e1ban dolgozom. Nem olyan r\u00e9gen csatlakoztam a rendel\u0151i \u00e9letbe m\u00e9gis \u00fagy \u00e9rzem, hogy megtal\u00e1ltam a hivat\u00e1somat. Asszisztensk\u00e9nt tev\u00e9kenykedem a rendel\u0151ben ezzel seg\u00edtve az orvosok mindennapi munk\u00e1j\u00e1t. Szakmailag sokat fejl\u0151dtem a rendel\u0151 j\u00f3volt\u00e1b\u00f3l, de fontosnak tartom, hogy b\u0151v\u00edtsem a fog\u00e1szati ismereteimet. Minden tud\u00e1sommal igyekszem a p\u00e1cienseknek kellemes l\u00e9gk\u00f6rt teremteni \u00e9s fesz\u00fclts\u00e9g\u00fcket megfelel\u0151 emp\u00e1ti\u00e1val kezelni. Nagy \u00f6r\u00f6m sz\u00e1momra, hogy egy fiatalos, \u00f6sszetart\u00f3 \u00e9s innovat\u00edv csapat r\u00e9szese lehetek.<\/p>\n\n\t\t<\/div>\n\t<\/div>\n<\/div><\/div><\/div><\/div>","protected":false},"excerpt":{"rendered":"","protected":false},"author":2,"featured_media":0,"parent":0,"menu_order":0,"comment_status":"closed","ping_status":"closed","template":"","meta":{"footnotes":"","_joinchat":[]},"acf":[],"aioseo_notices":[],"_links":{"self":[{"href":"https:\/\/www.smiledesigncenter.hu\/sk\/wp-json\/wp\/v2\/pages\/12783"}],"collection":[{"href":"https:\/\/www.smiledesigncenter.hu\/sk\/wp-json\/wp\/v2\/pages"}],"about":[{"href":"https:\/\/www.smiledesigncenter.hu\/sk\/wp-json\/wp\/v2\/types\/page"}],"author":[{"embeddable":true,"href":"https:\/\/www.smiledesigncenter.hu\/sk\/wp-json\/wp\/v2\/users\/2"}],"replies":[{"embeddable":true,"href":"https:\/\/www.smiledesigncenter.hu\/sk\/wp-json\/wp\/v2\/comments?post=12783"}],"version-history":[{"count":1,"href":"https:\/\/www.smiledesigncenter.hu\/sk\/wp-json\/wp\/v2\/pages\/12783\/revisions"}],"predecessor-version":[{"id":12784,"href":"https:\/\/www.smiledesigncenter.hu\/sk\/wp-json\/wp\/v2\/pages\/12783\/revisions\/12784"}],"wp:attachment":[{"href":"https:\/\/www.smiledesigncenter.hu\/sk\/wp-json\/wp\/v2\/media?parent=12783"}],"curies":[{"name":"wp","href":"https:\/\/api.w.org\/{rel}","templated":true}]}}