{"id":12786,"date":"2023-09-28T12:19:30","date_gmt":"2023-09-28T12:19:30","guid":{"rendered":"https:\/\/www.smiledesigncenter.hu\/?page_id=12786"},"modified":"2023-09-28T12:19:30","modified_gmt":"2023-09-28T12:19:30","slug":"kadar-eniko","status":"publish","type":"page","link":"https:\/\/www.smiledesigncenter.hu\/sk\/kadar-eniko\/","title":{"rendered":"K\u00e1d\u00e1r Enik\u0151"},"content":{"rendered":"<!-- Facebook Like Button Vivacity Infotech BEGIN -->\n<div class=\"fb-like\" data-href=\"https:\/\/www.smiledesigncenter.hu\/sk\/kadar-eniko\/\" data-layout=\"standard\" data-action=\"recommend\" data-show-faces=\"false\" data-size=\"small\" data-width=\"450\" data-share=\"1\" ><\/div>\n<!-- Facebook Like Button Vivacity Infotech END -->\n<div class=\"vc_row wpb_row vc_row-fluid\"><div class=\"wpb_column vc_column_container vc_col-sm-6\"><div class=\"vc_column-inner\"><div class=\"wpb_wrapper\">\n\t<div  class=\"wpb_single_image wpb_content_element vc_align_center\">\n\t\t\n\t\t<figure class=\"wpb_wrapper vc_figure\">\n\t\t\t<div class=\"vc_single_image-wrapper   vc_box_border_grey\"><img width=\"1024\" height=\"679\" src=\"https:\/\/www.smiledesigncenter.hu\/wp-content\/uploads\/2023\/09\/Eniko-1-1024x679.jpg\" class=\"vc_single_image-img attachment-large\" alt=\"\" decoding=\"async\" loading=\"lazy\" srcset=\"https:\/\/www.smiledesigncenter.hu\/wp-content\/uploads\/2023\/09\/Eniko-1-1024x679.jpg 1024w, https:\/\/www.smiledesigncenter.hu\/wp-content\/uploads\/2023\/09\/Eniko-1-300x199.jpg 300w, https:\/\/www.smiledesigncenter.hu\/wp-content\/uploads\/2023\/09\/Eniko-1-18x12.jpg 18w, https:\/\/www.smiledesigncenter.hu\/wp-content\/uploads\/2023\/09\/Eniko-1.jpg 1183w\" sizes=\"(max-width: 1024px) 100vw, 1024px\" \/><\/div>\n\t\t<\/figure>\n\t<\/div>\n\n\t<div class=\"wpb_text_column wpb_content_element\" >\n\t\t<div class=\"wpb_wrapper\">\n\t\t\t<h4 style=\"text-align: center;\">K\u00e1d\u00e1r Enik\u0151<\/h4>\n<p style=\"text-align: center;\">asistent<\/p>\n\n\t\t<\/div>\n\t<\/div>\n<\/div><\/div><\/div><div class=\"wpb_column vc_column_container vc_col-sm-6\"><div class=\"vc_column-inner\"><div class=\"wpb_wrapper\">\n\t<div class=\"wpb_text_column wpb_content_element\" >\n\t\t<div class=\"wpb_wrapper\">\n\t\t\t<p>A Smile Design Center csapat\u00e1t er\u0151s\u00edtem. N\u00e9h\u00e1ny h\u00f3napja csatlakoztam hozz\u00e1juk, mert nagyon megtetszett a fog\u00e1szat vil\u00e1ga. Tapasztalatszerz\u00e9s miatt jelentkeztem \u00e9pp ide, mert rengeteg lehet\u0151s\u00e9g adott a szakma elsaj\u00e1t\u00edt\u00e1s\u00e1hoz. Sok \u00faj dologgal \u00e9s kih\u00edv\u00e1ssal tal\u00e1lkozom nap, mint nap, amik szint\u00e9n csak seg\u00edtenek a fejl\u0151d\u00e9sben. Jelenleg az \u00e1ltal\u00e1nos fog\u00e1szati szf\u00e9r\u00e1ban tev\u00e9kenykedem \u00e9s igyekszem a t\u0151lem telhet\u0151 legt\u00f6bbet ny\u00fajtani, mind az orvosok mind a p\u00e1ciensek fel\u00e9. A Smile Design Center csapat\u00e1ra nem \u00fagy tekintek, mint koll\u00e9g\u00e1kra, hanem mint egy csal\u00e1dias k\u00f6z\u00f6ss\u00e9gre, mindenki nagyon seg\u00edt\u0151k\u00e9sz \u00e9s t\u00fcrelmes a m\u00e1sikkal szemben, ami szerintem elengedhetetlen ahhoz, hogy z\u00f6kken\u0151mentes munk\u00e1t v\u00e9gezz\u00fcnk.<\/p>\n\n\t\t<\/div>\n\t<\/div>\n<\/div><\/div><\/div><\/div>","protected":false},"excerpt":{"rendered":"","protected":false},"author":2,"featured_media":0,"parent":0,"menu_order":0,"comment_status":"closed","ping_status":"closed","template":"","meta":{"footnotes":"","_joinchat":[]},"acf":[],"aioseo_notices":[],"_links":{"self":[{"href":"https:\/\/www.smiledesigncenter.hu\/sk\/wp-json\/wp\/v2\/pages\/12786"}],"collection":[{"href":"https:\/\/www.smiledesigncenter.hu\/sk\/wp-json\/wp\/v2\/pages"}],"about":[{"href":"https:\/\/www.smiledesigncenter.hu\/sk\/wp-json\/wp\/v2\/types\/page"}],"author":[{"embeddable":true,"href":"https:\/\/www.smiledesigncenter.hu\/sk\/wp-json\/wp\/v2\/users\/2"}],"replies":[{"embeddable":true,"href":"https:\/\/www.smiledesigncenter.hu\/sk\/wp-json\/wp\/v2\/comments?post=12786"}],"version-history":[{"count":1,"href":"https:\/\/www.smiledesigncenter.hu\/sk\/wp-json\/wp\/v2\/pages\/12786\/revisions"}],"predecessor-version":[{"id":12787,"href":"https:\/\/www.smiledesigncenter.hu\/sk\/wp-json\/wp\/v2\/pages\/12786\/revisions\/12787"}],"wp:attachment":[{"href":"https:\/\/www.smiledesigncenter.hu\/sk\/wp-json\/wp\/v2\/media?parent=12786"}],"curies":[{"name":"wp","href":"https:\/\/api.w.org\/{rel}","templated":true}]}}