{"id":1898,"date":"2017-07-06T17:53:32","date_gmt":"2017-07-06T17:53:32","guid":{"rendered":"https:\/\/www.smiledesigncenter.hu\/?page_id=1898"},"modified":"2026-05-08T07:45:26","modified_gmt":"2026-05-08T07:45:26","slug":"fogorvos-nyiregyhaza-arak-2","status":"publish","type":"page","link":"https:\/\/www.smiledesigncenter.hu\/sk\/fogorvos-nyiregyhaza-arak-2\/","title":{"rendered":"Ceny"},"content":{"rendered":"<!-- Facebook Like Button Vivacity Infotech BEGIN -->\n<div class=\"fb-like\" data-href=\"https:\/\/www.smiledesigncenter.hu\/sk\/fogorvos-nyiregyhaza-arak-2\/\" data-layout=\"standard\" data-action=\"recommend\" data-show-faces=\"false\" data-size=\"small\" data-width=\"450\" data-share=\"1\" ><\/div>\n<!-- Facebook Like Button Vivacity Infotech END -->\n<div class=\"vc_row wpb_row vc_row-fluid\"><div class=\"wpb_column vc_column_container vc_col-sm-12\"><div class=\"vc_column-inner\"><div class=\"wpb_wrapper\">\n\t<div class=\"wpb_text_column wpb_content_element\" >\n\t\t<div class=\"wpb_wrapper\">\n\t\t\t<div class=\"pricetablediv\">\n<table class=\"pricetable\">\n<tbody>\n<tr>\n<th class=\"col1\">Diagnostika<\/th>\n<th class=\"col2\">Cena<\/th>\n<\/tr>\n<tr>\n<td>anal\u00fdza stavu, konzult\u00e1cia (v ma\u010farskom jazyku) <strong><br \/>\n<\/strong><\/td>\n<td>10.000 Ft<\/td>\n<\/tr>\n<tr>\n<td>Pos\u00fadenie stavu, konzult\u00e1cia s odborn\u00edkom<\/td>\n<td>20.000 Ft<\/td>\n<\/tr>\n<tr>\n<td>Kontroll<\/td>\n<td>10.000 Ft<\/td>\n<\/tr>\n<tr>\n<td>Digit\u00e1lny panoramatick\u00fd r\u00f6ntgen<\/td>\n<td>15.000 Ft<\/td>\n<\/tr>\n<tr>\n<td>3D CT<\/td>\n<td>25.000 Ft<\/td>\n<\/tr>\n<tr>\n<td>3D arcszkennel\u00e9s<\/td>\n<td>20.000 Ft<\/td>\n<\/tr>\n<\/tbody>\n<\/table>\n<\/div>\n<div class=\"pricetablediv\">\n<table class=\"pricetable\">\n<tbody>\n<tr>\n<th class=\"col1\">Konzerv\u00e1l\u00f3 fog\u00e1szat<\/th>\n<th class=\"col2\">Cena<\/th>\n<\/tr>\n<tr>\n<td>In\u0161tal\u00e1cia koferdamu<\/td>\n<td>8.000 Ft<\/td>\n<\/tr>\n<tr>\n<td>Zubn\u00e1 v\u00fdpl\u0148 (1 povrch)<\/td>\n<td>28.000 Ft<\/td>\n<\/tr>\n<tr>\n<td>Zubn\u00e1 v\u00fdpl\u0148 (2 povrchy)<\/td>\n<td>38.000 Ft<\/td>\n<\/tr>\n<tr>\n<td>V\u00fdpl\u0148 zubov (3 povrchy)<\/td>\n<td>40.000 Ft<\/td>\n<\/tr>\n<tr>\n<td>Obnova predn\u00fdch zubov<\/td>\n<td>25.000 Ft-t\u00f3l<\/td>\n<\/tr>\n<tr>\n<td>Mikroskopick\u00e1 zubn\u00e1 v\u00fdpl\u0148 s aplik\u00e1ciou koferdamu<\/td>\n<td>60.000 Ft<\/td>\n<\/tr>\n<tr>\n<td>o\u0161etrovanie kore\u0148ov zubov (\u00fapln\u00e9 o\u0161etrenie v pr\u00edpade jedn\u00e9ho kan\u00e1lika)<\/td>\n<td>60.000 Ft<\/td>\n<\/tr>\n<tr>\n<td>Gy\u00f6k\u00e9rkezel\u00e9s (g\u00e9pi m\u0171szerek, eszk\u00f6z\u00f6k alkalmaz\u00e1s\u00e1val) (teljes kezel\u00e9s 2 csatorna eset\u00e9n)<\/td>\n<td>60.000 Ft<\/td>\n<\/tr>\n<tr>\n<td>O\u0161etrenie kore\u0148ov zubov (\u00fapln\u00e9 o\u0161etrenie v pr\u00edpade 3-4 kan\u00e1likov)<\/td>\n<td>80.000 Ft<\/td>\n<\/tr>\n<tr>\n<td>Endodoncia \u2013 mikroskopick\u00e9 o\u0161etrenie kore\u0148ov s digit\u00e1lnym zameran\u00edm kan\u00e1likov (v pr\u00edpade 1 kan\u00e1lika)<\/td>\n<td>80.000 Ft<\/td>\n<\/tr>\n<tr>\n<td>Endodoncia \u2013 mikroskopick\u00e9 o\u0161etrenie kore\u0148ov s digit\u00e1lnym zameran\u00edm kan\u00e1likov (v pr\u00edpade 2 kan\u00e1likov)<\/td>\n<td>100.000 Ft<\/td>\n<\/tr>\n<tr>\n<td>Endodoncia \u2013 mikroskopick\u00e9 o\u0161etrenie kore\u0148ov s digit\u00e1lnym zameran\u00edm kan\u00e1likov (v pr\u00edpade 3-4 kan\u00e1likov)<\/td>\n<td>150.000 Ft<\/td>\n<\/tr>\n<tr>\n<td>Mikroskopick\u00e9 odstr\u00e1nenie vlomenej \u010dasti pr\u00edstroja<\/td>\n<td>50.000-100.000 Ft<\/td>\n<\/tr>\n<tr>\n<td>uzavretie kan\u00e1likov technikou (MTA) mineral trioxide aggregate<\/td>\n<td>40.000 Ft<\/td>\n<\/tr>\n<tr>\n<td>uzavretie kore\u0148ov\u00fdch kan\u00e1likov \u2013 hydroxidom v\u00e1penat\u00fdm (liek)<\/td>\n<td>20.000 Ft<\/td>\n<\/tr>\n<tr>\n<td>O\u0161etrenie va\u010dku \u010fasien \/ zub<\/td>\n<td>5.000 Ft<\/td>\n<\/tr>\n<tr>\n<td>O\u0161etrenie Bifluoridom<\/td>\n<td>15.000 Ft<\/td>\n<\/tr>\n<\/tbody>\n<\/table>\n<\/div>\n<div class=\"pricetablediv\">\n<table class=\"pricetable\">\n<tbody>\n<tr>\n<th class=\"col1\">Zubn\u00e9 prot\u00e9zy<\/th>\n<th class=\"col2\">Cena<\/th>\n<\/tr>\n<tr>\n<td>Do\u010dasn\u00e1 korunka (ordina\u010dn\u00e1 \/ ks)<\/td>\n<td>30.000 Ft<\/td>\n<\/tr>\n<tr>\n<td>Do\u010dasn\u00e1 korunka (zubno-technick\u00e1 \/ ks)<\/td>\n<td>30.000 Ft<\/td>\n<\/tr>\n<tr>\n<td>Ideiglenes f\u00e9mker\u00e1mia korona<\/td>\n<td>45.000 Ft<\/td>\n<\/tr>\n<tr>\n<td>Cad Cam technik\u00e1val k\u00e9sz\u00fclt f\u00e9m v\u00e1zra \u00e9getett porcel\u00e1n korona<\/td>\n<td>85.000 Ft<\/td>\n<\/tr>\n<tr>\n<td>Fix\u00e1cia zhryzu pomocou podporn\u00e9ho kol\u00edka<\/td>\n<td>80.000 Ft<\/td>\n<\/tr>\n<tr>\n<td>Korona \u2013 cirk\u00f3nium (f\u00e9mmentes)<\/td>\n<td>120.000 Ft<\/td>\n<\/tr>\n<tr>\n<td>Plne kont\u00farov\u00fd zirk\u00f3n<\/td>\n<td>120.000 Ft<\/td>\n<\/tr>\n<tr>\n<td>Celotvarov\u00fd zirk\u00f3n s priechodnou skrutkou<\/td>\n<td>128.000 Ft<\/td>\n<\/tr>\n<tr>\n<td>Csonk el\u0151k\u00e9sz\u00edt\u00e9si d\u00edj<\/td>\n<td>20.000 Ft<\/td>\n<\/tr>\n<tr>\n<td>Na umel\u00fa korunku<\/td>\n<td>20.000 Ft<\/td>\n<\/tr>\n<tr>\n<td>Emax bet\u00e9t, h\u00e9j, korona<\/td>\n<td>150.000 Ft<\/td>\n<\/tr>\n<tr>\n<td>Gradia plussz bet\u00e9t<\/td>\n<td>95.000 Ft<\/td>\n<\/tr>\n<tr>\n<td>Lisovan\u00fd \u010dapov\u00fd spoj<\/td>\n<td>35.000 Ft<\/td>\n<\/tr>\n<tr>\n<td>Z\u00e1padka zo sklen\u00e9ho vl\u00e1kna<\/td>\n<td>35.000 Ft<\/td>\n<\/tr>\n<tr>\n<td>Odobratie odtla\u010dku<\/td>\n<td>15.000 Ft<\/td>\n<\/tr>\n<tr>\n<td>Prec\u00edzny odtla\u010dok<\/td>\n<td>20.000 Ft<\/td>\n<\/tr>\n<tr>\n<td>3D szkenner &#8211; digit\u00e1lis lenyomatv\u00e9tel<\/td>\n<td>20.000 Ft<\/td>\n<\/tr>\n<tr>\n<td>Kompletn\u00e1 sada zubov\/\u010de\u013eus\u0165ov\u00e1 kos\u0165 (do\u010dasn\u00e1)<\/td>\n<td>200.000 Ft<\/td>\n<\/tr>\n<tr>\n<td>Kombinovan\u00e1 zubn\u00e1 n\u00e1hrada so skryt\u00fdm ukotven\u00edm<\/td>\n<td>400.000 Ft<\/td>\n<\/tr>\n<tr>\n<td>Lemezes kapcsos kivhet\u0151 fogso<\/td>\n<td>400.000 Ft<\/td>\n<\/tr>\n<tr>\n<td>BPS zubn\u00e1 prot\u00e9za \/ \u010de\u013eustn\u00e1 kos\u0165<\/td>\n<td>430.000 Ft<\/td>\n<\/tr>\n<tr>\n<td>prot\u00e9za s podstielkou<\/td>\n<td>40.000 Ft<\/td>\n<\/tr>\n<tr>\n<td>doplnenie zubu do n\u00e1hrady (prot\u00e9zy) \/ ks<\/td>\n<td>30.000 Ft<\/td>\n<\/tr>\n<tr>\n<td>prot\u00e9zis jav\u00edt\u00e1s (prot\u00e9zisek)<\/td>\n<td>30.000 Ft<\/td>\n<\/tr>\n<tr>\n<td>Tit\u00e1n st\u00e9g all-on-cirkonba<\/td>\n<td>160.000 Ft<\/td>\n<\/tr>\n<tr>\n<td>Michigen S\u00edn<\/td>\n<td>120.000 Ft<\/td>\n<\/tr>\n<tr>\n<td>3D prototyp<\/td>\n<td>80.000 Ft<\/td>\n<\/tr>\n<\/tbody>\n<\/table>\n<\/div>\n<div class=\"pricetablediv\">\n<table class=\"pricetable\">\n<tbody>\n<tr>\n<th class=\"col1\">Sz\u00e1jhigi\u00e9niai kezel\u00e9sek<\/th>\n<th class=\"col2\">Cena<\/th>\n<\/tr>\n<tr>\n<td>Rendel\u0151i fogfeh\u00e9r\u00edt\u00e9s<\/td>\n<td>50.000-100.000 Ft-ig<\/td>\n<\/tr>\n<tr>\n<td>Endo (vn\u00fatoen\u00e9) bielenie zubov<\/td>\n<td>30.000 Ft<\/td>\n<\/tr>\n<tr>\n<td>odstr\u00e1nenie zubn\u00e9ho kame\u0148a \/ \u010de\u013eus\u0165<\/td>\n<td>20.000 Ft<\/td>\n<\/tr>\n<tr>\n<td>Air-flow pref\u00faknutie \/ \u010de\u013eus\u0165<\/td>\n<td>15.000 Ft<\/td>\n<\/tr>\n<tr>\n<td>Otthoni fogfeh\u00e9r\u00edt\u0151 szett (s\u00edn, anyag)<\/td>\n<td>70.000 Ft<\/td>\n<\/tr>\n<tr>\n<td>pozdvihnutie zhryzu<\/td>\n<td>50.000 Ft<\/td>\n<\/tr>\n<\/tbody>\n<\/table>\n<\/div>\n<div class=\"pricetablediv\">\n<table class=\"pricetable\">\n<tbody>\n<tr>\n<th class=\"col1\">Lie\u010dby z oblasti zubnej chirurgie<\/th>\n<th class=\"col2\">Cena<\/th>\n<\/tr>\n<tr>\n<td>Trhanie (Extrakcia)<\/td>\n<td>15.000 Ft<\/td>\n<\/tr>\n<tr>\n<td>Chirurgick\u00e9 odstr\u00e1nenie kore\u0148a zubu<\/td>\n<td>25.000 Ft<\/td>\n<\/tr>\n<tr>\n<td>Chirurgick\u00e9 odstr\u00e1nenie zubu m\u00fadrosti<\/td>\n<td>40.000 Ft<\/td>\n<\/tr>\n<tr>\n<td>Resekcia kore\u0148ov\u00e9ho hrotu<\/td>\n<td>40.000 Ft<\/td>\n<\/tr>\n<tr>\n<td>Mikroskopick\u00e1 resekcia kore\u0148ov\u00e9ho hrotu a retrogr\u00e1dne MTA uzavretie<\/td>\n<td>130.000 Ft<\/td>\n<\/tr>\n<tr>\n<td>Arc\u00fcreg emel\u00e9s (Sinus Lift)<\/td>\n<td>220.000 Ft<\/td>\n<\/tr>\n<tr>\n<td>Csontp\u00f3tl\u00f3 anyag<\/td>\n<td>Egyedi \u00e1ras<\/td>\n<\/tr>\n<tr>\n<td>Csontp\u00f3tl\u00e1s<\/td>\n<td>150.000 Ft<\/td>\n<\/tr>\n<tr>\n<td>Transplant\u00e1cia kosti z miesta vy\u0148atia<\/td>\n<td>150.000 Ft<\/td>\n<\/tr>\n<tr>\n<td>PRF (pr\u00edpravok s regenera\u010dn\u00fdmi vlastnos\u0165ami vyroben\u00fd z vlastnej krvi)<\/td>\n<td>80.000 Ft-t\u00f3l<\/td>\n<\/tr>\n<tr>\n<td>Eszt\u00e9tikai koronahosszabb\u00edt\u00f3 m\u0171t\u00e9t<\/td>\n<td>130.000 Ft<\/td>\n<\/tr>\n<tr>\n<td>Implant\u00e1tum elt\u00e1vol\u00edt\u00e1s<\/td>\n<td>30.000 Ft<\/td>\n<\/tr>\n<tr>\n<td>Fogdar\u00e1l\u00e1s (m\u0171t\u00e9ti elj\u00e1r\u00e1s)<\/td>\n<td>150.000 Ft<\/td>\n<\/tr>\n<\/tbody>\n<\/table>\n<\/div>\n<div class=\"pricetablediv\">\n<table class=\"pricetable\">\n<tbody>\n<tr>\n<th class=\"col1\"><strong>Parodontol\u00f3gia<\/strong><\/th>\n<th class=\"col2\">Cena<\/th>\n<\/tr>\n<tr>\n<td>Komplexn\u00e9 o\u0161etrenie parodontu (\u00fastna hygiena, stavov\u00e9 n\u00e1plasti, zo subgingiv\u00e1lneho a palatin\u00e1lneho kame\u0148a na celej dolnej a hornej \u010de\u013eusti, cca 3 hod.) 1. sedenie = deinfekcia pln\u00fdch \u00fast<\/td>\n<td>120.000 Ft<\/td>\n<\/tr>\n<tr>\n<td>2. sedenie - 1-3 mesiace po 1. seden\u00ed, cca. 2 hodiny<\/td>\n<td>90.000 Ft<\/td>\n<\/tr>\n<tr>\n<td>\u010eal\u0161ie \u0161pecializovan\u00e9 udr\u017eiavacie o\u0161etrenia<\/td>\n<td>70.000 Ft<\/td>\n<\/tr>\n<tr>\n<td>Uzavret\u00e1 kyreta (na kvadrant)<\/td>\n<td>70.000 Ft<\/td>\n<\/tr>\n<tr>\n<td>Uzavret\u00e1 kyret\u00e1\u017e na zub<\/td>\n<td>30.000 Ft<\/td>\n<\/tr>\n<tr>\n<td>Parodont\u00e1lne dlahovanie (so sklolamin\u00e1tom alebo reten\u010dn\u00fdm obl\u00fakom)<\/td>\n<td>120.000 Ft<\/td>\n<\/tr>\n<tr>\n<td>Otvoren\u00e1 kyreta (na kvadrant)<\/td>\n<td>100.000 Ft<\/td>\n<\/tr>\n<tr>\n<td>Regenera\u010dn\u00e1 chirurgia (bez pou\u017eitia regenera\u010dn\u00fdch pom\u00f4cok)<\/td>\n<td>150.000 Ft<\/td>\n<\/tr>\n<tr>\n<td>Emdogain (regenera\u010dn\u00e1 l\u00e1tka)<\/td>\n<td>60.000 Ft<\/td>\n<\/tr>\n<tr>\n<td>Oper\u00e1cia na obnovenie ustupuj\u00facich \u010fasien (recesia).<\/td>\n<td>95.000 Ft<\/td>\n<\/tr>\n<tr>\n<td>Vestibul\u00e1rna plastick\u00e1 chirurgia<\/td>\n<td>90.000 Ft<\/td>\n<\/tr>\n<tr>\n<td>Korekcia \u010fasien ved\u013ea implant\u00e1tu s vlastnou transplant\u00e1ciou epitelu<\/td>\n<td>120.000 Ft<\/td>\n<\/tr>\n<tr>\n<td>Rezekt\u00edv c\u00e9lzat\u00fa parodont\u00e1lis m\u0171t\u00e9t (seg\u00e9danyag haszn. n\u00e9lk\u00fcl)<\/td>\n<td>130.000 Ft<\/td>\n<\/tr>\n<tr>\n<td>Gingivectomia\/gingivoplastica\/fog<\/td>\n<td>70.000 ft<\/td>\n<\/tr>\n<tr>\n<td>Furk\u00e1ci\u00f3plasztika\/fog<\/td>\n<td>80.000 ft<\/td>\n<\/tr>\n<tr>\n<td>Preprotetikai l\u00e1gyr\u00e9sz plasztika saj\u00e1t sz\u00f6vettel<\/td>\n<td>150.000 ft<\/td>\n<\/tr>\n<tr>\n<td>Funkcion\u00e1lis koronahosszabb\u00edt\u00e1s<\/td>\n<td>90.000 ft<\/td>\n<\/tr>\n<tr>\n<td>Periimplantitis kezel\u00e9s\u00e9t c\u00e9lz\u00f3 rekonstrukci\u00f3s m\u0171t\u00e9t (seg\u00e9dany. haszn. n\u00e9lk\u00fcl)<\/td>\n<td>150.000 ft<\/td>\n<\/tr>\n<tr>\n<td>Implanto plastica<\/td>\n<td>80.000 ft<\/td>\n<\/tr>\n<tr>\n<td>Periimplantitis kezel\u00e9se rezekt\u00edv m\u0171t\u00e9ti technik\u00e1val<\/td>\n<td>110.000 ft<\/td>\n<\/tr>\n<\/tbody>\n<\/table>\n<\/div>\n<div class=\"pricetablediv\"><\/div>\n<div class=\"pricetablediv\">\n<table class=\"pricetable\">\n<tbody>\n<tr>\n<th class=\"col1\">Implantol\u00f3gia<\/th>\n<th class=\"col2\">Cena<\/th>\n<\/tr>\n<tr>\n<td>Neodent Straumann implant\u00e1tum\/db<strong><br \/>\n<\/strong><\/td>\n<td>110.000 Ft<\/td>\n<\/tr>\n<tr>\n<td>Osstem implant\u00e1t\/ks<strong><br \/>\n<\/strong><\/td>\n<td>130.000 Ft<\/td>\n<\/tr>\n<tr>\n<td>Implant\u00e1t Mega'gen AnyRidge\/ks<\/td>\n<td>150.000 Ft<\/td>\n<\/tr>\n<tr>\n<td>Implant\u00e1t Straumann BLX\/ks<\/td>\n<td>220.000 Ft<\/td>\n<\/tr>\n<tr>\n<td>Implant\u00e1tum be\u00fcltet\u00e9s\/db (Az implant\u00e1tumokra teljes k\u00f6r\u0171 garanci\u00e1t v\u00e1llalunk: ha a szervezet nem fogadja be, d\u00edjmentesen biztos\u00edtunk \u00fajat \u2013 \u00d6nnek csak a be\u00e9p\u00edt\u00e9s k\u00f6lts\u00e9g\u00e9t kell v\u00e1llalnia.)<\/td>\n<td>50.000 Ft\/db<\/td>\n<\/tr>\n<tr>\n<td>All on 4-6 <strong><br \/>\n<\/strong><\/td>\n<td>Egyedi \u00e1raj\u00e1nlat alapj\u00e1n<\/td>\n<\/tr>\n<tr>\n<td>Implant\u00e1tum fejr\u00e9sz (egyenes, egyedi fej, \u00e1tmen\u0151 csavaros, sz\u00f6g korrekci\u00f3s)<\/td>\n<td>85.000 Ft<\/td>\n<\/tr>\n<tr>\n<td>Tvarova\u010d \u010fasien\/ks<\/td>\n<td>20.000 Ft<\/td>\n<\/tr>\n<\/tbody>\n<\/table>\n<\/div>\n<div class=\"pricetablediv\">\n<table class=\"pricetable\">\n<tbody>\n<tr>\n<th class=\"col1\">Pr\u00e9mium szolg\u00e1ltat\u00e1sok (exkluz\u00edv fogtechnikai laborat\u00f3im egy\u00fcttm\u0171k\u00f6d\u00e9s\u00e9vel)<\/th>\n<th class=\"col2\">Cena<\/th>\n<\/tr>\n<tr>\n<td>Cirk\u00f3nium korona (f\u00e9mmentes)<\/td>\n<td>120.000 Ft<\/td>\n<\/tr>\n<tr>\n<td>\u00c1tmen\u0151csavaros cirk\u00f3nium korona<\/td>\n<td>150.000 Ft<\/td>\n<\/tr>\n<tr>\n<td>E-max bet\u00e9t vagy h\u00e9j<\/td>\n<td>150.000 Ft<\/td>\n<\/tr>\n<tr>\n<td>Na umel\u00fa korunku<\/td>\n<td>30.000 Ft<\/td>\n<\/tr>\n<tr>\n<td>Egyedi implant\u00e1tum fejr\u00e9sz<\/td>\n<td>*80.000 Ft<\/td>\n<\/tr>\n<tr>\n<td>Kovov\u00e9 korunky<\/td>\n<td>100.000 Ft<\/td>\n<\/tr>\n<tr>\n<td>3D prototyp<\/td>\n<td>80.000 Ft<\/td>\n<\/tr>\n<tr>\n<td>PPMA ideiglenes p\u00f3tl\u00e1s<\/td>\n<td>30.000 Ft<\/td>\n<\/tr>\n<tr>\n<td>Pr\u00e9mium fogp\u00f3tl\u00e1saink az SDT lab-n\u00e1l k\u00e9sz\u00fclnek!<\/td>\n<td><a href=\"https:\/\/www.sdt-lab.com\" rel=\"nofollow \"><img decoding=\"async\" loading=\"lazy\" class=\"aligncenter wp-image-13051 size-thumbnail\" src=\"https:\/\/www.smiledesigncenter.hu\/wp-content\/uploads\/2024\/05\/sdt-lab-150x150.png\" alt=\"\" width=\"150\" height=\"150\" srcset=\"https:\/\/www.smiledesigncenter.hu\/wp-content\/uploads\/2024\/05\/sdt-lab-150x150.png 150w, https:\/\/www.smiledesigncenter.hu\/wp-content\/uploads\/2024\/05\/sdt-lab-12x12.png 12w, https:\/\/www.smiledesigncenter.hu\/wp-content\/uploads\/2024\/05\/sdt-lab.png 225w\" sizes=\"(max-width: 150px) 100vw, 150px\" \/><\/a><\/td>\n<\/tr>\n<\/tbody>\n<\/table>\n<\/div>\n<div class=\"pricetablediv\">\n<table class=\"pricetable\">\n<tbody>\n<tr>\n<th class=\"col1\">Ortodoncia<\/th>\n<th class=\"col2\">Cena<\/th>\n<\/tr>\n<tr>\n<td>Prv\u00e1 konzult\u00e1cia<\/td>\n<td>20.000 Ft<\/td>\n<\/tr>\n<tr>\n<td>Lenyomatv\u00e9tel,fot\u00f3dokument\u00e1ci\u00f3<\/td>\n<td>30.000 Ft<\/td>\n<\/tr>\n<tr>\n<td>komplex kezel\u00e9si terv<\/td>\n<td>30.000 Ft<\/td>\n<\/tr>\n<tr>\n<td>Digit\u00e1lis lenyomatv\u00e9tel<\/td>\n<td>20.000 Ft<\/td>\n<\/tr>\n<tr>\n<td>L\u00e1thatatlan fogszab\u00e1lyoz\u00e1s digit\u00e1lis tervez\u00e9se<\/td>\n<td>80.000 Ft<\/td>\n<\/tr>\n<tr>\n<td><b>Pevn\u00e9 zariadenie<\/b><\/td>\n<td><\/td>\n<\/tr>\n<tr>\n<td>Tradi\u010dn\u00e9 kovov\u00e9 zariadenie (OMNI)<\/td>\n<td>270.000 Ft\/fog\u00edv<\/td>\n<\/tr>\n<tr>\n<td>\u00d6nlig\u00edroz\u00f3 f\u00e9m ragasztott k\u00e9sz\u00fcl\u00e9kek<\/td>\n<td>330.000-420.000 Ft\/fog\u00edv<\/td>\n<\/tr>\n<tr>\n<td>Eszt\u00e9tikus \u00f6nlig\u00edroz\u00f3 ragasztott k\u00e9sz\u00fcl\u00e9kek<\/td>\n<td>390.000-470.000 Ft\/fog\u00edv<\/td>\n<\/tr>\n<tr>\n<td>L\u00e1thatatlan fogszab\u00e1lyoz\u00e1s kivehet\u0151 s\u00ednekkel<\/td>\n<td>650.000-1.450.000 Ft\/fog\u00edv<\/td>\n<\/tr>\n<tr>\n<td>Ragasztott k\u00e9sz\u00fcl\u00e9kek aktiv\u00e1l\u00e1sa alkalmank\u00e9nt<\/td>\n<td>25.000-30.000 Ft<\/td>\n<\/tr>\n<tr>\n<td>Lepenie nov\u00e9ho dr\u017eiaka<\/td>\n<td>15.000 Ft\/fog\u00edv<\/td>\n<\/tr>\n<tr>\n<td>Odstr\u00e1\u0148te zariadenie<\/td>\n<td>35.000 Ft\/fog\u00edv<\/td>\n<\/tr>\n<tr>\n<td><\/td>\n<td><\/td>\n<\/tr>\n<tr>\n<td><b>Pr\u00eddavn\u00e9 prvky pre pevn\u00e9 zariadenie<\/b><\/td>\n<td><\/td>\n<\/tr>\n<tr>\n<td>Sp\u00e1jkovan\u00fd palatin\u00e1lny obl\u00fak<\/td>\n<td>60.000 Ft<\/td>\n<\/tr>\n<tr>\n<td>Goshgarovsk\u00fd obl\u00fak<\/td>\n<td>60.000 Ft<\/td>\n<\/tr>\n<tr>\n<td>Jazykov\u00fd obl\u00fak<\/td>\n<td>55.000 Ft<\/td>\n<\/tr>\n<tr>\n<td>Hyrax<\/td>\n<td>200.000 Ft<\/td>\n<\/tr>\n<tr>\n<td>Prvok, ktor\u00fd pos\u00fava spodn\u00fa \u010de\u013eus\u0165 dopredu<\/td>\n<td>150.000 Ft<\/td>\n<\/tr>\n<tr>\n<td>Miniimplant\u00e1tum<\/td>\n<td>70.000 Ft<\/td>\n<\/tr>\n<tr>\n<td>Eva Platte\/Nance<\/td>\n<td>65.000 Ft<\/td>\n<\/tr>\n<tr>\n<td><\/td>\n<td><\/td>\n<\/tr>\n<tr>\n<td><b>\u010ciasto\u010dne pevn\u00e9 zariadenie<\/b><\/td>\n<td><\/td>\n<\/tr>\n<tr>\n<td>Quad helix<\/td>\n<td>65.000 Ft<\/td>\n<\/tr>\n<tr>\n<td>Goshgarian s hlup\u00e1kom<\/td>\n<td>60.000 Ft<\/td>\n<\/tr>\n<tr>\n<td>Pevn\u00fd z\u00e1stupn\u00fd symbol<\/td>\n<td>45.000 Ft<\/td>\n<\/tr>\n<tr>\n<td>Naklonen\u00e1 rovina<\/td>\n<td>30.000 Ft<\/td>\n<\/tr>\n<tr>\n<td>Lip bumper<\/td>\n<td>55.000 Ft<\/td>\n<\/tr>\n<tr>\n<td><\/td>\n<td><\/td>\n<\/tr>\n<tr>\n<td><b>Odn\u00edmate\u013en\u00e9 zariadenie<\/b><\/td>\n<td><\/td>\n<\/tr>\n<tr>\n<td>Odn\u00edmate\u013en\u00e9 zariadenie<\/td>\n<td>75.000-160.000 Ft<\/td>\n<\/tr>\n<tr>\n<td>Odn\u00edmate\u013en\u00e1 aktiv\u00e1cia<\/td>\n<td>15.000 Ft<\/td>\n<\/tr>\n<tr>\n<td>Extr\u00e9mne \u0161portov\u00e9 ko\u013eajnice<\/td>\n<td>20.000 Ft<\/td>\n<\/tr>\n<tr>\n<td>Hlboko \u0165ahan\u00e1 ko\u013eajnica na zvy\u0161ovanie z\u00e1beru<\/td>\n<td>25.000 Ft<\/td>\n<\/tr>\n<tr>\n<td>Dlaha proti br\u00faseniu<\/td>\n<td>80.000 Ft<\/td>\n<\/tr>\n<tr>\n<td>Funk\u010dn\u00e9 zariadenie<\/td>\n<td>120.000 Ft<\/td>\n<\/tr>\n<tr>\n<td>Z\u00e1chytn\u00e1 hlboko\u0165a\u017en\u00e1 ko\u013eajnica<\/td>\n<td>50.000 Ft<\/td>\n<\/tr>\n<tr>\n<td>Retenci\u00f3s k\u00e9sz\u00fcl\u00e9k<\/td>\n<td>70.000 Ft<\/td>\n<\/tr>\n<tr>\n<td>Extraor\u00e1lny pr\u00edstroj<\/td>\n<td>70.000 Ft<\/td>\n<\/tr>\n<tr>\n<td>Aktiv\u00e1cia<\/td>\n<td>15.000 Ft<\/td>\n<\/tr>\n<tr>\n<td>Reten\u010dn\u00e1 doska<\/td>\n<td>50.000 Ft<\/td>\n<\/tr>\n<tr>\n<td>Zariadenie Aqualizer<\/td>\n<td>60.000 Ft (TMD p\u00e1cienseknek)<\/td>\n<\/tr>\n<tr>\n<td>S\u00ednter\u00e1pia (iz\u00fcleti probl\u00e9ma eset\u00e9n)<\/td>\n<td>300.000 Ft<\/td>\n<\/tr>\n<tr>\n<td>Mini implant\u00e1t<\/td>\n<td>70.000 Ft<\/td>\n<\/tr>\n<tr>\n<td>Fix retainer:<\/td>\n<td>40.000 Ft<\/td>\n<\/tr>\n<tr>\n<td><\/td>\n<td><\/td>\n<\/tr>\n<tr>\n<td><b>Happy Smile je nevidite\u013en\u00e9 zariadenie<\/b><\/td>\n<td><\/td>\n<\/tr>\n<tr>\n<td>Digit\u00e1lny pl\u00e1n lie\u010dby<\/td>\n<td>50.000 Ft<\/td>\n<\/tr>\n<tr>\n<td>Ko\u013eajnice<\/td>\n<td>na z\u00e1klade individu\u00e1lneho lie\u010debn\u00e9ho pl\u00e1nu<\/td>\n<\/tr>\n<\/tbody>\n<tbody>\n<tr>\n<td><b>Spark l\u00e1thatatlan fogszab\u00e1lyz\u00f3<\/b><\/td>\n<td><img decoding=\"async\" loading=\"lazy\" class=\"aligncenter size-thumbnail wp-image-13172\" src=\"https:\/\/www.smiledesigncenter.hu\/wp-content\/uploads\/2025\/05\/Spark-feat-image2-150x150.png\" alt=\"\" width=\"150\" height=\"150\" \/><\/td>\n<\/tr>\n<tr>\n<td>Szakir\u00e1ny\u00fa konzult\u00e1ci\u00f3, CT<\/td>\n<td>40.000 Ft<\/td>\n<\/tr>\n<tr>\n<td>Fot\u00f3, scan<\/td>\n<td>30.000 Ft<\/td>\n<\/tr>\n<tr>\n<td>Kezel\u00e9si terv megbesz\u00e9l\u00e9s<\/td>\n<td>30.000 Ft<\/td>\n<\/tr>\n<tr>\n<td>10db s\u00edn<\/td>\n<td>590.000 Ft<\/td>\n<\/tr>\n<tr>\n<td>20db s\u00edn<\/td>\n<td>1.080.000 Ft<\/td>\n<\/tr>\n<tr>\n<td>Korl\u00e1tlan<\/td>\n<td>1.700.000 Ft<\/td>\n<\/tr>\n<tr>\n<td>Kontrol<\/td>\n<td>20.000 Ft<\/td>\n<\/tr>\n<\/tbody>\n<\/table>\n<p>&nbsp;<\/p>\n<\/div>\n<div class=\"pricetablediv\">\n<table class=\"pricetable\">\n<tbody>\n<tr>\n<th class=\"col1\">Gyerekfog\u00e1szat<\/th>\n<th class=\"col2\">Cena<\/th>\n<\/tr>\n<tr>\n<td>Konzult\u00e1co\u00f3<\/td>\n<td>20.000 Ft<\/td>\n<\/tr>\n<tr>\n<td>Depur\u00e1l\u00e1s, komplex kezel\u00e9s<\/td>\n<td>25.000 Ft<\/td>\n<\/tr>\n<tr>\n<td>T\u00f6m\u00e9s<\/td>\n<td>25.000-28.000 Ft<\/td>\n<\/tr>\n<tr>\n<td>Trapen\u00e1l\u00e1s<\/td>\n<td>15.000 Ft<\/td>\n<\/tr>\n<tr>\n<td>Tejfog lez\u00e1r\u00e1sa<\/td>\n<td>8.000 Ft<\/td>\n<\/tr>\n<tr>\n<td>Tejfog gy\u00f6k\u00e9rt\u00f6m\u00e9se<\/td>\n<td>25.000 Ft<\/td>\n<\/tr>\n<tr>\n<td>Tejfog extractio<\/td>\n<td>25.000 Ft<\/td>\n<\/tr>\n<tr>\n<td>Helyfenntart\u00f3<\/td>\n<td>45.000 Ft<\/td>\n<\/tr>\n<tr>\n<td>Bar\u00e1zdaz\u00e1r\u00e1s<\/td>\n<td>20.000 Ft<\/td>\n<\/tr>\n<\/tbody>\n<\/table>\n<\/div>\n\n\t\t<\/div>\n\t<\/div>\n<\/div><\/div><\/div><\/div>","protected":false},"excerpt":{"rendered":"","protected":false},"author":2,"featured_media":2362,"parent":0,"menu_order":0,"comment_status":"closed","ping_status":"closed","template":"","meta":{"footnotes":"","_joinchat":[]},"acf":[],"_links":{"self":[{"href":"https:\/\/www.smiledesigncenter.hu\/sk\/wp-json\/wp\/v2\/pages\/1898"}],"collection":[{"href":"https:\/\/www.smiledesigncenter.hu\/sk\/wp-json\/wp\/v2\/pages"}],"about":[{"href":"https:\/\/www.smiledesigncenter.hu\/sk\/wp-json\/wp\/v2\/types\/page"}],"author":[{"embeddable":true,"href":"https:\/\/www.smiledesigncenter.hu\/sk\/wp-json\/wp\/v2\/users\/2"}],"replies":[{"embeddable":true,"href":"https:\/\/www.smiledesigncenter.hu\/sk\/wp-json\/wp\/v2\/comments?post=1898"}],"version-history":[{"count":161,"href":"https:\/\/www.smiledesigncenter.hu\/sk\/wp-json\/wp\/v2\/pages\/1898\/revisions"}],"predecessor-version":[{"id":13337,"href":"https:\/\/www.smiledesigncenter.hu\/sk\/wp-json\/wp\/v2\/pages\/1898\/revisions\/13337"}],"wp:featuredmedia":[{"embeddable":true,"href":"https:\/\/www.smiledesigncenter.hu\/sk\/wp-json\/wp\/v2\/media\/2362"}],"wp:attachment":[{"href":"https:\/\/www.smiledesigncenter.hu\/sk\/wp-json\/wp\/v2\/media?parent=1898"}],"curies":[{"name":"wp","href":"https:\/\/api.w.org\/{rel}","templated":true}]}}