{"id":2580,"date":"2017-11-30T09:23:59","date_gmt":"2017-11-30T09:23:59","guid":{"rendered":"https:\/\/www.smiledesigncenter.hu\/?page_id=2580\/"},"modified":"2018-10-16T14:34:15","modified_gmt":"2018-10-16T14:34:15","slug":"fogszabalyozas","status":"publish","type":"page","link":"https:\/\/www.smiledesigncenter.hu\/sk\/ortodoncia\/","title":{"rendered":"Ortodoncia"},"content":{"rendered":"<!-- Facebook Like Button Vivacity Infotech BEGIN -->\n<div class=\"fb-like\" data-href=\"https:\/\/www.smiledesigncenter.hu\/sk\/ortodoncia\/\" data-layout=\"standard\" data-action=\"recommend\" data-show-faces=\"false\" data-size=\"small\" data-width=\"450\" data-share=\"1\" ><\/div>\n<!-- Facebook Like Button Vivacity Infotech END -->\n<div class=\"vc_row wpb_row vc_row-fluid\"><div class=\"wpb_column vc_column_container vc_col-sm-6\"><div class=\"vc_column-inner\"><div class=\"wpb_wrapper\">\n\t<div class=\"wpb_text_column wpb_content_element\" >\n\t\t<div class=\"wpb_wrapper\">\n\t\t\t<h4>Po\u017eiadajte n\u00e1s o stretnutie!<\/h4>\n\n\t\t<\/div>\n\t<\/div>\n\n<div class=\"wpcf7 no-js\" id=\"wpcf7-f1702-o1\" lang=\"en-US\" dir=\"ltr\">\n<div class=\"screen-reader-response\"><p role=\"status\" aria-live=\"polite\" aria-atomic=\"true\"><\/p> <ul><\/ul><\/div>\n<form action=\"\/sk\/wp-json\/wp\/v2\/pages\/2580#wpcf7-f1702-o1\" method=\"post\" class=\"wpcf7-form init\" aria-label=\"Contact form\" novalidate=\"novalidate\" data-status=\"init\" data-trp-original-action=\"\/sk\/wp-json\/wp\/v2\/pages\/2580#wpcf7-f1702-o1\">\n<div style=\"display: none;\">\n<input type=\"hidden\" name=\"_wpcf7\" value=\"1702\" \/>\n<input type=\"hidden\" name=\"_wpcf7_version\" value=\"5.8\" \/>\n<input type=\"hidden\" name=\"_wpcf7_locale\" value=\"en_US\" \/>\n<input type=\"hidden\" name=\"_wpcf7_unit_tag\" value=\"wpcf7-f1702-o1\" \/>\n<input type=\"hidden\" name=\"_wpcf7_container_post\" value=\"0\" \/>\n<input type=\"hidden\" name=\"_wpcf7_posted_data_hash\" value=\"\" \/>\n<\/div>\n<div class=\"input-group\">\n\t<p><span class=\"wpcf7-form-control-wrap\" data-name=\"nev\"><input size=\"40\" class=\"wpcf7-form-control wpcf7-text wpcf7-validates-as-required\" aria-required=\"true\" aria-invalid=\"false\" placeholder=\"n\u00e1zov\" value=\"\" type=\"text\" name=\"nev\" \/><\/span>\n\t<\/p>\n<\/div>\n<div class=\"input-group\">\n\t<p><span class=\"wpcf7-form-control-wrap\" data-name=\"telefonszam\"><input size=\"40\" class=\"wpcf7-form-control wpcf7-text wpcf7-validates-as-required\" aria-required=\"true\" aria-invalid=\"false\" placeholder=\"Telef\u00f3nne \u010d\u00edslo\" value=\"\" type=\"text\" name=\"telefonszam\" \/><\/span>\n\t<\/p>\n<\/div>\n<div class=\"input-group\">\n\t<p><span class=\"wpcf7-form-control-wrap\" data-name=\"email\"><input size=\"40\" class=\"wpcf7-form-control wpcf7-email wpcf7-validates-as-required wpcf7-text wpcf7-validates-as-email\" aria-required=\"true\" aria-invalid=\"false\" placeholder=\"E-mail\" value=\"\" type=\"email\" name=\"email\" \/><\/span>\n\t<\/p>\n<\/div>\n<div class=\"input-group\">\n\t<p><span class=\"wpcf7-form-control-wrap\" data-name=\"megjegyzes\"><textarea cols=\"40\" rows=\"10\" class=\"wpcf7-form-control wpcf7-textarea wpcf7-validates-as-required\" aria-required=\"true\" aria-invalid=\"false\" placeholder=\"Komentujte\" name=\"megjegyzes\"><\/textarea><\/span>\n\t<\/p>\n<\/div>\n<p><span class=\"wpcf7-form-control-wrap\" data-name=\"your-consent\"><span class=\"wpcf7-form-control wpcf7-acceptance\"><span class=\"wpcf7-list-item\"><label><input type=\"checkbox\" name=\"your-consent\" value=\"1\" aria-invalid=\"false\" \/><span class=\"wpcf7-list-item-label\">Ja, ni\u017e\u0161ie podp\u00edsan\u00fd, za\u0161krtnut\u00edm pol\u00ed\u010dka ni\u017e\u0161ie \u2013 na z\u00e1klade \u010dl\u00e1nku 6 ods. 1 p\u00edsm. b) V\u0161eobecn\u00e9ho nariadenia o ochrane \u00fadajov (GDPR) a \u010dl\u00e1nku 7 \u2013 beriem na vedomie, \u017ee prev\u00e1dzkovate\u013e bude sprac\u00fava\u0165 moje osobn\u00e9 \u00fadaje poskytnut\u00e9 GDPR, ako rovnako ako moje vlastn\u00e9, m\u00f4\u017eete ho spravova\u0165 pod\u013ea podmienok jeho inform\u00e1ci\u00ed o spr\u00e1ve \u00fadajov.<\/span><\/label><\/span><\/span><\/span>\n<\/p>\n<div id=\"cf7sr-6a04b04e1323b\" class=\"cf7sr-g-recaptcha\" data-sitekey=\"6LedT2AbAAAAAIJBs94d1UwqASluf_H2Xu2FcyNS\"><\/div><span class=\"wpcf7-form-control-wrap cf7sr-recaptcha\" data-name=\"cf7sr-recaptcha\"><input type=\"hidden\" name=\"cf7sr-recaptcha\" value=\"\" class=\"wpcf7-form-control\"><\/span>\n<\/p>\n<p><input class=\"wpcf7-form-control wpcf7-submit has-spinner\" type=\"submit\" value=\"Odoslanie\" \/>\n<\/p><p style=\"display: none !important;\"><label>&#916;<textarea name=\"_wpcf7_ak_hp_textarea\" cols=\"45\" rows=\"8\" maxlength=\"100\"><\/textarea><\/label><input type=\"hidden\" id=\"ak_js_1\" name=\"_wpcf7_ak_js\" value=\"237\"\/><script>document.getElementById( \"ak_js_1\" ).setAttribute( \"value\", ( new Date() ).getTime() );<\/script><\/p><div class=\"wpcf7-response-output\" aria-hidden=\"true\"><\/div>\n<input type=\"hidden\" name=\"trp-form-language\" value=\"sk\"\/><\/form>\n<\/div>\n<\/div><\/div><\/div><div class=\"wpb_column vc_column_container vc_col-sm-6\"><div class=\"vc_column-inner\"><div class=\"wpb_wrapper\">\n\t<div class=\"wpb_text_column wpb_content_element\" >\n\t\t<div class=\"wpb_wrapper\">\n\t\t\t<h2>ortodoncia v dospelosti<\/h2>\n<p>Na \u00fakor miln\u00fdch n\u00e1zorov mo\u017eno regulova\u0165 zuby i v dospelom veku. Preto\u017ee v tomto obdob\u00ed sa s\u00e1nka u\u017e \u00faplne vyvinula, existuje tu e\u0161te mo\u017enos\u0165 poh\u00fdbu zubov a cel\u00fd proces v takomto pr\u00edpade trv\u00e1 dlh\u0161ie ako v detskom veku. In\u00e9 stroj\u010deky pou\u017e\u00edvame v pr\u00edpade dospel\u00e9ho pacienta, ako u die\u0165a\u0165a.<\/p>\n<p>V pr\u00edpade lie\u010denia men\u0161\u00edch anom\u00e1li\u00ed (napr.: men\u0161ie kompresie zubov, estetick\u00e9 probl\u00e9my) sa m\u00f4\u017ee prihodi\u0165, \u017ee \u00faplne sta\u010d\u00ed pou\u017e\u00edvanie vyn\u00edmate\u013en\u00e9ho stroj\u010deka. Je ich viac druhov: klasick\u00fd, ktor\u00fd sa vo ve\u013ekej miere podob\u00e1 na stroj\u010dek pou\u017e\u00edvan\u00fd v detskej ortodoncii, toto je kombin\u00e1cia kovu s plastom. \u010eal\u0161\u00edm druhom je tzv. alinger, ktor\u00fd mnoho \u013eud\u00ed naz\u00fdva nevidite\u013en\u00fdm stroj\u010dekom. Preto dostal toto meno, lebo na chrupe umiestnen\u00fd plast je \u00faplne priesvitn\u00fd a p\u00f4sob\u00ed moc esteticky. Tieto n\u00e1sadky (dlahy) treba po nieko\u013ek\u00fdch t\u00fd\u017ed\u0148och meni\u0165, aby sa dosiahol po\u017eadovan\u00fd v\u00fdsledok.<br \/>\nMnoho dospel\u00fdch pacientov sa prie\u010di vo\u010di pou\u017e\u00edvaniu tak\u00fdchto stroj\u010dekov, lebo niesu dostato\u010dne estetick\u00e9. Na vyrie\u0161enie tak\u00fdchto probl\u00e9mov vieme v na\u0161ej ordin\u00e1cii pon\u00faknu\u0165 viacero rie\u0161en\u00ed.<\/p>\n<p>Okrem klasick\u00e9ho stroj\u010deka, zhotoven\u00e9ho z kovu, mo\u017eno dosta\u0165 i keramick\u00e9, ktor\u00e9 sa podobaj\u00fa farbe zubov. S\u00fa omnoho estetickej\u0161ie a menej n\u00e1padn\u00e9. Tieto sa umiest\u0148uj\u00fa na vonkaj\u0161iu \u010das\u0165 chrupu. \u010ealej je tu e\u0161te mo\u017enos\u0165 pou\u017eitia takzvan\u00e9ho lingv\u00e1lneho stroj\u010deka, ktor\u00fd sa umiest\u0148uje na vn\u00fatorn\u00fa \u010das\u0165 chrupu. T\u00e1to kon\u0161trukcia je tie\u017e estetick\u00e1, ve\u010f ju v\u00f4bec nieje vidie\u0165.<\/p>\n<p>Po odstr\u00e1nen\u00ed fixn\u00e9ho stroj\u010deka sa zhotovuje reten\u010dn\u00fd stroj\u010dek. Ten je preto potrebn\u00fd, aby sme dosiahnut\u00fd v\u00fdsledok dok\u00e1zali udr\u017ea\u0165, m\u00f4\u017ee sa toti\u017eto sta\u0165, \u017ee sa zuby za\u010dn\u00fa hn\u00fa\u0165 z miesta. Reten\u010dn\u00fd stroj\u010dek m\u00f4\u017ee by\u0165 vyberate\u013en\u00fd alebo fixn\u00fd. Fixn\u00fd reten\u010dn\u00fd stroj\u010dek je v preva\u017enej miere upevnen\u00fd vo front\u00e1lnej oblasti, na vn\u00fatornej strane 6 zubov, hore i dole. Preto ho z vonkaj\u0161ej strany nieje vidie\u0165. Vyn\u00edmate\u013en\u00fd stroj\u010dek sa oplat\u00ed pou\u017e\u00edva\u0165 v\u00e4\u010d\u0161inou v noci, ale denne by to malo by\u0165 10-12 hod\u00edn.<\/p>\n\n\t\t<\/div>\n\t<\/div>\n\n\t<div  class=\"wpb_single_image wpb_content_element vc_align_center\">\n\t\t\n\t\t<figure class=\"wpb_wrapper vc_figure\">\n\t\t\t<div class=\"vc_single_image-wrapper   vc_box_border_grey\"><img width=\"600\" height=\"236\" src=\"https:\/\/www.smiledesigncenter.hu\/wp-content\/uploads\/2017\/11\/felnott-fogszabalyozas.jpg\" class=\"vc_single_image-img attachment-large\" alt=\"\" decoding=\"async\" loading=\"lazy\" srcset=\"https:\/\/www.smiledesigncenter.hu\/wp-content\/uploads\/2017\/11\/felnott-fogszabalyozas.jpg 600w, https:\/\/www.smiledesigncenter.hu\/wp-content\/uploads\/2017\/11\/felnott-fogszabalyozas-300x118.jpg 300w\" sizes=\"(max-width: 600px) 100vw, 600px\" \/><\/div>\n\t\t<\/figure>\n\t<\/div>\n<\/div><\/div><\/div><\/div><div class=\"vc_row wpb_row vc_row-fluid egycolkozepre\"><div class=\"wpb_column vc_column_container vc_col-sm-12\"><div class=\"vc_column-inner\"><div class=\"wpb_wrapper\">\n\t<div class=\"wpb_text_column wpb_content_element\" >\n\t\t<div class=\"wpb_wrapper\">\n\t\t\t<h2>Detsk\u00e1 ortodoncia<\/h2>\n<p>V detsk\u00fdch \u00fastach sa nach\u00e1dza celkom 20 mlie\u010dnych zubov, 5-5 v ka\u017edom regi\u00f3ne. V obdob\u00ed v\u00fdmeny zubov na mieste 20 mlie\u010dnych zubov vyrast\u00e1 32 trval\u00fdch, \u010do m\u00f4\u017ee vies\u0165 k ve\u013ek\u00fdm probl\u00e9mom. Existuj\u00face alebo vznikaj\u00face probl\u00e9my (napr.: \u00fazky obl\u00fak, otvoren\u00fd skus, kompresia zubov) a ich skor\u00e9 rozpoznanie a zvolenie vhodnej lie\u010dby napom\u00e1haj\u00fa tomu, aby sme sa vyhli vzniku v\u00e4\u010d\u0161\u00edch probl\u00e9mov.<\/p>\n<p>Na prv\u00e9 tak\u00e9to vy\u0161etrenie sa oplat\u00ed prinies\u0165 die\u0165a u\u017e vo veku 5-6 rokov. V na\u0161ej ordin\u00e1cii (v Ny\u00edregyh\u00e1ze) existuje mo\u017enos\u0165 bezplatnej konzult\u00e1cie. Kde \u0161pecialista v oblasti ortodoncie vykon\u00e1 kompletn\u00e9 vy\u0161etrenie a poskytne objas\u0148uj\u00face inform\u00e1cie rodi\u010dom die\u0165a\u0165a.<\/p>\n<p>Prv\u00fd stroj\u010dek na \u00fapravu zubov sa smie zhotovi\u0165 v 8-9 roku die\u0165a\u0165a, ktor\u00fd je \u0161peci\u00e1lne zostrojen\u00fd na obdobie tzv. v\u00fdmeny zubov. Ve\u010f v\u00f4bec netreba po\u010dka\u0165 na to, aby sa v\u0161etky mlie\u010dne zuby vymenili za trval\u00e9. Pou\u017e\u00edvanie tak\u00fdchto zariaden\u00ed sa odpor\u00fa\u010da v prvom rade v noci, ale mo\u017eno ich pou\u017e\u00edva\u0165 i cez de\u0148, treb\u00e1rs len na nieko\u013eko hod\u00edn. \u00da\u010dinnos\u0165 takejto kon\u0161trukcie je vo ve\u013ekej miere z\u00e1visl\u00e1 od zodpovednosti rodi\u010dov, ve\u010f ke\u010f stroj\u010dek nieje v \u00fastach die\u0165a\u0165a, tak s n\u00edm nemo\u017eno dosiahnu\u0165 \u00fa\u010dinn\u00fd v\u00fdsledok. Odpor\u00fa\u010da sa ho pou\u017e\u00edva\u0165 10-12 hod\u00edn denne.<\/p>\n<p>Ako dlho treba v\u00f4bec pou\u017e\u00edva\u0165 tak\u00e9to zariadenia, to z\u00e1vis\u00ed od situ\u00e1cie. Ned\u00e1 sa to vo v\u0161eobecnosti poveda\u0165, lebo ka\u017ed\u00fd \u010dlovek a ka\u017ed\u00e1 situ\u00e1cia je in\u00e1. Nutnos\u0165 pou\u017e\u00edvania tak\u00e9hoto vyn\u00edmate\u013en\u00e9ho stroj\u010deka m\u00f4\u017ee by\u0165 i 1-4 roky.<\/p>\n<p>Chod v\u00fdmeny zubov: obvykle vo veku 6 rokov sa objavuj\u00fa prv\u00e9 trval\u00e9 zuby \u2013 stoli\u010dky, \u010di\u017ee \u0161estky. V 7-8 roku za\u010d\u00edna die\u0165a str\u00e1ca\u0165 mlie\u010dne zuby a na ich mieste vyrastaj\u00fa trval\u00e9 zuby. Tento v\u00fdmenn\u00fd proces kon\u010d\u00ed vo veku 13-14 rokov. Zuby m\u00fadrosti nesk\u00f4r, prer\u00e1\u017eaj\u00fa a vo veku dospelosti, ale posledn\u00fdch rokoch sa \u010doraz \u010dastej\u0161ie objavuje u \u013eud\u00ed to, \u017ee v\u00f4bec nevyrast\u00fa, lebo nemaj\u00fa ani z\u00e1rodok.<\/p>\n\n\t\t<\/div>\n\t<\/div>\n\n\t<div  class=\"wpb_single_image wpb_content_element vc_align_left\">\n\t\t\n\t\t<figure class=\"wpb_wrapper vc_figure\">\n\t\t\t<div class=\"vc_single_image-wrapper   vc_box_border_grey\"><img width=\"600\" height=\"300\" src=\"https:\/\/www.smiledesigncenter.hu\/wp-content\/uploads\/2017\/11\/gyermek-fogszabalyozas.jpg\" class=\"vc_single_image-img attachment-full\" alt=\"\" decoding=\"async\" loading=\"lazy\" srcset=\"https:\/\/www.smiledesigncenter.hu\/wp-content\/uploads\/2017\/11\/gyermek-fogszabalyozas.jpg 600w, https:\/\/www.smiledesigncenter.hu\/wp-content\/uploads\/2017\/11\/gyermek-fogszabalyozas-300x150.jpg 300w\" sizes=\"(max-width: 600px) 100vw, 600px\" \/><\/div>\n\t\t<\/figure>\n\t<\/div>\n<\/div><\/div><\/div><\/div><div class=\"vc_row wpb_row vc_row-fluid\"><div class=\"wpb_column vc_column_container vc_col-sm-12\"><div class=\"vc_column-inner vc_custom_1539700198744\"><div class=\"wpb_wrapper\"><div class=\"templatera_shortcode\"><div data-vc-full-width=\"true\" data-vc-full-width-init=\"false\" class=\"vc_row wpb_row vc_row-fluid atokeletesmosolyhoz vc_custom_1540312933801 vc_row-o-equal-height vc_row-o-content-middle vc_row-flex\"><div class=\"wpb_column vc_column_container vc_col-sm-8\"><div class=\"vc_column-inner vc_custom_1539690890825\"><div class=\"wpb_wrapper\"><div class=\"stronghold-info-icon-wrapper\" \"><div class=\"stronghold-info-icon\" style=\"float: left; width: 15%; padding-right:10px;\"><i class=\"icon-cleaned-tooth\" style=\"font-size:50px; color:#ffffff;\"><\/i><\/div><div class=\"stronghold-info-icon-content\" style=\"float: left; width: 80%; text-align: left; padding: 20px 0;\"><div class=\"stronghold-info-icon-title\"><h3 style=\"font-size:30px;color:#ffffff;\">Dokonal\u00fd \u00fasmev je v\u0161etko, \u010do potrebujete na rezerv\u00e1ciu term\u00ednu!<\/h3><\/div><div class=\"stronghold-info-icon-desc\"><div style=\" color:#ffffff;\">U\u017e ne\u010dakajte, vypo\u010dujte si n\u00e1zory na\u0161ich predch\u00e1dzaj\u00facich pacientov! <\/div><\/div><\/div><\/div><\/div><\/div><\/div><div class=\"wpb_column vc_column_container vc_col-sm-12 vc_col-lg-4 vc_col-md-12 vc_col-xs-12\"><div class=\"vc_column-inner\"><div class=\"wpb_wrapper\"><div class=\"vc_btn3-container vc_btn3-center\" ><a class=\"vc_general vc_btn3 vc_btn3-size-md vc_btn3-shape-square vc_btn3-style-outline vc_btn3-color-white\" href=\"https:\/\/www.smiledesigncenter.hu\/sk\/kapcsolat\/\" title=\"\" target=\"_blank\">Nebudem viac ot\u00e1\u013ea\u0165!<\/a><\/div><\/div><\/div><\/div><\/div><div class=\"vc_row-full-width vc_clearfix\"><\/div><!-- Row Backgrounds --><div class=\"upb_color\" data-bg-override=\"0\" data-bg-color=\"#5e9cc5\" data-fadeout=\"\" data-fadeout-percentage=\"30\" data-parallax-content=\"\" data-parallax-content-sense=\"30\" data-row-effect-mobile-disable=\"true\" data-img-parallax-mobile-disable=\"false\" data-rtl=\"false\"  data-custom-vc-row=\"\"  data-vc=\"6.7.0\"  data-is_old_vc=\"\"  data-theme-support=\"\"   data-overlay=\"false\" data-overlay-color=\"\" data-overlay-pattern=\"\" data-overlay-pattern-opacity=\"\" data-overlay-pattern-size=\"\"    ><\/div>\r\n<\/div><\/div><\/div><\/div><\/div>","protected":false},"excerpt":{"rendered":"","protected":false},"author":2,"featured_media":2582,"parent":0,"menu_order":0,"comment_status":"closed","ping_status":"closed","template":"","meta":{"footnotes":"","_joinchat":[]},"acf":[],"_links":{"self":[{"href":"https:\/\/www.smiledesigncenter.hu\/sk\/wp-json\/wp\/v2\/pages\/2580"}],"collection":[{"href":"https:\/\/www.smiledesigncenter.hu\/sk\/wp-json\/wp\/v2\/pages"}],"about":[{"href":"https:\/\/www.smiledesigncenter.hu\/sk\/wp-json\/wp\/v2\/types\/page"}],"author":[{"embeddable":true,"href":"https:\/\/www.smiledesigncenter.hu\/sk\/wp-json\/wp\/v2\/users\/2"}],"replies":[{"embeddable":true,"href":"https:\/\/www.smiledesigncenter.hu\/sk\/wp-json\/wp\/v2\/comments?post=2580"}],"version-history":[{"count":6,"href":"https:\/\/www.smiledesigncenter.hu\/sk\/wp-json\/wp\/v2\/pages\/2580\/revisions"}],"predecessor-version":[{"id":5511,"href":"https:\/\/www.smiledesigncenter.hu\/sk\/wp-json\/wp\/v2\/pages\/2580\/revisions\/5511"}],"wp:featuredmedia":[{"embeddable":true,"href":"https:\/\/www.smiledesigncenter.hu\/sk\/wp-json\/wp\/v2\/media\/2582"}],"wp:attachment":[{"href":"https:\/\/www.smiledesigncenter.hu\/sk\/wp-json\/wp\/v2\/media?parent=2580"}],"curies":[{"name":"wp","href":"https:\/\/api.w.org\/{rel}","templated":true}]}}