{"id":2636,"date":"2018-01-22T15:34:49","date_gmt":"2018-01-22T15:34:49","guid":{"rendered":"https:\/\/www.smiledesigncenter.hu\/?page_id=2636\/"},"modified":"2023-03-27T11:05:07","modified_gmt":"2023-03-27T11:05:07","slug":"videok","status":"publish","type":"page","link":"https:\/\/www.smiledesigncenter.hu\/sk\/galeria-2\/videok\/","title":{"rendered":"Vide\u00e1"},"content":{"rendered":"<!-- Facebook Like Button Vivacity Infotech BEGIN -->\n<div class=\"fb-like\" data-href=\"https:\/\/www.smiledesigncenter.hu\/sk\/galeria-2\/videok\/\" data-layout=\"standard\" data-action=\"recommend\" data-show-faces=\"false\" data-size=\"small\" data-width=\"450\" data-share=\"1\" ><\/div>\n<!-- Facebook Like Button Vivacity Infotech END -->\n<div class=\"vc_row wpb_row vc_row-fluid vc_custom_1516641825298\"><div class=\"wpb_column vc_column_container vc_col-sm-12\"><div class=\"vc_column-inner\"><div class=\"wpb_wrapper\">\n\t<div class=\"wpb_video_widget wpb_content_element vc_clearfix   vc_video-aspect-ratio-169 vc_video-el-width-100 vc_video-align-left\" >\n\t\t<div class=\"wpb_wrapper\">\n\t\t\t\n\t\t\t<div class=\"wpb_video_wrapper\"><iframe title=\"Csontp\u00f3tl\u00e1s fogimplant\u00e1ci\u00f3hoz\" width=\"1170\" height=\"658\" src=\"https:\/\/www.youtube.com\/embed\/TMURfC0IqA0?feature=oembed\" frameborder=\"0\" allow=\"accelerometer; autoplay; clipboard-write; encrypted-media; gyroscope; picture-in-picture; web-share\" allowfullscreen><\/iframe><\/div>\n\t\t<\/div>\n\t<\/div>\n\n\t<div class=\"wpb_text_column wpb_content_element\" >\n\t\t<div class=\"wpb_wrapper\">\n\t\t\t<h3 style=\"text-align: center;\">Smile Design Center bemutakoz\u00f3<\/h3>\n\n\t\t<\/div>\n\t<\/div>\n<div class=\"vc_row wpb_row vc_inner vc_row-fluid\"><div class=\"wpb_column vc_column_container vc_col-sm-6\"><div class=\"vc_column-inner\"><div class=\"wpb_wrapper\">\n\t<div class=\"wpb_text_column wpb_content_element\" >\n\t\t<div class=\"wpb_wrapper\">\n\t\t\t<div style=\"width: 640px;\" class=\"wp-video\"><!--[if lt IE 9]><script>document.createElement('video');<\/script><![endif]-->\n<video class=\"wp-video-shortcode\" id=\"video-5476-1\" width=\"640\" height=\"360\" poster=\"https:\/\/www.smiledesigncenter.hu\/video\/smile-design-center-bemutatkozo.jpg\" preload=\"metadata\" controls=\"controls\"><source type=\"video\/mp4\" src=\"https:\/\/www.smiledesigncenter.hu\/video\/smile-design-center-bemutatkozo.mp4?_=1\" \/><a href=\"https:\/\/www.smiledesigncenter.hu\/video\/smile-design-center-bemutatkozo.mp4\">https:\/\/www.smiledesigncenter.hu\/video\/smile-design-center-bemutatkozo.mp4<\/a><\/video><\/div>\n\n\t\t<\/div>\n\t<\/div>\n<\/div><\/div><\/div><div class=\"wpb_column vc_column_container vc_col-sm-6\"><div class=\"vc_column-inner\"><div class=\"wpb_wrapper\">\n\t<div class=\"wpb_text_column wpb_content_element\" >\n\t\t<div class=\"wpb_wrapper\">\n\t\t\t<div style=\"width: 640px;\" class=\"wp-video\"><video class=\"wp-video-shortcode\" id=\"video-5476-2\" width=\"640\" height=\"360\" poster=\"https:\/\/www.smiledesigncenter.hu\/video\/also5.jpg\" preload=\"metadata\" controls=\"controls\"><source type=\"video\/mp4\" src=\"https:\/\/www.smiledesigncenter.hu\/video\/also5.mp4?_=2\" \/><a href=\"https:\/\/www.smiledesigncenter.hu\/video\/also5.mp4\">https:\/\/www.smiledesigncenter.hu\/video\/also5.mp4<\/a><\/video><\/div>\n\n\t\t<\/div>\n\t<\/div>\n<\/div><\/div><\/div><\/div><\/div><\/div><\/div><\/div><div class=\"vc_row wpb_row vc_row-fluid vc_custom_1516641825298\"><div class=\"wpb_column vc_column_container vc_col-sm-6\"><div class=\"vc_column-inner\"><div class=\"wpb_wrapper\">\n\t<div class=\"wpb_text_column wpb_content_element\" >\n\t\t<div class=\"wpb_wrapper\">\n\t\t\t<div style=\"width: 640px;\" class=\"wp-video\"><video class=\"wp-video-shortcode\" id=\"video-5476-3\" width=\"640\" height=\"360\" poster=\"https:\/\/www.smiledesigncenter.hu\/video\/dolhayz.jpg\" preload=\"metadata\" controls=\"controls\"><source type=\"video\/mp4\" src=\"https:\/\/www.smiledesigncenter.hu\/video\/dolhayz.mp4?_=3\" \/><a href=\"https:\/\/www.smiledesigncenter.hu\/video\/dolhayz.mp4\">https:\/\/www.smiledesigncenter.hu\/video\/dolhayz.mp4<\/a><\/video><\/div>\n\n\t\t<\/div>\n\t<\/div>\n<\/div><\/div><\/div><div class=\"wpb_column vc_column_container vc_col-sm-6\"><div class=\"vc_column-inner\"><div class=\"wpb_wrapper\">\n\t<div class=\"wpb_text_column wpb_content_element\" >\n\t\t<div class=\"wpb_wrapper\">\n\t\t\t<div style=\"width: 640px;\" class=\"wp-video\"><video class=\"wp-video-shortcode\" id=\"video-5476-4\" width=\"640\" height=\"360\" poster=\"https:\/\/www.smiledesigncenter.hu\/video\/riport02.jpg\" preload=\"metadata\" controls=\"controls\"><source type=\"video\/mp4\" src=\"https:\/\/www.smiledesigncenter.hu\/video\/riport02.mp4?_=4\" \/><a href=\"https:\/\/www.smiledesigncenter.hu\/video\/riport02.mp4\">https:\/\/www.smiledesigncenter.hu\/video\/riport02.mp4<\/a><\/video><\/div>\n\n\t\t<\/div>\n\t<\/div>\n<\/div><\/div><\/div><\/div><div class=\"vc_row wpb_row vc_row-fluid vc_custom_1516641800591\"><div class=\"wpb_column vc_column_container vc_col-sm-6\"><div class=\"vc_column-inner\"><div class=\"wpb_wrapper\">\n\t<div class=\"wpb_text_column wpb_content_element\" >\n\t\t<div class=\"wpb_wrapper\">\n\t\t\t<div style=\"width: 640px;\" class=\"wp-video\"><video class=\"wp-video-shortcode\" id=\"video-5476-5\" width=\"640\" height=\"360\" poster=\"https:\/\/www.smiledesigncenter.hu\/video\/riport03.jpg\" preload=\"metadata\" controls=\"controls\"><source type=\"video\/mp4\" src=\"https:\/\/www.smiledesigncenter.hu\/video\/riport03.mp4?_=5\" \/><a href=\"https:\/\/www.smiledesigncenter.hu\/video\/riport03.mp4\">https:\/\/www.smiledesigncenter.hu\/video\/riport03.mp4<\/a><\/video><\/div>\n\n\t\t<\/div>\n\t<\/div>\n<\/div><\/div><\/div><div class=\"wpb_column vc_column_container vc_col-sm-6\"><div class=\"vc_column-inner\"><div class=\"wpb_wrapper\">\n\t<div class=\"wpb_text_column wpb_content_element\" >\n\t\t<div class=\"wpb_wrapper\">\n\t\t\t<div style=\"width: 640px;\" class=\"wp-video\"><video class=\"wp-video-shortcode\" id=\"video-5476-6\" width=\"640\" height=\"360\" poster=\"https:\/\/www.smiledesigncenter.hu\/video\/riport03.jpg\" preload=\"metadata\" controls=\"controls\"><source type=\"video\/mp4\" src=\"https:\/\/www.smiledesigncenter.hu\/video\/riport03.mp4?_=6\" \/><a href=\"https:\/\/www.smiledesigncenter.hu\/video\/riport03.mp4\">https:\/\/www.smiledesigncenter.hu\/video\/riport03.mp4<\/a><\/video><\/div>\n\n\t\t<\/div>\n\t<\/div>\n<\/div><\/div><\/div><\/div><div class=\"vc_row wpb_row vc_row-fluid\"><div class=\"wpb_column vc_column_container vc_col-sm-12\"><div class=\"vc_column-inner\"><div class=\"wpb_wrapper\"><\/div><\/div><\/div><\/div>","protected":false},"excerpt":{"rendered":"","protected":false},"author":2,"featured_media":12384,"parent":1633,"menu_order":0,"comment_status":"closed","ping_status":"closed","template":"","meta":{"footnotes":"","_joinchat":[]},"acf":[],"_links":{"self":[{"href":"https:\/\/www.smiledesigncenter.hu\/sk\/wp-json\/wp\/v2\/pages\/2636"}],"collection":[{"href":"https:\/\/www.smiledesigncenter.hu\/sk\/wp-json\/wp\/v2\/pages"}],"about":[{"href":"https:\/\/www.smiledesigncenter.hu\/sk\/wp-json\/wp\/v2\/types\/page"}],"author":[{"embeddable":true,"href":"https:\/\/www.smiledesigncenter.hu\/sk\/wp-json\/wp\/v2\/users\/2"}],"replies":[{"embeddable":true,"href":"https:\/\/www.smiledesigncenter.hu\/sk\/wp-json\/wp\/v2\/comments?post=2636"}],"version-history":[{"count":26,"href":"https:\/\/www.smiledesigncenter.hu\/sk\/wp-json\/wp\/v2\/pages\/2636\/revisions"}],"predecessor-version":[{"id":12383,"href":"https:\/\/www.smiledesigncenter.hu\/sk\/wp-json\/wp\/v2\/pages\/2636\/revisions\/12383"}],"up":[{"embeddable":true,"href":"https:\/\/www.smiledesigncenter.hu\/sk\/wp-json\/wp\/v2\/pages\/1633"}],"wp:featuredmedia":[{"embeddable":true,"href":"https:\/\/www.smiledesigncenter.hu\/sk\/wp-json\/wp\/v2\/media\/12384"}],"wp:attachment":[{"href":"https:\/\/www.smiledesigncenter.hu\/sk\/wp-json\/wp\/v2\/media?parent=2636"}],"curies":[{"name":"wp","href":"https:\/\/api.w.org\/{rel}","templated":true}]}}