{"id":7185,"date":"2021-11-06T09:59:41","date_gmt":"2021-11-06T09:59:41","guid":{"rendered":"https:\/\/www.smiledesigncenter.hu\/?page_id=7185"},"modified":"2021-11-06T11:07:28","modified_gmt":"2021-11-06T11:07:28","slug":"mosolytervezes-nyiregyhaza","status":"publish","type":"page","link":"https:\/\/www.smiledesigncenter.hu\/sk\/mosolytervezes-nyiregyhaza\/","title":{"rendered":"Mosolytervez\u00e9s Ny\u00edregyh\u00e1z\u00e1n"},"content":{"rendered":"<!-- Facebook Like Button Vivacity Infotech BEGIN -->\n<div class=\"fb-like\" data-href=\"https:\/\/www.smiledesigncenter.hu\/sk\/mosolytervezes-nyiregyhaza\/\" data-layout=\"standard\" data-action=\"recommend\" data-show-faces=\"false\" data-size=\"small\" data-width=\"450\" data-share=\"1\" ><\/div>\n<!-- Facebook Like Button Vivacity Infotech END -->\n<div class=\"vc_row wpb_row vc_row-fluid\"><div class=\"wpb_column vc_column_container vc_col-sm-6\"><div class=\"vc_column-inner\"><div class=\"wpb_wrapper\">\n\t<div class=\"wpb_text_column wpb_content_element\" >\n\t\t<div class=\"wpb_wrapper\">\n\t\t\t<h4>Po\u017eiadajte n\u00e1s o stretnutie!<\/h4>\n\n\t\t<\/div>\n\t<\/div>\n\n<div class=\"wpcf7 no-js\" id=\"wpcf7-f1702-o1\" lang=\"en-US\" dir=\"ltr\">\n<div class=\"screen-reader-response\"><p role=\"status\" aria-live=\"polite\" aria-atomic=\"true\"><\/p> <ul><\/ul><\/div>\n<form action=\"\/sk\/wp-json\/wp\/v2\/pages\/7185#wpcf7-f1702-o1\" method=\"post\" class=\"wpcf7-form init\" aria-label=\"Contact form\" novalidate=\"novalidate\" data-status=\"init\" data-trp-original-action=\"\/sk\/wp-json\/wp\/v2\/pages\/7185#wpcf7-f1702-o1\">\n<div style=\"display: none;\">\n<input type=\"hidden\" name=\"_wpcf7\" value=\"1702\" \/>\n<input type=\"hidden\" name=\"_wpcf7_version\" value=\"5.8\" \/>\n<input type=\"hidden\" name=\"_wpcf7_locale\" value=\"en_US\" \/>\n<input type=\"hidden\" name=\"_wpcf7_unit_tag\" value=\"wpcf7-f1702-o1\" \/>\n<input type=\"hidden\" name=\"_wpcf7_container_post\" value=\"0\" \/>\n<input type=\"hidden\" name=\"_wpcf7_posted_data_hash\" value=\"\" \/>\n<\/div>\n<div class=\"input-group\">\n\t<p><span class=\"wpcf7-form-control-wrap\" data-name=\"nev\"><input size=\"40\" class=\"wpcf7-form-control wpcf7-text wpcf7-validates-as-required\" aria-required=\"true\" aria-invalid=\"false\" placeholder=\"n\u00e1zov\" value=\"\" type=\"text\" name=\"nev\" \/><\/span>\n\t<\/p>\n<\/div>\n<div class=\"input-group\">\n\t<p><span class=\"wpcf7-form-control-wrap\" data-name=\"telefonszam\"><input size=\"40\" class=\"wpcf7-form-control wpcf7-text wpcf7-validates-as-required\" aria-required=\"true\" aria-invalid=\"false\" placeholder=\"Telef\u00f3nne \u010d\u00edslo\" value=\"\" type=\"text\" name=\"telefonszam\" \/><\/span>\n\t<\/p>\n<\/div>\n<div class=\"input-group\">\n\t<p><span class=\"wpcf7-form-control-wrap\" data-name=\"email\"><input size=\"40\" class=\"wpcf7-form-control wpcf7-email wpcf7-validates-as-required wpcf7-text wpcf7-validates-as-email\" aria-required=\"true\" aria-invalid=\"false\" placeholder=\"E-mail\" value=\"\" type=\"email\" name=\"email\" \/><\/span>\n\t<\/p>\n<\/div>\n<div class=\"input-group\">\n\t<p><span class=\"wpcf7-form-control-wrap\" data-name=\"megjegyzes\"><textarea cols=\"40\" rows=\"10\" class=\"wpcf7-form-control wpcf7-textarea wpcf7-validates-as-required\" aria-required=\"true\" aria-invalid=\"false\" placeholder=\"Komentujte\" name=\"megjegyzes\"><\/textarea><\/span>\n\t<\/p>\n<\/div>\n<p><span class=\"wpcf7-form-control-wrap\" data-name=\"your-consent\"><span class=\"wpcf7-form-control wpcf7-acceptance\"><span class=\"wpcf7-list-item\"><label><input type=\"checkbox\" name=\"your-consent\" value=\"1\" aria-invalid=\"false\" \/><span class=\"wpcf7-list-item-label\">Ja, ni\u017e\u0161ie podp\u00edsan\u00fd, za\u0161krtnut\u00edm pol\u00ed\u010dka ni\u017e\u0161ie \u2013 na z\u00e1klade \u010dl\u00e1nku 6 ods. 1 p\u00edsm. b) V\u0161eobecn\u00e9ho nariadenia o ochrane \u00fadajov (GDPR) a \u010dl\u00e1nku 7 \u2013 beriem na vedomie, \u017ee prev\u00e1dzkovate\u013e bude sprac\u00fava\u0165 moje osobn\u00e9 \u00fadaje poskytnut\u00e9 GDPR, ako rovnako ako moje vlastn\u00e9, m\u00f4\u017eete ho spravova\u0165 pod\u013ea podmienok jeho inform\u00e1ci\u00ed o spr\u00e1ve \u00fadajov.<\/span><\/label><\/span><\/span><\/span>\n<\/p>\n<div id=\"cf7sr-6a04b1ed366ab\" class=\"cf7sr-g-recaptcha\" data-sitekey=\"6LedT2AbAAAAAIJBs94d1UwqASluf_H2Xu2FcyNS\"><\/div><span class=\"wpcf7-form-control-wrap cf7sr-recaptcha\" data-name=\"cf7sr-recaptcha\"><input type=\"hidden\" name=\"cf7sr-recaptcha\" value=\"\" class=\"wpcf7-form-control\"><\/span>\n<\/p>\n<p><input class=\"wpcf7-form-control wpcf7-submit has-spinner\" type=\"submit\" value=\"Odoslanie\" \/>\n<\/p><p style=\"display: none !important;\"><label>&#916;<textarea name=\"_wpcf7_ak_hp_textarea\" cols=\"45\" rows=\"8\" maxlength=\"100\"><\/textarea><\/label><input type=\"hidden\" id=\"ak_js_1\" name=\"_wpcf7_ak_js\" value=\"70\"\/><script>document.getElementById( \"ak_js_1\" ).setAttribute( \"value\", ( new Date() ).getTime() );<\/script><\/p><div class=\"wpcf7-response-output\" aria-hidden=\"true\"><\/div>\n<input type=\"hidden\" name=\"trp-form-language\" value=\"sk\"\/><\/form>\n<\/div>\n<\/div><\/div><\/div><div class=\"wpb_column vc_column_container vc_col-sm-6\"><div class=\"vc_column-inner\"><div class=\"wpb_wrapper\">\n\t<div class=\"wpb_text_column wpb_content_element\" >\n\t\t<div class=\"wpb_wrapper\">\n\t\t\t<p><strong>Profesion\u00e1lny dizajn \u00fasmevu!<\/strong><\/p>\n<p>U\u017e ste niekedy z\u00e1videli hviezdam, ktor\u00e9 sa na titulnej strane objavuj\u00fa so \u0161irok\u00fdm \u00fasmevom a podmanivou sebad\u00f4verou, ktor\u00fdch \u00fasmevy sa tie\u017e zdaj\u00fa dokonal\u00e9 v ich zdanlivo dokonal\u00fdch \u017eivotoch?<\/p>\n<p class=\" translation-block\">Pom\u00e1hame! To u\u017e nie je v\u00fdsada, zdrav\u00fd, kr\u00e1sny \u00fasmev je k dispoz\u00edcii aj v\u00e1m. Samozrejme, najd\u00f4le\u017eitej\u0161ou, \u00faplne norm\u00e1lnou \u013eudskou potrebou okrem zdrav\u00fdch zubov je estetick\u00fd \u00fasmev. U\u017e to m\u00e1\u0161 v hlave napl\u00e1novan\u00e9, v\u0161ak? E\u0161te nie? Potom zatvorte o\u010di, pom\u00f4\u017eeme v\u00e1m aj s t\u00fdm! Sadnete si do zub\u00e1rskeho kresla,<strong>3 r\u00fdchle fotky, 10 min\u00fat a hne\u010f sa vid\u00edte s nov\u00fdm \u00fasmevom,<\/strong>ktor\u00fd v\u00e1m bude vyroben\u00fd o p\u00e1r dn\u00ed? <strong>Bohu\u017eia\u013e, mus\u00edme zazvoni\u0165 na budenie, preto\u017ee \u010dasto ide o stratu zraku<\/strong> ako profesion\u00e1lny dizajn \u00fasmevu!<\/p>\n<p><img decoding=\"async\" loading=\"lazy\" class=\"aligncenter size-full wp-image-7189\" src=\"https:\/\/www.smiledesigncenter.hu\/wp-content\/uploads\/2021\/11\/mosolytervezes-nyiregyhaza.jpg\" alt=\"\" width=\"541\" height=\"263\" srcset=\"https:\/\/www.smiledesigncenter.hu\/wp-content\/uploads\/2021\/11\/mosolytervezes-nyiregyhaza.jpg 541w, https:\/\/www.smiledesigncenter.hu\/wp-content\/uploads\/2021\/11\/mosolytervezes-nyiregyhaza-300x146.jpg 300w\" sizes=\"(max-width: 541px) 100vw, 541px\" \/><\/p>\n\n\t\t<\/div>\n\t<\/div>\n<\/div><\/div><\/div><\/div><div class=\"vc_row wpb_row vc_row-fluid\"><div class=\"wpb_column vc_column_container vc_col-sm-12\"><div class=\"vc_column-inner\"><div class=\"wpb_wrapper\">\n\t<div class=\"wpb_text_column wpb_content_element\" >\n\t\t<div class=\"wpb_wrapper\">\n\t\t\t<p><strong>Ako funguje dizajn \u00fasmevu v Smile Design Center? <\/strong><\/p>\n<p>V prvom rade je to podobn\u00e9, naozaj je potrebn\u00e9 po\u017eiada\u0165 o konzult\u00e1ciu v na\u0161ej ambulancii. \u017dia\u013e, \u00fasmev z digit\u00e1lne odoslanej fotografie v\u00e1m zatia\u013e nevieme navrhn\u00fa\u0165. N\u00e1\u0161 odborn\u00edk po\u010das konzult\u00e1cie pos\u00fadi zdravotn\u00fd a estetick\u00fd stav v\u00e1\u0161ho chrupu. Vo v\u0161etk\u00fdch pr\u00edpadoch je potrebn\u00e9 CT vy\u0161etrenie alebo 3D panoramatick\u00fd r\u00f6ntgen, preto\u017ee \u00fasmevov\u00fa l\u00edniu by sme v\u00e1m mohli nakresli\u0165 maxim\u00e1lne v 2 rozmeroch, ale to je e\u0161te \u010faleko od smile dizajnu.<\/p>\n\n\t\t<\/div>\n\t<\/div>\n<div class=\"vc_row wpb_row vc_inner vc_row-fluid\"><div class=\"wpb_column vc_column_container vc_col-sm-6\"><div class=\"vc_column-inner\"><div class=\"wpb_wrapper\">\n\t<div  class=\"wpb_single_image wpb_content_element vc_align_left\">\n\t\t\n\t\t<figure class=\"wpb_wrapper vc_figure\">\n\t\t\t<div class=\"vc_single_image-wrapper   vc_box_border_grey\"><img width=\"800\" height=\"533\" src=\"https:\/\/www.smiledesigncenter.hu\/wp-content\/uploads\/2018\/05\/Smile_Design_Center_28.jpg\" class=\"vc_single_image-img attachment-large\" alt=\"\" decoding=\"async\" loading=\"lazy\" srcset=\"https:\/\/www.smiledesigncenter.hu\/wp-content\/uploads\/2018\/05\/Smile_Design_Center_28.jpg 800w, https:\/\/www.smiledesigncenter.hu\/wp-content\/uploads\/2018\/05\/Smile_Design_Center_28-300x200.jpg 300w, https:\/\/www.smiledesigncenter.hu\/wp-content\/uploads\/2018\/05\/Smile_Design_Center_28-768x512.jpg 768w\" sizes=\"(max-width: 800px) 100vw, 800px\" \/><\/div>\n\t\t<\/figure>\n\t<\/div>\n<\/div><\/div><\/div><div class=\"wpb_column vc_column_container vc_col-sm-6\"><div class=\"vc_column-inner\"><div class=\"wpb_wrapper\">\n\t<div  class=\"wpb_single_image wpb_content_element vc_align_left\">\n\t\t\n\t\t<figure class=\"wpb_wrapper vc_figure\">\n\t\t\t<div class=\"vc_single_image-wrapper   vc_box_border_grey\"><img width=\"800\" height=\"533\" src=\"https:\/\/www.smiledesigncenter.hu\/wp-content\/uploads\/2018\/05\/Smile_Design_Center_27.jpg\" class=\"vc_single_image-img attachment-large\" alt=\"\" decoding=\"async\" loading=\"lazy\" srcset=\"https:\/\/www.smiledesigncenter.hu\/wp-content\/uploads\/2018\/05\/Smile_Design_Center_27.jpg 800w, https:\/\/www.smiledesigncenter.hu\/wp-content\/uploads\/2018\/05\/Smile_Design_Center_27-300x200.jpg 300w, https:\/\/www.smiledesigncenter.hu\/wp-content\/uploads\/2018\/05\/Smile_Design_Center_27-768x512.jpg 768w\" sizes=\"(max-width: 800px) 100vw, 800px\" \/><\/div>\n\t\t<\/figure>\n\t<\/div>\n<\/div><\/div><\/div><\/div><\/div><\/div><\/div><\/div><div class=\"vc_row wpb_row vc_row-fluid\"><div class=\"wpb_column vc_column_container vc_col-sm-12\"><div class=\"vc_column-inner\"><div class=\"wpb_wrapper\">\n\t<div class=\"wpb_text_column wpb_content_element\" >\n\t\t<div class=\"wpb_wrapper\">\n\t\t\t<p>Druh\u00fdm krokom je pr\u00edprava chrupu na z\u00e1klade CT, panoramatick\u00e9ho r\u00f6ntgenu a v\u0161eobecn\u00fdch stomatologick\u00fdch smern\u00edc, ke\u010f\u017ee v mnoh\u00fdch pr\u00edpadoch je potrebn\u00e9 aj nasadenie korunky alebo vlo\u017eenie implant\u00e1tu. V\u0161etky na\u0161e z\u00e1kroky s\u00fa samozrejme bezbolestn\u00e9, v zub\u00e1rskom kresle sa d\u00e1 takmer zaspa\u0165. Po pr\u00edprave sa urob\u00ed odtla\u010dok.<\/p>\n\n\t\t<\/div>\n\t<\/div>\n<div class=\"vc_row wpb_row vc_inner vc_row-fluid\"><div class=\"wpb_column vc_column_container vc_col-sm-12\"><div class=\"vc_column-inner\"><div class=\"wpb_wrapper\">\n\t<div  class=\"wpb_single_image wpb_content_element vc_align_left\">\n\t\t\n\t\t<figure class=\"wpb_wrapper vc_figure\">\n\t\t\t<div class=\"vc_single_image-wrapper   vc_box_border_grey\"><img width=\"1920\" height=\"651\" src=\"https:\/\/www.smiledesigncenter.hu\/wp-content\/uploads\/2020\/09\/slide-2.jpg\" class=\"vc_single_image-img attachment-full\" alt=\"\" decoding=\"async\" loading=\"lazy\" srcset=\"https:\/\/www.smiledesigncenter.hu\/wp-content\/uploads\/2020\/09\/slide-2.jpg 1920w, https:\/\/www.smiledesigncenter.hu\/wp-content\/uploads\/2020\/09\/slide-2-300x102.jpg 300w, https:\/\/www.smiledesigncenter.hu\/wp-content\/uploads\/2020\/09\/slide-2-1024x347.jpg 1024w, https:\/\/www.smiledesigncenter.hu\/wp-content\/uploads\/2020\/09\/slide-2-768x260.jpg 768w, https:\/\/www.smiledesigncenter.hu\/wp-content\/uploads\/2020\/09\/slide-2-1536x521.jpg 1536w\" sizes=\"(max-width: 1920px) 100vw, 1920px\" \/><\/div>\n\t\t<\/figure>\n\t<\/div>\n\n\t<div class=\"wpb_text_column wpb_content_element\" >\n\t\t<div class=\"wpb_wrapper\">\n\t\t\t<p>Tret\u00edm krokom je diagnostika \u010de\u013eustn\u00e9ho k\u013abu v procese n\u00e1vrhu \u00fasmevu, d\u00f4le\u017eit\u00fd je pohyb \u010de\u013euste, ke\u010f\u017ee v\u00e1\u0161 \u00fasmev by v bud\u00facnosti nebol \u00faprimn\u00fd, keby ste si nevedeli dokonale zavrie\u0165 zuby. Podstatou diagnostiky \u010de\u013eustn\u00e9ho k\u013abu je, \u017ee namontovan\u00e1 zubn\u00e1 prot\u00e9za bude c\u00edti\u0165 rovnako, ako keby to boli va\u0161e vlastn\u00e9 zuby, okam\u017eite sa d\u00e1 pohodlne hr\u00fdz\u0165 a nosi\u0165.<\/p>\n\n\t\t<\/div>\n\t<\/div>\n<\/div><\/div><\/div><\/div><div class=\"vc_row wpb_row vc_inner vc_row-fluid\"><div class=\"wpb_column vc_column_container vc_col-sm-6\"><div class=\"vc_column-inner\"><div class=\"wpb_wrapper\">\n\t<div  class=\"wpb_single_image wpb_content_element vc_align_left\">\n\t\t\n\t\t<figure class=\"wpb_wrapper vc_figure\">\n\t\t\t<div class=\"vc_single_image-wrapper   vc_box_border_grey\"><img width=\"800\" height=\"534\" src=\"https:\/\/www.smiledesigncenter.hu\/wp-content\/uploads\/2017\/10\/DSC5187_resize.jpg\" class=\"vc_single_image-img attachment-large\" alt=\"\" decoding=\"async\" loading=\"lazy\" srcset=\"https:\/\/www.smiledesigncenter.hu\/wp-content\/uploads\/2017\/10\/DSC5187_resize.jpg 800w, https:\/\/www.smiledesigncenter.hu\/wp-content\/uploads\/2017\/10\/DSC5187_resize-300x200.jpg 300w, https:\/\/www.smiledesigncenter.hu\/wp-content\/uploads\/2017\/10\/DSC5187_resize-768x513.jpg 768w\" sizes=\"(max-width: 800px) 100vw, 800px\" \/><\/div>\n\t\t<\/figure>\n\t<\/div>\n<\/div><\/div><\/div><div class=\"wpb_column vc_column_container vc_col-sm-6\"><div class=\"vc_column-inner\"><div class=\"wpb_wrapper\">\n\t<div  class=\"wpb_single_image wpb_content_element vc_align_left\">\n\t\t\n\t\t<figure class=\"wpb_wrapper vc_figure\">\n\t\t\t<div class=\"vc_single_image-wrapper   vc_box_border_grey\"><img width=\"800\" height=\"534\" src=\"https:\/\/www.smiledesigncenter.hu\/wp-content\/uploads\/2017\/10\/DSC51861_resize.jpg\" class=\"vc_single_image-img attachment-large\" alt=\"\" decoding=\"async\" loading=\"lazy\" srcset=\"https:\/\/www.smiledesigncenter.hu\/wp-content\/uploads\/2017\/10\/DSC51861_resize.jpg 800w, https:\/\/www.smiledesigncenter.hu\/wp-content\/uploads\/2017\/10\/DSC51861_resize-300x200.jpg 300w, https:\/\/www.smiledesigncenter.hu\/wp-content\/uploads\/2017\/10\/DSC51861_resize-768x513.jpg 768w\" sizes=\"(max-width: 800px) 100vw, 800px\" \/><\/div>\n\t\t<\/figure>\n\t<\/div>\n<\/div><\/div><\/div><\/div><div class=\"vc_row wpb_row vc_inner vc_row-fluid\"><div class=\"wpb_column vc_column_container vc_col-sm-12\"><div class=\"vc_column-inner\"><div class=\"wpb_wrapper\">\n\t<div class=\"wpb_text_column wpb_content_element\" >\n\t\t<div class=\"wpb_wrapper\">\n\t\t\t<p>Na z\u00e1klade v\u00fdsledkov CT vy\u0161etrenia, vzorky odtla\u010dku a diagnostiky \u010de\u013eustn\u00e9ho k\u013abu v\u00e1m sk\u00fasen\u00fd zubn\u00fd technik navrhne zuby profesion\u00e1lnym programom stomatologickej techniky, ktor\u00fd dok\u00e1\u017eeme vytla\u010di\u0165 na 3D tla\u010diarni v hodnote takmer 15 mil.<\/p>\n<p>Nasleduje jedna z najpozoruhodnej\u0161\u00edch et\u00e1p dizajnu \u00fasmevu: 3D tla\u010diare\u0148 vytla\u010d\u00ed v\u00e1\u0161 nov\u00fd \u00fasmev z plastu, tak\u017ee si svoje bud\u00face zuby m\u00f4\u017eete vysk\u00fa\u0161a\u0165 sk\u00f4r, ako ich vyfr\u00e9zujeme z drah\u0161ieho zirk\u00f3nu.<\/p>\n<p><strong><img decoding=\"async\" loading=\"lazy\" class=\"alignleft wp-image-7208 size-medium\" src=\"https:\/\/www.smiledesigncenter.hu\/wp-content\/uploads\/2021\/11\/3d-nyomtatott-fog-300x180.jpg\" alt=\"\" width=\"300\" height=\"180\" srcset=\"https:\/\/www.smiledesigncenter.hu\/wp-content\/uploads\/2021\/11\/3d-nyomtatott-fog-300x180.jpg 300w, https:\/\/www.smiledesigncenter.hu\/wp-content\/uploads\/2021\/11\/3d-nyomtatott-fog.jpg 400w\" sizes=\"(max-width: 300px) 100vw, 300px\" \/>Od n\u00e1s teda nedostanete 2-rozmern\u00fa fotografiu ako n\u00e1vrh, ale 3D vytla\u010den\u00fa plastov\u00fa prot\u00e9zu, ktorej predch\u00e1dza profesion\u00e1lna dizajn\u00e9rska pr\u00e1ca.<\/strong> M\u00f4\u017eete to vysk\u00fa\u0161a\u0165, v pr\u00edpade potreby to uprav\u00edme, ak to nebude vyzera\u0165 spr\u00e1vne, m\u00f4\u017eeme to znova navrhn\u00fa\u0165, m\u00f4\u017eeme to znova vytla\u010di\u0165 lacno.<\/p>\n<p>Ak sa v\u00e1m p\u00e1\u010di nielen vzh\u013ead, ale aj pohodln\u00e9 nosenie, potom v\u00e1m vyrob\u00edme samotn\u00fd zub, pomocou technol\u00f3gie CAD-CAM vyfr\u00e9zujeme k\u00f3piu plastov\u00e9ho zuba s mikr\u00f3novou presnos\u0165ou, zvy\u010dajne zo zirk\u00f3nu.<\/p>\n<p>Ak chcete aj vy zaru\u010dene sebavedom\u00fd, estetick\u00fd, kr\u00e1sny chrup, potom nev\u00e1hajte, kontaktujte n\u00e1s, nechajte dizajn \u00fasmevu za\u010da\u0165 s na\u0161ou pomocou! Na\u0161\u00edm cie\u013eom nie je, aby ste si zaobstarali zubn\u00fa prot\u00e9zu, ktor\u00e1 bude dobr\u00e1 len jeden alebo dva roky, ale ktor\u00e1 v\u00e1m bude sl\u00fa\u017ei\u0165 desiatky rokov, poskytne v\u00e1m estetick\u00fd vzh\u013ead, pohodln\u00e9 \u017euvanie a pohodln\u00e9 nosenie po rokoch!<\/p>\n\n\t\t<\/div>\n\t<\/div>\n<\/div><\/div><\/div><\/div><\/div><\/div><\/div><\/div><div data-vc-full-width=\"true\" data-vc-full-width-init=\"false\" class=\"vc_row wpb_row vc_row-fluid vc_custom_1480187789168 vc_row-has-fill\"><div class=\"wpb_column vc_column_container vc_col-sm-12\"><div class=\"vc_column-inner\"><div class=\"wpb_wrapper\"><h4 style=\"color: #ffffff;text-align: center\" class=\"vc_custom_heading\" >Chceme, aby bol v\u00e1\u0161 \u00fasmev dokonal\u00fd!<\/h4><div class=\"vc_btn3-container vc_btn3-center\" ><a class=\"vc_general vc_btn3 vc_btn3-size-md vc_btn3-shape-rounded vc_btn3-style-modern vc_btn3-color-white\" href=\"https:\/\/www.smiledesigncenter.hu\/sk\/kapcsolat\/\" title=\"\">Nebudem viac ot\u00e1\u013ea\u0165<\/a><\/div><\/div><\/div><\/div><\/div><div class=\"vc_row-full-width vc_clearfix\"><\/div><div class=\"vc_row wpb_row vc_row-fluid\"><div class=\"wpb_column vc_column_container vc_col-sm-12\"><div class=\"vc_column-inner\"><div class=\"wpb_wrapper\">\n\t<div class=\"wpb_text_column wpb_content_element\" >\n\t\t<div class=\"wpb_wrapper\">\n\t\t\t\n\t\t<\/div>\n\t<\/div>\n<\/div><\/div><\/div><\/div>","protected":false},"excerpt":{"rendered":"","protected":false},"author":2,"featured_media":0,"parent":0,"menu_order":0,"comment_status":"closed","ping_status":"closed","template":"","meta":{"footnotes":"","_joinchat":[]},"acf":[],"_links":{"self":[{"href":"https:\/\/www.smiledesigncenter.hu\/sk\/wp-json\/wp\/v2\/pages\/7185"}],"collection":[{"href":"https:\/\/www.smiledesigncenter.hu\/sk\/wp-json\/wp\/v2\/pages"}],"about":[{"href":"https:\/\/www.smiledesigncenter.hu\/sk\/wp-json\/wp\/v2\/types\/page"}],"author":[{"embeddable":true,"href":"https:\/\/www.smiledesigncenter.hu\/sk\/wp-json\/wp\/v2\/users\/2"}],"replies":[{"embeddable":true,"href":"https:\/\/www.smiledesigncenter.hu\/sk\/wp-json\/wp\/v2\/comments?post=7185"}],"version-history":[{"count":26,"href":"https:\/\/www.smiledesigncenter.hu\/sk\/wp-json\/wp\/v2\/pages\/7185\/revisions"}],"predecessor-version":[{"id":7214,"href":"https:\/\/www.smiledesigncenter.hu\/sk\/wp-json\/wp\/v2\/pages\/7185\/revisions\/7214"}],"wp:attachment":[{"href":"https:\/\/www.smiledesigncenter.hu\/sk\/wp-json\/wp\/v2\/media?parent=7185"}],"curies":[{"name":"wp","href":"https:\/\/api.w.org\/{rel}","templated":true}]}}